{"id":3188,"date":"2025-10-18T04:45:06","date_gmt":"2025-10-18T02:45:06","guid":{"rendered":"https:\/\/fumotpuff.com\/?post_type=product&#038;p=3188"},"modified":"2025-10-18T04:45:28","modified_gmt":"2025-10-18T02:45:28","slug":"bang-leader-80000-watermelon-ice-strawberry-and-mango-banana","status":"publish","type":"product","link":"https:\/\/fumotpuff.com\/it\/prodotto\/bang-leader-80000-watermelon-ice-strawberry-and-mango-banana\/","title":{"rendered":"Bang Leader 80000 Ghiaccio all'anguria\/fragola e mango\/banana"},"content":{"rendered":"<h2 class=\"text-xl font-bold text-text-100 mt-1 -mb-0.5\">Bang Leader 80000 Vape usa e getta di anguria\/ghiaccio, fragola e mango\/banana<\/h2>\n<p class=\"whitespace-normal break-words\">Bang Leader 80000 \u00e8 un innovativo dispositivo di svapo usa e getta con una capacit\u00e0 eccezionale, progettato per gli utenti che si aspettano la massima variet\u00e0 e resistenza quando svapano. Il rivoluzionario sistema di aromi 3-in-1 contiene tre serbatoi separati da 26 ml con un totale di 78 ml di e-liquid e consente di passare senza problemi da un gusto all'altro: anguria rinfrescante con un pizzico di gelato, combinazione fruttata fragola-mango e banana cremosa.<\/p>\n<p class=\"whitespace-normal break-words\">L'unit\u00e0 di vaporizzazione integrata a rete da 1,0 \u03a9 produce un vapore omogeneo con un sapore pieno. La potente batteria da 850 mAh con funzione di ricarica assicura sessioni di svapo prolungate, mentre la tecnologia di ricarica rapida Type-C riduce al minimo i tempi di attesa.<\/p>\n<p class=\"whitespace-normal break-words\">Disponibile nelle concentrazioni di nicotina 0 %, 2 %, 3 % e 5 %, Bang Leader 80K soddisfa tutti i gusti.<\/p>\n<h3 class=\"text-lg font-bold text-text-100 mt-1 -mb-1.5\">Caratteristiche speciali del Bang Leader 80000:<\/h3>\n<p class=\"whitespace-normal break-words\">Questa sigaretta elettronica ridefinisce le prestazioni con la sua spettacolare capacit\u00e0 fino a 80.000 boccate e offre una resistenza senza pari combinata con un'esperienza di sapore intenso. La scelta ideale per i vapers che apprezzano il volume e la qualit\u00e0 in un design contemporaneo ed elegante.<\/p>\n<p class=\"whitespace-normal break-words\">L'esclusivo sistema a camera 3-in-1 offre tre diversi aromi in un unico dispositivo compatto. Passate da un aroma all'altro a piacimento o combinateli per una creazione personale: sperimentate nuove dimensioni di sapore e il massimo piacere a ogni boccata.<\/p>\n<p class=\"whitespace-normal break-words\">Il generoso riempimento di e-liquid da 78 ml garantisce un uso duraturo senza necessit\u00e0 di ricarica. Perfetta per l'uso mobile e per l'uso a lungo termine.<\/p>\n<p class=\"whitespace-normal break-words\">La batteria ricaricabile altamente efficiente da 850 mAh con funzione di ricarica consente diverse ore di funzionamento e una ricarica rapida tramite la connessione Type-C, in modo che il dispositivo per lo svapo sia sempre pronto all'uso.<\/p>\n<p class=\"whitespace-normal break-words\">La tecnologia dual-coil integrata con resistenza da 1,0 \u03a9 genera un vapore voluminoso e ricco di aromi e garantisce un'esperienza di svapo omogenea e costante dall'inizio alla fine.<\/p>\n<p class=\"whitespace-normal break-words\">Con le gradazioni di nicotina 0 %, 2 %, 3 % e 5 %, Bang Leader 80000 si rivolge sia ai fumatori occasionali che ai consumatori abituali.<\/p>\n<h3 class=\"text-lg font-bold text-text-100 mt-1 -mb-1.5\">Specifiche del prodotto:<\/h3>\n<p class=\"whitespace-normal break-words\"><strong>Numero di treni:<\/strong> Fino a 80.000 treni<br \/>\n<strong>Contenuto di nicotina:<\/strong> 0 % \/ 2 % \/ 3 % \/ 5 %<br \/>\n<strong>Aromi:<\/strong> Ghiaccio all'anguria, fragola e mango, banana<br \/>\n<strong>Volume del liquido elettronico:<\/strong> 78 ml preriempito (3 cialde da 26 ml ciascuna)<br \/>\n<strong>Batteria:<\/strong> 850 mAh ricaricabile<br \/>\n<strong>Vaporizzatore:<\/strong> 1,0 \u03a9 Bobina di maglia<br \/>\n<strong>Interfaccia di ricarica:<\/strong> Tipo-C<\/p>\n<h3 class=\"text-lg font-bold text-text-100 mt-1 -mb-1.5\">Scopri altri BANG VAPE su fumotpuff<\/h3>\n<p class=\"whitespace-normal break-words\">Visita <strong><a class=\"underline\" href=\"https:\/\/fumotpuff.com\/it\/\">fumotpuff.com<\/a><\/strong> per la nostra gamma completa di prodotti premium per il vapore. Nel nostro <strong><a class=\"underline\" href=\"https:\/\/fumotpuff.com\/it\/product-category\/bang-vape\/\">Categoria BANG VAPE<\/a><\/strong> troverete altre sigarette elettroniche monouso di alta qualit\u00e0. Scoprite tutti i gusti nella <strong><a class=\"underline\" href=\"https:\/\/fumotpuff.com\/it\/product-category\/bang-vape\/bang-leader-80000\/\">Collezione Bang Leader 80000<\/a><\/strong> e trovare il vostro preferito.<\/p>","protected":false},"excerpt":{"rendered":"<p class=\"whitespace-normal break-words\">Bang Leader 80000 Watermelon Ice\/Strawberry and Mango\/Banana offre tre gusti in un unico dispositivo: la rinfrescante anguria con ghiaccio, la fruttata fragola-mango e la cremosa banana. Con 78 ML di e-liquid, 80.000 boccate, doppia bobina da 1,0\u03a9 e batteria da 850 mAh: basta cambiare o miscelare per ottenere il massimo del piacere!<\/p>","protected":false},"featured_media":3189,"comment_status":"open","ping_status":"closed","template":"","meta":{"_acf_changed":false},"product_brand":[],"product_cat":[35],"product_tag":[],"class_list":{"0":"post-3188","1":"product","2":"type-product","3":"status-publish","4":"has-post-thumbnail","6":"product_cat-bang-leader-80000","8":"first","9":"instock","10":"shipping-taxable","11":"purchasable","12":"product-type-variable"},"acf":[],"_links":{"self":[{"href":"https:\/\/fumotpuff.com\/it\/wp-json\/wp\/v2\/product\/3188","targetHints":{"allow":["GET"]}}],"collection":[{"href":"https:\/\/fumotpuff.com\/it\/wp-json\/wp\/v2\/product"}],"about":[{"href":"https:\/\/fumotpuff.com\/it\/wp-json\/wp\/v2\/types\/product"}],"replies":[{"embeddable":true,"href":"https:\/\/fumotpuff.com\/it\/wp-json\/wp\/v2\/comments?post=3188"}],"wp:featuredmedia":[{"embeddable":true,"href":"https:\/\/fumotpuff.com\/it\/wp-json\/wp\/v2\/media\/3189"}],"wp:attachment":[{"href":"https:\/\/fumotpuff.com\/it\/wp-json\/wp\/v2\/media?parent=3188"}],"wp:term":[{"taxonomy":"product_brand","embeddable":true,"href":"https:\/\/fumotpuff.com\/it\/wp-json\/wp\/v2\/product_brand?post=3188"},{"taxonomy":"product_cat","embeddable":true,"href":"https:\/\/fumotpuff.com\/it\/wp-json\/wp\/v2\/product_cat?post=3188"},{"taxonomy":"product_tag","embeddable":true,"href":"https:\/\/fumotpuff.com\/it\/wp-json\/wp\/v2\/product_tag?post=3188"}],"curies":[{"name":"wp","href":"https:\/\/api.w.org\/{rel}","templated":true}]}}