{"id":2023,"date":"2025-10-05T05:46:27","date_gmt":"2025-10-05T03:46:27","guid":{"rendered":"https:\/\/fumotpuff.com\/?post_type=product&#038;p=2023"},"modified":"2025-10-05T05:46:27","modified_gmt":"2025-10-05T03:46:27","slug":"randm-tornado-9000-bluelicious-ice","status":"publish","type":"product","link":"https:\/\/fumotpuff.com\/it\/prodotto\/randm-tornado-9000-bluelicious-ice\/","title":{"rendered":"RandM Tornado 9000 Ghiaccio Bluelicious"},"content":{"rendered":"<h2 class=\"text-xl font-bold text-text-100 mt-1 -mb-0.5\">RandM Tornado 9000 Bluelicious Ice vape usa e getta<\/h2>\n<p class=\"whitespace-normal break-words\">RandM Tornado 9000 Bluelicious Ice combina il sapore dolce dei mirtilli maturi con un effetto rinfrescante. Questa stuzzicante composizione aromatica offre il meglio dei due mondi: la dolcezza naturale dei succosi mirtilli abbinata a una tonificante nota fresca. Con 9000 puff e un volume di e-liquid di 18 ml, questo dispositivo di svapo monouso garantisce un piacere di svapo a lungo termine. La potente coil a rete assicura un equilibrio ottimale tra il sapore fruttato del mirtillo e la finitura rinfrescante, che rende ogni boccata particolarmente rinfrescante.<\/p>\n<h3 class=\"text-lg font-bold text-text-100 mt-1 -mb-1.5\">Caratteristiche del prodotto Bluelicious Ice:<\/h3>\n<p class=\"whitespace-normal break-words\">Personalizzate la vostra gradazione preferita con le opzioni di sale di nicotina disponibili da 0% a 5%.<\/p>\n<p class=\"whitespace-normal break-words\">La tecnologia della bobina a rete da 0,8 ohm di alta qualit\u00e0 enfatizza perfettamente sia la dolcezza fruttata che l'effetto di raffreddamento.<\/p>\n<p class=\"whitespace-normal break-words\">Il chiaro display a LED vi tiene costantemente informati sullo stato della batteria e del dispositivo.<\/p>\n<p class=\"whitespace-normal break-words\">La batteria di lunga durata da 850 mAh con funzione di ricarica rapida Type-C consente di godere di un vapore continuo.<\/p>\n<p class=\"whitespace-normal break-words\">Il controllo automatico intelligente del treno offre la massima comodit\u00e0 senza complicate impostazioni.<\/p>\n<h3 class=\"text-lg font-bold text-text-100 mt-1 -mb-1.5\">Specifiche tecniche:<\/h3>\n<p class=\"whitespace-normal break-words\"><strong>Treni:<\/strong> 9000<br \/>\n<strong>Contenuto di nicotina:<\/strong> 0%\/2%\/3%\/5%<br \/>\n<strong>Tipo di nicotina:<\/strong> Sale di nicotina<br \/>\n<strong>Volume del serbatoio:<\/strong> 18 ml<br \/>\n<strong>Resistenza:<\/strong> Bobina a maglia da 0,8 Ohm<br \/>\n<strong>Batteria:<\/strong> 850mAh ricaricabile<br \/>\n<strong>Connessione di ricarica:<\/strong> USB Tipo-C<br \/>\n<strong>Attivazione:<\/strong> Controllo automatico dei treni<\/p>\n<h3 class=\"text-lg font-bold text-text-100 mt-1 -mb-1.5\">Scopri altri FUMOT VAPE su fumotpuff<\/h3>\n<p class=\"whitespace-normal break-words\">Date un'occhiata al nostro <strong><a class=\"underline\" href=\"https:\/\/fumotpuff.com\/it\/\">Negozio principale<\/a><\/strong> o sfogliare la vasta gamma di <strong><a class=\"underline\" href=\"https:\/\/fumotpuff.com\/it\/product-category\/fumot-vape\/\">Categoria FUMOT VAPE<\/a><\/strong>. La variet\u00e0 completa di sapori vi aspetta nel <strong><a class=\"underline\" href=\"https:\/\/fumotpuff.com\/it\/product-category\/fumot-vape\/randm-tornado-9000\/\">RandM Tornado Serie 9000<\/a><\/strong> per voi.<\/p>","protected":false},"excerpt":{"rendered":"<div>\n<div class=\"grid-cols-1 grid gap-2.5 [&amp;_&gt;_*]:min-w-0\">\n<p class=\"whitespace-normal break-words\">Die RandM Tornado 9000 Bluelicious Ice Einweg-Vape bietet bis zu 9.000 Z\u00fcge mit s\u00fc\u00dfem Blaubeer-Geschmack und erfrischendem K\u00fchleffekt. Ausgestattet mit 18ml Nikotinsalz-Liquid, 0,8\u03a9 Mesh-Coil, 850mAh wiederaufladbarem Akku, verstellbarer Airflow und LED-Display f\u00fcr fruchtigen Ice-Dampfgenuss.<\/p>\n<\/div>\n<\/div>\n<div>\n<div class=\"grid-cols-1 grid gap-2.5 [&amp;_&gt;_*]:min-w-0\"><\/div>\n<\/div>\n","protected":false},"featured_media":2025,"comment_status":"open","ping_status":"closed","template":"","meta":{"_acf_changed":false},"product_brand":[],"product_cat":[25],"product_tag":[],"class_list":{"0":"post-2023","1":"product","2":"type-product","3":"status-publish","4":"has-post-thumbnail","6":"product_cat-randm-tornado-9000","8":"first","9":"instock","10":"shipping-taxable","11":"purchasable","12":"product-type-variable"},"acf":[],"_links":{"self":[{"href":"https:\/\/fumotpuff.com\/it\/wp-json\/wp\/v2\/product\/2023","targetHints":{"allow":["GET"]}}],"collection":[{"href":"https:\/\/fumotpuff.com\/it\/wp-json\/wp\/v2\/product"}],"about":[{"href":"https:\/\/fumotpuff.com\/it\/wp-json\/wp\/v2\/types\/product"}],"replies":[{"embeddable":true,"href":"https:\/\/fumotpuff.com\/it\/wp-json\/wp\/v2\/comments?post=2023"}],"wp:featuredmedia":[{"embeddable":true,"href":"https:\/\/fumotpuff.com\/it\/wp-json\/wp\/v2\/media\/2025"}],"wp:attachment":[{"href":"https:\/\/fumotpuff.com\/it\/wp-json\/wp\/v2\/media?parent=2023"}],"wp:term":[{"taxonomy":"product_brand","embeddable":true,"href":"https:\/\/fumotpuff.com\/it\/wp-json\/wp\/v2\/product_brand?post=2023"},{"taxonomy":"product_cat","embeddable":true,"href":"https:\/\/fumotpuff.com\/it\/wp-json\/wp\/v2\/product_cat?post=2023"},{"taxonomy":"product_tag","embeddable":true,"href":"https:\/\/fumotpuff.com\/it\/wp-json\/wp\/v2\/product_tag?post=2023"}],"curies":[{"name":"wp","href":"https:\/\/api.w.org\/{rel}","templated":true}]}}