{"id":2000,"date":"2025-10-05T05:34:28","date_gmt":"2025-10-05T03:34:28","guid":{"rendered":"https:\/\/fumotpuff.com\/?post_type=product&#038;p=2000"},"modified":"2025-10-05T05:34:29","modified_gmt":"2025-10-05T03:34:29","slug":"randm-tornado-9000-skittles","status":"publish","type":"product","link":"https:\/\/fumotpuff.com\/it\/prodotto\/randm-tornado-9000-skittles\/","title":{"rendered":"RandM Tornado 9000 Birilli"},"content":{"rendered":"<h2 class=\"text-xl font-bold text-text-100 mt-1 -mb-0.5\">RandM Tornado 9000 Skittles vape usa e getta<\/h2>\n<p class=\"whitespace-normal break-words\">RandM Tornado 9000 Skittles porta il gusto colorato dell'iconica caramella direttamente nella vostra esperienza di vaping. Questa variante offre una vivace miscela di diversi gusti di frutta che ricordano l'inconfondibile sapore delle caramelle. Con la sua capacit\u00e0 di 9000 puff e il generoso serbatoio da 18 ml, questo dispositivo di svapo monouso offre una variet\u00e0 di sapori di lunga durata. La bobina a rete di alta qualit\u00e0 assicura che i diversi sapori di frutta siano presentati in modo chiaro e uniforme: una vera festa per le papille gustative.<\/p>\n<h3 class=\"text-lg font-bold text-text-100 mt-1 -mb-1.5\">Caratteristiche del prodotto Skittles:<\/h3>\n<p class=\"whitespace-normal break-words\">Scegliete l'intensit\u00e0 giusta per voi tra le quattro opzioni di sale di nicotina (0%, 2%, 3%, 5%).<\/p>\n<p class=\"whitespace-normal break-words\">La bobina a maglie da 0,8 ohm ottimizzata esplica perfettamente i diversi sapori di frutta e produce quantit\u00e0 impressionanti di vapore.<\/p>\n<p class=\"whitespace-normal break-words\">Il display a LED integrato fornisce in ogni momento informazioni trasparenti sulla carica della batteria e sullo stato del sistema.<\/p>\n<p class=\"whitespace-normal break-words\">La robusta batteria da 850 mAh con porta di ricarica rapida Type-C garantisce la massima disponibilit\u00e0.<\/p>\n<p class=\"whitespace-normal break-words\">Godetevi il vaping senza sforzo grazie all'intelligente sistema di attivazione del tiraggio senza pulsanti.<\/p>\n<h3 class=\"text-lg font-bold text-text-100 mt-1 -mb-1.5\">Specifiche tecniche:<\/h3>\n<p class=\"whitespace-normal break-words\"><strong>Treni:<\/strong> 9000<br \/>\n<strong>Contenuto di nicotina:<\/strong> 0%\/2%\/3%\/5%<br \/>\n<strong>Tipo di nicotina:<\/strong> Sale di nicotina<br \/>\n<strong>Volume del serbatoio:<\/strong> 18 ml<br \/>\n<strong>Resistenza:<\/strong> Bobina a maglia da 0,8 Ohm<br \/>\n<strong>Batteria:<\/strong> 850mAh ricaricabile<br \/>\n<strong>Connessione di ricarica:<\/strong> USB Tipo-C<br \/>\n<strong>Attivazione:<\/strong> Controllo automatico dei treni<\/p>\n<h3 class=\"text-lg font-bold text-text-100 mt-1 -mb-1.5\">Scopri altri FUMOT VAPE su fumotpuff<\/h3>\n<p class=\"whitespace-normal break-words\">Sfoglia il nostro vasto assortimento su <strong><a class=\"underline\" href=\"https:\/\/fumotpuff.com\/it\/\">fumotpuff.com<\/a><\/strong> o scoprire l'intero <strong><a class=\"underline\" href=\"https:\/\/fumotpuff.com\/it\/product-category\/fumot-vape\/\">Gamma FUMOT VAPE<\/a><\/strong>. Altre deliziose varianti vi aspettano nel <strong><a class=\"underline\" href=\"https:\/\/fumotpuff.com\/it\/product-category\/fumot-vape\/randm-tornado-9000\/\">RandM Tornado 9000 mondo del gusto<\/a><\/strong>.<\/p>","protected":false},"excerpt":{"rendered":"<p class=\"whitespace-normal break-words\">Lo svapo usa e getta RandM Tornado 9000 Skittles offre fino a 9.000 boccate con un mix di frutta diverso ispirato al marchio cult. Dotato di 18 ml di liquido ai sali di nicotina, coil a rete da 0,8\u03a9, batteria ricaricabile da 850 mAh, flusso d'aria regolabile e display a LED per un piacere di svapo colorato e variegato.<\/p>","protected":false},"featured_media":2004,"comment_status":"open","ping_status":"closed","template":"","meta":{"_acf_changed":false},"product_brand":[],"product_cat":[25],"product_tag":[],"class_list":{"0":"post-2000","1":"product","2":"type-product","3":"status-publish","4":"has-post-thumbnail","6":"product_cat-randm-tornado-9000","8":"first","9":"instock","10":"shipping-taxable","11":"purchasable","12":"product-type-variable"},"acf":[],"_links":{"self":[{"href":"https:\/\/fumotpuff.com\/it\/wp-json\/wp\/v2\/product\/2000","targetHints":{"allow":["GET"]}}],"collection":[{"href":"https:\/\/fumotpuff.com\/it\/wp-json\/wp\/v2\/product"}],"about":[{"href":"https:\/\/fumotpuff.com\/it\/wp-json\/wp\/v2\/types\/product"}],"replies":[{"embeddable":true,"href":"https:\/\/fumotpuff.com\/it\/wp-json\/wp\/v2\/comments?post=2000"}],"wp:featuredmedia":[{"embeddable":true,"href":"https:\/\/fumotpuff.com\/it\/wp-json\/wp\/v2\/media\/2004"}],"wp:attachment":[{"href":"https:\/\/fumotpuff.com\/it\/wp-json\/wp\/v2\/media?parent=2000"}],"wp:term":[{"taxonomy":"product_brand","embeddable":true,"href":"https:\/\/fumotpuff.com\/it\/wp-json\/wp\/v2\/product_brand?post=2000"},{"taxonomy":"product_cat","embeddable":true,"href":"https:\/\/fumotpuff.com\/it\/wp-json\/wp\/v2\/product_cat?post=2000"},{"taxonomy":"product_tag","embeddable":true,"href":"https:\/\/fumotpuff.com\/it\/wp-json\/wp\/v2\/product_tag?post=2000"}],"curies":[{"name":"wp","href":"https:\/\/api.w.org\/{rel}","templated":true}]}}