{"id":1637,"date":"2025-09-29T05:20:40","date_gmt":"2025-09-29T03:20:40","guid":{"rendered":"https:\/\/fumotpuff.com\/?post_type=product&#038;p=1637"},"modified":"2025-09-29T05:20:40","modified_gmt":"2025-09-29T03:20:40","slug":"randm-digital-box-12000-blueberry-cherry-cranberry","status":"publish","type":"product","link":"https:\/\/fumotpuff.com\/it\/prodotto\/randm-digital-box-12000-blueberry-cherry-cranberry\/","title":{"rendered":"RandM Digital Box 12000 Mirtillo Ciliegia Mirtillo Rosso"},"content":{"rendered":"<h2 class=\"text-xl font-bold text-text-100 mt-1 -mb-0.5\">RandM Digital Box 12000 Mirtillo Ciliegia Mirtillo Rosso sigaretta elettronica usa e getta<\/h2>\n<p class=\"whitespace-normal break-words\">Il <strong>RandM Digital Box 12000 Mirtillo Ciliegia Mirtillo Rosso<\/strong> offre una complessa miscela di bacche, mirtilli, ciliegie e mirtilli rossi, per un gusto raffinato. Questo dispositivo di svapo ricaricabile \u00e8 dotato di un display digitale per il monitoraggio continuo del livello della batteria e della quantit\u00e0 di liquido. Con un volume di riempimento di 20 ml e intensit\u00e0 di sali di nicotina di 0\/2\/3\/5 %, \u00e8 possibile provare fino a 12.000 boccate corpose. Il display LCD mostra costantemente la carica residua della batteria e la quantit\u00e0 di e-liquid per evitare interruzioni nell'uso. Grazie alla connessione di ricarica Type-C, \u00e8 possibile utilizzare tutto il liquido riempito fino all'ultima goccia.<\/p>\n<h3 class=\"text-lg font-bold text-text-100 mt-1 -mb-1.5\">Vantaggi del RandM Digital Box 12000 Mirtillo Ciliegia Mirtillo Rosso:<\/h3>\n<p class=\"whitespace-normal break-words\"><strong>Enorme capacit\u00e0 di soffiare:<\/strong> Fino a 12.000 boccate garantiscono diverse settimane di piacere del vapore.<\/p>\n<p class=\"whitespace-normal break-words\"><strong>Ampia disponibilit\u00e0 di liquidi:<\/strong> La capacit\u00e0 di 20 ml massimizza gli intervalli di utilizzo tra le ricariche.<\/p>\n<p class=\"whitespace-normal break-words\"><strong>Una potente fonte di energia:<\/strong> Batteria ricaricabile da 850 mAh con porta Type-C per un'alimentazione rapida.<\/p>\n<p class=\"whitespace-normal break-words\"><strong>Sviluppo coerente del sapore:<\/strong> La bobina a rete da 1\u03a9 assicura un aroma perfetto in tutte le sue parti.<\/p>\n<p class=\"whitespace-normal break-words\"><strong>Tecnologia LCD intelligente:<\/strong> Display incorporato per un monitoraggio preciso dello stato della batteria e del contatore dei treni.<\/p>\n<h3 class=\"text-lg font-bold text-text-100 mt-1 -mb-1.5\">Specifiche tecniche:<\/h3>\n<p class=\"whitespace-normal break-words\"><strong>Sale di nicotina:<\/strong> 0% \/ 2% \/ 3% \/ 5%<\/p>\n<p class=\"whitespace-normal break-words\"><strong>Volume del liquido elettronico:<\/strong> 20 ml<\/p>\n<p class=\"whitespace-normal break-words\"><strong>Treni per unit\u00e0:<\/strong> 12.000<\/p>\n<p class=\"whitespace-normal break-words\"><strong>Attrezzatura:<\/strong> Indicatore digitale di livello della batteria e del liquido<\/p>\n<p class=\"whitespace-normal break-words\"><strong>Batteria:<\/strong> Ricaricabile, 850mAh integrato<\/p>\n<p class=\"whitespace-normal break-words\"><strong>Unit\u00e0 di imballaggio:<\/strong> 10 pezzi in una scatola da esposizione<\/p>\n<h3 class=\"text-lg font-bold text-text-100 mt-1 -mb-1.5\">Scopri altri FUMOT VAPE su fumotpuff<\/h3>\n<p class=\"whitespace-normal break-words\">Visitate il nostro <strong><a class=\"underline\" href=\"https:\/\/fumotpuff.com\/it\/\">Pagina iniziale<\/a><\/strong> per una gamma completa di prodotti per il vapore di alta qualit\u00e0 o per esplorare la molteplice gamma di prodotti per il vapore <strong><a class=\"underline\" href=\"https:\/\/fumotpuff.com\/it\/product-category\/fumot-vape\/\">Selezione FUMOT VAPE<\/a><\/strong> con soluzioni di svapo all'avanguardia. \u00c8 possibile scoprire tutte le varianti di gusto nel catalogo completo <strong><a class=\"underline\" href=\"https:\/\/fumotpuff.com\/it\/product-category\/fumot-vape\/randm-digital-box-12000\/\">RandM Digital Box 12000 collezione di sapori<\/a><\/strong>.<\/p>","protected":false},"excerpt":{"rendered":"<p class=\"whitespace-normal break-words\">La RandM Digital Box 12000 Blueberry Cherry Cranberry offre un complesso mix di mirtilli, ciliegie e mirtilli rossi. Vape ricaricabile con 20 ml di e-liquid, fino a 12.000 boccate, display LCD per il livello della batteria e del liquido. Batteria da 850 mAh, coil a rete, Type-C. Sale di nicotina 0-5%.<\/p>","protected":false},"featured_media":1640,"comment_status":"open","ping_status":"closed","template":"","meta":{"_acf_changed":false},"product_brand":[],"product_cat":[24],"product_tag":[],"class_list":{"0":"post-1637","1":"product","2":"type-product","3":"status-publish","4":"has-post-thumbnail","6":"product_cat-randm-digital-box-12000","8":"first","9":"instock","10":"shipping-taxable","11":"purchasable","12":"product-type-variable"},"acf":[],"_links":{"self":[{"href":"https:\/\/fumotpuff.com\/it\/wp-json\/wp\/v2\/product\/1637","targetHints":{"allow":["GET"]}}],"collection":[{"href":"https:\/\/fumotpuff.com\/it\/wp-json\/wp\/v2\/product"}],"about":[{"href":"https:\/\/fumotpuff.com\/it\/wp-json\/wp\/v2\/types\/product"}],"replies":[{"embeddable":true,"href":"https:\/\/fumotpuff.com\/it\/wp-json\/wp\/v2\/comments?post=1637"}],"wp:featuredmedia":[{"embeddable":true,"href":"https:\/\/fumotpuff.com\/it\/wp-json\/wp\/v2\/media\/1640"}],"wp:attachment":[{"href":"https:\/\/fumotpuff.com\/it\/wp-json\/wp\/v2\/media?parent=1637"}],"wp:term":[{"taxonomy":"product_brand","embeddable":true,"href":"https:\/\/fumotpuff.com\/it\/wp-json\/wp\/v2\/product_brand?post=1637"},{"taxonomy":"product_cat","embeddable":true,"href":"https:\/\/fumotpuff.com\/it\/wp-json\/wp\/v2\/product_cat?post=1637"},{"taxonomy":"product_tag","embeddable":true,"href":"https:\/\/fumotpuff.com\/it\/wp-json\/wp\/v2\/product_tag?post=1637"}],"curies":[{"name":"wp","href":"https:\/\/api.w.org\/{rel}","templated":true}]}}