{"id":1604,"date":"2025-09-29T04:33:27","date_gmt":"2025-09-29T02:33:27","guid":{"rendered":"https:\/\/fumotpuff.com\/?post_type=product&#038;p=1604"},"modified":"2025-09-29T04:33:27","modified_gmt":"2025-09-29T02:33:27","slug":"randm-digital-box-12000-apple-berry-blast","status":"publish","type":"product","link":"https:\/\/fumotpuff.com\/it\/prodotto\/randm-digital-box-12000-apple-berry-blast\/","title":{"rendered":"Scatola digitale RandM 12000 Mela e frutti di bosco"},"content":{"rendered":"<h2 class=\"text-xl font-bold text-text-100 mt-1 -mb-0.5\">Sigaretta elettronica monouso RandM Digital Box 12000 Apple Berry Blast<\/h2>\n<p class=\"whitespace-normal break-words\">Il <strong>Scatola digitale RandM 12000 Mela e frutti di bosco<\/strong> combina mele succose con una miscela esplosiva di bacche per un'esperienza di gusto fruttato. Questo sistema di svapo ricaricabile offre un display digitale per il monitoraggio in tempo reale dello stato della batteria e del livello di e-liquid. Con una capacit\u00e0 di 20 ml e concentrazioni di sali di nicotina selezionabili di 0\/2\/3\/5 %, \u00e8 possibile svapare fino a 12.000 boccate rinfrescanti. Il display LCD mostra continuamente la capacit\u00e0 residua della batteria e la quantit\u00e0 di liquido, evitando interruzioni indesiderate. La connessione di ricarica Type-C garantisce il pieno utilizzo dell'e-liquid.<\/p>\n<h3 class=\"text-lg font-bold text-text-100 mt-1 -mb-1.5\">Vantaggi del RandM Digital Box 12000 Apple Berry Blast:<\/h3>\n<p class=\"whitespace-normal break-words\"><strong>Numero massimo di buffer:<\/strong> Fino a 12.000 soffi per un piacere di vapore di lunga durata.<\/p>\n<p class=\"whitespace-normal break-words\"><strong>Ampio serbatoio per i liquidi:<\/strong> La capacit\u00e0 di 20 ml garantisce intervalli di ricarica non frequenti e la massima praticit\u00e0.<\/p>\n<p class=\"whitespace-normal break-words\"><strong>Potente accumulo di energia:<\/strong> Batteria ricaricabile da 850 mAh con porta Type-C per la ricarica rapida.<\/p>\n<p class=\"whitespace-normal break-words\"><strong>Flusso di vapore uniforme:<\/strong> La bobina a rete da 1\u03a9 garantisce una qualit\u00e0 del sapore costante a ogni boccata.<\/p>\n<p class=\"whitespace-normal break-words\"><strong>Moderno display LCD:<\/strong> Schermo incorporato per il monitoraggio in tempo reale della durata della batteria e del numero di treni.<\/p>\n<h3 class=\"text-lg font-bold text-text-100 mt-1 -mb-1.5\">Specifiche tecniche:<\/h3>\n<p class=\"whitespace-normal break-words\"><strong>Sale di nicotina:<\/strong> 0% \/ 2% \/ 3% \/ 5%<\/p>\n<p class=\"whitespace-normal break-words\"><strong>Volume del liquido elettronico:<\/strong> 20 ml<\/p>\n<p class=\"whitespace-normal break-words\"><strong>Treni per unit\u00e0:<\/strong> 12.000<\/p>\n<p class=\"whitespace-normal break-words\"><strong>Attrezzatura:<\/strong> Indicatore digitale di livello della batteria e del liquido<\/p>\n<p class=\"whitespace-normal break-words\"><strong>Batteria:<\/strong> Ricaricabile, 850mAh integrato<\/p>\n<p class=\"whitespace-normal break-words\"><strong>Unit\u00e0 di imballaggio:<\/strong> 10 pezzi in una scatola da esposizione<\/p>\n<h3 class=\"text-lg font-bold text-text-100 mt-1 -mb-1.5\">Scopri altri FUMOT VAPE su fumotpuff<\/h3>\n<p class=\"whitespace-normal break-words\">Scoprite sul nostro <strong><a class=\"underline\" href=\"https:\/\/fumotpuff.com\/it\/\">Pagina iniziale<\/a><\/strong> un'ampia gamma di prodotti premium per il vaping o esplorare l'innovativa <strong><a class=\"underline\" href=\"https:\/\/fumotpuff.com\/it\/product-category\/fumot-vape\/\">Collezione FUMOT VAPE<\/a><\/strong> con apparecchi di tendenza. Potete trovare la selezione completa di tutti i gusti nel <strong><a class=\"underline\" href=\"https:\/\/fumotpuff.com\/it\/product-category\/fumot-vape\/randm-digital-box-12000\/\">RandM Digital Box 12000 collezione di sapori<\/a><\/strong>.<\/p>","protected":false},"excerpt":{"rendered":"<p class=\"whitespace-normal break-words\">La RandM Digital Box 12000 Apple Berry Blast combina le succose mele con un esplosivo sapore di frutti di bosco. Vape ricaricabile con 20 ml di e-liquid, fino a 12.000 boccate, display LCD per il livello della batteria e del liquido. Batteria da 850 mAh, coil a rete, ricarica Type-C. Sale di nicotina 0-5%.<\/p>","protected":false},"featured_media":1607,"comment_status":"open","ping_status":"closed","template":"","meta":{"_acf_changed":false},"product_brand":[],"product_cat":[24],"product_tag":[],"class_list":{"0":"post-1604","1":"product","2":"type-product","3":"status-publish","4":"has-post-thumbnail","6":"product_cat-randm-digital-box-12000","8":"first","9":"instock","10":"shipping-taxable","11":"purchasable","12":"product-type-variable"},"acf":[],"_links":{"self":[{"href":"https:\/\/fumotpuff.com\/it\/wp-json\/wp\/v2\/product\/1604","targetHints":{"allow":["GET"]}}],"collection":[{"href":"https:\/\/fumotpuff.com\/it\/wp-json\/wp\/v2\/product"}],"about":[{"href":"https:\/\/fumotpuff.com\/it\/wp-json\/wp\/v2\/types\/product"}],"replies":[{"embeddable":true,"href":"https:\/\/fumotpuff.com\/it\/wp-json\/wp\/v2\/comments?post=1604"}],"wp:featuredmedia":[{"embeddable":true,"href":"https:\/\/fumotpuff.com\/it\/wp-json\/wp\/v2\/media\/1607"}],"wp:attachment":[{"href":"https:\/\/fumotpuff.com\/it\/wp-json\/wp\/v2\/media?parent=1604"}],"wp:term":[{"taxonomy":"product_brand","embeddable":true,"href":"https:\/\/fumotpuff.com\/it\/wp-json\/wp\/v2\/product_brand?post=1604"},{"taxonomy":"product_cat","embeddable":true,"href":"https:\/\/fumotpuff.com\/it\/wp-json\/wp\/v2\/product_cat?post=1604"},{"taxonomy":"product_tag","embeddable":true,"href":"https:\/\/fumotpuff.com\/it\/wp-json\/wp\/v2\/product_tag?post=1604"}],"curies":[{"name":"wp","href":"https:\/\/api.w.org\/{rel}","templated":true}]}}