{"id":247,"date":"2025-09-10T04:13:48","date_gmt":"2025-09-10T02:13:48","guid":{"rendered":"https:\/\/fumotpuff.com\/?page_id=247"},"modified":"2025-09-10T04:13:49","modified_gmt":"2025-09-10T02:13:49","slug":"versand-und-lieferung","status":"publish","type":"page","link":"https:\/\/fumotpuff.com\/it\/versand-und-lieferung\/","title":{"rendered":"Spedizione e consegna"},"content":{"rendered":"<h2 class=\"wp-block-heading\">Tempi di elaborazione e spedizione degli ordini<\/h2>\n\n\n\n<p>Il vostro ordine sar\u00e0 elaborato con cura e preparato per la spedizione entro 1-5 giorni lavorativi. I tempi di consegna regolari sono di 10-15 giorni lavorativi dalla spedizione.<\/p>\n\n\n\n<p><strong>Nota importante:<\/strong> Nei fine settimana e nei giorni festivi non \u00e8 previsto alcun invio.<\/p>\n\n\n\n<h2 class=\"wp-block-heading\">Tracciabilit\u00e0 della spedizione<\/h2>\n\n\n\n<p>Una volta spedito l'ordine, riceverete immediatamente un'e-mail con il numero di spedizione. \u00c8 possibile seguire lo stato attuale della consegna online in qualsiasi momento.<\/p>\n\n\n\n<p><strong>Si prega di notare:<\/strong> Le informazioni di tracciamento non saranno aggiornate sul sito web di tracciamento fino a 3-7 giorni dopo la spedizione. Si prega di pazientare fino a quando i dati non saranno completamente disponibili.<\/p>\n\n\n\n<h2 class=\"wp-block-heading\">Modifiche e cancellazioni dell'ordine<\/h2>\n\n\n\n<h3 class=\"wp-block-heading\">Prima della spedizione<\/h3>\n\n\n\n<ul class=\"wp-block-list\">\n<li><strong>Cancellazione:<\/strong> Possibile in qualsiasi momento senza costi aggiuntivi<\/li>\n\n\n\n<li><strong>Cambio di indirizzo:<\/strong> Pu\u00f2 essere facilmente personalizzato<\/li>\n\n\n\n<li><strong>Modifica del prodotto:<\/strong> Possibile in base alla disponibilit\u00e0<\/li>\n<\/ul>\n\n\n\n<h3 class=\"wp-block-heading\">Dopo la spedizione<\/h3>\n\n\n\n<p>Una volta che l'ordine ha lasciato il nostro magazzino, purtroppo non siamo in grado di elaborare rimborsi o modificare gli indirizzi di consegna. Si prega di controllare attentamente tutti i dettagli prima di confermare l'ordine.<\/p>\n\n\n\n<h2 class=\"wp-block-heading\">Dogana e consegna internazionale<\/h2>\n\n\n\n<h3 class=\"wp-block-heading\">Servizio DDP (Delivery Duty Paid)<\/h3>\n\n\n\n<p>Offriamo il nostro servizio DDP in paesi selezionati. Questo significa per voi:<\/p>\n\n\n\n<ul class=\"wp-block-list\">\n<li><strong>Non \u00e8 necessario alcuno sdoganamento<\/strong><\/li>\n\n\n\n<li><strong>Nessun dazio doganale aggiuntivo<\/strong><\/li>\n\n\n\n<li><strong>Consegna senza stress direttamente a voi<\/strong><\/li>\n<\/ul>\n\n\n\n<h3 class=\"wp-block-heading\">Paesi DDP disponibili<\/h3>\n\n\n\n<p><strong>\ud83c\uddfa\ud83c\uddf8 USA<\/strong><\/p>\n\n\n\n<ul class=\"wp-block-list\">\n<li>Partner di spedizione: UPS<\/li>\n\n\n\n<li>Eccezione: Alaska e Hawaii (non disponibili)<\/li>\n<\/ul>\n\n\n\n<p><strong>\ud83c\udde6\ud83c\uddfa Australia<\/strong><\/p>\n\n\n\n<ul class=\"wp-block-list\">\n<li>Partner di spedizione: Australia Post<\/li>\n\n\n\n<li>Nota: disponibilit\u00e0 limitata a causa delle severe norme doganali<\/li>\n<\/ul>\n\n\n\n<p><strong>\ud83c\uddec\ud83c\udde7 Regno Unito<\/strong><\/p>\n\n\n\n<ul class=\"wp-block-list\">\n<li>Partner di spedizione: DPD Express (servizio locale)<\/li>\n<\/ul>\n\n\n\n<p><strong>\ud83c\uddea\ud83c\uddfa Europa<\/strong><\/p>\n\n\n\n<ul class=\"wp-block-list\">\n<li>Partner di spedizione: DHL Express \/ DPD Express<\/li>\n\n\n\n<li>Copertura completa dei paesi europei<\/li>\n<\/ul>\n\n\n\n<h3 class=\"wp-block-heading\">Disponibilit\u00e0 limitata<\/h3>\n\n\n\n<p><strong>Nota importante:<\/strong> Il nostro servizio DDP non \u00e8 disponibile nei seguenti Paesi a causa delle rigide norme doganali:<\/p>\n\n\n\n<ul class=\"wp-block-list\">\n<li>\ud83c\udde9\ud83c\uddf0 Danimarca<\/li>\n\n\n\n<li>\ud83c\udde6\ud83c\uddfa Australia (parziale)<\/li>\n\n\n\n<li>\ud83c\uddf3\ud83c\uddf4 Norvegia<\/li>\n\n\n\n<li>\ud83c\udde8\ud83c\udded Svizzera<\/li>\n<\/ul>\n\n\n\n<p><em>Si prega di osservare le rispettive condizioni attuali, in quanto le norme possono cambiare.<\/em><\/p>\n\n\n\n<h2 class=\"wp-block-heading\">Informazioni aggiuntive<\/h2>\n\n\n\n<h3 class=\"wp-block-heading\">Aree remote<\/h3>\n\n\n\n<p>Per le consegne in regioni remote o inaccessibili, possono essere applicate le seguenti caratteristiche speciali:<\/p>\n\n\n\n<ul class=\"wp-block-list\">\n<li>Spese di spedizione aggiuntive<\/li>\n\n\n\n<li>Tempi di consegna pi\u00f9 lunghi<\/li>\n\n\n\n<li>Modalit\u00e0 di consegna speciali<\/li>\n<\/ul>\n\n\n\n<p><strong>La nostra promessa:<\/strong> Facciamo tutto il possibile per garantire che il vostro ordine arrivi in tempo e vi informiamo proattivamente di eventuali ritardi.<\/p>\n\n\n\n<h2 class=\"wp-block-heading\">Assistenza clienti<\/h2>\n\n\n\n<p>Avete domande sulla vostra spedizione o su requisiti speciali? Il nostro servizio clienti \u00e8 sempre a vostra disposizione.<\/p>\n\n\n\n<p>\ud83d\udce7 <strong>E-mail:<\/strong> chbzyluryberel@gmail.com<\/p>\n\n\n\n<p>Cerchiamo di offrirvi il miglior servizio possibile e siamo a disposizione per tutte le vostre esigenze di spedizione e consegna.<\/p>\n\n\n\n<hr class=\"wp-block-separator has-alpha-channel-opacity\"\/>\n\n\n\n<p><em>La vostra fiducia \u00e8 importante per noi: ecco perch\u00e9 forniamo un servizio di spedizione affidabile e trasparente.<\/em><\/p>","protected":false},"excerpt":{"rendered":"<p>Bestellabwicklung und Versandzeiten Ihre Bestellung wird sorgf\u00e4ltig innerhalb von 1-5 Werktagen bearbeitet und f\u00fcr den Versand vorbereitet. Die regul\u00e4re Lieferzeit betr\u00e4gt 10-15 Werktage ab Versand. Wichtiger Hinweis: An Wochenenden und gesetzlichen Feiertagen erfolgt kein Versand. Sendungsverfolgung Nach dem Versand Ihrer Bestellung erhalten Sie umgehend eine E-Mail mit der Tracking-Nummer. Den aktuellen Status Ihrer Lieferung k\u00f6nnen [&#8230;]\n","protected":false},"author":1,"featured_media":0,"parent":0,"menu_order":0,"comment_status":"closed","ping_status":"closed","template":"","meta":{"_acf_changed":false,"footnotes":""},"class_list":["post-247","page","type-page","status-publish","hentry"],"acf":[],"_links":{"self":[{"href":"https:\/\/fumotpuff.com\/it\/wp-json\/wp\/v2\/pages\/247","targetHints":{"allow":["GET"]}}],"collection":[{"href":"https:\/\/fumotpuff.com\/it\/wp-json\/wp\/v2\/pages"}],"about":[{"href":"https:\/\/fumotpuff.com\/it\/wp-json\/wp\/v2\/types\/page"}],"author":[{"embeddable":true,"href":"https:\/\/fumotpuff.com\/it\/wp-json\/wp\/v2\/users\/1"}],"replies":[{"embeddable":true,"href":"https:\/\/fumotpuff.com\/it\/wp-json\/wp\/v2\/comments?post=247"}],"version-history":[{"count":1,"href":"https:\/\/fumotpuff.com\/it\/wp-json\/wp\/v2\/pages\/247\/revisions"}],"predecessor-version":[{"id":249,"href":"https:\/\/fumotpuff.com\/it\/wp-json\/wp\/v2\/pages\/247\/revisions\/249"}],"wp:attachment":[{"href":"https:\/\/fumotpuff.com\/it\/wp-json\/wp\/v2\/media?parent=247"}],"curies":[{"name":"wp","href":"https:\/\/api.w.org\/{rel}","templated":true}]}}