{"id":242,"date":"2025-09-10T04:08:43","date_gmt":"2025-09-10T02:08:43","guid":{"rendered":"https:\/\/fumotpuff.com\/?page_id=242"},"modified":"2025-09-10T04:08:45","modified_gmt":"2025-09-10T02:08:45","slug":"ueber-uns","status":"publish","type":"page","link":"https:\/\/fumotpuff.com\/it\/ueber-uns\/","title":{"rendered":"Chi siamo"},"content":{"rendered":"<h2 class=\"wp-block-heading\">Il vostro indirizzo di fiducia per vaporizzatori monouso di qualit\u00e0 superiore<\/h2>\n\n\n\n<p>Benvenuti a fumotpuff - il vostro partner competente per sigarette elettroniche monouso di prima classe. Il nostro marchio incarna i pi\u00f9 alti standard di qualit\u00e0, l'innovazione pionieristica e un'esperienza di vaping eccezionale. L'obiettivo di fumotpuff \u00e8 quello di offrire un'esperienza aromatica perfetta attraverso prodotti di alta qualit\u00e0 e tecnologie all'avanguardia.<\/p>\n\n\n\n<h2 class=\"wp-block-heading\">La nostra gamma<\/h2>\n\n\n\n<p>Disponiamo di un'ampia selezione di marchi rinomati di sigarette elettroniche:<\/p>\n\n\n\n<ul class=\"wp-block-list\">\n<li><strong>Fumot Vape<\/strong><\/li>\n\n\n\n<li><strong>Bang Vape<\/strong><\/li>\n\n\n\n<li><strong>JNR Vape<\/strong><\/li>\n\n\n\n<li><strong>Vapme Vape<\/strong><\/li>\n\n\n\n<li><strong>Elf Box Vape<\/strong><\/li>\n\n\n\n<li><strong>Uzy Vape<\/strong><\/li>\n\n\n\n<li><strong>Vape frizzante<\/strong><\/li>\n\n\n\n<li><strong>Waspe Vape<\/strong><\/li>\n\n\n\n<li><strong>Vozol Vape<\/strong><\/li>\n<\/ul>\n\n\n\n<p>Approfittate delle interessanti condizioni di vendita all'ingrosso con la garanzia di prodotti originali e autentici. Che siate rivenditori o clienti all'ingrosso, fumotpuff \u00e8 il vostro partner commerciale affidabile per un'esperienza di shopping senza preoccupazioni.<\/p>\n\n\n\n<h2 class=\"wp-block-heading\">Innovazione attraverso l'orientamento al cliente<\/h2>\n\n\n\n<p>Il nostro successo si basa sulla comprensione completa dei desideri dei nostri clienti e sul nostro continuo sforzo di innovazione. I nostri team di sviluppo lavorano con la massima dedizione a prodotti che soddisfano i pi\u00f9 severi criteri di sicurezza e qualit\u00e0. Il feedback dei clienti \u00e8 prezioso per noi: ci permette di migliorare costantemente i nostri prodotti e di adattarci alle esigenze dinamiche del mercato.<\/p>\n\n\n\n<h2 class=\"wp-block-heading\">L'esperienza completa del vaping<\/h2>\n\n\n\n<p>fumotpuff \u00e8 sinonimo di molto di pi\u00f9 dei normali dispositivi di svapo: creiamo un'esperienza di vaping olistica. La nostra gamma di vaporizzatori monouso \u00e8 stata sviluppata con la massima cura per offrirvi esperienze di gusto incomparabili. Che si tratti di rinfrescanti sapori di frutta o di classiche sfumature di tabacco, da fumotpuff scoprirete il vaping ideale che supera le vostre aspettative.<\/p>\n\n\n\n<h2 class=\"wp-block-heading\">Qualit\u00e0 e sostenibilit\u00e0<\/h2>\n\n\n\n<p>I nostri standard di qualit\u00e0 si riflettono nel nostro stabilimento di produzione all'avanguardia, dove ogni prodotto fumotpuff viene realizzato con la massima precisione e attenzione. La sostenibilit\u00e0 e la responsabilit\u00e0 ambientale sono per noi priorit\u00e0 assolute: per questo i nostri vaporizzatori monouso sono progettati tenendo conto dell'ambiente e sono conformi alle attuali linee guida per la protezione ambientale.<\/p>\n\n\n\n<h2 class=\"wp-block-heading\">Insieme verso il futuro<\/h2>\n\n\n\n<p>Apprezziamo molto la vostra fiducia in fumotpuff e non vediamo l'ora di accompagnarvi nel vostro viaggio nel vaping. Scoprite l'affascinante mondo di fumotpuff - dove qualit\u00e0, innovazione ed esperienze di gusto indimenticabili formano una simbiosi perfetta.<\/p>\n\n\n\n<hr class=\"wp-block-separator has-alpha-channel-opacity\"\/>\n\n\n\n<p><strong>Il tuo fumotpuff<\/strong> <strong>Squadra<\/strong><\/p>\n\n\n\n<p>\ud83d\udce7 <strong>Contatto:<\/strong> chbzyluryberel@gmail.com<\/p>\n\n\n\n<p><em>Sperimentate il futuro del vaping - con fumotpuff al vostro fianco.<\/em><\/p>","protected":false},"excerpt":{"rendered":"<p>Ihre vertrauensvolle Adresse f\u00fcr Premium-Einwegverdampfer Herzlich willkommen bei fumotpuff \u2013 Ihrem kompetenten Ansprechpartner f\u00fcr erstklassige Einweg-E-Zigaretten. Unsere Marke verk\u00f6rpert h\u00f6chste Qualit\u00e4tsanspr\u00fcche, wegweisende Innovation und ein au\u00dfergew\u00f6hnliches Verdampfungserlebnis. Bei fumotpuff verfolgen wir das Ziel, Ihnen das perfekte Geschmackserlebnis durch hochwertige Produkte und modernste Technologie zu bieten. Unser Sortiment Wir f\u00fchren eine umfangreiche Auswahl renommierter E-Zigaretten-Marken: Dabei [&#8230;]\n","protected":false},"author":1,"featured_media":0,"parent":0,"menu_order":0,"comment_status":"closed","ping_status":"closed","template":"","meta":{"_acf_changed":false,"footnotes":""},"class_list":["post-242","page","type-page","status-publish","hentry"],"acf":[],"_links":{"self":[{"href":"https:\/\/fumotpuff.com\/it\/wp-json\/wp\/v2\/pages\/242","targetHints":{"allow":["GET"]}}],"collection":[{"href":"https:\/\/fumotpuff.com\/it\/wp-json\/wp\/v2\/pages"}],"about":[{"href":"https:\/\/fumotpuff.com\/it\/wp-json\/wp\/v2\/types\/page"}],"author":[{"embeddable":true,"href":"https:\/\/fumotpuff.com\/it\/wp-json\/wp\/v2\/users\/1"}],"replies":[{"embeddable":true,"href":"https:\/\/fumotpuff.com\/it\/wp-json\/wp\/v2\/comments?post=242"}],"version-history":[{"count":1,"href":"https:\/\/fumotpuff.com\/it\/wp-json\/wp\/v2\/pages\/242\/revisions"}],"predecessor-version":[{"id":244,"href":"https:\/\/fumotpuff.com\/it\/wp-json\/wp\/v2\/pages\/242\/revisions\/244"}],"wp:attachment":[{"href":"https:\/\/fumotpuff.com\/it\/wp-json\/wp\/v2\/media?parent=242"}],"curies":[{"name":"wp","href":"https:\/\/api.w.org\/{rel}","templated":true}]}}