{"id":979,"date":"2025-09-18T10:58:03","date_gmt":"2025-09-18T08:58:03","guid":{"rendered":"https:\/\/fumotpuff.com\/?post_type=product&#038;p=979"},"modified":"2026-01-29T11:34:53","modified_gmt":"2026-01-29T10:34:53","slug":"fumot-tornado-20000-strawberry-ice","status":"publish","type":"product","link":"https:\/\/fumotpuff.com\/hu\/termek\/fumot-tornado-20000-strawberry-ice\/","title":{"rendered":"Fumot Tornado 20000 eper j\u00e9g"},"content":{"rendered":"<h2 class=\"text-xl font-bold text-text-100 mt-1 -mb-0.5\">Fumot Tornado 20000 Strawberry Ice eldobhat\u00f3 e-cigaretta<\/h2>\n<p class=\"whitespace-normal break-words\">A RandM Fumot Tornado 20000 Strawberry Ice a nagy teljes\u00edtm\u00e9ny\u0171 eldobhat\u00f3 e-cigarett\u00e1ban az \u00e9des, \u00e9rett epret \u00e9s a friss\u00edt\u0151en h\u0171v\u00f6s befejez\u00e9st \u00f6tv\u00f6zi. Ez az \u00edz ak\u00e1r 20.000 sz\u00edv\u00e1sig is haszn\u00e1lhat\u00f3, \u00e9s t\u00f6k\u00e9letes egyens\u00falyt k\u00edn\u00e1l a gy\u00fcm\u00f6lcs\u00f6s \u00e9dess\u00e9g \u00e9s az \u00e9l\u00e9nk\u00edt\u0151 h\u0171v\u00f6ss\u00e9g k\u00f6z\u00f6tt a t\u00f6k\u00e9letes friss\u00edt\u0151 p\u00e1rologtat\u00e1si \u00e9lm\u00e9ny \u00e9rdek\u00e9ben.<\/p>\n<h3 class=\"text-lg font-bold text-text-100 mt-1 -mb-1.5\">Epres frissess\u00e9g h\u0171v\u00f6s lecseng\u00e9ssel<\/h3>\n<p class=\"whitespace-normal break-words\">\u00c9lvezze a Fumot Tornado 20000 eperj\u00e9g friss\u00edt\u0151 kombin\u00e1ci\u00f3j\u00e1t. A l\u00e9d\u00fas, napon \u00e9rlelt eper kibontakoztatja term\u00e9szetes \u00e9dess\u00e9g\u00e9t, miel\u0151tt a gyeng\u00e9d h\u0171s\u00edt\u0151 hat\u00e1s \u00e9l\u00e9nk\u00edt\u0151 befejez\u00e9st biztos\u00edt. A gy\u00fcm\u00f6lcs\u00f6ss\u00e9g \u00e9s a frissess\u00e9g e kiegyens\u00falyozott kever\u00e9k\u00e9t a megb\u00edzhat\u00f3 850mAh-s akkumul\u00e1tor garant\u00e1lja a teljes haszn\u00e1lati id\u0151 alatt.<\/p>\n<p class=\"whitespace-normal break-words\">A fejlett kett\u0151s h\u00e1l\u00f3s tekercstechnol\u00f3gia optimaliz\u00e1lja mind az eper \u00edzeket, mind a finom h\u0171t\u0151hat\u00e1st, \u00e9s t\u00f6k\u00e9letes h\u0151m\u00e9rs\u00e9kleti egyens\u00faly mellett friss\u00edt\u0151 g\u0151zprofilt hoz l\u00e9tre. A nagyvonal\u00fa 20 ml-es folyad\u00e9ktart\u00e1ly t\u00e1mogatja a hosszabb p\u00e1rologtat\u00e1sokat, m\u00edg az intelligens LED kijelz\u0151 lehet\u0151v\u00e9 teszi a k\u00e9sz\u00fcl\u00e9k folyamatos fel\u00fcgyelet\u00e9t.<\/p>\n<p class=\"whitespace-normal break-words\">Ez a Strawberry Ice v\u00e1ltozat 2% \u00e9s 5% nikotinkoncentr\u00e1ci\u00f3ban olyan p\u00e1rologtat\u00f3kat sz\u00f3l\u00edt meg, akik \u00e9rt\u00e9kelik a gy\u00fcm\u00f6lcs\u00f6s \u00e9dess\u00e9get friss\u00edt\u0151 h\u0171v\u00f6ss\u00e9ggel kombin\u00e1lva.<\/p>\n<p class=\"whitespace-normal break-words\"><strong>Alapfelszerel\u00e9s:<\/strong> 20.000 inhal\u00e1ci\u00f3s slukk | 20ml folyad\u00e9kkapacit\u00e1s | 850mAh akkumul\u00e1tor | kett\u0151s h\u00e1l\u00f3s p\u00e1rologtat\u00e1s | LED kijelz\u0151k<\/p>\n<h3 class=\"text-lg font-bold text-text-100 mt-1 -mb-1.5\">Fedezzen fel t\u00f6bb FUMOT VAPE-t a fumotpuff-on<\/h3>\n<p class=\"whitespace-normal break-words\">Fedezzen fel t\u00f6bb friss\u00edt\u0151 vari\u00e1ci\u00f3t a <strong><a class=\"underline\" href=\"https:\/\/fumotpuff.com\/hu\/\">Honlap<\/a><\/strong>, fedezze fel a teljes <strong><a class=\"underline\" href=\"https:\/\/fumotpuff.com\/hu\/product-category\/fumot-vape\/\">FUMOT VAPE r\u00e9szleg<\/a><\/strong> vagy v\u00e1lasszon a <strong><a class=\"underline\" href=\"https:\/\/fumotpuff.com\/hu\/product-category\/fumot-vape\/fumot-tornado-20000\/\">Fumot Tornado 20000 \u00edzv\u00e1laszt\u00e9k<\/a><\/strong>.<\/p>","protected":false},"excerpt":{"rendered":"<p class=\"whitespace-normal break-words\">A Fumot Tornado 20000 Strawberry Ice eldobhat\u00f3 vape az \u00e9des, \u00e9rett epret \u00e9s a friss\u00edt\u0151en h\u0171v\u00f6s befejez\u00e9st \u00f6tv\u00f6zi, \u00edgy t\u00f6k\u00e9letes egyens\u00falyt teremt a gy\u00fcm\u00f6lcs\u00f6s \u00e9dess\u00e9g \u00e9s az \u00e9l\u00e9nk\u00edt\u0151 h\u0171v\u00f6ss\u00e9g k\u00f6z\u00f6tt. Ez a nagy teljes\u00edtm\u00e9ny\u0171 e-cigaretta 20.000 puffot k\u00edn\u00e1l a v\u00e9gs\u0151 friss\u00edt\u0151 g\u0151z\u00e9lm\u00e9nnyel, 20 ml-es folyad\u00e9ktart\u00e1llyal, 850mAh-s akkumul\u00e1torral, kett\u0151s h\u00e1l\u00f3s p\u00e1rologtat\u00e1ssal \u00e9s a h\u0151m\u00e9rs\u00e9klet egyens\u00faly\u00e1t jelz\u0151 LED-es kijelz\u0151kkel rendelkezik.<\/p>\n<p class=\"whitespace-normal break-words\">","protected":false},"featured_media":980,"comment_status":"open","ping_status":"closed","template":"","meta":{"_acf_changed":false},"product_brand":[],"product_cat":[22],"product_tag":[],"class_list":{"0":"post-979","1":"product","2":"type-product","3":"status-publish","4":"has-post-thumbnail","6":"product_cat-fumot-tornado-20000","8":"first","9":"instock","10":"shipping-taxable","11":"purchasable","12":"product-type-variable"},"acf":[],"_links":{"self":[{"href":"https:\/\/fumotpuff.com\/hu\/wp-json\/wp\/v2\/product\/979","targetHints":{"allow":["GET"]}}],"collection":[{"href":"https:\/\/fumotpuff.com\/hu\/wp-json\/wp\/v2\/product"}],"about":[{"href":"https:\/\/fumotpuff.com\/hu\/wp-json\/wp\/v2\/types\/product"}],"replies":[{"embeddable":true,"href":"https:\/\/fumotpuff.com\/hu\/wp-json\/wp\/v2\/comments?post=979"}],"wp:featuredmedia":[{"embeddable":true,"href":"https:\/\/fumotpuff.com\/hu\/wp-json\/wp\/v2\/media\/980"}],"wp:attachment":[{"href":"https:\/\/fumotpuff.com\/hu\/wp-json\/wp\/v2\/media?parent=979"}],"wp:term":[{"taxonomy":"product_brand","embeddable":true,"href":"https:\/\/fumotpuff.com\/hu\/wp-json\/wp\/v2\/product_brand?post=979"},{"taxonomy":"product_cat","embeddable":true,"href":"https:\/\/fumotpuff.com\/hu\/wp-json\/wp\/v2\/product_cat?post=979"},{"taxonomy":"product_tag","embeddable":true,"href":"https:\/\/fumotpuff.com\/hu\/wp-json\/wp\/v2\/product_tag?post=979"}],"curies":[{"name":"wp","href":"https:\/\/api.w.org\/{rel}","templated":true}]}}