{"id":799,"date":"2025-09-15T04:54:18","date_gmt":"2025-09-15T02:54:18","guid":{"rendered":"https:\/\/fumotpuff.com\/?post_type=product&#038;p=799"},"modified":"2025-09-15T04:54:18","modified_gmt":"2025-09-15T02:54:18","slug":"fumot-tornado-25000-cool-mint","status":"publish","type":"product","link":"https:\/\/fumotpuff.com\/hu\/termek\/fumot-tornado-25000-cool-mint\/","title":{"rendered":"Fumot Tornado 25000 Cool Menta"},"content":{"rendered":"<h2 class=\"text-xl font-bold text-text-100 mt-1 -mb-0.5\">Fumot Tornado 25000 Cool Mint eldobhat\u00f3 e-cigaretta<\/h2>\n<p class=\"whitespace-normal break-words\">Tapasztalja meg a tiszta felfriss\u00fcl\u00e9st a Fumot Tornado 25000 Cool Ment\u00e1val, amely intenz\u00edv mentolos frissess\u00e9get biztos\u00edt az \u00e9l\u00e9nk\u00edt\u0151 \u00e9s tiszta p\u00e1ra\u00e9lm\u00e9ny \u00e9rdek\u00e9ben. Ez a pr\u00e9mium eldobhat\u00f3 e-cigaretta krist\u00e1lytiszta mentolos h\u0171v\u00f6ss\u00e9get biztos\u00edt, amely egyszerre friss\u00edt \u00e9s energetiz\u00e1l, mik\u00f6zben figyelemre m\u00e9lt\u00f3 25 000 slukkot biztos\u00edt a nagyvonal\u00fa 20 ml-es e-folyad\u00e9k kapacit\u00e1sb\u00f3l. A fejlett kett\u0151s h\u00e1l\u00f3s tekercsrendszer maximaliz\u00e1lja a menta intenzit\u00e1s\u00e1t, \u00e9s h\u0171v\u00f6s, s\u0171r\u0171 g\u0151zfelh\u0151ket termel a v\u00e9gs\u0151 felfriss\u00fcl\u00e9s \u00e9rdek\u00e9ben.<\/p>\n<h3 class=\"text-lg font-bold text-text-100 mt-1 -mb-1.5\">Fumot Tornado 25000 Cool Mint jellemz\u0151k:<\/h3>\n<p class=\"whitespace-normal break-words\"><strong>Friss\u00edt\u0151 csapol\u00e1s intenzit\u00e1sa:<\/strong> 25 000 j\u00e9ghideg puffan\u00e1s tiszta Cool Mint \u00edzzel a maxim\u00e1lis mentolos frissess\u00e9g\u00e9rt.<\/p>\n<p class=\"whitespace-normal break-words\"><strong>Rugalmas nikotinkoncentr\u00e1ci\u00f3:<\/strong> Kaphat\u00f3 2% \u00e9s 5% nikotins\u00f3 v\u00e1ltozatban a szem\u00e9lyes intenzit\u00e1s preferenci\u00e1knak megfelel\u0151en.<\/p>\n<p class=\"whitespace-normal break-words\"><strong>Gazdag folyad\u00e9kkapacit\u00e1s:<\/strong> 20ml kiv\u00e1l\u00f3 min\u0151s\u00e9g\u0171 Cool Mint E-Liquid a hosszan tart\u00f3 friss\u00edt\u0151 teljes\u00edtm\u00e9ny\u00e9rt.<\/p>\n<p class=\"whitespace-normal break-words\"><strong>Top elp\u00e1rologtat\u00f3 technol\u00f3gia:<\/strong> A kett\u0151s h\u00e1l\u00f3s tekercsek fokozz\u00e1k a menta \u00edz intenzit\u00e1s\u00e1t \u00e9s optimaliz\u00e1lj\u00e1k a h\u0171t\u00e9s hat\u00e9konys\u00e1g\u00e1t.<\/p>\n<p class=\"whitespace-normal break-words\"><strong>Egyenletes akkumul\u00e1tor teljes\u00edtm\u00e9ny:<\/strong> 700mAh \u00fajrat\u00f6lthet\u0151 energiat\u00e1rol\u00f3 C t\u00edpus\u00fa gyorst\u00f6lt\u00e9ssel a folyamatos rendelkez\u00e9sre \u00e1ll\u00e1s \u00e9rdek\u00e9ben.<\/p>\n<p class=\"whitespace-normal break-words\"><strong>Modern vez\u00e9rl\u0151egys\u00e9g:<\/strong> Az 1,77 h\u00fcvelykes TFT-\u00e9rint\u0151k\u00e9perny\u0151 lehet\u0151v\u00e9 teszi a k\u00e9sz\u00fcl\u00e9k k\u00f6nnyed kezel\u00e9s\u00e9t.<\/p>\n<p class=\"whitespace-normal break-words\"><strong>Szem\u00e9lyre szabott be\u00e1ll\u00edt\u00e1sok:<\/strong> H\u00e1romszoros \u00e9rint\u00e9svez\u00e9rl\u00e9s az egy\u00e9ni g\u0151zer\u0151ss\u00e9g szab\u00e1lyoz\u00e1s\u00e1hoz.<\/p>\n<p class=\"whitespace-normal break-words\"><strong>\u00c9l\u0151 megfigyel\u00e9s:<\/strong> Folyamatos kijelz\u0151k az akkumul\u00e1tor \u00e9s az e-folyad\u00e9k \u00e1llapot\u00e1r\u00f3l.<\/p>\n<h3 class=\"text-lg font-bold text-text-100 mt-1 -mb-1.5\">M\u0171szaki r\u00e9szletek:<\/h3>\n<p class=\"whitespace-normal break-words\">1,77\u2033 TFT kijelz\u0151 technol\u00f3gia<br \/>\n\u2611 \u00c9rint\u0151k\u00e9perny\u0151s vez\u00e9rl\u0151rendszer<br \/>\n\u2611 Kett\u0151s h\u00e1l\u00f3s tekercsrendszer<br \/>\n\u2611 25K vonat kapacit\u00e1s<br \/>\n\u2611 2%\/5% Nikotin-s\u00f3szintek<br \/>\n\u2611 C t\u00edpus\u00fa gyors t\u00f6lt\u0151port<br \/>\n\u2611 700mAh \u00fajrat\u00f6lthet\u0151 akkumul\u00e1tor rendszer<br \/>\n\u00c1llapotjelz\u0151 kijelz\u0151k<br \/>\n\u2611 H\u00e1romszori \u00e9rint\u00e9ses teljes\u00edtm\u00e9nyszab\u00e1lyoz\u00e1s<\/p>\n<h3 class=\"text-lg font-bold text-text-100 mt-1 -mb-1.5\">Fedezzen fel t\u00f6bb FUMOT VAPE-t a fumotpuff-on<\/h3>\n<p class=\"whitespace-normal break-words\">Fedezze fel teljes term\u00e9kk\u00edn\u00e1latunkat a <strong><a class=\"underline\" href=\"https:\/\/fumotpuff.com\/hu\/\">Honlap<\/a><\/strong>l\u00e1togasson el a <strong><a class=\"underline\" href=\"https:\/\/fumotpuff.com\/hu\/product-category\/fumot-vape\/\">FUMOT VAPE Term\u00e9kkateg\u00f3ria<\/a><\/strong> vagy v\u00e1lasszon az \u00f6sszes <strong><a class=\"underline\" href=\"https:\/\/fumotpuff.com\/hu\/product-category\/fumot-vape\/fumot-tornado-25000\/\">Fumot Tornado 25000 \u00edzvari\u00e1ci\u00f3k<\/a><\/strong>.<\/p>","protected":false},"excerpt":{"rendered":"<p class=\"whitespace-normal break-words\">A Fumot Tornado 25000 Cool Mint eldobhat\u00f3 vape tiszta mentolos frissess\u00e9get k\u00edn\u00e1l krist\u00e1lytiszta h\u0171v\u00f6ss\u00e9ggel, 25 000 slukkban. Pr\u00e9mium jellemz\u0151k: TFT kijelz\u0151, 1,77\u2033-es TFT kijelz\u0151 \u00e9s 2% vagy 5% nikotins\u00f3 v\u00e1laszt\u00e1si lehet\u0151s\u00e9g.<\/p>\n<p class=\"whitespace-normal break-words\">","protected":false},"featured_media":800,"comment_status":"open","ping_status":"closed","template":"","meta":{"_acf_changed":false},"product_brand":[],"product_cat":[21],"product_tag":[],"class_list":{"0":"post-799","1":"product","2":"type-product","3":"status-publish","4":"has-post-thumbnail","6":"product_cat-fumot-tornado-25000","8":"first","9":"instock","10":"shipping-taxable","11":"purchasable","12":"product-type-variable"},"acf":[],"_links":{"self":[{"href":"https:\/\/fumotpuff.com\/hu\/wp-json\/wp\/v2\/product\/799","targetHints":{"allow":["GET"]}}],"collection":[{"href":"https:\/\/fumotpuff.com\/hu\/wp-json\/wp\/v2\/product"}],"about":[{"href":"https:\/\/fumotpuff.com\/hu\/wp-json\/wp\/v2\/types\/product"}],"replies":[{"embeddable":true,"href":"https:\/\/fumotpuff.com\/hu\/wp-json\/wp\/v2\/comments?post=799"}],"wp:featuredmedia":[{"embeddable":true,"href":"https:\/\/fumotpuff.com\/hu\/wp-json\/wp\/v2\/media\/800"}],"wp:attachment":[{"href":"https:\/\/fumotpuff.com\/hu\/wp-json\/wp\/v2\/media?parent=799"}],"wp:term":[{"taxonomy":"product_brand","embeddable":true,"href":"https:\/\/fumotpuff.com\/hu\/wp-json\/wp\/v2\/product_brand?post=799"},{"taxonomy":"product_cat","embeddable":true,"href":"https:\/\/fumotpuff.com\/hu\/wp-json\/wp\/v2\/product_cat?post=799"},{"taxonomy":"product_tag","embeddable":true,"href":"https:\/\/fumotpuff.com\/hu\/wp-json\/wp\/v2\/product_tag?post=799"}],"curies":[{"name":"wp","href":"https:\/\/api.w.org\/{rel}","templated":true}]}}