{"id":7697,"date":"2026-04-23T05:07:33","date_gmt":"2026-04-23T03:07:33","guid":{"rendered":"https:\/\/fumotpuff.com\/?post_type=product&#038;p=7697"},"modified":"2026-04-23T05:07:33","modified_gmt":"2026-04-23T03:07:33","slug":"okso-double-flavor-60000-watermelon-ice-peach-mango","status":"publish","type":"product","link":"https:\/\/fumotpuff.com\/hu\/termek\/okso-double-flavor-60000-watermelon-ice-peach-mango\/","title":{"rendered":"OKSO Double Flavour 60000 g\u00f6r\u00f6gdinnye j\u00e9g\/barack mang\u00f3"},"content":{"rendered":"<h2 class=\"text-text-100 mt-3 -mb-1 text-[1.375rem] font-bold\">OKSO Double Flavor 60000 Watermelon Ice\/Peach Mango Einweg-Vape<\/h2>\n<p class=\"font-claude-response-body break-words whitespace-normal leading-[1.7]\">Die OKSO Double Flavor 60000 Watermelon Ice\/Peach Mango vereint zwei tropisch-erfrischende Aromen in einem einzigen Einwegger\u00e4t. Der erste Tank bringt eisgek\u00fchlte Wassermelone \u2013 saftig, s\u00fc\u00df und mit einem angenehmen K\u00fchleffekt. Der zweite Tank liefert Peach Mango, das exotische Duo aus reifem Pfirsich und s\u00fc\u00dfem Mango-Fruchtfleisch. Jeder Tank ist vollst\u00e4ndig unabh\u00e4ngig nutzbar, f\u00fcr maximale Flexibilit\u00e4t beim Dampfen. Mit 60.000 Z\u00fcgen, 50 ml Kapazit\u00e4t, Mesh-Coil-Technologie und Type-C-Schnellladung ist dieses Ger\u00e4t ein echter Langzeit-Begleiter.<\/p>\n<h3 class=\"text-text-100 mt-3 -mb-1 text-[1.125rem] font-bold\">OKSO Double Flavor 60000 Watermelon Ice\/Peach Mango \u2013 Die wichtigsten Highlights<\/h3>\n<p class=\"font-claude-response-body break-words whitespace-normal leading-[1.7]\">Die OKSO Double Flavor 60000 Watermelon Ice\/Peach Mango ist wie ein Urlaub in der Hosentasche. Der Watermelon-Ice-Tank \u00fcberzeugt mit dem unverwechselbaren Aroma reifer, saftiger Wassermelone, das durch einen intensiven Eiseffekt auf eine neue Ebene gehoben wird \u2013 perfekt f\u00fcr alle, die es k\u00fchl und erfrischend m\u00f6gen. Der Peach-Mango-Tank bietet eine tropische Aromareise: Die S\u00fc\u00dfe von Mango harmoniert perfekt mit der samtigen Weichheit von Pfirsich.<\/p>\n<p class=\"font-claude-response-body break-words whitespace-normal leading-[1.7]\">Zwei 0,8-\u03a9-Mesh-Coils sorgen f\u00fcr seidenweichen Dampf und eine gleichm\u00e4\u00dfige Aromaentfaltung in beiden Tanks. Das LED-Display liefert alle wichtigen Statusinformationen auf einen Blick. Vier Nikotinst\u00e4rken (0 %, 2 %, 3 %, 5 %) sorgen f\u00fcr individuelle Anpassungsm\u00f6glichkeiten. Der 650-mAh-Akku mit Type-C-Schnellladung ist darauf ausgelegt, das Ger\u00e4t \u00fcber seine gesamte Nutzungsdauer zuverl\u00e4ssig zu versorgen.<\/p>\n<h3 class=\"text-text-100 mt-3 -mb-1 text-[1.125rem] font-bold\">Technische Daten<\/h3>\n<div class=\"overflow-x-auto w-full px-2 mb-6\">\n<table class=\"min-w-full border-collapse text-sm leading-[1.7] whitespace-normal\">\n<thead class=\"text-left\">\n<tr>\n<th class=\"text-text-100 border-b-0.5 border-border-300\/60 py-2 pr-4 align-top font-bold\" scope=\"col\">Merkmal<\/th>\n<th class=\"text-text-100 border-b-0.5 border-border-300\/60 py-2 pr-4 align-top font-bold\" scope=\"col\">Details<\/th>\n<\/tr>\n<\/thead>\n<tbody>\n<tr>\n<td class=\"border-b-0.5 border-border-300\/30 py-2 pr-4 align-top\">Geschmack<\/td>\n<td class=\"border-b-0.5 border-border-300\/30 py-2 pr-4 align-top\">Watermelon Ice\/Peach Mango<\/td>\n<\/tr>\n<tr>\n<td class=\"border-b-0.5 border-border-300\/30 py-2 pr-4 align-top\">Z\u00fcge<\/td>\n<td class=\"border-b-0.5 border-border-300\/30 py-2 pr-4 align-top\">60.000 Puffs<\/td>\n<\/tr>\n<tr>\n<td class=\"border-b-0.5 border-border-300\/30 py-2 pr-4 align-top\">Coil<\/td>\n<td class=\"border-b-0.5 border-border-300\/30 py-2 pr-4 align-top\">Mesh Coil<\/td>\n<\/tr>\n<tr>\n<td class=\"border-b-0.5 border-border-300\/30 py-2 pr-4 align-top\">E-Liquid<\/td>\n<td class=\"border-b-0.5 border-border-300\/30 py-2 pr-4 align-top\">25 ml \u00d7 2<\/td>\n<\/tr>\n<tr>\n<td class=\"border-b-0.5 border-border-300\/30 py-2 pr-4 align-top\">Nikotin<\/td>\n<td class=\"border-b-0.5 border-border-300\/30 py-2 pr-4 align-top\">0 % \/ 2 % \/ 3 % \/ 5 %<\/td>\n<\/tr>\n<tr>\n<td class=\"border-b-0.5 border-border-300\/30 py-2 pr-4 align-top\">Akku<\/td>\n<td class=\"border-b-0.5 border-border-300\/30 py-2 pr-4 align-top\">650 mAh<\/td>\n<\/tr>\n<tr>\n<td class=\"border-b-0.5 border-border-300\/30 py-2 pr-4 align-top\">Display<\/td>\n<td class=\"border-b-0.5 border-border-300\/30 py-2 pr-4 align-top\">LED-Display<\/td>\n<\/tr>\n<\/tbody>\n<\/table>\n<\/div>\n<h3 class=\"text-text-100 mt-3 -mb-1 text-[1.125rem] font-bold\">Mehr OKSO VAPE bei fumotpuff entdecken<\/h3>\n<p class=\"font-claude-response-body break-words whitespace-normal leading-[1.7]\">Entdecke unser gesamtes Vape-Sortiment bequem auf der <strong><a class=\"underline underline underline-offset-2 decoration-1 decoration-current\/40 hover:decoration-current focus:decoration-current\" href=\"https:\/\/fumotpuff.com\/\">fumotpuff Startseite<\/a><\/strong>. Alle OKSO Produkte findest du gesammelt in der <strong><a class=\"underline underline underline-offset-2 decoration-1 decoration-current\/40 hover:decoration-current focus:decoration-current\" href=\"https:\/\/fumotpuff.com\/product-category\/okso-vape\/\">OKSO Vape Kategorie<\/a><\/strong> \u2013 und alle Aromen dieser Baureihe stehen dir in der <strong><a class=\"underline underline underline-offset-2 decoration-1 decoration-current\/40 hover:decoration-current focus:decoration-current\" href=\"https:\/\/fumotpuff.com\/product-category\/okso-vape\/okso-double-flavor-60000\/\">OKSO Double Flavor 60000 Kollektion<\/a><\/strong> zur Auswahl.<\/p>\n","protected":false},"excerpt":{"rendered":"<p class=\"font-claude-response-body break-words whitespace-normal leading-[1.7]\">Die OKSO Double Flavor 60000 Watermelon Ice\/Peach Mango Einweg-Vape vereint zwei tropische Tanks in einem Ger\u00e4t. Genie\u00dfe eisgek\u00fchlte Wassermelone und exotisches Peach Mango \u2013 60.000 Z\u00fcge, Mesh-Coils, LED-Display &amp; Type-C-Laden. In 0\u20135 % Nikotin erh\u00e4ltlich.<\/p>\n<p class=\"font-claude-response-body break-words whitespace-normal leading-[1.7]\">\n","protected":false},"featured_media":7699,"comment_status":"open","ping_status":"closed","template":"","meta":{"_acf_changed":false},"product_brand":[],"product_cat":[80],"product_tag":[],"class_list":{"0":"post-7697","1":"product","2":"type-product","3":"status-publish","4":"has-post-thumbnail","6":"product_cat-okso-double-flavor-60000","8":"first","9":"instock","10":"shipping-taxable","11":"purchasable","12":"product-type-variable"},"acf":[],"_links":{"self":[{"href":"https:\/\/fumotpuff.com\/hu\/wp-json\/wp\/v2\/product\/7697","targetHints":{"allow":["GET"]}}],"collection":[{"href":"https:\/\/fumotpuff.com\/hu\/wp-json\/wp\/v2\/product"}],"about":[{"href":"https:\/\/fumotpuff.com\/hu\/wp-json\/wp\/v2\/types\/product"}],"replies":[{"embeddable":true,"href":"https:\/\/fumotpuff.com\/hu\/wp-json\/wp\/v2\/comments?post=7697"}],"wp:featuredmedia":[{"embeddable":true,"href":"https:\/\/fumotpuff.com\/hu\/wp-json\/wp\/v2\/media\/7699"}],"wp:attachment":[{"href":"https:\/\/fumotpuff.com\/hu\/wp-json\/wp\/v2\/media?parent=7697"}],"wp:term":[{"taxonomy":"product_brand","embeddable":true,"href":"https:\/\/fumotpuff.com\/hu\/wp-json\/wp\/v2\/product_brand?post=7697"},{"taxonomy":"product_cat","embeddable":true,"href":"https:\/\/fumotpuff.com\/hu\/wp-json\/wp\/v2\/product_cat?post=7697"},{"taxonomy":"product_tag","embeddable":true,"href":"https:\/\/fumotpuff.com\/hu\/wp-json\/wp\/v2\/product_tag?post=7697"}],"curies":[{"name":"wp","href":"https:\/\/api.w.org\/{rel}","templated":true}]}}