{"id":764,"date":"2025-09-15T04:38:42","date_gmt":"2025-09-15T02:38:42","guid":{"rendered":"https:\/\/fumotpuff.com\/?post_type=product&#038;p=764"},"modified":"2025-09-15T04:38:43","modified_gmt":"2025-09-15T02:38:43","slug":"fumot-tornado-25000-pineapple-ice","status":"publish","type":"product","link":"https:\/\/fumotpuff.com\/hu\/termek\/fumot-tornado-25000-pineapple-ice\/","title":{"rendered":"Fumot Tornado 25000 Anan\u00e1sz j\u00e9g"},"content":{"rendered":"<h2 class=\"text-xl font-bold text-text-100 mt-1 -mb-0.5\">Fumot Tornado 25000 Pineapple Ice eldobhat\u00f3 e-cigaretta<\/h2>\n<p class=\"whitespace-normal break-words\">Tapasztalja meg a tr\u00f3pusi egzotikumot a Fumot Tornado 25000 Pineapple Ice-val, amely az \u00e9des anan\u00e1sz \u00edzeket \u00e9l\u00e9nk\u00edt\u0151 h\u0171v\u00f6ss\u00e9ggel \u00f6tv\u00f6zi a paradicsomi g\u0151z\u00f6l\u00e9si \u00e9lm\u00e9ny\u00e9rt. Ez a kifinomult, eldobhat\u00f3 e-cigaretta intenz\u00edv anan\u00e1szos frissess\u00e9get biztos\u00edt gyeng\u00e9d j\u00e9g\u00edzzel, kiv\u00e9teles 25 000 p\u00f6f\u00e9kel\u00e9sen kereszt\u00fcl. Kiterjedt, 20 ml-es e-folyad\u00e9k kapacit\u00e1s\u00e1val \u00e9s fejlett, kett\u0151s h\u00e1l\u00f3s tekercs technol\u00f3gi\u00e1j\u00e1val garant\u00e1lja az egyenletes \u00edzmin\u0151s\u00e9get \u00e9s a terjedelmes, h\u0171t\u00f6tt g\u0151ztermel\u00e9st.<\/p>\n<h3 class=\"text-lg font-bold text-text-100 mt-1 -mb-1.5\">Fumot Tornado 25000 anan\u00e1sz j\u00e9g jellemz\u0151i:<\/h3>\n<p class=\"whitespace-normal break-words\"><strong>Paradicsomi kitart\u00e1s:<\/strong> 25 000 tr\u00f3pusi h\u0171s\u00edt\u0151 puffancs hiteles anan\u00e1szos j\u00e9gkarakterrel.<\/p>\n<p class=\"whitespace-normal break-words\"><strong>Rugalmas nikotinv\u00e1laszt\u00e1s:<\/strong> A szem\u00e9lyes preferencia \u00e9rdek\u00e9ben 2% \u00e9s 5% nikotins\u00f3-k\u00e9sz\u00edtm\u00e9nyekben kaphat\u00f3.<\/p>\n<p class=\"whitespace-normal break-words\"><strong>B\u0151s\u00e9ges folyad\u00e9kell\u00e1t\u00e1s:<\/strong> 20ml finom Anan\u00e1sz Ice E-Liquid a k\u00f6vetkezetes tr\u00f3pusi \u00e9lm\u00e9ny\u00e9rt.<\/p>\n<p class=\"whitespace-normal break-words\"><strong>A legkorszer\u0171bb tekercs innov\u00e1ci\u00f3:<\/strong> A kett\u0151s h\u00e1l\u00f3s kialak\u00edt\u00e1s optim\u00e1lisan fokozza az anan\u00e1sz \u00e9dess\u00e9g\u00e9t \u00e9s a h\u0171t\u00e9s intenzit\u00e1s\u00e1t.<\/p>\n<p class=\"whitespace-normal break-words\"><strong>Egyenletes akkumul\u00e1tor teljes\u00edtm\u00e9ny:<\/strong> 700mAh \u00fajrat\u00f6lthet\u0151 energiat\u00e1rol\u00f3 C t\u00edpus\u00fa gyorst\u00f6lt\u00e9ssel a folyamatos rendelkez\u00e9sre \u00e1ll\u00e1s \u00e9rdek\u00e9ben.<\/p>\n<p class=\"whitespace-normal break-words\"><strong>Fejlett interf\u00e9sz:<\/strong> Az 1,77 h\u00fcvelykes TFT-\u00e9rint\u0151k\u00e9perny\u0151 lehet\u0151v\u00e9 teszi a k\u00e9sz\u00fcl\u00e9k k\u00f6nnyed kezel\u00e9s\u00e9t.<\/p>\n<p class=\"whitespace-normal break-words\"><strong>Testreszabhat\u00f3 teljes\u00edtm\u00e9ny:<\/strong> H\u00e1romszoros \u00e9rint\u00e9svez\u00e9rl\u00e9s az egy\u00e9ni g\u0151zer\u0151ss\u00e9g szab\u00e1lyoz\u00e1s\u00e1hoz.<\/p>\n<p class=\"whitespace-normal break-words\"><strong>\u00c9l\u0151 st\u00e1tusz\u00fczenetek:<\/strong> Folyamatos akkumul\u00e1tor- \u00e9s e-folyad\u00e9kszint-ellen\u0151rz\u00e9s.<\/p>\n<h3 class=\"text-lg font-bold text-text-100 mt-1 -mb-1.5\">M\u0171szaki r\u00e9szletek:<\/h3>\n<p class=\"whitespace-normal break-words\">1.77\u2033 TFT kijelz\u0151 egys\u00e9g<br \/>\n\u00c9rint\u00e9ses interf\u00e9sz rendszer<br \/>\n\u2611 Kett\u0151s h\u00e1l\u00f3s p\u00e1rologtat\u00f3 technol\u00f3gia<br \/>\n\u2611 25,000 puff kapacit\u00e1s<br \/>\n\u2611 2% \u00e9s 5% nikotins\u00f3-v\u00e1ltozatok<br \/>\nC t\u00edpus\u00fa t\u00f6lt\u0151csatlakoz\u00f3<br \/>\n\u2611 700mAh akkumul\u00e1tor modul<br \/>\n\u2611 \u00c1llapotmegjelen\u00edt\u0151 funkci\u00f3<br \/>\n\u2611 3 \u00e9rint\u00e9ses teljes\u00edtm\u00e9nybe\u00e1ll\u00edt\u00e1s<\/p>\n<h3 class=\"text-lg font-bold text-text-100 mt-1 -mb-1.5\">Fedezzen fel t\u00f6bb FUMOT VAPE-t a fumotpuff-on<\/h3>\n<p class=\"whitespace-normal break-words\">B\u0151v\u00edtse g\u0151zgy\u0171jtem\u00e9ny\u00e9t a <strong><a class=\"underline\" href=\"https:\/\/fumotpuff.com\/hu\/\">Honlap<\/a><\/strong>b\u00f6ng\u00e9sszen a <strong><a class=\"underline\" href=\"https:\/\/fumotpuff.com\/hu\/product-category\/fumot-vape\/\">FUMOT VAPE term\u00e9kcsal\u00e1d<\/a><\/strong> vagy fedezze fel az \u00f6sszes <strong><a class=\"underline\" href=\"https:\/\/fumotpuff.com\/hu\/product-category\/fumot-vape\/fumot-tornado-25000\/\">Fumot Tornado 25000 \u00edzvil\u00e1g<\/a><\/strong>.<\/p>","protected":false},"excerpt":{"rendered":"<p class=\"whitespace-normal break-words\">A Fumot Tornado 25000 Pineapple Ice eldobhat\u00f3 vape az \u00e9des anan\u00e1szt \u00e9s az \u00e9l\u00e9nk\u00edt\u0151 h\u0171v\u00f6ss\u00e9get egyes\u00edti 25 000 slukkban. Pr\u00e9mium jellemz\u0151k: TFT kijelz\u0151, 1,77\u2033-es TFT kijelz\u0151 \u00e9s 2% vagy 5% nikotins\u00f3 v\u00e1laszt\u00e1si lehet\u0151s\u00e9g.<\/p>\n<p class=\"whitespace-normal break-words\">","protected":false},"featured_media":768,"comment_status":"open","ping_status":"closed","template":"","meta":{"_acf_changed":false},"product_brand":[],"product_cat":[21],"product_tag":[],"class_list":{"0":"post-764","1":"product","2":"type-product","3":"status-publish","4":"has-post-thumbnail","6":"product_cat-fumot-tornado-25000","8":"first","9":"instock","10":"shipping-taxable","11":"purchasable","12":"product-type-variable"},"acf":[],"_links":{"self":[{"href":"https:\/\/fumotpuff.com\/hu\/wp-json\/wp\/v2\/product\/764","targetHints":{"allow":["GET"]}}],"collection":[{"href":"https:\/\/fumotpuff.com\/hu\/wp-json\/wp\/v2\/product"}],"about":[{"href":"https:\/\/fumotpuff.com\/hu\/wp-json\/wp\/v2\/types\/product"}],"replies":[{"embeddable":true,"href":"https:\/\/fumotpuff.com\/hu\/wp-json\/wp\/v2\/comments?post=764"}],"wp:featuredmedia":[{"embeddable":true,"href":"https:\/\/fumotpuff.com\/hu\/wp-json\/wp\/v2\/media\/768"}],"wp:attachment":[{"href":"https:\/\/fumotpuff.com\/hu\/wp-json\/wp\/v2\/media?parent=764"}],"wp:term":[{"taxonomy":"product_brand","embeddable":true,"href":"https:\/\/fumotpuff.com\/hu\/wp-json\/wp\/v2\/product_brand?post=764"},{"taxonomy":"product_cat","embeddable":true,"href":"https:\/\/fumotpuff.com\/hu\/wp-json\/wp\/v2\/product_cat?post=764"},{"taxonomy":"product_tag","embeddable":true,"href":"https:\/\/fumotpuff.com\/hu\/wp-json\/wp\/v2\/product_tag?post=764"}],"curies":[{"name":"wp","href":"https:\/\/api.w.org\/{rel}","templated":true}]}}