{"id":757,"date":"2025-09-15T04:35:46","date_gmt":"2025-09-15T02:35:46","guid":{"rendered":"https:\/\/fumotpuff.com\/?post_type=product&#038;p=757"},"modified":"2025-09-15T04:35:46","modified_gmt":"2025-09-15T02:35:46","slug":"fumot-tornado-25000-lush-ice","status":"publish","type":"product","link":"https:\/\/fumotpuff.com\/hu\/termek\/fumot-tornado-25000-lush-ice\/","title":{"rendered":"Fumot Tornado 25000 Lush Ice"},"content":{"rendered":"<h2 class=\"text-xl font-bold text-text-100 mt-1 -mb-0.5\">Fumot Tornado 25000 Lush Ice eldobhat\u00f3 e-cigaretta<\/h2>\n<p class=\"whitespace-normal break-words\">A Fumot Tornado 25000 Lush Ice a l\u00e9d\u00fas g\u00f6r\u00f6gdinnye \u00e9s az intenz\u00edv h\u0171v\u00f6ss\u00e9g f\u00e9ny\u0171z\u0151 kombin\u00e1ci\u00f3j\u00e1t k\u00edn\u00e1lja a kiv\u00e9telesen friss\u00edt\u0151 g\u0151z\u00f6l\u00e9si \u00e9lm\u00e9ny \u00e9rdek\u00e9ben. Ez a pr\u00e9mium eldobhat\u00f3 e-cigaretta egyes\u00edti a tr\u00f3pusi gy\u00fcm\u00f6lcs\u00f6k frissess\u00e9g\u00e9t az \u00e9l\u00e9nk\u00edt\u0151 j\u00e9g \u00edz\u00e9vel, \u00e9s figyelemre m\u00e9lt\u00f3, 25 000 slukk kapacit\u00e1ssal rendelkezik. Az innovat\u00edv kett\u0151s h\u00e1l\u00f3s tekercsrendszer optim\u00e1lis \u00edzkifejl\u0151d\u00e9st \u00e9s s\u0171r\u0171, h\u0171v\u00f6s g\u0151zfelh\u0151ket biztos\u00edt a nagyvonal\u00fa 20 ml-es e-folyad\u00e9k tart\u00e1lyb\u00f3l.<\/p>\n<h3 class=\"text-lg font-bold text-text-100 mt-1 -mb-1.5\">Fumot Tornado 25000 Lush Ice K\u00fcl\u00f6nleges jellemz\u0151k:<\/h3>\n<p class=\"whitespace-normal break-words\"><strong>Tr\u00f3pusi von\u00f3er\u0151:<\/strong> 25 000 j\u00e9ghideg puffan\u00e1s gazdag g\u00f6r\u00f6gdinnye \u00edzzel a maxim\u00e1lis friss\u00edt\u00e9s\u00e9rt.<\/p>\n<p class=\"whitespace-normal break-words\"><strong>Testreszabott nikotin er\u0151ss\u00e9g:<\/strong> 2% \u00e9s 5% nikotins\u00f3 v\u00e1ltozatban kaphat\u00f3 a szem\u00e9lyre szabott intenzit\u00e1s \u00e9rdek\u00e9ben.<\/p>\n<p class=\"whitespace-normal break-words\"><strong>Gazdag t\u00f6ltel\u00e9k:<\/strong> 20ml pr\u00e9mium Lush Ice E-Liquid a tart\u00f3s tr\u00f3pusi h\u0171v\u00f6ss\u00e9g\u00e9rt.<\/p>\n<p class=\"whitespace-normal break-words\"><strong>\u00c9lvonalbeli technol\u00f3gia:<\/strong> A kett\u0151s h\u00e1l\u00f3s p\u00e1rologtat\u00f3 maximaliz\u00e1lja a g\u00f6r\u00f6gdinnye \u00edz\u00e9nek \u00e9s a h\u0171t\u0151hat\u00e1s szinergi\u00e1j\u00e1t.<\/p>\n<p class=\"whitespace-normal break-words\"><strong>Er\u0151teljes energiaforr\u00e1s:<\/strong> 700mAh \u00fajrat\u00f6lthet\u0151 akkumul\u00e1tor C-t\u00edpus\u00fa gyorst\u00f6lt\u00e9ssel a megb\u00edzhat\u00f3 teljes\u00edtm\u00e9ny \u00e9rdek\u00e9ben.<\/p>\n<p class=\"whitespace-normal break-words\"><strong>Intelligens felhaszn\u00e1l\u00f3i \u00fatmutat\u00e1s:<\/strong> 1,77 h\u00fcvelykes TFT \u00e9rint\u0151kijelz\u0151 intuit\u00edv kezel\u00e9si logik\u00e1val.<\/p>\n<p class=\"whitespace-normal break-words\"><strong>Egy\u00e9ni teljes\u00edtm\u00e9ny:<\/strong> H\u00e1rom \u00e9rint\u00e9ses rendszer a g\u0151z intenzit\u00e1s\u00e1nak szem\u00e9lyre szabott be\u00e1ll\u00edt\u00e1s\u00e1hoz.<\/p>\n<p class=\"whitespace-normal break-words\"><strong>\u00c1tl\u00e1that\u00f3 ellen\u0151rz\u00e9s:<\/strong> Az akkumul\u00e1tor \u00e9s a folyad\u00e9kszintek val\u00f3s idej\u0171 ellen\u0151rz\u00e9se.<\/p>\n<h3 class=\"text-lg font-bold text-text-100 mt-1 -mb-1.5\">M\u0171szaki r\u00e9szletek:<\/h3>\n<p class=\"whitespace-normal break-words\">1.77\u2033 TFT k\u00e9perny\u0151<br \/>\n\u2611 \u00c9rint\u00e9svez\u00e9rl\u00e9s<br \/>\n\u2611 Kett\u0151s h\u00e1l\u00f3s architekt\u00fara<br \/>\n\u2611 25K vonat hangereje<br \/>\n\u2611 2%\/5% Nikotin-s\u00f3szintek<br \/>\n\u2611 C t\u00edpus\u00fa port kialak\u00edt\u00e1sa<br \/>\n\u2611 700mAh energiat\u00e1rol\u00f3 egys\u00e9g<br \/>\n\u2611 Szintjelz\u0151k<br \/>\nH\u00e1romszori csapol\u00e1s funkci\u00f3<\/p>\n<h3 class=\"text-lg font-bold text-text-100 mt-1 -mb-1.5\">Fedezzen fel t\u00f6bb FUMOT VAPE-t a fumotpuff-on<\/h3>\n<p class=\"whitespace-normal break-words\">L\u00e1togasson el a <strong><a class=\"underline\" href=\"https:\/\/fumotpuff.com\/hu\/\">Honlap<\/a><\/strong> a teljes term\u00e9kk\u00edn\u00e1lathoz, fedezze fel a <strong><a class=\"underline\" href=\"https:\/\/fumotpuff.com\/hu\/product-category\/fumot-vape\/\">FUMOT VAPE kollekci\u00f3<\/a><\/strong> vagy v\u00e1lasszon az \u00f6sszes <strong><a class=\"underline\" href=\"https:\/\/fumotpuff.com\/hu\/product-category\/fumot-vape\/fumot-tornado-25000\/\">Fumot Tornado 25000 \u00edzek<\/a><\/strong>.<\/p>","protected":false},"excerpt":{"rendered":"<p class=\"whitespace-normal break-words\">A Fumot Tornado 25000 Lush Ice eldobhat\u00f3 vape luxus g\u00f6r\u00f6gdinny\u00e9t k\u00edn\u00e1l intenz\u00edv h\u0171v\u00f6ss\u00e9ggel 25 000 slukkban. Pr\u00e9mium jellemz\u0151k: kett\u0151s h\u00e1l\u00f3s tekercs, 20ml e-folyad\u00e9k, 700mAh Type-C akkumul\u00e1tor, 1,77\u2033 TFT kijelz\u0151 \u00e9s 2% vagy 5% nikotins\u00f3 v\u00e1laszt\u00e1si lehet\u0151s\u00e9g.<\/p>\n<p class=\"whitespace-normal break-words\">","protected":false},"featured_media":761,"comment_status":"open","ping_status":"closed","template":"","meta":{"_acf_changed":false},"product_brand":[],"product_cat":[21],"product_tag":[],"class_list":{"0":"post-757","1":"product","2":"type-product","3":"status-publish","4":"has-post-thumbnail","6":"product_cat-fumot-tornado-25000","8":"first","9":"instock","10":"shipping-taxable","11":"purchasable","12":"product-type-variable"},"acf":[],"_links":{"self":[{"href":"https:\/\/fumotpuff.com\/hu\/wp-json\/wp\/v2\/product\/757","targetHints":{"allow":["GET"]}}],"collection":[{"href":"https:\/\/fumotpuff.com\/hu\/wp-json\/wp\/v2\/product"}],"about":[{"href":"https:\/\/fumotpuff.com\/hu\/wp-json\/wp\/v2\/types\/product"}],"replies":[{"embeddable":true,"href":"https:\/\/fumotpuff.com\/hu\/wp-json\/wp\/v2\/comments?post=757"}],"wp:featuredmedia":[{"embeddable":true,"href":"https:\/\/fumotpuff.com\/hu\/wp-json\/wp\/v2\/media\/761"}],"wp:attachment":[{"href":"https:\/\/fumotpuff.com\/hu\/wp-json\/wp\/v2\/media?parent=757"}],"wp:term":[{"taxonomy":"product_brand","embeddable":true,"href":"https:\/\/fumotpuff.com\/hu\/wp-json\/wp\/v2\/product_brand?post=757"},{"taxonomy":"product_cat","embeddable":true,"href":"https:\/\/fumotpuff.com\/hu\/wp-json\/wp\/v2\/product_cat?post=757"},{"taxonomy":"product_tag","embeddable":true,"href":"https:\/\/fumotpuff.com\/hu\/wp-json\/wp\/v2\/product_tag?post=757"}],"curies":[{"name":"wp","href":"https:\/\/api.w.org\/{rel}","templated":true}]}}