{"id":750,"date":"2025-09-15T04:32:41","date_gmt":"2025-09-15T02:32:41","guid":{"rendered":"https:\/\/fumotpuff.com\/?post_type=product&#038;p=750"},"modified":"2025-09-15T04:32:42","modified_gmt":"2025-09-15T02:32:42","slug":"fumot-tornado-25000-strawberry-ice","status":"publish","type":"product","link":"https:\/\/fumotpuff.com\/hu\/termek\/fumot-tornado-25000-strawberry-ice\/","title":{"rendered":"Fumot Tornado 25000 eper j\u00e9g"},"content":{"rendered":"<h2 class=\"text-xl font-bold text-text-100 mt-1 -mb-0.5\">Fumot Tornado 25000 Strawberry Ice eldobhat\u00f3 e-cigaretta<\/h2>\n<p class=\"whitespace-normal break-words\">\u00c9lvezze az \u00e9des eper \u00e9s a friss\u00edt\u0151 h\u0171v\u00f6ss\u00e9g t\u00f6k\u00e9letes szimbi\u00f3zis\u00e1t a Fumot Tornado 25000 Strawberry Ice-val. Ez a kiv\u00e1l\u00f3 min\u0151s\u00e9g\u0171 eldobhat\u00f3 e-cigaretta \u00e9l\u00e9nk\u00edt\u0151 g\u0151z\u00e9lm\u00e9nyt k\u00edn\u00e1l, amely a gy\u00fcm\u00f6lcs\u00f6s \u00e9dess\u00e9get \u00e9s a gyeng\u00e9d h\u0171v\u00f6ss\u00e9get \u00f6tv\u00f6zi, \u00e9s 20 ml-es kapacit\u00e1s\u00e1b\u00f3l kiv\u00e9teles 25 000 slukkot biztos\u00edt. A kifinomult kett\u0151s h\u00e1l\u00f3s tekercs technol\u00f3gia fokozza mind az eper \u00edz\u00e9t, mind a h\u0171t\u0151hat\u00e1st a maxim\u00e1lis \u00edz tel\u00edtetts\u00e9g \u00e9rdek\u00e9ben.<\/p>\n<h3 class=\"text-lg font-bold text-text-100 mt-1 -mb-1.5\">Fumot Tornado 25000 Strawberry Ice Highlights:<\/h3>\n<p class=\"whitespace-normal break-words\"><strong>Friss\u00edt\u0151 mennyis\u00e9g\u0171 huzat:<\/strong> Ak\u00e1r 25 000 h\u0171s\u00edt\u0151 puffan\u00e1s autentikus epres-jeges profillal.<\/p>\n<p class=\"whitespace-normal break-words\"><strong>Sokoldal\u00fa nikotinv\u00e1laszt\u00e9k:<\/strong> 2% \u00e9s 5% nikotins\u00f3koncentr\u00e1ci\u00f3 k\u00f6z\u00f6tt v\u00e1laszthat\u00f3 az optim\u00e1lis testreszab\u00e1s \u00e9rdek\u00e9ben.<\/p>\n<p class=\"whitespace-normal break-words\"><strong>B\u0151s\u00e9ges e-folyad\u00e9k tartal\u00e9k:<\/strong> 20ml kiv\u00e1l\u00f3 min\u0151s\u00e9g\u0171 Strawberry Ice E-Liquid az \u00e1lland\u00f3 frissess\u00e9g biztos\u00edt\u00e1s\u00e1hoz.<\/p>\n<p class=\"whitespace-normal break-words\"><strong>Fejlett p\u00e1rologtat\u00e1s:<\/strong> A kett\u0151s h\u00e1l\u00f3s rendszer optimaliz\u00e1lja a gy\u00fcm\u00f6lcs \u00edz\u00e9nek kialakul\u00e1s\u00e1t \u00e9s a h\u0171t\u00e9s intenzit\u00e1s\u00e1t.<\/p>\n<p class=\"whitespace-normal break-words\"><strong>Megb\u00edzhat\u00f3 teljes\u00edtm\u00e9ny:<\/strong> 700mAh \u00fajrat\u00f6lthet\u0151 akkumul\u00e1tor C-t\u00edpus\u00fa gyorst\u00f6lt\u00e9ssel a folyamatos rendelkez\u00e9sre \u00e1ll\u00e1s \u00e9rdek\u00e9ben.<\/p>\n<p class=\"whitespace-normal break-words\"><strong>Intuit\u00edv technol\u00f3gia:<\/strong> 1,77 h\u00fcvelykes TFT \u00e9rint\u0151k\u00e9perny\u0151 a k\u00e9sz\u00fcl\u00e9k egyszer\u0171 kezel\u00e9s\u00e9hez.<\/p>\n<p class=\"whitespace-normal break-words\"><strong>V\u00e1ltoz\u00f3 be\u00e1ll\u00edt\u00e1sok:<\/strong> H\u00e1rom\u00e9rint\u00e9ses mechanizmus a szem\u00e9lyre szabott g\u0151zer\u0151ss\u00e9g\u00e9rt.<\/p>\n<p class=\"whitespace-normal break-words\"><strong>Folyamatos t\u00e1j\u00e9koztat\u00e1s:<\/strong> \u00c9l\u0151 kijelz\u0151 az akkumul\u00e1tor \u00e9s az e-folyad\u00e9k \u00e1llapot\u00e1r\u00f3l.<\/p>\n<h3 class=\"text-lg font-bold text-text-100 mt-1 -mb-1.5\">M\u0171szaki r\u00e9szletek:<\/h3>\n<p class=\"whitespace-normal break-words\">1.77\u2033 TFT k\u00e9perny\u0151<br \/>\n\u2611 \u00c9rint\u00e9svez\u00e9rl\u00e9s<br \/>\n\u2611 Kett\u0151s h\u00e1l\u00f3s tekercsrendszer<br \/>\n\u2611 25,000 Puff teljes\u00edtm\u00e9nye<br \/>\n\u2611 2% vagy 5% nikotins\u00f3<br \/>\n\u2611 C t\u00edpus\u00fa gyorscsatlakoz\u00e1s<br \/>\n\u2611 700mAh akkumul\u00e1tor egys\u00e9g<br \/>\n\u2611 Digit\u00e1lis \u00e1llapotjelz\u0151<br \/>\n\u2611 3x \u00e9rint\u00e9sbe\u00e1ll\u00edt\u00e1s<\/p>\n<h3 class=\"text-lg font-bold text-text-100 mt-1 -mb-1.5\">Fedezzen fel t\u00f6bb FUMOT VAPE-t a fumotpuff-on<\/h3>\n<p class=\"whitespace-normal break-words\">Fedezzen fel t\u00f6bb kiv\u00e1l\u00f3 min\u0151s\u00e9g\u0171 term\u00e9ket a <strong><a class=\"underline\" href=\"https:\/\/fumotpuff.com\/hu\/\">Honlap<\/a><\/strong>b\u00f6ng\u00e9sszen a <strong><a class=\"underline\" href=\"https:\/\/fumotpuff.com\/hu\/product-category\/fumot-vape\/\">FUMOT VAPE kiv\u00e1laszt\u00e1sa<\/a><\/strong> vagy fedezze fel a teljes <strong><a class=\"underline\" href=\"https:\/\/fumotpuff.com\/hu\/product-category\/fumot-vape\/fumot-tornado-25000\/\">Fumot Tornado 25000 sorozat<\/a><\/strong>.<\/p>","protected":false},"excerpt":{"rendered":"<p class=\"whitespace-normal break-words\">A Fumot Tornado 25000 Strawberry Ice eldobhat\u00f3 vape 25 000 slukkban egyes\u00edti az \u00e9des epret a friss\u00edt\u0151 h\u0171v\u00f6ss\u00e9ggel. Pr\u00e9mium jellemz\u0151k: TFT kijelz\u0151 \u00e9s 2% vagy 5% nikotins\u00f3 v\u00e1laszt\u00e1si lehet\u0151s\u00e9g: kett\u0151s h\u00e1l\u00f3s tekercs, 20ml e-folyad\u00e9k, 700mAh Type-C akkumul\u00e1tor, 1,77\u2033 TFT kijelz\u0151 \u00e9s 2% vagy 5% nikotins\u00f3 opci\u00f3.<\/p>\n<p class=\"whitespace-normal break-words\">","protected":false},"featured_media":754,"comment_status":"open","ping_status":"closed","template":"","meta":{"_acf_changed":false},"product_brand":[],"product_cat":[21],"product_tag":[],"class_list":{"0":"post-750","1":"product","2":"type-product","3":"status-publish","4":"has-post-thumbnail","6":"product_cat-fumot-tornado-25000","8":"first","9":"instock","10":"shipping-taxable","11":"purchasable","12":"product-type-variable"},"acf":[],"_links":{"self":[{"href":"https:\/\/fumotpuff.com\/hu\/wp-json\/wp\/v2\/product\/750","targetHints":{"allow":["GET"]}}],"collection":[{"href":"https:\/\/fumotpuff.com\/hu\/wp-json\/wp\/v2\/product"}],"about":[{"href":"https:\/\/fumotpuff.com\/hu\/wp-json\/wp\/v2\/types\/product"}],"replies":[{"embeddable":true,"href":"https:\/\/fumotpuff.com\/hu\/wp-json\/wp\/v2\/comments?post=750"}],"wp:featuredmedia":[{"embeddable":true,"href":"https:\/\/fumotpuff.com\/hu\/wp-json\/wp\/v2\/media\/754"}],"wp:attachment":[{"href":"https:\/\/fumotpuff.com\/hu\/wp-json\/wp\/v2\/media?parent=750"}],"wp:term":[{"taxonomy":"product_brand","embeddable":true,"href":"https:\/\/fumotpuff.com\/hu\/wp-json\/wp\/v2\/product_brand?post=750"},{"taxonomy":"product_cat","embeddable":true,"href":"https:\/\/fumotpuff.com\/hu\/wp-json\/wp\/v2\/product_cat?post=750"},{"taxonomy":"product_tag","embeddable":true,"href":"https:\/\/fumotpuff.com\/hu\/wp-json\/wp\/v2\/product_tag?post=750"}],"curies":[{"name":"wp","href":"https:\/\/api.w.org\/{rel}","templated":true}]}}