{"id":743,"date":"2025-09-15T04:28:56","date_gmt":"2025-09-15T02:28:56","guid":{"rendered":"https:\/\/fumotpuff.com\/?post_type=product&#038;p=743"},"modified":"2025-09-15T04:28:57","modified_gmt":"2025-09-15T02:28:57","slug":"fumot-tornado-25000-blueberry-on-ice","status":"publish","type":"product","link":"https:\/\/fumotpuff.com\/hu\/termek\/fumot-tornado-25000-blueberry-on-ice\/","title":{"rendered":"Fumot Torn\u00e1d\u00f3 25000 \u00c1fonya j\u00e9gen"},"content":{"rendered":"<h2 class=\"text-xl font-bold text-text-100 mt-1 -mb-0.5\">Fumot Tornado 25000 Blueberry On Ice eldobhat\u00f3 e-cigaretta<\/h2>\n<p class=\"whitespace-normal break-words\">A Fumot Tornado 25000 Blueberry On Ice a l\u00e9d\u00fas \u00e1fony\u00e1t \u00e9s a friss\u00edt\u0151en h\u0171v\u00f6s \u00edzvil\u00e1got \u00f6tv\u00f6zi a friss\u00edt\u0151 p\u00e1rologtat\u00e1si \u00e9lm\u00e9ny \u00e9rdek\u00e9ben. Ez a pr\u00e9mium eldobhat\u00f3 e-cigaretta intenz\u00edv bogy\u00f3s gy\u00fcm\u00f6lcs\u00f6s frissess\u00e9get biztos\u00edt gyeng\u00e9d h\u0171v\u00f6ss\u00e9ggel kombin\u00e1lva, leny\u0171g\u00f6z\u0151 25 000 slukk alatt. Nagyvonal\u00fa 20 ml-es e-folyad\u00e9k t\u00f6ltet\u00e9vel \u00e9s innovat\u00edv kett\u0151s h\u00e1l\u00f3s tekercs technol\u00f3gi\u00e1j\u00e1val garant\u00e1lja az egyenletes \u00edzmin\u0151s\u00e9get \u00e9s a terjedelmes g\u0151zfejl\u0151d\u00e9st.<\/p>\n<h3 class=\"text-lg font-bold text-text-100 mt-1 -mb-1.5\">Fumot Tornado 25000 Blueberry On Ice Jellemz\u0151k:<\/h3>\n<p class=\"whitespace-normal break-words\"><strong>H\u0171t\u00e9si huzat:<\/strong> 25 000 friss\u00edt\u0151 puffan\u00e1s intenz\u00edv \u00e1fony\u00e1s-h\u0171s\u00edt\u0151 \u00edzzel.<\/p>\n<p class=\"whitespace-normal break-words\"><strong>Testre szabhat\u00f3 nikotinszintek:<\/strong> 2% \u00e9s 5% nikotins\u00f3-k\u00e9sz\u00edtm\u00e9nyekben kaphat\u00f3 a k\u00fcl\u00f6nb\u00f6z\u0151 preferenci\u00e1knak megfelel\u0151en.<\/p>\n<p class=\"whitespace-normal break-words\"><strong>B\u0151s\u00e9ges mennyis\u00e9g\u0171 folyad\u00e9k:<\/strong> 20ml els\u0151 oszt\u00e1ly\u00fa Blueberry On Ice E-Liquid a hosszan tart\u00f3 \u00edzhat\u00e1s\u00e9rt.<\/p>\n<p class=\"whitespace-normal break-words\"><strong>Forradalmi tekercsarchitekt\u00fara:<\/strong> A kett\u0151s h\u00e1l\u00f3s kialak\u00edt\u00e1s maximaliz\u00e1lja a bogy\u00f3s gy\u00fcm\u00f6lcs\u00f6k \u00edz\u00e9nek kinyer\u00e9s\u00e9t \u00e9s a h\u0171t\u0151hat\u00e1s kifejt\u00e9s\u00e9t.<\/p>\n<p class=\"whitespace-normal break-words\"><strong>\u00c1lland\u00f3 \u00e1ramell\u00e1t\u00e1s:<\/strong> 700mAh \u00fajrat\u00f6lthet\u0151 akkumul\u00e1tor C-t\u00edpus\u00fa gyorst\u00f6lt\u00e9ssel a megszak\u00edt\u00e1s n\u00e9lk\u00fcli haszn\u00e1lathoz.<\/p>\n<p class=\"whitespace-normal break-words\"><strong>Modern felhaszn\u00e1l\u00f3i fel\u00fclet:<\/strong> 1,77 h\u00fcvelykes TFT \u00e9rint\u0151kijelz\u0151 felhaszn\u00e1l\u00f3bar\u00e1t navig\u00e1ci\u00f3val.<\/p>\n<p class=\"whitespace-normal break-words\"><strong>Rugalmas g\u0151zszab\u00e1lyoz\u00e1s:<\/strong> A h\u00e1rmas \u00e9rint\u00e9s lehet\u0151v\u00e9 teszi az intenzit\u00e1s egy\u00e9ni be\u00e1ll\u00edt\u00e1s\u00e1t.<\/p>\n<p class=\"whitespace-normal break-words\"><strong>Intelligens fel\u00fcgyelet:<\/strong> Val\u00f3s idej\u0171 akkumul\u00e1tor- \u00e9s folyad\u00e9kszint-kijelz\u0151.<\/p>\n<h3 class=\"text-lg font-bold text-text-100 mt-1 -mb-1.5\">M\u0171szaki r\u00e9szletek:<\/h3>\n<p class=\"whitespace-normal break-words\">1.77\u2033 TFT kijelz\u0151<br \/>\n\u2611 \u00c9rint\u0151k\u00e9perny\u0151s m\u0171k\u00f6d\u00e9s<br \/>\n\u2611 Kett\u0151s h\u00e1l\u00f3s p\u00e1rologtat\u00f3<br \/>\n\u2611 25K vonat kapacit\u00e1s<br \/>\n\u2611 2%\/5% Nikotins\u00f3-v\u00e1ltozatok<br \/>\nC t\u00edpus\u00fa t\u00f6lt\u0151port<br \/>\n\u2611 700mAh akkumul\u00e1tor<br \/>\nT\u00f6lt\u00e9si szintjelz\u0151k<br \/>\n\u2611 H\u00e1romszori \u00e9rint\u00e9s be\u00e1ll\u00edt\u00e1sa<\/p>\n<h3 class=\"text-lg font-bold text-text-100 mt-1 -mb-1.5\">Fedezzen fel t\u00f6bb FUMOT VAPE-t a fumotpuff-on<\/h3>\n<p class=\"whitespace-normal break-words\">Fedezze fel sz\u00e9les v\u00e1laszt\u00e9kunkat a <strong><a class=\"underline\" href=\"https:\/\/fumotpuff.com\/hu\/\">Honlap<\/a><\/strong>l\u00e1togasson el a <strong><a class=\"underline\" href=\"https:\/\/fumotpuff.com\/hu\/product-category\/fumot-vape\/\">FUMOT VAPE kateg\u00f3ria<\/a><\/strong> vagy fedezze fel az \u00f6sszes <strong><a class=\"underline\" href=\"https:\/\/fumotpuff.com\/hu\/product-category\/fumot-vape\/fumot-tornado-25000\/\">Fumot Tornado 25000 \u00edzvari\u00e1ci\u00f3k<\/a><\/strong>.<\/p>","protected":false},"excerpt":{"rendered":"<p class=\"whitespace-normal break-words\">A Fumot Tornado 25000 Blueberry On Ice eldobhat\u00f3 vape a l\u00e9d\u00fas \u00e1fony\u00e1t \u00e9s a friss\u00edt\u0151 h\u0171v\u00f6ss\u00e9get egyes\u00edti 25 000 slukkban. Pr\u00e9mium jellemz\u0151k: kett\u0151s h\u00e1l\u00f3s tekercs, 20ml e-folyad\u00e9k, 700mAh Type-C akkumul\u00e1tor, 1,77\u2033 TFT kijelz\u0151 \u00e9s 2% vagy 5% nikotins\u00f3 opci\u00f3.<\/p>\n<p class=\"whitespace-normal break-words\">","protected":false},"featured_media":747,"comment_status":"open","ping_status":"closed","template":"","meta":{"_acf_changed":false},"product_brand":[],"product_cat":[21],"product_tag":[],"class_list":{"0":"post-743","1":"product","2":"type-product","3":"status-publish","4":"has-post-thumbnail","6":"product_cat-fumot-tornado-25000","8":"first","9":"instock","10":"shipping-taxable","11":"purchasable","12":"product-type-variable"},"acf":[],"_links":{"self":[{"href":"https:\/\/fumotpuff.com\/hu\/wp-json\/wp\/v2\/product\/743","targetHints":{"allow":["GET"]}}],"collection":[{"href":"https:\/\/fumotpuff.com\/hu\/wp-json\/wp\/v2\/product"}],"about":[{"href":"https:\/\/fumotpuff.com\/hu\/wp-json\/wp\/v2\/types\/product"}],"replies":[{"embeddable":true,"href":"https:\/\/fumotpuff.com\/hu\/wp-json\/wp\/v2\/comments?post=743"}],"wp:featuredmedia":[{"embeddable":true,"href":"https:\/\/fumotpuff.com\/hu\/wp-json\/wp\/v2\/media\/747"}],"wp:attachment":[{"href":"https:\/\/fumotpuff.com\/hu\/wp-json\/wp\/v2\/media?parent=743"}],"wp:term":[{"taxonomy":"product_brand","embeddable":true,"href":"https:\/\/fumotpuff.com\/hu\/wp-json\/wp\/v2\/product_brand?post=743"},{"taxonomy":"product_cat","embeddable":true,"href":"https:\/\/fumotpuff.com\/hu\/wp-json\/wp\/v2\/product_cat?post=743"},{"taxonomy":"product_tag","embeddable":true,"href":"https:\/\/fumotpuff.com\/hu\/wp-json\/wp\/v2\/product_tag?post=743"}],"curies":[{"name":"wp","href":"https:\/\/api.w.org\/{rel}","templated":true}]}}