{"id":729,"date":"2025-09-15T04:22:38","date_gmt":"2025-09-15T02:22:38","guid":{"rendered":"https:\/\/fumotpuff.com\/?post_type=product&#038;p=729"},"modified":"2025-09-15T04:22:39","modified_gmt":"2025-09-15T02:22:39","slug":"fumot-tornado-25000-strawberry-mint-candy","status":"publish","type":"product","link":"https:\/\/fumotpuff.com\/hu\/termek\/fumot-tornado-25000-strawberry-mint-candy\/","title":{"rendered":"Fumot Tornado 25000 Eper menta cukorka"},"content":{"rendered":"<h2 class=\"text-xl font-bold text-text-100 mt-1 -mb-0.5\">Fumot Tornado 25000 Strawberry Mint Candy eldobhat\u00f3 e-cigaretta<\/h2>\n<p class=\"whitespace-normal break-words\">Tapasztald meg az \u00e9des eper \u00e9s a friss\u00edt\u0151 menta t\u00f6k\u00e9letes egyens\u00faly\u00e1t a Fumot Tornado 25000 Strawberry Mint Candy-vel. Ez az innovat\u00edv eldobhat\u00f3 e-cigaretta \u00f6tv\u00f6zi a gy\u00fcm\u00f6lcs\u00f6s \u00edzeket a h\u0171v\u00f6s mentolos frissess\u00e9ggel, \u00e9s verhetetlen 25 000 slukkot k\u00edn\u00e1l a nagyvonal\u00fa 20 ml-es kapacit\u00e1sb\u00f3l. A fejlett kett\u0151s h\u00e1l\u00f3s tekercs technol\u00f3gia optim\u00e1lis \u00edzkivon\u00e1st \u00e9s leny\u0171g\u00f6z\u0151 g\u0151ztermel\u00e9st biztos\u00edt.<\/p>\n<h3 class=\"text-lg font-bold text-text-100 mt-1 -mb-1.5\">Fumot Tornado 25000 epres menta cukorka Jellemz\u0151k:<\/h3>\n<p class=\"whitespace-normal break-words\"><strong>V\u00e9gs\u0151 kitart\u00e1s:<\/strong> Ak\u00e1r 25 000 friss\u00edt\u0151 puffan\u00e1s harmonikus eper \u00e9s menta kombin\u00e1ci\u00f3val.<\/p>\n<p class=\"whitespace-normal break-words\"><strong>Rugalmas nikotiner\u0151ss\u00e9g:<\/strong> V\u00e1laszthat\u00f3 2% \u00e9s 5% nikotins\u00f3k k\u00f6z\u00f6tt a szem\u00e9lyre szabott el\u00e9gedetts\u00e9g \u00e9rdek\u00e9ben.<\/p>\n<p class=\"whitespace-normal break-words\"><strong>Maxim\u00e1lis t\u00f6lt\u00e9si mennyis\u00e9g:<\/strong> 20ml kiv\u00e1l\u00f3 min\u0151s\u00e9g\u0171 Strawberry Mint Candy E-Liquid a hosszan tart\u00f3 \u00e9lvezet\u00e9rt.<\/p>\n<p class=\"whitespace-normal break-words\"><strong>Fejlett p\u00e1rologtat\u00f3 technol\u00f3gia:<\/strong> A kett\u0151s h\u00e1l\u00f3s tekercsek maximaliz\u00e1lj\u00e1k az aromakifejl\u0151d\u00e9st \u00e9s a g\u0151z s\u0171r\u0171s\u00e9g\u00e9t.<\/p>\n<p class=\"whitespace-normal break-words\"><strong>Megb\u00edzhat\u00f3 energiaell\u00e1t\u00e1s:<\/strong> 700mAh \u00fajrat\u00f6lthet\u0151 akkumul\u00e1tor C t\u00edpus\u00fa gyorst\u00f6lt\u00e9si technol\u00f3gi\u00e1val.<\/p>\n<p class=\"whitespace-normal break-words\"><strong>Intelligens felhaszn\u00e1l\u00f3i fel\u00fclet:<\/strong> 1,77 h\u00fcvelykes TFT \u00e9rint\u0151kijelz\u0151 az intuit\u00edv k\u00e9sz\u00fcl\u00e9kvez\u00e9rl\u00e9shez.<\/p>\n<p class=\"whitespace-normal break-words\"><strong>Testreszabhat\u00f3 g\u0151zkibocs\u00e1t\u00e1s:<\/strong> Egyszer\u0171 h\u00e1rmas \u00e9rint\u00e9s a teljes\u00edtm\u00e9ny m\u00f3dos\u00edt\u00e1s\u00e1hoz.<\/p>\n<p class=\"whitespace-normal break-words\"><strong>Pontos megfigyel\u00e9s:<\/strong> Val\u00f3s idej\u0171 kijelz\u0151k az akkumul\u00e1tor \u00e1llapot\u00e1r\u00f3l \u00e9s az e-folyad\u00e9k szintj\u00e9r\u0151l.<\/p>\n<h3 class=\"text-lg font-bold text-text-100 mt-1 -mb-1.5\">M\u0171szaki r\u00e9szletek:<\/h3>\n<p class=\"whitespace-normal break-words\">1.77\u2033 TFT k\u00e9perny\u0151<br \/>\n\u00c9rint\u0151fel\u00fclet<br \/>\n\u2611 Kett\u0151s h\u00e1l\u00f3s rendszer<br \/>\n\u2611 25K pufferkapacit\u00e1s<br \/>\n\u2611 2%\/5% Nikotins\u00f3 opci\u00f3k<br \/>\n\u2611 C t\u00edpus\u00fa port<br \/>\n\u2611 700mAh akkumul\u00e1tor<br \/>\n\u2611 Kijelz\u0151 kijelz\u0151k<br \/>\n\u2611 H\u00e1romcsapos vez\u00e9rl\u00e9s<\/p>\n<h3 class=\"text-lg font-bold text-text-100 mt-1 -mb-1.5\">Fedezzen fel t\u00f6bb FUMOT VAPE-t a fumotpuff-on<\/h3>\n<p class=\"whitespace-normal break-words\">L\u00e1togasson el a <strong><a class=\"underline\" href=\"https:\/\/fumotpuff.com\/hu\/\">Honlap<\/a><\/strong> tov\u00e1bbi term\u00e9kek\u00e9rt, fedezze fel a <strong><a class=\"underline\" href=\"https:\/\/fumotpuff.com\/hu\/product-category\/fumot-vape\/\">FUMOT VAPE kateg\u00f3ria<\/a><\/strong> vagy b\u00f6ng\u00e9szhet az \u00f6sszes <strong><a class=\"underline\" href=\"https:\/\/fumotpuff.com\/hu\/product-category\/fumot-vape\/fumot-tornado-25000\/\">Fumot Tornado 25000 v\u00e1ltozatok<\/a><\/strong>.<\/p>","protected":false},"excerpt":{"rendered":"<p class=\"whitespace-normal break-words\">A Fumot Tornado 25000 Strawberry Mint Candy eldobhat\u00f3 vape az \u00e9des epret \u00e9s a friss\u00edt\u0151 ment\u00e1t \u00f6tv\u00f6zi 25.000 f\u00faj\u00e1ssal. Pr\u00e9mium jellemz\u0151k: kett\u0151s h\u00e1l\u00f3s tekercs, 20ml e-folyad\u00e9k, 700mAh Type-C akkumul\u00e1tor, 1,77\u2033 TFT kijelz\u0151 \u00e9s 2% vagy 5% nikotins\u00f3 opci\u00f3.<\/p>\n<p class=\"whitespace-normal break-words\">","protected":false},"featured_media":733,"comment_status":"open","ping_status":"closed","template":"","meta":{"_acf_changed":false},"product_brand":[],"product_cat":[21],"product_tag":[],"class_list":{"0":"post-729","1":"product","2":"type-product","3":"status-publish","4":"has-post-thumbnail","6":"product_cat-fumot-tornado-25000","8":"first","9":"instock","10":"shipping-taxable","11":"purchasable","12":"product-type-variable"},"acf":[],"_links":{"self":[{"href":"https:\/\/fumotpuff.com\/hu\/wp-json\/wp\/v2\/product\/729","targetHints":{"allow":["GET"]}}],"collection":[{"href":"https:\/\/fumotpuff.com\/hu\/wp-json\/wp\/v2\/product"}],"about":[{"href":"https:\/\/fumotpuff.com\/hu\/wp-json\/wp\/v2\/types\/product"}],"replies":[{"embeddable":true,"href":"https:\/\/fumotpuff.com\/hu\/wp-json\/wp\/v2\/comments?post=729"}],"wp:featuredmedia":[{"embeddable":true,"href":"https:\/\/fumotpuff.com\/hu\/wp-json\/wp\/v2\/media\/733"}],"wp:attachment":[{"href":"https:\/\/fumotpuff.com\/hu\/wp-json\/wp\/v2\/media?parent=729"}],"wp:term":[{"taxonomy":"product_brand","embeddable":true,"href":"https:\/\/fumotpuff.com\/hu\/wp-json\/wp\/v2\/product_brand?post=729"},{"taxonomy":"product_cat","embeddable":true,"href":"https:\/\/fumotpuff.com\/hu\/wp-json\/wp\/v2\/product_cat?post=729"},{"taxonomy":"product_tag","embeddable":true,"href":"https:\/\/fumotpuff.com\/hu\/wp-json\/wp\/v2\/product_tag?post=729"}],"curies":[{"name":"wp","href":"https:\/\/api.w.org\/{rel}","templated":true}]}}