{"id":5450,"date":"2025-12-08T04:30:22","date_gmt":"2025-12-08T03:30:22","guid":{"rendered":"https:\/\/fumotpuff.com\/?post_type=product&#038;p=5450"},"modified":"2025-12-08T04:30:22","modified_gmt":"2025-12-08T03:30:22","slug":"uwin-crystal-twins-40000-strawberry-watermelon-lemon-lime","status":"publish","type":"product","link":"https:\/\/fumotpuff.com\/hu\/termek\/uwin-crystal-twins-40000-strawberry-watermelon-lemon-lime\/","title":{"rendered":"Uwin Crystal Twins 40000 Eper-g\u00f6r\u00f6gdinnye\/citrom-lime"},"content":{"rendered":"<h2 class=\"font-claude-response-heading text-text-100 mt-1 -mb-0.5\">Uwin Crystal Twins 40000 Eper-g\u00f6r\u00f6gdinnye\/citrom-lime eldobhat\u00f3 e-cigaretta<\/h2>\n<p class=\"font-claude-response-body break-words whitespace-normal\">A gy\u00fcm\u00f6lcs\u00f6s \u00e9dess\u00e9g \u00e9s a friss\u00edt\u0151 savanyk\u00e1s \u00edz tal\u00e1lkoz\u00e1sa \u2013 az Uwin Crystal Twins 40000 Strawberry Watermelon\/Lemon Lime eldobhat\u00f3 e-cigaretta k\u00e9t kontrasztos \u00edzvil\u00e1got egyes\u00edt egy innovat\u00edv eszk\u00f6zben. A sz\u00e1jr\u00e9szen tal\u00e1lhat\u00f3 praktikus forg\u00f3rendszer seg\u00edts\u00e9g\u00e9vel spont\u00e1n v\u00e1laszthat a l\u00e9d\u00fas Strawberry Watermelon \u00e9s a friss\u00edt\u0151 Lemon Lime \u00edzek k\u00f6z\u00f6tt. Mindk\u00e9t aroma teljesen \u00f6n\u00e1ll\u00f3 marad, \u00e9s hamis\u00edtatlan \u00e9lvezetet ny\u00fajt. A nagy teljes\u00edtm\u00e9ny\u0171 eszk\u00f6z 32 ml-es e-liquid tart\u00e1lyb\u00f3l ak\u00e1r 40 000 slukkot is biztos\u00edt. Az optimaliz\u00e1lt 0,6 ohmos h\u00e1l\u00f3s tekercs intenz\u00edv aroma kibontakoz\u00e1st \u00e9s egyenletes g\u0151zk\u00e9pz\u0151d\u00e9st biztos\u00edt. A 850 mAh-s nagy teljes\u00edtm\u00e9ny\u0171 akkumul\u00e1tor Type-C t\u00f6lt\u0151porthoz gyors t\u00f6lt\u00e9st \u00e9s hossz\u00fa \u00e9lettartam\u00fa energi\u00e1t biztos\u00edt. V\u00e1laszthat\u00f3 0 %, 2 %, 3 % \u00e9s 5 % nikotintartalomban.<\/p>\n<h3 class=\"font-claude-response-subheading text-text-100 mt-1 -mb-1.5\">A term\u00e9k f\u00e9nypontjai:<\/h3>\n<p class=\"font-claude-response-body break-words whitespace-normal\">Az Uwin Crystal Twins 40000 Strawberry Watermelon\/Lemon Lime ide\u00e1lis azoknak a g\u0151z\u00f6l\u0151knek, akik szeretik a v\u00e1ltozatoss\u00e1got. A sz\u00e1jdarab egyszer\u0171 elforgat\u00e1s\u00e1val d\u00f6ntheti el, melyik \u00edzt szeretn\u00e9 \u00e9lvezni: a Strawberry Watermelon \u00f6tv\u00f6zi az \u00e9rett eper term\u00e9szetes \u00e9dess\u00e9g\u00e9t a friss g\u00f6r\u00f6gdinnye l\u00e9d\u00fas, enyh\u00e9n h\u0171s\u00edt\u0151 jelleg\u00e9vel. Az alternat\u00edva a Lemon Lime \u2013 egy \u00e9l\u00e9nk\u00edt\u0151 kombin\u00e1ci\u00f3 citromos frissess\u00e9gb\u0151l \u00e9s \u00fcd\u00edt\u0151 lime-jegyekb\u0151l, t\u00f6k\u00e9letes energia-l\u00f6kethez a napk\u00f6zben.<\/p>\n<p class=\"font-claude-response-body break-words whitespace-normal\">A kiemelked\u0151 40 000 sz\u00edv\u00e1s kapacit\u00e1s miatt ez az eldobhat\u00f3 e-cigaretta az els\u0151 v\u00e1laszt\u00e1s a gyakori haszn\u00e1l\u00f3k sz\u00e1m\u00e1ra. A 32 ml el\u0151re felt\u00f6lt\u00f6tt e-liquiddel hetekig ell\u00e1tva lesz, an\u00e9lk\u00fcl, hogy le kellene mondania az \u00edzmin\u0151s\u00e9gr\u0151l. A legmodernebb, 0,6 ohmos Dual Mesh Coil technol\u00f3gia kifejezetten \u00fagy lett kialak\u00edtva, hogy mindk\u00e9t \u00edzt maxim\u00e1lis pontoss\u00e1ggal \u00e9s tisztas\u00e1ggal adja vissza, mik\u00f6zben nagy mennyis\u00e9g\u0171 g\u0151zt termel.<\/p>\n<p class=\"font-claude-response-body break-words whitespace-normal\">A k\u00e9sz\u00fcl\u00e9ket egy megb\u00edzhat\u00f3 850 mAh-s kobalt akkumul\u00e1tor hajtja, amely a Type-C gyors t\u00f6lt\u00e9si technol\u00f3gi\u00e1nak k\u00f6sz\u00f6nhet\u0151en r\u00f6vid id\u0151 alatt teljesen felt\u00f6lthet\u0151. A \u00e1ttekinthet\u0151 Smart Display folyamatosan t\u00e1j\u00e9koztatja \u00d6nt az \u00f6sszes relev\u00e1ns k\u00e9sz\u00fcl\u00e9kadatr\u00f3l. N\u00e9gy k\u00fcl\u00f6nb\u00f6z\u0151 nikotinkoncentr\u00e1ci\u00f3val \u2013 0 %, 2 %, 3 % \u00e9s 5 % \u2013 a legk\u00fcl\u00f6nb\u00f6z\u0151bb g\u0151zpreferenci\u00e1knak is megfelel.<\/p>\n<h3 class=\"font-claude-response-subheading text-text-100 mt-1 -mb-1.5\">M\u0171szaki adatok:<\/h3>\n<p class=\"font-claude-response-body break-words whitespace-normal\"><strong>Vonat kapacit\u00e1sa:<\/strong> Ak\u00e1r 40 000 vonat<br \/>\n<strong>E-folyad\u00e9k t\u00e9rfogata:<\/strong> 32 ml<br \/>\n<strong>Nikotinopci\u00f3k:<\/strong> 0 %, 2 %, 3 %, 5 %<br \/>\n<strong>Akkumul\u00e1tor kapacit\u00e1s:<\/strong> 850 mAh \u00fajrat\u00f6lthet\u0151<br \/>\n<strong>T\u00f6lt\u00e9si technol\u00f3gia:<\/strong> C-t\u00edpus\u00fa gyors t\u00f6lt\u00e9s<br \/>\n<strong>P\u00e1rologtat\u00f3 fej:<\/strong> Kett\u0151s h\u00e1l\u00f3s tekercs (0,6 \u03a9)<br \/>\n<strong>\u00cdzprofil:<\/strong> Eper-g\u00f6r\u00f6gdinnye | Citrom-lime<br \/>\n<strong>Megjelen\u00edt\u00e9s:<\/strong> Smart Display k\u00e9perny\u0151<br \/>\n<strong>A csomag tartalma:<\/strong> 10 k\u00e9sz\u00fcl\u00e9k csomagol\u00e1si egys\u00e9genk\u00e9nt<\/p>\n<h3 class=\"font-claude-response-subheading text-text-100 mt-1 -mb-1.5\">Fedezze fel az UWIN VAPE-t a fumotpuff oldalon<\/h3>\n<p class=\"font-claude-response-body break-words whitespace-normal\">Fedezze fel pr\u00e9mium g\u0151zterm\u00e9keinket a <strong><a class=\"underline\" href=\"https:\/\/fumotpuff.com\/hu\/\">Online bolt<\/a><\/strong> \u00e9s tapasztalja meg az innovat\u00edv vaping megold\u00e1sokat. A <strong><a class=\"underline\" href=\"https:\/\/fumotpuff.com\/hu\/product-category\/uwin-vape\/\">UWIN VAPE term\u00e9kcsal\u00e1d<\/a><\/strong> a legmodernebb technol\u00f3gi\u00e1t \u00f6tv\u00f6zi a rendk\u00edv\u00fcli diz\u00e1jnnal. Fedezze fel az \u00f6sszes aromav\u00e1ltozatot a <strong><a class=\"underline\" href=\"https:\/\/fumotpuff.com\/hu\/product-category\/uwin-vape\/uwin-crystal-twins-40000\/\">Uwin Crystal Twins 40000 sorozat<\/a><\/strong> \u00e9s \u00e9lvezze a legmagasabb szint\u0171 \u00edzvil\u00e1g soksz\u00edn\u0171s\u00e9g\u00e9t.<\/p>","protected":false},"excerpt":{"rendered":"<p class=\"font-claude-response-body break-words whitespace-normal\">Az Uwin Crystal Twins 40000 Strawberry Watermelon\/Lemon Lime \u00f6tv\u00f6zi a l\u00e9d\u00fas eper-g\u00f6r\u00f6gdinnye \u00e9s a friss\u00edt\u0151 citrom-lime \u00edz\u00e9t \u2013 csak forgassa el a 2 \u00edz\u00e9rt. 40 000 slukk, 32 ml e-liquid, 0,6 \u03a9 kett\u0151s h\u00e1l\u00f3s tekercs, 850 mAh Type-C akkumul\u00e1tor, intelligens kijelz\u0151. 0%, 2%, 3%, 5% nikotin tartalommal. \u00c9des \u00e9s friss \u00edz!<\/p>","protected":false},"featured_media":5451,"comment_status":"open","ping_status":"closed","template":"","meta":{"_acf_changed":false},"product_brand":[],"product_cat":[60],"product_tag":[],"class_list":{"0":"post-5450","1":"product","2":"type-product","3":"status-publish","4":"has-post-thumbnail","6":"product_cat-uwin-crystal-twins-40000","8":"first","9":"instock","10":"shipping-taxable","11":"purchasable","12":"product-type-variable"},"acf":[],"_links":{"self":[{"href":"https:\/\/fumotpuff.com\/hu\/wp-json\/wp\/v2\/product\/5450","targetHints":{"allow":["GET"]}}],"collection":[{"href":"https:\/\/fumotpuff.com\/hu\/wp-json\/wp\/v2\/product"}],"about":[{"href":"https:\/\/fumotpuff.com\/hu\/wp-json\/wp\/v2\/types\/product"}],"replies":[{"embeddable":true,"href":"https:\/\/fumotpuff.com\/hu\/wp-json\/wp\/v2\/comments?post=5450"}],"wp:featuredmedia":[{"embeddable":true,"href":"https:\/\/fumotpuff.com\/hu\/wp-json\/wp\/v2\/media\/5451"}],"wp:attachment":[{"href":"https:\/\/fumotpuff.com\/hu\/wp-json\/wp\/v2\/media?parent=5450"}],"wp:term":[{"taxonomy":"product_brand","embeddable":true,"href":"https:\/\/fumotpuff.com\/hu\/wp-json\/wp\/v2\/product_brand?post=5450"},{"taxonomy":"product_cat","embeddable":true,"href":"https:\/\/fumotpuff.com\/hu\/wp-json\/wp\/v2\/product_cat?post=5450"},{"taxonomy":"product_tag","embeddable":true,"href":"https:\/\/fumotpuff.com\/hu\/wp-json\/wp\/v2\/product_tag?post=5450"}],"curies":[{"name":"wp","href":"https:\/\/api.w.org\/{rel}","templated":true}]}}