{"id":5443,"date":"2025-12-08T04:28:00","date_gmt":"2025-12-08T03:28:00","guid":{"rendered":"https:\/\/fumotpuff.com\/?post_type=product&#038;p=5443"},"modified":"2025-12-08T04:28:00","modified_gmt":"2025-12-08T03:28:00","slug":"uwin-crystal-twins-40000-kiwi-passion-fruit-guava-two-apple","status":"publish","type":"product","link":"https:\/\/fumotpuff.com\/hu\/termek\/uwin-crystal-twins-40000-kiwi-passion-fruit-guava-two-apple\/","title":{"rendered":"Uwin Crystal Twins 40000 Kiwi Passi\u00f3gy\u00fcm\u00f6lcs Guava\/K\u00e9t alma"},"content":{"rendered":"<h2 class=\"font-claude-response-heading text-text-100 mt-1 -mb-0.5\">Uwin Crystal Twins 40000 Kiwi Passi\u00f3gy\u00fcm\u00f6lcs Guava\/K\u00e9t alma Eldobhat\u00f3 e-cigaretta<\/h2>\n<p class=\"font-claude-response-body break-words whitespace-normal\">Fedezze fel a tr\u00f3pusi soksz\u00edn\u0171s\u00e9g \u00e9s a klasszikus alma \u00edz\u00e9nek tal\u00e1lkoz\u00e1s\u00e1t az Uwin Crystal Twins 40000 Kiwi Passion Fruit Guava\/Two Apple eldobhat\u00f3 e-cigarett\u00e1val. A sz\u00e1jr\u00e9sz innovat\u00edv forg\u00f3rendszere lehet\u0151v\u00e9 teszi az egzotikus kiwi-passi\u00f3gy\u00fcm\u00f6lcs-guava \u00e9s a Two Apple kett\u0151s alma arom\u00e1j\u00e1nak z\u00f6kken\u0151mentes v\u00e1lt\u00e1s\u00e1t. Mindk\u00e9t oldal teljesen \u00f6n\u00e1ll\u00f3 \u00edz\u00e9lm\u00e9nyt ny\u00fajt, \u00e1lland\u00f3an magas min\u0151s\u00e9gben. Leny\u0171g\u00f6z\u0151 40 000 sz\u00edv\u00e1s \u00e9s 32 ml e-liquid tartalommal ez a k\u00e9sz\u00fcl\u00e9k maxim\u00e1lis \u00e9lettartamra lett tervezve. A hat\u00e9kony 0,6 ohmos h\u00e1l\u00f3s tekercs \u00edzletes, s\u0171r\u0171 g\u0151zt termel. Az \u00fajrat\u00f6lthet\u0151 850 mAh-s akkumul\u00e1tor Type-C gyors t\u00f6lt\u0151porthoz biztos\u00edtja a megb\u00edzhat\u00f3 \u00e1ramell\u00e1t\u00e1st. 0 %, 2 %, 3 % \u00e9s 5 % nikotintartalommal kaphat\u00f3.<\/p>\n<h3 class=\"font-claude-response-subheading text-text-100 mt-1 -mb-1.5\">A term\u00e9k f\u00e9nypontjai:<\/h3>\n<p class=\"font-claude-response-body break-words whitespace-normal\">Az Uwin Crystal Twins 40000 Kiwi Passion Fruit Guava\/Two Apple leny\u0171g\u00f6z\u0151 \u00edzvil\u00e1g\u00fa kett\u0151ss\u00e9get k\u00edn\u00e1l. A sz\u00e1jdarabot egyszer\u0171en elforgatva aktiv\u00e1lhatja a tr\u00f3pusi \u00edzvil\u00e1got a kiwi, passi\u00f3gy\u00fcm\u00f6lcs \u00e9s guava kombin\u00e1ci\u00f3j\u00e1val \u2013 egy cs\u00e1b\u00edt\u00f3 kever\u00e9k savanyk\u00e1s kiwi, egzotikus maracuja \u00e9s kr\u00e9mes guava \u00edzekkel \u2013, vagy v\u00e1lthat a Two Apple \u00edzre, amely a piros \u00e9s z\u00f6ld alma harmonikus kombin\u00e1ci\u00f3j\u00e1val klasszikus gy\u00fcm\u00f6lcs\u00f6s \u00e9lm\u00e9nyt ny\u00fajt.<\/p>\n<p class=\"font-claude-response-body break-words whitespace-normal\">A rendk\u00edv\u00fcli 40 000 sz\u00edv\u00e1s kapacit\u00e1s\u00e1val ez az eldobhat\u00f3 vape \u00faj m\u00e9rc\u00e9t \u00e1ll\u00edt fel a tart\u00f3ss\u00e1g ter\u00e9n. A nagy \u0171rtartalm\u00fa, 32 ml-es folyad\u00e9ktart\u00e1ly biztos\u00edtja, hogy mindk\u00e9t \u00edzben hossz\u00fa ideig \u00e9lvezhesse a term\u00e9ket, an\u00e9lk\u00fcl, hogy a min\u0151s\u00e9gben kompromisszumot kellene k\u00f6tnie. A prec\u00edzen gy\u00e1rtott, 0,6 ohmos ellen\u00e1ll\u00e1s\u00fa kett\u0151s h\u00e1l\u00f3s tekercs \u00fagy lett kialak\u00edtva, hogy minden arom\u00e1t optim\u00e1lisan kiemeljen, mik\u00f6zben \u00e1lland\u00f3 g\u0151ztermel\u00e9st biztos\u00edt.<\/p>\n<p class=\"font-claude-response-body break-words whitespace-normal\">Az energiaell\u00e1t\u00e1st egy robusztus 850 mAh-s kobalt-akkumul\u00e1tor biztos\u00edtja, amely az univerz\u00e1lis Type-C csatlakoz\u00f3n kereszt\u00fcl gyorsan \u00fajra haszn\u00e1latra k\u00e9sz. Az intelligens kijelz\u0151nek k\u00f6sz\u00f6nhet\u0151en b\u00e1rmikor ellen\u0151rizheti az akkumul\u00e1tor t\u00f6lt\u00f6tts\u00e9g\u00e9t \u00e9s a k\u00e9sz\u00fcl\u00e9k \u00e1llapot\u00e1t. A n\u00e9gy rendelkez\u00e9sre \u00e1ll\u00f3 nikotinszint \u2013 0 %, 2 %, 3 % \u00e9s 5 % \u2013 lehet\u0151v\u00e9 teszi, hogy a g\u0151z\u00f6l\u00e9si \u00e9lm\u00e9nyt pontosan az \u00d6n preferenci\u00e1ihoz igaz\u00edtsa.<\/p>\n<h3 class=\"font-claude-response-subheading text-text-100 mt-1 -mb-1.5\">M\u0171szaki adatok:<\/h3>\n<p class=\"font-claude-response-body break-words whitespace-normal\"><strong>Vonat kapacit\u00e1sa:<\/strong> Ak\u00e1r 40 000 vonat<br \/>\n<strong>E-folyad\u00e9k t\u00e9rfogata:<\/strong> 32 ml<br \/>\n<strong>Nikotinopci\u00f3k:<\/strong> 0 %, 2 %, 3 %, 5 %<br \/>\n<strong>Akkumul\u00e1tor kapacit\u00e1s:<\/strong> 850 mAh \u00fajrat\u00f6lthet\u0151<br \/>\n<strong>T\u00f6lt\u00e9si technol\u00f3gia:<\/strong> C-t\u00edpus\u00fa gyors t\u00f6lt\u00e9s<br \/>\n<strong>P\u00e1rologtat\u00f3 fej:<\/strong> Kett\u0151s h\u00e1l\u00f3s tekercs (0,6 \u03a9)<br \/>\n<strong>\u00cdzprofil:<\/strong> Kivi Passi\u00f3gy\u00fcm\u00f6lcs Guava | K\u00e9t alma<br \/>\n<strong>Megjelen\u00edt\u00e9s:<\/strong> Smart Display k\u00e9perny\u0151<br \/>\n<strong>A csomag tartalma:<\/strong> 10 k\u00e9sz\u00fcl\u00e9k csomagol\u00e1si egys\u00e9genk\u00e9nt<\/p>\n<h3 class=\"font-claude-response-subheading text-text-100 mt-1 -mb-1.5\">Fedezze fel az UWIN VAPE-t a fumotpuff oldalon<\/h3>\n<p class=\"font-claude-response-body break-words whitespace-normal\">Fedezze fel soksz\u00edn\u0171 k\u00edn\u00e1latunkat a <strong><a class=\"underline\" href=\"https:\/\/fumotpuff.com\/hu\/\">Online bolt<\/a><\/strong> \u00e9s \u00e9lvezze az els\u0151 oszt\u00e1ly\u00fa vaping technol\u00f3gia el\u0151nyeit. A <strong><a class=\"underline\" href=\"https:\/\/fumotpuff.com\/hu\/product-category\/uwin-vape\/\">UWIN VAPE kateg\u00f3ria<\/a><\/strong> korszer\u0171 g\u0151zk\u00e9sz\u00fcl\u00e9keket tal\u00e1l. B\u00f6ng\u00e9sszen a teljes <strong><a class=\"underline\" href=\"https:\/\/fumotpuff.com\/hu\/product-category\/uwin-vape\/uwin-crystal-twins-40000\/\">Uwin Crystal Twins 40000 v\u00e1laszt\u00e9k<\/a><\/strong> \u00e9s \u00e9lvezze az innovat\u00edv Dual-Flavor technol\u00f3gia el\u0151nyeit.<\/p>","protected":false},"excerpt":{"rendered":"<p class=\"font-claude-response-body break-words whitespace-normal\">Az Uwin Crystal Twins 40000 Kiwi Passion Fruit Guava\/Two Apple \u00f6tv\u00f6zi a tr\u00f3pusi egzotikumot a klasszikus alma \u00edz\u00e9vel \u2013 egyszer\u0171en csavarja meg a 2 \u00edz\u00e9rt. 40 000 slukk, 32 ml e-liquid, 0,6 \u03a9 dual mesh coil, 850 mAh Type-C akkumul\u00e1tor, intelligens kijelz\u0151. 0%, 2%, 3%, 5% nikotinnal kaphat\u00f3. Sokf\u00e9le gy\u00fcm\u00f6lcs\u00f6s \u00edz!<\/p>","protected":false},"featured_media":5444,"comment_status":"open","ping_status":"closed","template":"","meta":{"_acf_changed":false},"product_brand":[],"product_cat":[60],"product_tag":[],"class_list":{"0":"post-5443","1":"product","2":"type-product","3":"status-publish","4":"has-post-thumbnail","6":"product_cat-uwin-crystal-twins-40000","8":"first","9":"instock","10":"shipping-taxable","11":"purchasable","12":"product-type-variable"},"acf":[],"_links":{"self":[{"href":"https:\/\/fumotpuff.com\/hu\/wp-json\/wp\/v2\/product\/5443","targetHints":{"allow":["GET"]}}],"collection":[{"href":"https:\/\/fumotpuff.com\/hu\/wp-json\/wp\/v2\/product"}],"about":[{"href":"https:\/\/fumotpuff.com\/hu\/wp-json\/wp\/v2\/types\/product"}],"replies":[{"embeddable":true,"href":"https:\/\/fumotpuff.com\/hu\/wp-json\/wp\/v2\/comments?post=5443"}],"wp:featuredmedia":[{"embeddable":true,"href":"https:\/\/fumotpuff.com\/hu\/wp-json\/wp\/v2\/media\/5444"}],"wp:attachment":[{"href":"https:\/\/fumotpuff.com\/hu\/wp-json\/wp\/v2\/media?parent=5443"}],"wp:term":[{"taxonomy":"product_brand","embeddable":true,"href":"https:\/\/fumotpuff.com\/hu\/wp-json\/wp\/v2\/product_brand?post=5443"},{"taxonomy":"product_cat","embeddable":true,"href":"https:\/\/fumotpuff.com\/hu\/wp-json\/wp\/v2\/product_cat?post=5443"},{"taxonomy":"product_tag","embeddable":true,"href":"https:\/\/fumotpuff.com\/hu\/wp-json\/wp\/v2\/product_tag?post=5443"}],"curies":[{"name":"wp","href":"https:\/\/api.w.org\/{rel}","templated":true}]}}