{"id":5429,"date":"2025-12-08T04:22:47","date_gmt":"2025-12-08T03:22:47","guid":{"rendered":"https:\/\/fumotpuff.com\/?post_type=product&#038;p=5429"},"modified":"2025-12-08T04:22:48","modified_gmt":"2025-12-08T03:22:48","slug":"uwin-crystal-twins-40000-kiwi-passion-fruit-guava-blueberry-raspberry","status":"publish","type":"product","link":"https:\/\/fumotpuff.com\/hu\/termek\/uwin-crystal-twins-40000-kiwi-passion-fruit-guava-blueberry-raspberry\/","title":{"rendered":"Uwin Crystal Twins 40000 Kiwi Passi\u00f3gy\u00fcm\u00f6lcs Guava\/\u00c1fonya M\u00e1lna"},"content":{"rendered":"<h2 class=\"font-claude-response-heading text-text-100 mt-1 -mb-0.5\">Uwin Crystal Twins 40000 Kiwi Passi\u00f3gy\u00fcm\u00f6lcs Guava\/\u00c1fonya M\u00e1lna Eldobhat\u00f3 e-cigaretta<\/h2>\n<p class=\"font-claude-response-body break-words whitespace-normal\">Az Uwin Crystal Twins 40000 Kiwi Passion Fruit Guava\/Blueberry Raspberry eldobhat\u00f3 vape tr\u00f3pusi egzotikumot \u00e9s klasszikus bogy\u00f3s gy\u00fcm\u00f6lcs\u00f6s \u00edzeket \u00f6tv\u00f6z egy innovat\u00edv eszk\u00f6zben. Az egyed\u00fcl\u00e1ll\u00f3 forg\u00f3 rendszerrel k\u00f6nnyed\u00e9n v\u00e1lthat k\u00e9t rendk\u00edv\u00fcli \u00edz\u00e9lm\u00e9ny k\u00f6z\u00f6tt: a Kiwi Passion Fruit Guava tr\u00f3pusi t\u00e1jakra rep\u00edti \u00d6nt, m\u00edg a Blueberry Raspberry intenz\u00edv bogy\u00f3s gy\u00fcm\u00f6lcs\u00f6s \u00edz\u00e9vel ny\u0171g\u00f6zi le. A k\u00e9sz\u00fcl\u00e9k leny\u0171g\u00f6z\u0151 40 000 sz\u00edv\u00e1st biztos\u00edt, 32 ml-es e-liquid kapacit\u00e1ssal. A kiv\u00e1l\u00f3 min\u0151s\u00e9g\u0171 0,6 ohmos h\u00e1l\u00f3s tekercs kiv\u00e1l\u00f3 g\u0151zk\u00e9pz\u0151d\u00e9st \u00e9s hiteles aroma kibontakoz\u00e1st biztos\u00edt. Az \u00fajrat\u00f6lthet\u0151 850 mAh-s kobalt akkumul\u00e1tor Type-C csatlakoz\u00f3val garant\u00e1lja a megb\u00edzhat\u00f3 teljes\u00edtm\u00e9nyt. 0 %, 2 %, 3 % \u00e9s 5 % nikotintartalommal kaphat\u00f3, minden ig\u00e9nynek megfelel\u0151en.<\/p>\n<h3 class=\"font-claude-response-subheading text-text-100 mt-1 -mb-1.5\">A term\u00e9k f\u00e9nypontjai:<\/h3>\n<p class=\"font-claude-response-body break-words whitespace-normal\">Az Uwin Crystal Twins 40000 Kiwi Passion Fruit Guava\/Blueberry Raspberry term\u00e9kkel k\u00e9t teljes \u00e9rt\u00e9k\u0171 \u00edz\u00e9lm\u00e9nyt kap egy kompakt eszk\u00f6zben. Forgassa el a sz\u00e1jr\u00e9szt, hogy v\u00e1lthasson az \u00edzek k\u00f6z\u00f6tt: az egyik oldalon kiwi, passi\u00f3gy\u00fcm\u00f6lcs \u00e9s guava \u00edz v\u00e1rja \u2013 egy harmonikus kompoz\u00edci\u00f3 savanyk\u00e1s kiwi, arom\u00e1s passi\u00f3gy\u00fcm\u00f6lcs \u00e9s \u00e9des guava \u00edzekb\u0151l. A m\u00e1sik oldalon a Blueberry Raspberry egy finom bogy\u00f3s gy\u00fcm\u00f6lcskever\u00e9k, amely l\u00e9d\u00fas \u00e1fony\u00e1b\u00f3l \u00e9s gy\u00fcm\u00f6lcs\u00f6s m\u00e1ln\u00e1b\u00f3l \u00e1ll.<\/p>\n<p class=\"font-claude-response-body break-words whitespace-normal\">A rendk\u00edv\u00fcli 40 000 sz\u00edv\u00e1s kapacit\u00e1snak k\u00f6sz\u00f6nhet\u0151en ez az eldobhat\u00f3 e-cigaretta tart\u00f3s t\u00e1rs\u00e1v\u00e1 v\u00e1lik az ig\u00e9nyes e-cigaretta-haszn\u00e1l\u00f3knak. A 32 ml-es e-liquid tartalommal nem kell agg\u00f3dnia a gyakori ut\u00e1np\u00f3tl\u00e1s miatt. A 0,6 ohmos kett\u0151s h\u00e1l\u00f3s tekercs technol\u00f3gia kifejezetten \u00fagy lett kifejlesztve, hogy mindk\u00e9t \u00edz teljes intenzit\u00e1s\u00e1t kihozza, \u00e9s folyamatosan egyenletes g\u0151zmin\u0151s\u00e9get garant\u00e1ljon.<\/p>\n<p class=\"font-claude-response-body break-words whitespace-normal\">A be\u00e9p\u00edtett 850 mAh-s akkumul\u00e1tor a Type-C gyors t\u00f6lt\u00e9si technol\u00f3gi\u00e1nak k\u00f6sz\u00f6nhet\u0151en gyorsan felt\u00f6lthet\u0151, \u00edgy hossz\u00fa v\u00e1rakoz\u00e1si id\u0151 n\u00e9lk\u00fcl folytathatja a g\u0151z\u00f6l\u00e9st. Az intelligens kijelz\u0151 t\u00e1j\u00e9koztatja \u00d6nt az akkumul\u00e1tor \u00e1llapot\u00e1r\u00f3l \u00e9s a haszn\u00e1lati adatokr\u00f3l. V\u00e1lasszon n\u00e9gy nikotinszint k\u00f6z\u00fcl \u2013 0 %, 2 %, 3 % vagy 5 % \u2013 \u00e9s szem\u00e9lyre szabhatja a g\u0151z\u00f6l\u00e9si \u00e9lm\u00e9ny\u00e9t.<\/p>\n<h3 class=\"font-claude-response-subheading text-text-100 mt-1 -mb-1.5\">M\u0171szaki adatok:<\/h3>\n<p class=\"font-claude-response-body break-words whitespace-normal\"><strong>Vonat kapacit\u00e1sa:<\/strong> Ak\u00e1r 40 000 vonat<br \/>\n<strong>E-folyad\u00e9k t\u00e9rfogata:<\/strong> 32 ml<br \/>\n<strong>Nikotinopci\u00f3k:<\/strong> 0 %, 2 %, 3 %, 5 %<br \/>\n<strong>Akkumul\u00e1tor kapacit\u00e1s:<\/strong> 850 mAh \u00fajrat\u00f6lthet\u0151<br \/>\n<strong>T\u00f6lt\u00e9si technol\u00f3gia:<\/strong> C-t\u00edpus\u00fa gyors t\u00f6lt\u00e9s<br \/>\n<strong>P\u00e1rologtat\u00f3 fej:<\/strong> Kett\u0151s h\u00e1l\u00f3s tekercs (0,6 \u03a9)<br \/>\n<strong>\u00cdzprofil:<\/strong> Kivi Passi\u00f3gy\u00fcm\u00f6lcs Guava | \u00c1fonya M\u00e1lna<br \/>\n<strong>Megjelen\u00edt\u00e9s:<\/strong> Smart Display k\u00e9perny\u0151<br \/>\n<strong>A csomag tartalma:<\/strong> 10 k\u00e9sz\u00fcl\u00e9k csomagol\u00e1si egys\u00e9genk\u00e9nt<\/p>\n<h3 class=\"font-claude-response-subheading text-text-100 mt-1 -mb-1.5\">Fedezze fel az UWIN VAPE-t a fumotpuff oldalon<\/h3>\n<p class=\"font-claude-response-body break-words whitespace-normal\">L\u00e1togasson el a <strong><a class=\"underline\" href=\"https:\/\/fumotpuff.com\/hu\/\">Online bolt<\/a><\/strong> kiterjedt, kiv\u00e1l\u00f3 min\u0151s\u00e9g\u0171 vaping term\u00e9kek v\u00e1laszt\u00e9k\u00e1\u00e9rt. A <strong><a class=\"underline\" href=\"https:\/\/fumotpuff.com\/hu\/product-category\/uwin-vape\/\">UWIN VAPE kateg\u00f3ria<\/a><\/strong> innovat\u00edv k\u00e9sz\u00fcl\u00e9keket tal\u00e1l a legmagasabb ig\u00e9nyeket kiel\u00e9g\u00edt\u0151 term\u00e9kek k\u00f6z\u00fcl. Fedezze fel a teljes \u00edzvil\u00e1g soksz\u00edn\u0171s\u00e9g\u00e9t a <strong><a class=\"underline\" href=\"https:\/\/fumotpuff.com\/hu\/product-category\/uwin-vape\/uwin-crystal-twins-40000\/\">Uwin Crystal Twins 40000 kollekci\u00f3<\/a><\/strong> \u00e9s \u00e9lvezze a legmagasabb szint\u0171 kett\u0151s aroma innov\u00e1ci\u00f3t.<\/p>","protected":false},"excerpt":{"rendered":"<p class=\"font-claude-response-body break-words whitespace-normal\">Az Uwin Crystal Twins 40000 Kiwi Passion Fruit Guava\/Blueberry Raspberry \u00f6tv\u00f6zi a tr\u00f3pusi egzotikumot \u00e9s a bogy\u00f3s gy\u00fcm\u00f6lcs\u00f6k \u00edz\u00e9t \u2013 egyszer\u0171en forgassa el a 2 \u00edz\u00e9rt. 40 000 slukk, 32 ml e-liquid, 0,6 \u03a9 kett\u0151s h\u00e1l\u00f3s tekercs, 850 mAh Type-C akkumul\u00e1tor, intelligens kijelz\u0151. 0%, 2%, 3%, 5% nikotinnal kaphat\u00f3!<\/p>","protected":false},"featured_media":5430,"comment_status":"open","ping_status":"closed","template":"","meta":{"_acf_changed":false},"product_brand":[],"product_cat":[60],"product_tag":[],"class_list":{"0":"post-5429","1":"product","2":"type-product","3":"status-publish","4":"has-post-thumbnail","6":"product_cat-uwin-crystal-twins-40000","8":"first","9":"instock","10":"shipping-taxable","11":"purchasable","12":"product-type-variable"},"acf":[],"_links":{"self":[{"href":"https:\/\/fumotpuff.com\/hu\/wp-json\/wp\/v2\/product\/5429","targetHints":{"allow":["GET"]}}],"collection":[{"href":"https:\/\/fumotpuff.com\/hu\/wp-json\/wp\/v2\/product"}],"about":[{"href":"https:\/\/fumotpuff.com\/hu\/wp-json\/wp\/v2\/types\/product"}],"replies":[{"embeddable":true,"href":"https:\/\/fumotpuff.com\/hu\/wp-json\/wp\/v2\/comments?post=5429"}],"wp:featuredmedia":[{"embeddable":true,"href":"https:\/\/fumotpuff.com\/hu\/wp-json\/wp\/v2\/media\/5430"}],"wp:attachment":[{"href":"https:\/\/fumotpuff.com\/hu\/wp-json\/wp\/v2\/media?parent=5429"}],"wp:term":[{"taxonomy":"product_brand","embeddable":true,"href":"https:\/\/fumotpuff.com\/hu\/wp-json\/wp\/v2\/product_brand?post=5429"},{"taxonomy":"product_cat","embeddable":true,"href":"https:\/\/fumotpuff.com\/hu\/wp-json\/wp\/v2\/product_cat?post=5429"},{"taxonomy":"product_tag","embeddable":true,"href":"https:\/\/fumotpuff.com\/hu\/wp-json\/wp\/v2\/product_tag?post=5429"}],"curies":[{"name":"wp","href":"https:\/\/api.w.org\/{rel}","templated":true}]}}