{"id":5422,"date":"2025-12-08T04:19:52","date_gmt":"2025-12-08T03:19:52","guid":{"rendered":"https:\/\/fumotpuff.com\/?post_type=product&#038;p=5422"},"modified":"2025-12-08T04:19:52","modified_gmt":"2025-12-08T03:19:52","slug":"uwin-crystal-twins-40000-blueberry-on-ice-summer-peach-ice","status":"publish","type":"product","link":"https:\/\/fumotpuff.com\/hu\/termek\/uwin-crystal-twins-40000-blueberry-on-ice-summer-peach-ice\/","title":{"rendered":"Uwin Crystal Twins 40000 Blueberry On Ice\/Summer Peach Ice"},"content":{"rendered":"<h2 class=\"font-claude-response-heading text-text-100 mt-1 -mb-0.5\">Uwin Crystal Twins 40000 Blueberry On Ice\/Summer Peach Ice eldobhat\u00f3 e-cigaretta<\/h2>\n<p class=\"font-claude-response-body break-words whitespace-normal\">Tapasztalja meg a maxim\u00e1lis rugalmass\u00e1got az Uwin Crystal Twins 40000 Blueberry On Ice\/Summer Peach Ice eldobhat\u00f3 vape-val. Ez az innovat\u00edv eszk\u00f6z forradalmian \u00faj kett\u0151s aromarendszerrel rendelkezik, amelynek seg\u00edts\u00e9g\u00e9vel a sz\u00e1jdarab egyszer\u0171 elforgat\u00e1s\u00e1val k\u00e9t k\u00fcl\u00f6n\u00e1ll\u00f3 \u00edz k\u00f6z\u00f6tt v\u00e1lthat: friss\u00edt\u0151 \u00e1fonya intenz\u00edv j\u00e9gkr\u00e9mszer\u0171 \u00edzzel az egyik oldalon, \u00e9s l\u00e9d\u00fas ny\u00e1ri \u0151szibarack h\u0171s\u00edt\u0151 ut\u00f3\u00edzzel a m\u00e1sikon. Leny\u0171g\u00f6z\u0151, ak\u00e1r 40 000 slukkra \u00e9s 32 ml e-liquidre k\u00e9pes kapacit\u00e1s\u00e1val ez a k\u00e9sz\u00fcl\u00e9k t\u00f6k\u00e9letesen alkalmas a hosszan tart\u00f3 g\u0151z\u00f6l\u00e9s \u00e9lvezet\u00e9re. A prec\u00edz 0,6 ohmos h\u00e1l\u00f3s tekercs \u00e1lland\u00f3an sima g\u0151zt biztos\u00edt, m\u00edg a nagy teljes\u00edtm\u00e9ny\u0171 850 mAh-s akkumul\u00e1tor Type-C gyors t\u00f6lt\u00e9ssel megb\u00edzhat\u00f3 teljes\u00edtm\u00e9nyt garant\u00e1l. V\u00e1lasszon 0 %, 2 %, 3 % \u00e9s 5 % nikotinszint k\u00f6z\u00fcl az egy\u00e9ni g\u0151z\u00f6l\u00e9si \u00e9lm\u00e9ny\u00e9hez.<\/p>\n<h3 class=\"font-claude-response-subheading text-text-100 mt-1 -mb-1.5\">A term\u00e9k f\u00e9nypontjai:<\/h3>\n<p class=\"font-claude-response-body break-words whitespace-normal\">Az Uwin Crystal Twins 40000 Blueberry On Ice\/Summer Peach Ice \u00faj \u00e9rtelmet ad a sokoldal\u00fas\u00e1gnak. A sz\u00e1jr\u00e9sz egyed\u00fcl\u00e1ll\u00f3 forg\u00f3rendszere lehet\u0151v\u00e9 teszi, hogy hangulat\u00e1t\u00f3l f\u00fcgg\u0151en k\u00e9t pr\u00e9mium \u00edz k\u00f6z\u00fcl v\u00e1lasszon \u2013 egyr\u00e9szt \u00e9lvezheti a Blueberry On Ice intenz\u00edv frissess\u00e9g\u00e9t j\u00e9ghideg \u00e1fony\u00e1val, m\u00e1sr\u00e9szt a Summer Peach Ice \u00e9des, l\u00e9d\u00fas \u00e9rett \u0151szibarackkal \u00e9s friss\u00edt\u0151 j\u00e9gkock\u00e1val k\u00e9nyezteti \u00d6nt.<\/p>\n<p class=\"font-claude-response-body break-words whitespace-normal\">A nagylelk\u0171 32 ml-es e-liquid kapacit\u00e1snak \u00e9s a ak\u00e1r 40 000 sz\u00edv\u00e1sig terjed\u0151 teljes\u00edtm\u00e9nynek k\u00f6sz\u00f6nhet\u0151en ez a k\u00e9sz\u00fcl\u00e9k azoknak a hossz\u00fa t\u00e1v\u00fa felhaszn\u00e1l\u00f3knak k\u00e9sz\u00fclt, akik \u00e9rt\u00e9kelik a min\u0151s\u00e9get \u00e9s a tart\u00f3ss\u00e1got. A fejlett, 0,6 ohmos ellen\u00e1ll\u00e1s\u00fa kett\u0151s h\u00e1l\u00f3s tekercs technol\u00f3gia optim\u00e1lis \u00edz\u00e9lm\u00e9nyt \u00e9s \u00e1lland\u00f3 g\u0151zmin\u0151s\u00e9get biztos\u00edt az els\u0151t\u0151l az utols\u00f3 slukkig \u2013 f\u00fcggetlen\u00fcl att\u00f3l, hogy \u00e9ppen melyik oldalt haszn\u00e1lja.<\/p>\n<p class=\"font-claude-response-body break-words whitespace-normal\">A be\u00e9p\u00edtett 850 mAh-s kobalt akkumul\u00e1tor \u00fajrat\u00f6lthet\u0151 \u00e9s modern Type-C t\u00f6lt\u0151csatlakoz\u00f3val rendelkezik a gyors \u00e9s egyszer\u0171 t\u00f6lt\u00e9s \u00e9rdek\u00e9ben. Az intelligens kijelz\u0151n b\u00e1rmikor l\u00e1thatja a k\u00e9sz\u00fcl\u00e9k aktu\u00e1lis \u00e1llapot\u00e1t. N\u00e9gy k\u00fcl\u00f6nb\u00f6z\u0151 nikotintartalommal \u2013 0 %, 2 %, 3 % \u00e9s 5 % \u2013 t\u00f6k\u00e9letesen igaz\u00edthatja a g\u0151z\u00f6l\u00e9si \u00e9lm\u00e9nyt az ig\u00e9nyeihez.<\/p>\n<h3 class=\"font-claude-response-subheading text-text-100 mt-1 -mb-1.5\">M\u0171szaki adatok:<\/h3>\n<p class=\"font-claude-response-body break-words whitespace-normal\"><strong>Vonat kapacit\u00e1sa:<\/strong> Ak\u00e1r 40 000 vonat<br \/>\n<strong>E-folyad\u00e9k t\u00e9rfogata:<\/strong> 32 ml<br \/>\n<strong>Nikotinopci\u00f3k:<\/strong> 0 %, 2 %, 3 %, 5 %<br \/>\n<strong>Akkumul\u00e1tor kapacit\u00e1s:<\/strong> 850 mAh \u00fajrat\u00f6lthet\u0151<br \/>\n<strong>T\u00f6lt\u00e9si technol\u00f3gia:<\/strong> C-t\u00edpus\u00fa gyors t\u00f6lt\u00e9s<br \/>\n<strong>P\u00e1rologtat\u00f3 fej:<\/strong> Kett\u0151s h\u00e1l\u00f3s tekercs (0,6 \u03a9)<br \/>\n<strong>\u00cdzprofil:<\/strong> Blueberry On Ice | Ny\u00e1ri \u0151szibarack j\u00e9gk\u00e1sa<br \/>\n<strong>Megjelen\u00edt\u00e9s:<\/strong> Smart Display k\u00e9perny\u0151<br \/>\n<strong>A csomag tartalma:<\/strong> 10 k\u00e9sz\u00fcl\u00e9k csomagol\u00e1si egys\u00e9genk\u00e9nt<\/p>\n<h3 class=\"font-claude-response-subheading text-text-100 mt-1 -mb-1.5\">Fedezze fel az UWIN VAPE-t a fumotpuff oldalon<\/h3>\n<p class=\"font-claude-response-body break-words whitespace-normal\">Fedezze fel tov\u00e1bbi pr\u00e9mium min\u0151s\u00e9g\u0171 vaping term\u00e9keket a <strong><a class=\"underline\" href=\"https:\/\/fumotpuff.com\/hu\/\">Online bolt<\/a><\/strong>. A teljes <strong><a class=\"underline\" href=\"https:\/\/fumotpuff.com\/hu\/product-category\/uwin-vape\/\">UWIN VAPE kollekci\u00f3<\/a><\/strong> innovat\u00edv g\u0151z\u00f6l\u00e9si megold\u00e1sokat k\u00edn\u00e1l minden \u00edzl\u00e9snek. Fedezze fel az \u00f6sszes el\u00e9rhet\u0151 aromakombin\u00e1ci\u00f3t a <strong><a class=\"underline\" href=\"https:\/\/fumotpuff.com\/hu\/product-category\/uwin-vape\/uwin-crystal-twins-40000\/\">Uwin Crystal Twins 40000 sorozat<\/a><\/strong> \u00e9s tal\u00e1lja meg a szem\u00e9lyes kedvenc\u00e9t.<\/p>","protected":false},"excerpt":{"rendered":"<p class=\"font-claude-response-body break-words whitespace-normal\">Az Uwin Crystal Twins 40000 egyes\u00edti a Blueberry On Ice \u00e9s a Summer Peach Ice \u00edzeket \u2013 csak forgassa el a 2 \u00edz\u00e9rt. Ak\u00e1r 40 000 slukk, 32 ml e-liquid, 0,6 \u03a9 kett\u0151s h\u00e1l\u00f3s tekercs, 850 mAh akkumul\u00e1tor Type-C t\u00f6lt\u00e9ssel, intelligens kijelz\u0151. Kaphat\u00f3 0%, 2%, 3%, 5% nikotintartalommal. J\u00e9ghideg gy\u00fcm\u00f6lcs\u00f6s v\u00e1ltozatoss\u00e1g!<\/p>","protected":false},"featured_media":5423,"comment_status":"open","ping_status":"closed","template":"","meta":{"_acf_changed":false},"product_brand":[],"product_cat":[60],"product_tag":[],"class_list":{"0":"post-5422","1":"product","2":"type-product","3":"status-publish","4":"has-post-thumbnail","6":"product_cat-uwin-crystal-twins-40000","8":"first","9":"instock","10":"shipping-taxable","11":"purchasable","12":"product-type-variable"},"acf":[],"_links":{"self":[{"href":"https:\/\/fumotpuff.com\/hu\/wp-json\/wp\/v2\/product\/5422","targetHints":{"allow":["GET"]}}],"collection":[{"href":"https:\/\/fumotpuff.com\/hu\/wp-json\/wp\/v2\/product"}],"about":[{"href":"https:\/\/fumotpuff.com\/hu\/wp-json\/wp\/v2\/types\/product"}],"replies":[{"embeddable":true,"href":"https:\/\/fumotpuff.com\/hu\/wp-json\/wp\/v2\/comments?post=5422"}],"wp:featuredmedia":[{"embeddable":true,"href":"https:\/\/fumotpuff.com\/hu\/wp-json\/wp\/v2\/media\/5423"}],"wp:attachment":[{"href":"https:\/\/fumotpuff.com\/hu\/wp-json\/wp\/v2\/media?parent=5422"}],"wp:term":[{"taxonomy":"product_brand","embeddable":true,"href":"https:\/\/fumotpuff.com\/hu\/wp-json\/wp\/v2\/product_brand?post=5422"},{"taxonomy":"product_cat","embeddable":true,"href":"https:\/\/fumotpuff.com\/hu\/wp-json\/wp\/v2\/product_cat?post=5422"},{"taxonomy":"product_tag","embeddable":true,"href":"https:\/\/fumotpuff.com\/hu\/wp-json\/wp\/v2\/product_tag?post=5422"}],"curies":[{"name":"wp","href":"https:\/\/api.w.org\/{rel}","templated":true}]}}