{"id":527,"date":"2025-09-12T08:52:50","date_gmt":"2025-09-12T06:52:50","guid":{"rendered":"https:\/\/fumotpuff.com\/?post_type=product&#038;p=527"},"modified":"2025-09-12T08:52:50","modified_gmt":"2025-09-12T06:52:50","slug":"fumot-tornado-30k-music-ice-pop","status":"publish","type":"product","link":"https:\/\/fumotpuff.com\/hu\/termek\/fumot-tornado-30k-music-ice-pop\/","title":{"rendered":"Fumot Tornado 30K zenei Ice Pop"},"content":{"rendered":"<h2 class=\"text-xl font-bold text-text-100 mt-1 -mb-0.5\">Fumot Tornado 30K Music Ice Pop eldobhat\u00f3 e-cigaretta<\/h2>\n<p class=\"whitespace-normal break-words\">A Fumot Tornado 30K Music Ice Pop nosztalgikus eml\u00e9keket id\u00e9z a ny\u00e1ri j\u00e9gkr\u00e9mes pillanatokr\u00f3l. Ez a rendk\u00edv\u00fcli eldobhat\u00f3 e-cigaretta az \u00e9des gy\u00fcm\u00f6lcs\u00edzeket kombin\u00e1lja a h\u0171s\u00edt\u0151 j\u00e9ghat\u00e1ssal, \u00e9s 30.000 sz\u00edv\u00e1st garant\u00e1l egyenletes min\u0151s\u00e9gben a kiterjedt 30 ml-es e-liquid t\u00f6ltetnek k\u00f6sz\u00f6nhet\u0151en.<\/p>\n<h3 class=\"text-lg font-bold text-text-100 mt-1 -mb-1.5\">Az Ice Pop Edition k\u00fcl\u00f6nleges jellemz\u0151i:<\/h3>\n<p class=\"whitespace-normal break-words\"><strong>Tart\u00f3s teljes\u00edtm\u00e9ny:<\/strong> \u00c9lvezze a hihetetlen 30.000 slukkot a maxim\u00e1lis el\u00e9gedetts\u00e9g \u00e9rdek\u00e9ben.<\/p>\n<p class=\"whitespace-normal break-words\"><strong>Testreszabott nikotinopci\u00f3k:<\/strong> Ig\u00e9ny szerint 2% vagy 5% nikotiner\u0151ss\u00e9ggel kaphat\u00f3.<\/p>\n<p class=\"whitespace-normal break-words\"><strong>Nagyvonal\u00fa kapacit\u00e1s:<\/strong> 30ml pr\u00e9mium e-folyad\u00e9k hosszabb haszn\u00e1latra.<\/p>\n<p class=\"whitespace-normal break-words\"><strong>Magasan fejlett tekercstechnol\u00f3gia:<\/strong> 1.0\u03a9 Mesh innov\u00e1ci\u00f3 az els\u0151 oszt\u00e1ly\u00fa \u00edz\u00e1tvitel\u00e9rt.<\/p>\n<p class=\"whitespace-normal break-words\"><strong>Megb\u00edzhat\u00f3 energiaell\u00e1t\u00e1s:<\/strong> Er\u0151teljes 600mAh akkumul\u00e1tor Type-C t\u00f6lt\u00e9si technol\u00f3gi\u00e1val.<\/p>\n<p class=\"whitespace-normal break-words\"><strong>Leny\u0171g\u00f6z\u0151 f\u00e9nyj\u00e1t\u00e9k:<\/strong> A zenelej\u00e1tsz\u00e1ssal szinkroniz\u00e1lt LED-vil\u00e1g\u00edt\u00e1s mag\u00e1val ragad\u00f3 \u00e9lm\u00e9nyt ny\u00fajt.<\/p>\n<h3 class=\"text-lg font-bold text-text-100 mt-1 -mb-1.5\">M\u0171szaki adatok:<\/h3>\n<p class=\"whitespace-normal break-words\">\u2611 Nikotin opci\u00f3k: 2% \/ 5%<br \/>\nVonatforgalom: 30 000<br \/>\n\u2611 Ice Pop \u00edzprofil<br \/>\n\u2611 Akkumul\u00e1tor kapacit\u00e1s: 600mAh<br \/>\n\u2611 1.0\u03a9 h\u00e1l\u00f3s tekercs<br \/>\nC-t\u00edpus\u00fa t\u00f6lt\u0151csatlakoz\u00f3<br \/>\n\u2611 Hang-aktiv\u00e1lt vil\u00e1g\u00edt\u00e1s<\/p>\n<p class=\"whitespace-normal break-words\">Fedezzen fel tov\u00e1bbi innov\u00e1ci\u00f3kat a <strong><a class=\"underline\" href=\"https:\/\/fumotpuff.com\/hu\/\">Weboldal<\/a><\/strong>fedezz fel mindent <strong><a class=\"underline\" href=\"https:\/\/fumotpuff.com\/hu\/product-category\/fumot-vape\/\">FUMOT VAPE term\u00e9kek<\/a><\/strong> vagy b\u00f6ng\u00e9szhet az \u00f6sszes <strong><a class=\"underline\" href=\"https:\/\/fumotpuff.com\/hu\/product-category\/fumot-vape\/fumot-tornado-30k-music\/\">Fumot Tornado 30K Zenei v\u00e1ltozatok<\/a><\/strong>.<\/p>","protected":false},"excerpt":{"rendered":"<div>\n<div class=\"grid-cols-1 grid gap-2.5 [&amp;_&gt;_*]:min-w-0 !gap-3.5\">\n<p class=\"whitespace-normal break-words\">Die Fumot Tornado 30K Music Ice Pop Einweg-E-Zigarette erweckt nostalgische Eis-am-Stiel-Erinnerungen mit s\u00fc\u00dfen Fruchtaromen und k\u00fchlendem Ice-Effekt. Mit 30.000 Z\u00fcgen, 30ml E-Liquid und musiksynchroner LED-Beleuchtung.<\/p>\n<\/div>\n<\/div>\n<div class=\"h-8\"><\/div>\n","protected":false},"featured_media":529,"comment_status":"open","ping_status":"closed","template":"","meta":{"_acf_changed":false},"product_brand":[],"product_cat":[20],"product_tag":[],"class_list":{"0":"post-527","1":"product","2":"type-product","3":"status-publish","4":"has-post-thumbnail","6":"product_cat-fumot-tornado-30k-music","8":"first","9":"instock","10":"shipping-taxable","11":"purchasable","12":"product-type-variable"},"acf":[],"_links":{"self":[{"href":"https:\/\/fumotpuff.com\/hu\/wp-json\/wp\/v2\/product\/527","targetHints":{"allow":["GET"]}}],"collection":[{"href":"https:\/\/fumotpuff.com\/hu\/wp-json\/wp\/v2\/product"}],"about":[{"href":"https:\/\/fumotpuff.com\/hu\/wp-json\/wp\/v2\/types\/product"}],"replies":[{"embeddable":true,"href":"https:\/\/fumotpuff.com\/hu\/wp-json\/wp\/v2\/comments?post=527"}],"wp:featuredmedia":[{"embeddable":true,"href":"https:\/\/fumotpuff.com\/hu\/wp-json\/wp\/v2\/media\/529"}],"wp:attachment":[{"href":"https:\/\/fumotpuff.com\/hu\/wp-json\/wp\/v2\/media?parent=527"}],"wp:term":[{"taxonomy":"product_brand","embeddable":true,"href":"https:\/\/fumotpuff.com\/hu\/wp-json\/wp\/v2\/product_brand?post=527"},{"taxonomy":"product_cat","embeddable":true,"href":"https:\/\/fumotpuff.com\/hu\/wp-json\/wp\/v2\/product_cat?post=527"},{"taxonomy":"product_tag","embeddable":true,"href":"https:\/\/fumotpuff.com\/hu\/wp-json\/wp\/v2\/product_tag?post=527"}],"curies":[{"name":"wp","href":"https:\/\/api.w.org\/{rel}","templated":true}]}}