{"id":5196,"date":"2025-12-01T09:36:06","date_gmt":"2025-12-01T08:36:06","guid":{"rendered":"https:\/\/fumotpuff.com\/?post_type=product&#038;p=5196"},"modified":"2025-12-01T09:36:06","modified_gmt":"2025-12-01T08:36:06","slug":"uwin-crystal-10000-blueberry-on-ice","status":"publish","type":"product","link":"https:\/\/fumotpuff.com\/hu\/termek\/uwin-crystal-10000-blueberry-on-ice\/","title":{"rendered":"Uwin Crystal 10000 Blueberry On Ice"},"content":{"rendered":"<h2 class=\"font-claude-response-heading text-text-100 mt-1 -mb-0.5\">Uwin Crystal 10000 Blueberry On Ice eldobhat\u00f3 vape<\/h2>\n<p class=\"font-claude-response-body whitespace-normal break-words\">\u00c9lvezze az \u00e9szaki sarkvid\u00e9k frissess\u00e9g\u00e9t az Uwin Crystal 10000 Blueberry On Ice-szal, amely leny\u0171g\u00f6z\u0151 10 000 slukkot biztos\u00edt. A teljesen \u00e9rett \u00e1fonya \u00e9s a jeges h\u0171v\u00f6ss\u00e9g \u00f6sszeolvadva felejthetetlen \u00edz\u00e9lm\u00e9nyt ny\u00fajt. Az optimaliz\u00e1lt 0,8 \u03a9-os h\u00e1l\u00f3s tekercs kialak\u00edt\u00e1s kiemeli az \u00edzek minden \u00e1rnyalat\u00e1t a b\u0151s\u00e9ges 18 ml-es e-liquid tartal\u00e9kb\u00f3l. A be\u00e9p\u00edtett 650 mAh-s akkumul\u00e1tor Type-C t\u00f6lt\u00e9si funkci\u00f3val biztos\u00edtja a folyamatos haszn\u00e1lhat\u00f3s\u00e1got. Dinamikus RGB-f\u00e9nyj\u00e1t\u00e9kok k\u00eds\u00e9rik vizu\u00e1lisan minden egyes slukkot. 0%, 2%, 3% \u00e9s 5% nikotintartalommal kaphat\u00f3, az egy\u00e9ni ig\u00e9nyeknek megfelel\u0151en.<\/p>\n<h3 class=\"font-claude-response-subheading text-text-100 mt-1 -mb-1.5\">Uwin Crystal 10000 Blueberry On Ice F\u0151bb jellemz\u0151k:<\/h3>\n<p class=\"font-claude-response-body whitespace-normal break-words\">Az Uwin Crystal 10000 Blueberry On Ice v\u00e1ltozata a fekete \u00e1fonya term\u00e9szetes \u00e9dess\u00e9g\u00e9t \u00f6tv\u00f6zi az \u00e9l\u00e9nk\u00edt\u0151 j\u00e9gfrissess\u00e9ggel, \u00edgy friss\u00edt\u0151 g\u0151z\u00f6lg\u00e9si \u00e9lm\u00e9nyt ny\u00fajt. A prec\u00edzen kidolgozott h\u00e1l\u00f3s tekercs szerkezet garant\u00e1lja az aroma egyenletes lead\u00e1s\u00e1t az \u00f6sszes 10 000 slukk sor\u00e1n, m\u00edg a 18 ml-es folyad\u00e9ktart\u00e1ly hossz\u00fa haszn\u00e1lati id\u0151t biztos\u00edt megszak\u00edt\u00e1s n\u00e9lk\u00fcl. A 2% \u00e9s 5% k\u00f6z\u00f6tti nikotinopci\u00f3k mind a m\u00e9rs\u00e9kelt, mind az intenz\u00edv g\u0151z\u00f6l\u0151knek megfelelnek.<\/p>\n<p class=\"font-claude-response-body whitespace-normal break-words\">A nagy teljes\u00edtm\u00e9ny\u0171 650 mAh-s kobaltcell\u00e1s akkumul\u00e1tor \u00e9s a fejlett Type-C t\u00f6lt\u00e9si technol\u00f3gia minimaliz\u00e1lja az \u00fczemsz\u00fcneteket \u00e9s maximaliz\u00e1lja a rendelkez\u00e9sre \u00e1ll\u00e1st. Az ergon\u00f3mikus kialak\u00edt\u00e1s\u00fa h\u00e1z term\u00e9szetesen illeszkedik a k\u00e9zhez, m\u00edg a sz\u00ednes RGB-f\u00e9nyek minden pillanatnak egy tov\u00e1bbi dimenzi\u00f3t adnak. Ez a h\u0171v\u00f6s-gy\u00fcm\u00f6lcs\u00f6s \u00edz, a technikai kiv\u00e1l\u00f3s\u00e1g \u00e9s a vizu\u00e1lis vonzer\u0151 \u00e1tgondolt \u00f6tv\u00f6zete egy\u00e9rtelm\u0171en megk\u00fcl\u00f6nb\u00f6zteti a k\u00e9sz\u00fcl\u00e9ket a versenyt\u00e1rs term\u00e9kekt\u0151l.<\/p>\n<p class=\"font-claude-response-body whitespace-normal break-words\">A Blueberry On Ice k\u00fcl\u00f6n\u00f6sen azoknak a felhaszn\u00e1l\u00f3knak sz\u00f3l, akik kedvelik a gy\u00fcm\u00f6lcs\u00f6s \u00edzeket \u00e9s a friss\u00edt\u0151 hat\u00e1st. A h\u0171s\u00edt\u0151 hat\u00e1s fokozza az \u00e1fonya arom\u00e1j\u00e1t \u00e9s \u00e9l\u00e9nk\u00edt\u0151 \u00e9rz\u00e9st kelt a sz\u00e1jban, ami k\u00fcl\u00f6n\u00f6sen meleg napokon vagy a tiszta gy\u00fcm\u00f6lcs\u00f6s \u00edzek alternat\u00edv\u00e1jak\u00e9nt \u00e9rt\u00e9kelhet\u0151. Ez az \u00edz folyamatosan egyenletes min\u0151s\u00e9get biztos\u00edt, \u00e9s minden slukkot \u00e9lvezetes \u00e9lm\u00e9nny\u00e9 tesz.<\/p>\n<h3 class=\"font-claude-response-subheading text-text-100 mt-1 -mb-1.5\">M\u0171szaki adatok:<\/h3>\n<p class=\"font-claude-response-body whitespace-pre-wrap break-words\">\u2611 0%\/2%\/3%\/5% Nikotin er\u0151ss\u00e9g<br \/>\n\u2611 18 ml e-liquid kapacit\u00e1s<br \/>\n\u2611 Mesh-Coil technol\u00f3gia<br \/>\n\u2611 \u00dajrat\u00f6lthet\u0151 akkumul\u00e1tor<br \/>\n\u2611 Be\u00e9p\u00edtett 650 mAh akkumul\u00e1tor<\/p>\n<h3 class=\"font-claude-response-subheading text-text-100 mt-1 -mb-1.5\">Fedezze fel az UWIN VAPE-t a fumotpuff oldalon<\/h3>\n<p class=\"font-claude-response-body whitespace-normal break-words\">Mer\u00fclj\u00f6n el a kiv\u00e1l\u00f3 min\u0151s\u00e9g\u0171 vape-term\u00e9kek vil\u00e1g\u00e1ban <strong><a class=\"underline\" href=\"https:\/\/fumotpuff.com\/hu\/\">fumotpuff.com<\/a><\/strong> \u00e9s fedezze fel a leg\u00fajabb UWIN innov\u00e1ci\u00f3kat a <strong><a class=\"underline\" href=\"https:\/\/fumotpuff.com\/hu\/product-category\/uwin-vape\/\">UWIN VAPE term\u00e9kvil\u00e1g<\/a><\/strong>. A Crystal 10000 teljes aromav\u00e1laszt\u00e9k\u00e1t megtal\u00e1lja a <strong><a class=\"underline\" href=\"https:\/\/fumotpuff.com\/hu\/product-category\/uwin-vape\/uwin-crystal-10000\/\">Uwin Crystal 10000 Aromaszekci\u00f3<\/a><\/strong>.<\/p>","protected":false},"excerpt":{"rendered":"<p class=\"font-claude-response-body whitespace-normal break-words\">Az Uwin Crystal 10000 Blueberry On Ice 10 000 slukkban \u00f6tv\u00f6zi a teljesen \u00e9rett \u00e1fony\u00e1t \u00e9s a jeges frissess\u00e9get. A 0,8 \u03a9-os h\u00e1l\u00f3s tekercs \u00e9s a 18 ml-es e-liquid intenz\u00edv arom\u00e1t biztos\u00edt. A 650 mAh-s akkumul\u00e1tor Type-C-s t\u00f6lt\u00e9ssel \u00e9s RGB-megvil\u00e1g\u00edt\u00e1ssal garant\u00e1lja a pr\u00e9mium g\u0151z\u00e9lm\u00e9nyt. 0-5% nikotin v\u00e1laszthat\u00f3.<\/p>","protected":false},"featured_media":5197,"comment_status":"open","ping_status":"closed","template":"","meta":{"_acf_changed":false},"product_brand":[],"product_cat":[59],"product_tag":[],"class_list":{"0":"post-5196","1":"product","2":"type-product","3":"status-publish","4":"has-post-thumbnail","6":"product_cat-uwin-crystal-10000","8":"first","9":"instock","10":"shipping-taxable","11":"purchasable","12":"product-type-variable"},"acf":[],"_links":{"self":[{"href":"https:\/\/fumotpuff.com\/hu\/wp-json\/wp\/v2\/product\/5196","targetHints":{"allow":["GET"]}}],"collection":[{"href":"https:\/\/fumotpuff.com\/hu\/wp-json\/wp\/v2\/product"}],"about":[{"href":"https:\/\/fumotpuff.com\/hu\/wp-json\/wp\/v2\/types\/product"}],"replies":[{"embeddable":true,"href":"https:\/\/fumotpuff.com\/hu\/wp-json\/wp\/v2\/comments?post=5196"}],"wp:featuredmedia":[{"embeddable":true,"href":"https:\/\/fumotpuff.com\/hu\/wp-json\/wp\/v2\/media\/5197"}],"wp:attachment":[{"href":"https:\/\/fumotpuff.com\/hu\/wp-json\/wp\/v2\/media?parent=5196"}],"wp:term":[{"taxonomy":"product_brand","embeddable":true,"href":"https:\/\/fumotpuff.com\/hu\/wp-json\/wp\/v2\/product_brand?post=5196"},{"taxonomy":"product_cat","embeddable":true,"href":"https:\/\/fumotpuff.com\/hu\/wp-json\/wp\/v2\/product_cat?post=5196"},{"taxonomy":"product_tag","embeddable":true,"href":"https:\/\/fumotpuff.com\/hu\/wp-json\/wp\/v2\/product_tag?post=5196"}],"curies":[{"name":"wp","href":"https:\/\/api.w.org\/{rel}","templated":true}]}}