{"id":515,"date":"2025-09-12T08:47:57","date_gmt":"2025-09-12T06:47:57","guid":{"rendered":"https:\/\/fumotpuff.com\/?post_type=product&#038;p=515"},"modified":"2025-09-12T08:47:57","modified_gmt":"2025-09-12T06:47:57","slug":"fumot-tornado-30k-music-grape-ice","status":"publish","type":"product","link":"https:\/\/fumotpuff.com\/hu\/termek\/fumot-tornado-30k-music-grape-ice\/","title":{"rendered":"Fumot Tornado 30K Zene Grape Ice"},"content":{"rendered":"<h2 class=\"text-xl font-bold text-text-100 mt-1 -mb-0.5\">Fumot Tornado 30K Music Grape Ice eldobhat\u00f3 e-cigaretta<\/h2>\n<p class=\"whitespace-normal break-words\">A Fumot Tornado 30K Music Grape Ice a l\u00e9d\u00fas sz\u0151l\u0151t \u00e9s a friss\u00edt\u0151 h\u0171s\u00edt\u0151 hat\u00e1st \u00f6tv\u00f6zi, hogy ellen\u00e1llhatatlan \u00edz\u00e9lm\u00e9nyt ny\u00fajtson. Ez a pr\u00e9mium eldobhat\u00f3 e-cigaretta 30.000 slukkol\u00e1son kereszt\u00fcl egyenletes min\u0151s\u00e9get biztos\u00edt, amit a nagyvonal\u00fa 30 ml-es e-folyad\u00e9k tart\u00e1ly is t\u00e1mogat.<\/p>\n<h3 class=\"text-lg font-bold text-text-100 mt-1 -mb-1.5\">A Grape Ice Edition kiemelked\u0151 jellemz\u0151i:<\/h3>\n<p class=\"whitespace-normal break-words\"><strong>Rekordm\u00e9ret\u0171 kihaszn\u00e1lts\u00e1g:<\/strong> \u00c9lvezze ak\u00e1r 30 000 slukkot is a h\u00f3napokig tart\u00f3 el\u00e9gedetts\u00e9g\u00e9rt.<\/p>\n<p class=\"whitespace-normal break-words\"><strong>Testre szabhat\u00f3 nikotinadagol\u00e1s:<\/strong> V\u00e1lasszon a 2% vagy az 5% k\u00f6z\u00f6tt, az \u00d6n preferenci\u00e1i szerint.<\/p>\n<p class=\"whitespace-normal break-words\"><strong>Nagy t\u00e9rfogat\u00fa folyad\u00e9kkapacit\u00e1s:<\/strong> 30ml kiv\u00e1l\u00f3 min\u0151s\u00e9g\u0171 e-folyad\u00e9k a folyamatos \u00e9lvezet\u00e9rt.<\/p>\n<p class=\"whitespace-normal break-words\"><strong>Prec\u00edzi\u00f3s tekercsrendszer:<\/strong> 1.0\u03a9 Mesh technol\u00f3gia a maxim\u00e1lis \u00edz\u00e1tvitel\u00e9rt.<\/p>\n<p class=\"whitespace-normal break-words\"><strong>Megb\u00edzhat\u00f3 \u00e1ramell\u00e1t\u00e1s:<\/strong> Er\u0151teljes 600mAh-s akkumul\u00e1tor hat\u00e9kony Type-C t\u00f6lt\u00e9si technol\u00f3gi\u00e1val.<\/p>\n<p class=\"whitespace-normal break-words\"><strong>L\u00e1tv\u00e1nyos f\u00e9nyj\u00e1t\u00e9k:<\/strong> A LED-rendszer a zene ritmus\u00e1ra reag\u00e1l a multiszenzoros \u00e9lm\u00e9ny \u00e9rdek\u00e9ben.<\/p>\n<h3 class=\"text-lg font-bold text-text-100 mt-1 -mb-1.5\">M\u0171szaki r\u00e9szletek:<\/h3>\n<p class=\"whitespace-normal break-words\">\u2611 Nikotin tartalom: 2% \/ 5%<br \/>\n\u2611 Maxim\u00e1lis vonatok: 30,000<br \/>\n\u2611 Grape Ice \u00edz<br \/>\n\u2611 600mAh akkumul\u00e1torteljes\u00edtm\u00e9ny<br \/>\n\u2611 1.0\u03a9 h\u00e1l\u00f3s tekercs<br \/>\n\u2611 C t\u00edpus\u00fa gyors t\u00f6lt\u00e9s<br \/>\n\u2611 Hangra reag\u00e1l\u00f3 LED-ek<\/p>\n<p class=\"whitespace-normal break-words\">L\u00e1togasson el a <strong><a class=\"underline\" href=\"https:\/\/fumotpuff.com\/hu\/\">Honlap<\/a><\/strong> tov\u00e1bbi term\u00e9k\u00fajdons\u00e1gok\u00e9rt b\u00f6ng\u00e9sszen az \u00f6sszes <strong><a class=\"underline\" href=\"https:\/\/fumotpuff.com\/hu\/product-category\/fumot-vape\/\">FUMOT VAPE cikk<\/a><\/strong> vagy fedezzen fel t\u00f6bbet <strong><a class=\"underline\" href=\"https:\/\/fumotpuff.com\/hu\/product-category\/fumot-vape\/fumot-tornado-30k-music\/\">Fumot Tornado 30K Zenei fajt\u00e1k<\/a><\/strong>.<\/p>","protected":false},"excerpt":{"rendered":"<div>\n<div class=\"grid-cols-1 grid gap-2.5 [&amp;_&gt;_*]:min-w-0 !gap-3.5\">\n<p class=\"whitespace-normal break-words\">Die Fumot Tornado 30K Music Grape Ice Einweg-E-Zigarette verbindet saftige Trauben mit erfrischendem Cool-Effekt. Mit 30.000 Z\u00fcgen, 30ml E-Liquid und musikreaktiver LED-Beleuchtung f\u00fcr unwiderstehlichen Traubengenuss mit K\u00e4lte.<\/p>\n<\/div>\n<\/div>\n<div class=\"h-8\"><\/div>\n","protected":false},"featured_media":517,"comment_status":"open","ping_status":"closed","template":"","meta":{"_acf_changed":false},"product_brand":[],"product_cat":[20],"product_tag":[],"class_list":{"0":"post-515","1":"product","2":"type-product","3":"status-publish","4":"has-post-thumbnail","6":"product_cat-fumot-tornado-30k-music","8":"first","9":"instock","10":"shipping-taxable","11":"purchasable","12":"product-type-variable"},"acf":[],"_links":{"self":[{"href":"https:\/\/fumotpuff.com\/hu\/wp-json\/wp\/v2\/product\/515","targetHints":{"allow":["GET"]}}],"collection":[{"href":"https:\/\/fumotpuff.com\/hu\/wp-json\/wp\/v2\/product"}],"about":[{"href":"https:\/\/fumotpuff.com\/hu\/wp-json\/wp\/v2\/types\/product"}],"replies":[{"embeddable":true,"href":"https:\/\/fumotpuff.com\/hu\/wp-json\/wp\/v2\/comments?post=515"}],"wp:featuredmedia":[{"embeddable":true,"href":"https:\/\/fumotpuff.com\/hu\/wp-json\/wp\/v2\/media\/517"}],"wp:attachment":[{"href":"https:\/\/fumotpuff.com\/hu\/wp-json\/wp\/v2\/media?parent=515"}],"wp:term":[{"taxonomy":"product_brand","embeddable":true,"href":"https:\/\/fumotpuff.com\/hu\/wp-json\/wp\/v2\/product_brand?post=515"},{"taxonomy":"product_cat","embeddable":true,"href":"https:\/\/fumotpuff.com\/hu\/wp-json\/wp\/v2\/product_cat?post=515"},{"taxonomy":"product_tag","embeddable":true,"href":"https:\/\/fumotpuff.com\/hu\/wp-json\/wp\/v2\/product_tag?post=515"}],"curies":[{"name":"wp","href":"https:\/\/api.w.org\/{rel}","templated":true}]}}