{"id":509,"date":"2025-09-12T08:45:21","date_gmt":"2025-09-12T06:45:21","guid":{"rendered":"https:\/\/fumotpuff.com\/?post_type=product&#038;p=509"},"modified":"2025-09-12T08:45:21","modified_gmt":"2025-09-12T06:45:21","slug":"fumot-tornado-30k-music-dr-blue","status":"publish","type":"product","link":"https:\/\/fumotpuff.com\/hu\/termek\/fumot-tornado-30k-music-dr-blue\/","title":{"rendered":"Fumot Tornado 30K Music Dr k\u00e9k"},"content":{"rendered":"<h2 class=\"text-xl font-bold text-text-100 mt-1 -mb-0.5\">Fumot Tornado 30K Music Dr Blue E-cigaretta eldobhat\u00f3 e-cigaretta<\/h2>\n<p class=\"whitespace-normal break-words\">Tapasztald meg a titokzatos Dr Blue \u00edzprofilt a Fumot Tornado 30K Music Dr Blue-val. Ez a rendk\u00edv\u00fcli eldobhat\u00f3 e-cigaretta komplex \u00edzjegyeket kombin\u00e1l, hogy 30.000 p\u00f6f\u00e9kel\u00e9sen kereszt\u00fcl egyed\u00fcl\u00e1ll\u00f3 g\u0151z\u00f6l\u00e9si \u00e9lm\u00e9nyt ny\u00fajtson. A nagyvonal\u00fa 30 ml-es e-folyad\u00e9k kapacit\u00e1s garant\u00e1lja az egyenletes min\u0151s\u00e9get.<\/p>\n<h3 class=\"text-lg font-bold text-text-100 mt-1 -mb-1.5\">A Dr Blue v\u00e1ltozat jellemz\u0151i:<\/h3>\n<p class=\"whitespace-normal break-words\"><strong>Kiv\u00e9teles v\u00e1laszt\u00e9k:<\/strong> Ak\u00e1r 30.000 f\u00faj\u00e1s a hosszan tart\u00f3 g\u0151z\u00f6l\u00e9si \u00e9lvezet\u00e9rt.<\/p>\n<p class=\"whitespace-normal break-words\"><strong>Szem\u00e9lyre szabott nikotinv\u00e1laszt\u00e1s:<\/strong> 2% \u00e9s 5% nikotintartalommal kaphat\u00f3.<\/p>\n<p class=\"whitespace-normal break-words\"><strong>Kiterjedt t\u00f6lt\u00e9s:<\/strong> 30ml pr\u00e9mium e-folyad\u00e9k intenz\u00edv haszn\u00e1latra.<\/p>\n<p class=\"whitespace-normal break-words\"><strong>Innovat\u00edv h\u00e1l\u00f3s technol\u00f3gia:<\/strong> 1,0\u03a9 ellen\u00e1ll\u00e1s\u00fa tekercs a t\u00f6k\u00e9letes \u00edzeloszl\u00e1s\u00e9rt.<\/p>\n<p class=\"whitespace-normal break-words\"><strong>\u00c1lland\u00f3 energiaforr\u00e1s:<\/strong> 600mAh nagyteljes\u00edtm\u00e9ny\u0171 akkumul\u00e1tor C-t\u00edpus\u00fa gyorst\u00f6lt\u00e9ssel.<\/p>\n<p class=\"whitespace-normal break-words\"><strong>Leny\u0171g\u00f6z\u0151 vil\u00e1g\u00edt\u00e1s:<\/strong> Zene-reakt\u00edv LED technol\u00f3gia az audiovizu\u00e1lis \u00e9lvezet\u00e9rt.<\/p>\n<h3 class=\"text-lg font-bold text-text-100 mt-1 -mb-1.5\">Term\u00e9kle\u00edr\u00e1sok:<\/h3>\n<p class=\"whitespace-normal break-words\">\u2611 Nikotin kiv\u00e1laszt\u00e1sa: 2% \/ 5%<br \/>\n\u2611 Vonatok sz\u00e1ma: 30,000<br \/>\n\u2611 Dr. Blue \u00edzprofil<br \/>\n\u2611 Akkumul\u00e1tor kapacit\u00e1s: 600mAh<br \/>\n\u2611 1.0\u03a9 h\u00e1l\u00f3s elp\u00e1rologtat\u00f3<br \/>\n\u2611 C-t\u00edpus\u00fa t\u00f6lt\u00e9s<br \/>\n\u2611 Zene \u00e1ltal vez\u00e9relt f\u00e9nyhat\u00e1sok<\/p>\n<p class=\"whitespace-normal break-words\">Fedezzen fel t\u00f6bb pr\u00e9mium term\u00e9ket a <strong><a class=\"underline\" href=\"https:\/\/fumotpuff.com\/hu\/\">Kezd\u0151lap<\/a><\/strong>, fedezze fel a teljes <strong><a class=\"underline\" href=\"https:\/\/fumotpuff.com\/hu\/product-category\/fumot-vape\/\">FUMOT VAPE kollekci\u00f3<\/a><\/strong> vagy v\u00e1lasszon az \u00f6sszes <strong><a class=\"underline\" href=\"https:\/\/fumotpuff.com\/hu\/product-category\/fumot-vape\/fumot-tornado-30k-music\/\">Fumot Tornado 30K Zenei \u00edzek<\/a><\/strong>.<\/p>","protected":false},"excerpt":{"rendered":"<div>\n<div class=\"grid-cols-1 grid gap-2.5 [&amp;_&gt;_*]:min-w-0 !gap-3.5\">\n<p class=\"whitespace-normal break-words\">Die Fumot Tornado 30K Music Dr Blue Einweg-E-Zigarette bietet ein geheimnisvolles Geschmacksprofil mit komplexen Aromanoten. Mit 30.000 Z\u00fcgen, 30ml E-Liquid und musikreaktiver LED-Beleuchtung f\u00fcr ein au\u00dfergew\u00f6hnliches Dampferlebnis.<\/p>\n<\/div>\n<\/div>\n<div class=\"h-8\"><\/div>\n","protected":false},"featured_media":511,"comment_status":"open","ping_status":"closed","template":"","meta":{"_acf_changed":false},"product_brand":[],"product_cat":[20],"product_tag":[],"class_list":{"0":"post-509","1":"product","2":"type-product","3":"status-publish","4":"has-post-thumbnail","6":"product_cat-fumot-tornado-30k-music","8":"first","9":"instock","10":"shipping-taxable","11":"purchasable","12":"product-type-variable"},"acf":[],"_links":{"self":[{"href":"https:\/\/fumotpuff.com\/hu\/wp-json\/wp\/v2\/product\/509","targetHints":{"allow":["GET"]}}],"collection":[{"href":"https:\/\/fumotpuff.com\/hu\/wp-json\/wp\/v2\/product"}],"about":[{"href":"https:\/\/fumotpuff.com\/hu\/wp-json\/wp\/v2\/types\/product"}],"replies":[{"embeddable":true,"href":"https:\/\/fumotpuff.com\/hu\/wp-json\/wp\/v2\/comments?post=509"}],"wp:featuredmedia":[{"embeddable":true,"href":"https:\/\/fumotpuff.com\/hu\/wp-json\/wp\/v2\/media\/511"}],"wp:attachment":[{"href":"https:\/\/fumotpuff.com\/hu\/wp-json\/wp\/v2\/media?parent=509"}],"wp:term":[{"taxonomy":"product_brand","embeddable":true,"href":"https:\/\/fumotpuff.com\/hu\/wp-json\/wp\/v2\/product_brand?post=509"},{"taxonomy":"product_cat","embeddable":true,"href":"https:\/\/fumotpuff.com\/hu\/wp-json\/wp\/v2\/product_cat?post=509"},{"taxonomy":"product_tag","embeddable":true,"href":"https:\/\/fumotpuff.com\/hu\/wp-json\/wp\/v2\/product_tag?post=509"}],"curies":[{"name":"wp","href":"https:\/\/api.w.org\/{rel}","templated":true}]}}