{"id":497,"date":"2025-09-12T05:56:41","date_gmt":"2025-09-12T03:56:41","guid":{"rendered":"https:\/\/fumotpuff.com\/?post_type=product&#038;p=497"},"modified":"2025-09-12T05:56:41","modified_gmt":"2025-09-12T03:56:41","slug":"fumot-tornado-30k-music-blueberry-raspberry","status":"publish","type":"product","link":"https:\/\/fumotpuff.com\/hu\/termek\/fumot-tornado-30k-music-blueberry-raspberry\/","title":{"rendered":"Fumot Tornado 30K Zene \u00c1fonya m\u00e1lna"},"content":{"rendered":"<h2 class=\"text-xl font-bold text-text-100 mt-1 -mb-0.5\">Fumot Tornado 30K Music Blueberry Raspberry eldobhat\u00f3 e-cigaretta<\/h2>\n<p class=\"whitespace-normal break-words\">Mer\u00fclj\u00f6n el az \u00e9des \u00e1fonya \u00e9s a fanyar m\u00e1lna harmonikus kombin\u00e1ci\u00f3j\u00e1ban a Fumot Tornado 30K Music Blueberry Raspberry-vel. Ez az innovat\u00edv eldobhat\u00f3 e-cigaretta t\u00f6k\u00e9letes egyens\u00falyban egyes\u00edti a k\u00e9t n\u00e9pszer\u0171 bogy\u00f3s gy\u00fcm\u00f6lcs \u00edz\u00e9t, \u00e9s kiv\u00e9teles, 30.000 puffan\u00e1snyi g\u0151z\u00f6l\u00e9si \u00e9lvezetet k\u00edn\u00e1l.<\/p>\n<h3 class=\"text-lg font-bold text-text-100 mt-1 -mb-1.5\">A Blueberry Raspberry Edition egyed\u00fcl\u00e1ll\u00f3 el\u0151nyei:<\/h3>\n<p class=\"whitespace-normal break-words\"><strong>Leny\u0171g\u00f6z\u0151 \u00e1ll\u00f3k\u00e9pess\u00e9g:<\/strong> Ak\u00e1r 30 000 slukk a hetekig tart\u00f3 megszak\u00edt\u00e1s n\u00e9lk\u00fcli \u00e9lvezet\u00e9rt.<\/p>\n<p class=\"whitespace-normal break-words\"><strong>Rugalmas nikotinv\u00e1laszt\u00e1s:<\/strong> V\u00e1lasszon 2% \u00e9s 5% nikotiner\u0151ss\u00e9g k\u00f6z\u00f6tt.<\/p>\n<p class=\"whitespace-normal break-words\"><strong>B\u0151s\u00e9ges mennyis\u00e9g\u0171 folyad\u00e9k:<\/strong> 30ml e-folyad\u00e9k t\u00e9rfogat a hosszabb haszn\u00e1lathoz.<\/p>\n<p class=\"whitespace-normal break-words\"><strong>Fejlett p\u00e1rologtat\u00e1s:<\/strong> 1.0\u03a9 Mesh technol\u00f3gia az els\u0151 oszt\u00e1ly\u00fa \u00edz\u00e1tvitel\u00e9rt.<\/p>\n<p class=\"whitespace-normal break-words\"><strong>Robusztus energiaell\u00e1t\u00e1s:<\/strong> 600mAh l\u00edtium akkumul\u00e1tor C-t\u00edpus\u00fa gyorst\u00f6lt\u00e9si funkci\u00f3val.<\/p>\n<p class=\"whitespace-normal break-words\"><strong>L\u00e1tv\u00e1nyos f\u00e9nyhat\u00e1sok:<\/strong> Zen\u00e9vel szinkroniz\u00e1lt LED-vil\u00e1g\u00edt\u00e1s a vizu\u00e1lis \u00e9lvezet\u00e9rt.<\/p>\n<h3 class=\"text-lg font-bold text-text-100 mt-1 -mb-1.5\">M\u0171szaki adatok:<\/h3>\n<p class=\"whitespace-normal break-words\">\u2611 Nikotinv\u00e1ltozatok: 2% \/ 5%<br \/>\nVonat kapacit\u00e1sa: 30 000<br \/>\n\u2611 \u00c1fonya m\u00e1lna \u00edz<br \/>\n\u2611 Akkumul\u00e1tor teljes\u00edtm\u00e9nye: 600mAh<br \/>\n\u2611 1.0\u03a9 h\u00e1l\u00f3s p\u00e1rologtat\u00f3fej<br \/>\nC t\u00edpus\u00fa t\u00f6lt\u0151port<br \/>\n\u2611 Hang-aktiv\u00e1lt vil\u00e1g\u00edt\u00e1s<\/p>\n<p class=\"whitespace-normal break-words\">Fedezze fel a tov\u00e1bbi pr\u00e9mium lehet\u0151s\u00e9geket a <strong><a class=\"underline\" href=\"https:\/\/fumotpuff.com\/hu\/\">Weboldal<\/a><\/strong>b\u00f6ng\u00e9sszen a teljes <strong><a class=\"underline\" href=\"https:\/\/fumotpuff.com\/hu\/product-category\/fumot-vape\/\">FUMOT VAPE kiv\u00e1laszt\u00e1sa<\/a><\/strong> vagy fedezze fel az \u00f6sszes <strong><a class=\"underline\" href=\"https:\/\/fumotpuff.com\/hu\/product-category\/fumot-vape\/fumot-tornado-30k-music\/\">Fumot Tornado 30K Zenei \u00edzek<\/a><\/strong>.<\/p>","protected":false},"excerpt":{"rendered":"<div>\n<div class=\"grid-cols-1 grid gap-2.5 [&amp;_&gt;_*]:min-w-0 !gap-3.5\">\n<p class=\"whitespace-normal break-words\">Die Fumot Tornado 30K Music Blueberry Raspberry Einweg-E-Zigarette kombiniert s\u00fc\u00dfe Blaubeeren mit spritzigen Himbeeren in perfekter Balance. Mit 30.000 Z\u00fcgen, 30ml E-Liquid und musiksynchroner LED-Beleuchtung f\u00fcr harmonischen Beerengenuss.<\/p>\n<\/div>\n<\/div>\n<div class=\"h-8\"><\/div>\n","protected":false},"featured_media":499,"comment_status":"open","ping_status":"closed","template":"","meta":{"_acf_changed":false},"product_brand":[],"product_cat":[20],"product_tag":[],"class_list":{"0":"post-497","1":"product","2":"type-product","3":"status-publish","4":"has-post-thumbnail","6":"product_cat-fumot-tornado-30k-music","8":"first","9":"instock","10":"shipping-taxable","11":"purchasable","12":"product-type-variable"},"acf":[],"_links":{"self":[{"href":"https:\/\/fumotpuff.com\/hu\/wp-json\/wp\/v2\/product\/497","targetHints":{"allow":["GET"]}}],"collection":[{"href":"https:\/\/fumotpuff.com\/hu\/wp-json\/wp\/v2\/product"}],"about":[{"href":"https:\/\/fumotpuff.com\/hu\/wp-json\/wp\/v2\/types\/product"}],"replies":[{"embeddable":true,"href":"https:\/\/fumotpuff.com\/hu\/wp-json\/wp\/v2\/comments?post=497"}],"wp:featuredmedia":[{"embeddable":true,"href":"https:\/\/fumotpuff.com\/hu\/wp-json\/wp\/v2\/media\/499"}],"wp:attachment":[{"href":"https:\/\/fumotpuff.com\/hu\/wp-json\/wp\/v2\/media?parent=497"}],"wp:term":[{"taxonomy":"product_brand","embeddable":true,"href":"https:\/\/fumotpuff.com\/hu\/wp-json\/wp\/v2\/product_brand?post=497"},{"taxonomy":"product_cat","embeddable":true,"href":"https:\/\/fumotpuff.com\/hu\/wp-json\/wp\/v2\/product_cat?post=497"},{"taxonomy":"product_tag","embeddable":true,"href":"https:\/\/fumotpuff.com\/hu\/wp-json\/wp\/v2\/product_tag?post=497"}],"curies":[{"name":"wp","href":"https:\/\/api.w.org\/{rel}","templated":true}]}}