{"id":485,"date":"2025-09-12T05:51:37","date_gmt":"2025-09-12T03:51:37","guid":{"rendered":"https:\/\/fumotpuff.com\/?post_type=product&#038;p=485"},"modified":"2025-09-12T05:51:37","modified_gmt":"2025-09-12T03:51:37","slug":"fumot-tornado-30k-music-cola-ice","status":"publish","type":"product","link":"https:\/\/fumotpuff.com\/hu\/termek\/fumot-tornado-30k-music-cola-ice\/","title":{"rendered":"Fumot Tornado 30K Music Cola Ice"},"content":{"rendered":"<h2 class=\"text-xl font-bold text-text-100 mt-1 -mb-0.5\">Fumot Tornado 30K Music Cola Ice E-cigaretta eldobhat\u00f3 e-cigaretta<\/h2>\n<p class=\"whitespace-normal break-words\">Tapasztald meg a klasszikus k\u00f3la \u00edz\u00e9t egy friss\u00edt\u0151, h\u0171s\u00edt\u0151 csavarral a Fumot Tornado 30K Music Cola Ice-ban. Ez a kiv\u00e1l\u00f3 min\u0151s\u00e9g\u0171 eldobhat\u00f3 e-cigaretta a j\u00f3l ismert sz\u00e9nsavas \u00edzt kombin\u00e1lja a h\u0171s\u00edt\u0151 j\u00e9ghat\u00e1ssal, \u00e9s leny\u0171g\u00f6z\u0151 30.000 slukkot biztos\u00edt. A 30 ml-es e-folyad\u00e9k kapacit\u00e1s biztos\u00edtja az \u00e1lland\u00f3 \u00edzintenzit\u00e1st.<\/p>\n<h3 class=\"text-lg font-bold text-text-100 mt-1 -mb-1.5\">A Cola Ice v\u00e1ltozat kiv\u00e9teles tulajdons\u00e1gai:<\/h3>\n<p class=\"whitespace-normal break-words\"><strong>Maxim\u00e1lis kihaszn\u00e1lts\u00e1gi id\u0151szak:<\/strong> Ak\u00e1r 30 000 slukk a hosszan tart\u00f3 g\u0151z\u00f6l\u00e9s\u00e9rt.<\/p>\n<p class=\"whitespace-normal break-words\"><strong>Szem\u00e9lyre szabott nikotiner\u0151ss\u00e9g:<\/strong> 2% \u00e9s 5% nikotin koncentr\u00e1ci\u00f3ban kaphat\u00f3.<\/p>\n<p class=\"whitespace-normal break-words\"><strong>Gazdag t\u00f6ltel\u00e9k:<\/strong> 30ml pr\u00e9mium e-folyad\u00e9k hosszabb haszn\u00e1latra.<\/p>\n<p class=\"whitespace-normal break-words\"><strong>Modern tekercstechnol\u00f3gia:<\/strong> 1,0\u03a9-os h\u00e1l\u00f3s rendszer a t\u00f6k\u00e9letes \u00edzeloszl\u00e1s\u00e9rt.<\/p>\n<p class=\"whitespace-normal break-words\"><strong>Megb\u00edzhat\u00f3 \u00e1ramell\u00e1t\u00e1s:<\/strong> 600mAh nagyteljes\u00edtm\u00e9ny\u0171 akkumul\u00e1tor C-t\u00edpus\u00fa gyorst\u00f6lt\u00e9ssel.<\/p>\n<p class=\"whitespace-normal break-words\"><strong>Leny\u0171g\u00f6z\u0151 f\u00e9nyj\u00e1t\u00e9k:<\/strong> Zene \u00e1ltal vez\u00e9relt LED-ek az egyed\u00fcl\u00e1ll\u00f3 vizu\u00e1lis \u00e9lm\u00e9ny\u00e9rt.<\/p>\n<h3 class=\"text-lg font-bold text-text-100 mt-1 -mb-1.5\">A term\u00e9k r\u00e9szletei:<\/h3>\n<p class=\"whitespace-normal break-words\">\u2611 Nikotin opci\u00f3k: 2% \/ 5%<br \/>\n\u2611 Puffok sz\u00e1ma: 30,000<br \/>\n\u2611 Cola Ice \u00edzprofil<br \/>\n\u2611 \u00dajrat\u00f6lthet\u0151 akkumul\u00e1tor: 600mAh \u00fajrat\u00f6lthet\u0151<br \/>\n\u2611 1.0\u03a9 h\u00e1l\u00f3s elp\u00e1rologtat\u00f3<br \/>\nType-C t\u00f6lt\u00e9si funkci\u00f3<br \/>\n\u2611 Hangra reag\u00e1l\u00f3 vil\u00e1g\u00edt\u00e1s<\/p>\n<p class=\"whitespace-normal break-words\">L\u00e1togasson el a <strong><a class=\"underline\" href=\"https:\/\/fumotpuff.com\/hu\/\">Honlap<\/a><\/strong> tov\u00e1bbi term\u00e9kinnov\u00e1ci\u00f3k\u00e9rt, fedezze fel az \u00f6sszes <strong><a class=\"underline\" href=\"https:\/\/fumotpuff.com\/hu\/product-category\/fumot-vape\/\">FUMOT VAPE cikk<\/a><\/strong> vagy fedezzen fel t\u00f6bbet <strong><a class=\"underline\" href=\"https:\/\/fumotpuff.com\/hu\/product-category\/fumot-vape\/fumot-tornado-30k-music\/\">Fumot Tornado 30K Zenei v\u00e1ltozatok<\/a><\/strong>.<\/p>","protected":false},"excerpt":{"rendered":"<div>\n<div class=\"grid-cols-1 grid gap-2.5 [&amp;_&gt;_*]:min-w-0 !gap-3.5\">\n<p class=\"whitespace-normal break-words\">Die Fumot Tornado 30K Music Cola Ice Einweg-E-Zigarette verbindet klassischen Cola-Geschmack mit erfrischendem Ice-Effekt. Mit 30.000 Z\u00fcgen, 30ml E-Liquid und musikgesteuerter LED-Beleuchtung bietet sie unvergleichlichen Dampfgenuss.<\/p>\n<\/div>\n<\/div>\n<div class=\"h-8\"><\/div>\n","protected":false},"featured_media":487,"comment_status":"open","ping_status":"closed","template":"","meta":{"_acf_changed":false},"product_brand":[],"product_cat":[20],"product_tag":[],"class_list":{"0":"post-485","1":"product","2":"type-product","3":"status-publish","4":"has-post-thumbnail","6":"product_cat-fumot-tornado-30k-music","8":"first","9":"instock","10":"shipping-taxable","11":"purchasable","12":"product-type-variable"},"acf":[],"_links":{"self":[{"href":"https:\/\/fumotpuff.com\/hu\/wp-json\/wp\/v2\/product\/485","targetHints":{"allow":["GET"]}}],"collection":[{"href":"https:\/\/fumotpuff.com\/hu\/wp-json\/wp\/v2\/product"}],"about":[{"href":"https:\/\/fumotpuff.com\/hu\/wp-json\/wp\/v2\/types\/product"}],"replies":[{"embeddable":true,"href":"https:\/\/fumotpuff.com\/hu\/wp-json\/wp\/v2\/comments?post=485"}],"wp:featuredmedia":[{"embeddable":true,"href":"https:\/\/fumotpuff.com\/hu\/wp-json\/wp\/v2\/media\/487"}],"wp:attachment":[{"href":"https:\/\/fumotpuff.com\/hu\/wp-json\/wp\/v2\/media?parent=485"}],"wp:term":[{"taxonomy":"product_brand","embeddable":true,"href":"https:\/\/fumotpuff.com\/hu\/wp-json\/wp\/v2\/product_brand?post=485"},{"taxonomy":"product_cat","embeddable":true,"href":"https:\/\/fumotpuff.com\/hu\/wp-json\/wp\/v2\/product_cat?post=485"},{"taxonomy":"product_tag","embeddable":true,"href":"https:\/\/fumotpuff.com\/hu\/wp-json\/wp\/v2\/product_tag?post=485"}],"curies":[{"name":"wp","href":"https:\/\/api.w.org\/{rel}","templated":true}]}}