{"id":4771,"date":"2025-11-18T09:12:48","date_gmt":"2025-11-18T08:12:48","guid":{"rendered":"https:\/\/fumotpuff.com\/?post_type=product&#038;p=4771"},"modified":"2025-11-18T09:12:48","modified_gmt":"2025-11-18T08:12:48","slug":"vozol-rave-40000-watermelon-ice","status":"publish","type":"product","link":"https:\/\/fumotpuff.com\/hu\/termek\/vozol-rave-40000-watermelon-ice\/","title":{"rendered":"Vozol Rave 40000 g\u00f6r\u00f6gdinnye j\u00e9g"},"content":{"rendered":"<h2 class=\"font-claude-response-heading text-text-100 mt-1 -mb-0.5\">Vozol Rave 40000 Watermelon Ice eldobhat\u00f3 e-cigaretta<\/h2>\n<p class=\"font-claude-response-body whitespace-normal break-words\">A Vozol Rave 40000 Watermelon Ice egy nagy teljes\u00edtm\u00e9ny\u0171 eldobhat\u00f3 e-cigaretta, amely leny\u0171g\u00f6z\u0151 kapacit\u00e1ssal rendelkezik a nagykereskedelmi piacon. A k\u00e9sz\u00fcl\u00e9k l\u00e9legzetel\u00e1ll\u00edt\u00f3 270 fokos vil\u00e1g\u00edt\u00e1si koncepci\u00f3j\u00e1val \u00e9s ritmusszinkroniz\u00e1lt party m\u00f3dj\u00e1val ny\u0171g\u00f6z le a kiv\u00e9teles vaping \u00e9lm\u00e9ny\u00e9rt. Az ak\u00e1r 40 000 sz\u00edv\u00e1s, az er\u0151teljes 1000 mAh-s akkumul\u00e1tor \u00e9s a gyorst\u00f6lt\u00e9si funkci\u00f3, amely mind\u00f6ssze 20 perc alatt el\u00e9ri a 80%-ot, maxim\u00e1lis hat\u00e9konys\u00e1got biztos\u00edt. A st\u00edlusos Eclipse g\u0151zanim\u00e1ci\u00f3 \u00e9s az 50 mg\/ml nikotinkoncentr\u00e1ci\u00f3 a Watermelon Ice-t a professzion\u00e1lis eldobhat\u00f3 vape forgalmaz\u00e1s el\u0151ny\u00f6s v\u00e1laszt\u00e1s\u00e1v\u00e1 teszi.<\/p>\n<h3 class=\"font-claude-response-subheading text-text-100 mt-1 -mb-1.5\">G\u00f6r\u00f6gdinnye j\u00e9g \u00edzprofil \u00e9s teljes\u00edtm\u00e9nyjellemz\u0151k:<\/h3>\n<p class=\"font-claude-response-body whitespace-normal break-words\">A VOZOL Rave 40000 Watermelon Ice egyes\u00edti a g\u00f6r\u00f6gdinnye l\u00e9d\u00fas \u00e9dess\u00e9g\u00e9t az intenz\u00edv h\u0171t\u0151hat\u00e1ssal, amely minden slukkot friss\u00edt\u0151 \u00e9lm\u00e9nny\u00e9 var\u00e1zsol. Ez a klasszikus kombin\u00e1ci\u00f3 k\u00fcl\u00f6n\u00f6sen n\u00e9pszer\u0171, \u00e9s t\u00f6k\u00e9letes egyens\u00falyt k\u00edn\u00e1l a gy\u00fcm\u00f6lcs\u00f6ss\u00e9g \u00e9s a frissess\u00e9g k\u00f6z\u00f6tt.<\/p>\n<p class=\"font-claude-response-body whitespace-normal break-words\">A rugalmas \u00fczemm\u00f3dok lehet\u0151v\u00e9 teszik a testreszab\u00e1st: a norm\u00e1l \u00fczemm\u00f3d ak\u00e1r 40 000 sz\u00edv\u00e1st is biztos\u00edt a maxim\u00e1lis kitart\u00e1s \u00e9rdek\u00e9ben, m\u00edg a turb\u00f3 \u00fczemm\u00f3d 25 000 sz\u00edv\u00e1sn\u00e1l fokozottabb \u00edzintenzit\u00e1st k\u00edn\u00e1l. A leny\u0171g\u00f6z\u0151, 270\u00b0-os, \u00fctem\u00e9rz\u00e9kel\u0151s LED-kijelz\u0151 reag\u00e1l a v\u00e1lasztott zen\u00e9re, \u00e9s h\u00e1rom konfigur\u00e1lhat\u00f3 f\u00e9nym\u00f3dot biztos\u00edt - Breathing, Beat \u00e9s Off - a hangulatos g\u0151zk\u00e9pz\u00e9shez.<\/p>\n<p class=\"font-claude-response-body whitespace-normal break-words\">A progressz\u00edv kett\u0151s h\u00e1l\u00f3s tekercs technol\u00f3gia k\u00e9t szinkroniz\u00e1lt h\u00e1l\u00f3s tekercset haszn\u00e1l, amelyek kiemelked\u0151 \u00edzt, terjedelmes g\u0151zk\u00e9pz\u0151d\u00e9st \u00e9s homog\u00e9n h\u0151eloszl\u00e1st biztos\u00edtanak. Az intelligens kett\u0151s MCU chip rendszer pontosan szab\u00e1lyozza a k\u00e9sz\u00fcl\u00e9k teljes\u00edtm\u00e9ny\u00e9t, v\u00e9d a termikus t\u00falterhel\u00e9s ellen \u00e9s biztos\u00edtja az \u00e9rz\u00e9keny h\u00faz\u00e1s aktiv\u00e1l\u00e1s\u00e1t. Az \u00e1ll\u00edthat\u00f3 l\u00e9g\u00e1raml\u00e1si funkci\u00f3val k\u00f6nnyen v\u00e1lthat az MTL \u00e9s az RDL g\u0151z\u00f6l\u00e9si m\u00f3dszerek k\u00f6z\u00f6tt.<\/p>\n<p class=\"font-claude-response-body whitespace-normal break-words\">Az USB-C gyorst\u00f6lt\u00e9si lehet\u0151s\u00e9g mind\u00f6ssze 20 perc alatt 80%-ra t\u00f6lti az 1000 mAh kapacit\u00e1s\u00fa akkumul\u00e1tort - t\u00f6k\u00e9letes a k\u00e9sedelem n\u00e9lk\u00fcli mobil \u00e9letm\u00f3dhoz.<\/p>\n<p class=\"font-claude-response-body whitespace-normal break-words\">A VOZOL Rave 40000 Watermelon Ice 5 sz\u00e1zal\u00e9kos nikotintartalm\u00e1val (50 mg\/ml) er\u0151teljes torok\u00fct\u00e9st \u00e9s hosszan tart\u00f3 nikotinell\u00e1t\u00e1st biztos\u00edt. A fejlett technol\u00f3gia, a konfigur\u00e1lhat\u00f3 funkci\u00f3k \u00e9s a k\u00f6vetkezetes min\u0151s\u00e9g szint\u00e9zise kiv\u00e1l\u00f3 v\u00e1laszt\u00e1ss\u00e1 teszi a min\u0151s\u00e9gtudatos vaperek sz\u00e1m\u00e1ra.<\/p>\n<h3 class=\"font-claude-response-subheading text-text-100 mt-1 -mb-1.5\">M\u0171szaki adatok:<\/h3>\n<p class=\"font-claude-response-body whitespace-normal break-words\"><strong>Modell:<\/strong> Rave 40000 mozog<br \/>\n<strong>\u00cdzek:<\/strong> G\u00f6r\u00f6gdinnye j\u00e9g<br \/>\n<strong>T\u00edpus:<\/strong> Eldobhat\u00f3 e-cigaretta<br \/>\n<strong>Nikotin er\u0151ss\u00e9g:<\/strong> 50 mg\/ml<br \/>\n<strong>Folyad\u00e9ktartalom:<\/strong> 20 ml<br \/>\n<strong>G\u0151z st\u00edlus:<\/strong> MTL<br \/>\n<strong>Akkumul\u00e1tor:<\/strong> 1000 mAh \u00fajrat\u00f6lthet\u0151<br \/>\n<strong>M\u00f3d:<\/strong> Kett\u0151s \u00fczemm\u00f3d<br \/>\n<strong>Tekercs t\u00edpusa:<\/strong> Kett\u0151s h\u00e1l\u00f3s tekercs<br \/>\n<strong>K\u00fcl\u00f6nlegess\u00e9g:<\/strong> 270\u00b0-os vibr\u00e1l\u00f3 vil\u00e1g\u00edt\u00f3 design<br \/>\n<strong>L\u00e9g\u00e1raml\u00e1s:<\/strong> \u00c1ll\u00edthat\u00f3 l\u00e9g\u00e1raml\u00e1s<br \/>\n<strong>Megjelen\u00edt\u00e9s:<\/strong> Intelligens akkumul\u00e1tor \u00e9s e-folyad\u00e9k kijelz\u0151<\/p>\n<h3 class=\"font-claude-response-subheading text-text-100 mt-1 -mb-1.5\">Fedezzen fel m\u00e9g t\u00f6bb VOZOL VAPE-t a fumotpuff-on<\/h3>\n<p class=\"font-claude-response-body whitespace-normal break-words\">Haszn\u00e1lja ki \u00e1tfog\u00f3 k\u00edn\u00e1latunkat a k\u00f6vetkez\u0151 t\u00e9m\u00e1kban <strong><a class=\"underline\" href=\"https:\/\/fumotpuff.com\/hu\/\">fumotpuff.com<\/a><\/strong> pr\u00e9mium e-cigarett\u00e1kkal minden \u00edzl\u00e9snek. Tov\u00e1bbi innovat\u00edv VOZOL term\u00e9kek v\u00e1rj\u00e1k \u00d6nt a <strong><a class=\"underline\" href=\"https:\/\/fumotpuff.com\/hu\/product-category\/vozol-vape\/\">VOZOL VAPE kateg\u00f3ria<\/a><\/strong>. A Rave 40000 teljes \u00edzvil\u00e1g\u00e1t megtal\u00e1lhatja a Rave 40000 <strong><a class=\"underline\" href=\"https:\/\/fumotpuff.com\/hu\/product-category\/vozol-vape\/vozol-rave-40000\/\">Vozol Rave 40000 kollekci\u00f3<\/a><\/strong>.<\/p>","protected":false},"excerpt":{"rendered":"<p class=\"font-claude-response-body whitespace-normal break-words\">A Vozol Rave 40000 Watermelon Ice a l\u00e9d\u00fas g\u00f6r\u00f6gdinny\u00e9t \u00f6tv\u00f6zi az intenz\u00edv h\u0171v\u00f6ss\u00e9ggel. A 20 ml e-folyad\u00e9kkal \u00e9s az 1000mAh-s akkumul\u00e1torral ak\u00e1r 40 000 slukkot is el\u00e9rhet. A kett\u0151s h\u00e1l\u00f3s tekercsek, a 270\u00b0-os, zen\u00e9re reag\u00e1l\u00f3 LED kijelz\u0151 \u00e9s az USB-C gyorst\u00f6lt\u00e9s (80% 20 perc alatt) garant\u00e1lja a friss\u00edt\u0151 pr\u00e9mium \u00e9lvezetet.<\/p>","protected":false},"featured_media":4772,"comment_status":"open","ping_status":"closed","template":"","meta":{"_acf_changed":false},"product_brand":[],"product_cat":[52],"product_tag":[],"class_list":{"0":"post-4771","1":"product","2":"type-product","3":"status-publish","4":"has-post-thumbnail","6":"product_cat-vozol-rave-40000","8":"first","9":"instock","10":"shipping-taxable","11":"purchasable","12":"product-type-variable"},"acf":[],"_links":{"self":[{"href":"https:\/\/fumotpuff.com\/hu\/wp-json\/wp\/v2\/product\/4771","targetHints":{"allow":["GET"]}}],"collection":[{"href":"https:\/\/fumotpuff.com\/hu\/wp-json\/wp\/v2\/product"}],"about":[{"href":"https:\/\/fumotpuff.com\/hu\/wp-json\/wp\/v2\/types\/product"}],"replies":[{"embeddable":true,"href":"https:\/\/fumotpuff.com\/hu\/wp-json\/wp\/v2\/comments?post=4771"}],"wp:featuredmedia":[{"embeddable":true,"href":"https:\/\/fumotpuff.com\/hu\/wp-json\/wp\/v2\/media\/4772"}],"wp:attachment":[{"href":"https:\/\/fumotpuff.com\/hu\/wp-json\/wp\/v2\/media?parent=4771"}],"wp:term":[{"taxonomy":"product_brand","embeddable":true,"href":"https:\/\/fumotpuff.com\/hu\/wp-json\/wp\/v2\/product_brand?post=4771"},{"taxonomy":"product_cat","embeddable":true,"href":"https:\/\/fumotpuff.com\/hu\/wp-json\/wp\/v2\/product_cat?post=4771"},{"taxonomy":"product_tag","embeddable":true,"href":"https:\/\/fumotpuff.com\/hu\/wp-json\/wp\/v2\/product_tag?post=4771"}],"curies":[{"name":"wp","href":"https:\/\/api.w.org\/{rel}","templated":true}]}}