{"id":4767,"date":"2025-11-18T09:10:13","date_gmt":"2025-11-18T08:10:13","guid":{"rendered":"https:\/\/fumotpuff.com\/?post_type=product&#038;p=4767"},"modified":"2025-11-18T09:10:13","modified_gmt":"2025-11-18T08:10:13","slug":"vozol-rave-40000-watermelon-bubblegum","status":"publish","type":"product","link":"https:\/\/fumotpuff.com\/hu\/termek\/vozol-rave-40000-watermelon-bubblegum\/","title":{"rendered":"Vozol Rave 40000 g\u00f6r\u00f6gdinnye r\u00e1g\u00f3gumi"},"content":{"rendered":"<h2 class=\"font-claude-response-heading text-text-100 mt-1 -mb-0.5\">Vozol Rave 40000 Watermelon Bubblegum eldobhat\u00f3 e-cigaretta<\/h2>\n<p class=\"font-claude-response-body whitespace-normal break-words\">A Vozol Rave 40000 Watermelon Bubblegum egy korszer\u0171, kiv\u00e9teles kapacit\u00e1s\u00fa, eldobhat\u00f3 e-cigaretta, amelyet kifejezetten a nagykereskedelmi v\u00e1s\u00e1rl\u00f3k sz\u00e1m\u00e1ra terveztek. A k\u00e9sz\u00fcl\u00e9k dinamikus, 270 fokos f\u00e9nydiz\u00e1jnj\u00e1val \u00e9s ritmus alap\u00fa party \u00fczemm\u00f3dj\u00e1val leny\u0171g\u00f6z a felejthetetlen g\u0151zpillanatok\u00e9rt. Az ak\u00e1r 40 000 slukk teljes\u00edtm\u00e9ny\u00e9vel, amelyet egy er\u0151teljes 1000 mAh-s akkumul\u00e1tor t\u00e1mogat, amely a gyorst\u00f6lt\u00e9si technol\u00f3gia seg\u00edts\u00e9g\u00e9vel mind\u00f6ssze 20 perc alatt 80 sz\u00e1zal\u00e9kra t\u00f6lthet\u0151, ez a modell \u00faj m\u00e9rc\u00e9t \u00e1ll\u00edt fel. A modern Eclipse g\u0151zanim\u00e1ci\u00f3 \u00e9s az 50 mg\/ml nikotiner\u0151ss\u00e9g a Watermelon Bubblegumot ide\u00e1lis v\u00e1laszt\u00e1ss\u00e1 teszi a professzion\u00e1lis eldobhat\u00f3 vape nagykereskedelem sz\u00e1m\u00e1ra.<\/p>\n<h3 class=\"font-claude-response-subheading text-text-100 mt-1 -mb-1.5\">G\u00f6r\u00f6gdinnye bubblegum \u00edz\u00e9lm\u00e9ny \u00e9s jellemz\u0151k:<\/h3>\n<p class=\"font-claude-response-body whitespace-normal break-words\">A VOZOL Rave 40000 Watermelon Bubblegum a g\u00f6r\u00f6gdinnye friss\u00edt\u0151 \u00e9dess\u00e9g\u00e9t \u00f6tv\u00f6zi a r\u00e1g\u00f3gumi nosztalgikus \u00edz\u00e9vel. Ez a j\u00e1t\u00e9kos, m\u00e9gis friss\u00edt\u0151 \u00edzkombin\u00e1ci\u00f3 felid\u00e9zi a gyermekkori eml\u00e9keket \u00e9s egyed\u00fcl\u00e1ll\u00f3 p\u00e1rologtat\u00e1si \u00e9lm\u00e9nyt ny\u00fajt.<\/p>\n<p class=\"font-claude-response-body whitespace-normal break-words\">A k\u00e9t teljes\u00edtm\u00e9nyszint teljes kontrollt biztos\u00edt: a norm\u00e1l \u00fczemm\u00f3d ak\u00e1r 40 000 slukkot is k\u00edn\u00e1l a hosszan tart\u00f3 \u00e9lvezet \u00e9rdek\u00e9ben, m\u00edg a turb\u00f3 \u00fczemm\u00f3d 25 000 slukkn\u00e1l er\u0151teljesebb \u00edzkifejez\u00e9st biztos\u00edt. A leny\u0171g\u00f6z\u0151 270\u00b0-os, zen\u00e9re reag\u00e1l\u00f3 LED-kijelz\u0151 az \u00d6n \u00fctem\u00e9re t\u00e1ncol, \u00e9s h\u00e1rom k\u00fcl\u00f6nb\u00f6z\u0151 vil\u00e1g\u00edt\u00e1si lehet\u0151s\u00e9get - Breathing, Beat \u00e9s Off - k\u00edn\u00e1l, hogy vizu\u00e1lis h\u00e1tteret biztos\u00edtson a g\u0151z\u00f6l\u00e9snek.<\/p>\n<p class=\"font-claude-response-body whitespace-normal break-words\">A fejlett Dual Mesh Coil technol\u00f3gia k\u00e9t \u00f6sszehangolt h\u00e1l\u00f3s tekercset haszn\u00e1l, amelyek intenz\u00edv \u00edzeket, gazdag g\u0151zt \u00e9s egyenletes h\u0151fejl\u0151d\u00e9st garant\u00e1lnak. A kifinomult kett\u0151s MCU chiprendszer hat\u00e9konyan fel\u00fcgyeli a k\u00e9sz\u00fcl\u00e9k teljes\u00edtm\u00e9ny\u00e9t, megakad\u00e1lyozza a t\u00falmeleged\u00e9s okozta k\u00e1rokat \u00e9s biztos\u00edtja az \u00e9rz\u00e9keny sz\u00edv\u00e1st. A v\u00e1ltoz\u00f3 l\u00e9g\u00e1raml\u00e1s-szab\u00e1lyoz\u00e1s lehet\u0151v\u00e9 teszi a k\u00f6nny\u0171 v\u00e1lt\u00e1st az MTL \u00e9s RDL g\u0151z\u00f6l\u00e9si st\u00edlusok k\u00f6z\u00f6tt.<\/p>\n<p class=\"font-claude-response-body whitespace-normal break-words\">Az USB-C gyorst\u00f6lt\u00e9s az 1000 mAh-s akkumul\u00e1tort mind\u00f6ssze 20 perc alatt 80%-os t\u00f6lt\u00f6tts\u00e9gi szintre emeli - ide\u00e1lis az akt\u00edv mindennapokhoz, hossz\u00fa v\u00e1rakoz\u00e1si id\u0151 n\u00e9lk\u00fcl.<\/p>\n<p class=\"font-claude-response-body whitespace-normal break-words\">A VOZOL Rave 40000 Watermelon Bubblegum 5 sz\u00e1zal\u00e9kos nikotintartalm\u00e1val (50 mg\/ml) kiel\u00e9g\u00edt\u0151 torok\u00fct\u00e9st \u00e9s tart\u00f3s nikotinel\u00e9gedetts\u00e9get garant\u00e1l. Az intelligens technol\u00f3gia, a testreszabhat\u00f3 funkci\u00f3k \u00e9s a stabil teljes\u00edtm\u00e9ny kombin\u00e1ci\u00f3ja kiv\u00e1l\u00f3 v\u00e1laszt\u00e1ss\u00e1 teszi a pr\u00e9mium vape rajong\u00f3k sz\u00e1m\u00e1ra.<\/p>\n<h3 class=\"font-claude-response-subheading text-text-100 mt-1 -mb-1.5\">M\u0171szaki adatok:<\/h3>\n<p class=\"font-claude-response-body whitespace-normal break-words\"><strong>Modell:<\/strong> Rave 40000 mozog<br \/>\n<strong>\u00cdzek:<\/strong> G\u00f6r\u00f6gdinnye Bubblegum<br \/>\n<strong>T\u00edpus:<\/strong> Eldobhat\u00f3 e-cigaretta<br \/>\n<strong>Nikotin er\u0151ss\u00e9g:<\/strong> 50 mg\/ml<br \/>\n<strong>Folyad\u00e9ktartalom:<\/strong> 20 ml<br \/>\n<strong>G\u0151z st\u00edlus:<\/strong> MTL<br \/>\n<strong>Akkumul\u00e1tor:<\/strong> 1000 mAh \u00fajrat\u00f6lthet\u0151<br \/>\n<strong>M\u00f3d:<\/strong> Kett\u0151s \u00fczemm\u00f3d<br \/>\n<strong>Tekercs t\u00edpusa:<\/strong> Kett\u0151s h\u00e1l\u00f3s tekercs<br \/>\n<strong>K\u00fcl\u00f6nlegess\u00e9g:<\/strong> 270\u00b0-os vibr\u00e1l\u00f3 vil\u00e1g\u00edt\u00f3 design<br \/>\n<strong>L\u00e9g\u00e1raml\u00e1s:<\/strong> \u00c1ll\u00edthat\u00f3 l\u00e9g\u00e1raml\u00e1s<br \/>\n<strong>Megjelen\u00edt\u00e9s:<\/strong> Intelligens akkumul\u00e1tor \u00e9s e-folyad\u00e9k kijelz\u0151<\/p>\n<h3 class=\"font-claude-response-subheading text-text-100 mt-1 -mb-1.5\">Fedezzen fel m\u00e9g t\u00f6bb VOZOL VAPE-t a fumotpuff-on<\/h3>\n<p class=\"font-claude-response-body whitespace-normal break-words\">\u00dcdv\u00f6z\u00f6lj\u00fck a <strong><a class=\"underline\" href=\"https:\/\/fumotpuff.com\/hu\/\">fumotpuff<\/a><\/strong> - Az \u00d6n megb\u00edzhat\u00f3 partnere az els\u0151 oszt\u00e1ly\u00fa vape term\u00e9kek\u00e9rt. Fedezzen fel t\u00f6bb cs\u00facsk\u00e9sz\u00fcl\u00e9ket a <strong><a class=\"underline\" href=\"https:\/\/fumotpuff.com\/hu\/product-category\/vozol-vape\/\">VOZOL VAPE kateg\u00f3ria<\/a><\/strong> vagy tal\u00e1lja meg kedvenc fajt\u00e1j\u00e1t a teljes <strong><a class=\"underline\" href=\"https:\/\/fumotpuff.com\/hu\/product-category\/vozol-vape\/vozol-rave-40000\/\">Vozol Rave 40000 kollekci\u00f3<\/a><\/strong>.<\/p>","protected":false},"excerpt":{"rendered":"<p class=\"font-claude-response-body whitespace-normal break-words\">A Vozol Rave 40000 Watermelon Bubblegum a friss\u00edt\u0151 g\u00f6r\u00f6gdinnye \u00e9s a nosztalgikus r\u00e1g\u00f3gumi \u00edz\u00e9t \u00f6tv\u00f6zi. A 20 ml e-folyad\u00e9kkal \u00e9s 1000mAh-s akkumul\u00e1torral ak\u00e1r 40 000 slukkot is biztos\u00edt. Kett\u0151s h\u00e1l\u00f3s tekercsek, 270\u00b0-os, zen\u00e9re reag\u00e1l\u00f3 LED kijelz\u0151 \u00e9s USB-C gyorst\u00f6lt\u00e9s (80% 20 perc alatt) a j\u00e1t\u00e9kos \u00e9lvezet\u00e9rt.<\/p>","protected":false},"featured_media":4768,"comment_status":"open","ping_status":"closed","template":"","meta":{"_acf_changed":false},"product_brand":[],"product_cat":[52],"product_tag":[],"class_list":{"0":"post-4767","1":"product","2":"type-product","3":"status-publish","4":"has-post-thumbnail","6":"product_cat-vozol-rave-40000","8":"first","9":"instock","10":"shipping-taxable","11":"purchasable","12":"product-type-variable"},"acf":[],"_links":{"self":[{"href":"https:\/\/fumotpuff.com\/hu\/wp-json\/wp\/v2\/product\/4767","targetHints":{"allow":["GET"]}}],"collection":[{"href":"https:\/\/fumotpuff.com\/hu\/wp-json\/wp\/v2\/product"}],"about":[{"href":"https:\/\/fumotpuff.com\/hu\/wp-json\/wp\/v2\/types\/product"}],"replies":[{"embeddable":true,"href":"https:\/\/fumotpuff.com\/hu\/wp-json\/wp\/v2\/comments?post=4767"}],"wp:featuredmedia":[{"embeddable":true,"href":"https:\/\/fumotpuff.com\/hu\/wp-json\/wp\/v2\/media\/4768"}],"wp:attachment":[{"href":"https:\/\/fumotpuff.com\/hu\/wp-json\/wp\/v2\/media?parent=4767"}],"wp:term":[{"taxonomy":"product_brand","embeddable":true,"href":"https:\/\/fumotpuff.com\/hu\/wp-json\/wp\/v2\/product_brand?post=4767"},{"taxonomy":"product_cat","embeddable":true,"href":"https:\/\/fumotpuff.com\/hu\/wp-json\/wp\/v2\/product_cat?post=4767"},{"taxonomy":"product_tag","embeddable":true,"href":"https:\/\/fumotpuff.com\/hu\/wp-json\/wp\/v2\/product_tag?post=4767"}],"curies":[{"name":"wp","href":"https:\/\/api.w.org\/{rel}","templated":true}]}}