{"id":4759,"date":"2025-11-18T09:05:20","date_gmt":"2025-11-18T08:05:20","guid":{"rendered":"https:\/\/fumotpuff.com\/?post_type=product&#038;p=4759"},"modified":"2025-11-18T09:05:20","modified_gmt":"2025-11-18T08:05:20","slug":"vozol-rave-40000-strawberry-watermelon","status":"publish","type":"product","link":"https:\/\/fumotpuff.com\/hu\/termek\/vozol-rave-40000-strawberry-watermelon\/","title":{"rendered":"Vozol Rave 40000 Eper g\u00f6r\u00f6gdinnye"},"content":{"rendered":"<h2 class=\"font-claude-response-heading text-text-100 mt-1 -mb-0.5\">Vozol Rave 40000 Eper-g\u00f6r\u00f6gdinnye eldobhat\u00f3 e-cigaretta<\/h2>\n<p class=\"font-claude-response-body whitespace-normal break-words\">A Vozol Rave 40000 Strawberry Watermelon egy nagy teljes\u00edtm\u00e9ny\u0171, jelent\u0151s kapacit\u00e1s\u00fa, nagykereskedelmi forgalmaz\u00e1sra sz\u00e1nt eldobhat\u00f3 e-cigaretta. A k\u00e9sz\u00fcl\u00e9k l\u00e1tv\u00e1nyos, 270 fokos f\u00e9nytervez\u00e9ssel \u00e9s zenealap\u00fa party m\u00f3ddal b\u00fcszk\u00e9lkedhet, amely egyed\u00fcl\u00e1ll\u00f3 g\u0151z\u00f6lg\u00e9si \u00e9lm\u00e9nyt ny\u00fajt. Ak\u00e1r 40 000 sz\u00edv\u00e1s kapacit\u00e1ssal, egy er\u0151s 1000 mAh-s akkumul\u00e1torral felszerelve, amely gyors t\u00f6lt\u00e9si technol\u00f3gi\u00e1val mind\u00f6ssze 20 perc alatt 80 sz\u00e1zal\u00e9kos t\u00f6lt\u00f6tts\u00e9gi szintet \u00e9r el, ez a modell \u00faj szabv\u00e1nyokat hat\u00e1roz meg. Az eleg\u00e1ns Eclipse g\u0151zanim\u00e1ci\u00f3 \u00e9s az 50 mg\/ml nikotintartalom miatt a Strawberry Watermelon ide\u00e1lis v\u00e1laszt\u00e1s a professzion\u00e1lis eldobhat\u00f3 vape-forgalmaz\u00e1shoz.<\/p>\n<h3 class=\"font-claude-response-subheading text-text-100 mt-1 -mb-1.5\">Eper-g\u00f6r\u00f6gdinnye \u00edzjegyek \u00e9s kiemelt jellemz\u0151k:<\/h3>\n<p class=\"font-claude-response-body whitespace-normal break-words\">A VOZOL Rave 40000 Strawberry Watermelon l\u00e9d\u00fas eperrel \u00e9s friss\u00edt\u0151 g\u00f6r\u00f6gdinny\u00e9vel kombin\u00e1lva ny\u00e1ri \u00edzrobban\u00e1st k\u00edn\u00e1l. Ez a n\u00e9pszer\u0171 gy\u00fcm\u00f6lcskombin\u00e1ci\u00f3 k\u00f6nny\u0171, m\u00e9gis arom\u00e1s g\u0151z\u00f6lg\u00e9si \u00e9lm\u00e9nyt ny\u00fajt, amely k\u00fcl\u00f6n\u00f6sen meleg napokon meggy\u0151z\u0151.<\/p>\n<p class=\"font-claude-response-body whitespace-normal break-words\">A rugalmas \u00fczemm\u00f3dok optim\u00e1lis alkalmazkod\u00e1st biztos\u00edtanak: a standard m\u00f3d ak\u00e1r 40 000 sz\u00edv\u00e1st is lehet\u0151v\u00e9 tesz hossz\u00fa t\u00e1v\u00fa haszn\u00e1lat eset\u00e9n, m\u00edg a turb\u00f3 m\u00f3d 25 000 sz\u00edv\u00e1sn\u00e1l fejti ki maxim\u00e1lis \u00edzintenzit\u00e1s\u00e1t. A leny\u0171g\u00f6z\u0151, 270\u00b0-os, zen\u00e9vel vez\u00e9relt LED-kijelz\u0151 harmoniz\u00e1l kedvenc dalaival, \u00e9s h\u00e1rom v\u00e1laszthat\u00f3 f\u00e9nyeffektet k\u00edn\u00e1l \u2013 Breathing, Beat \u00e9s Off \u2013 az atmoszf\u00e9rikus hangulat megteremt\u00e9s\u00e9hez.<\/p>\n<p class=\"font-claude-response-body whitespace-normal break-words\">Az innovat\u00edv Dual Mesh Coil technol\u00f3gia k\u00e9t egy\u00fcttm\u0171k\u00f6d\u0151 h\u00e1l\u00f3s tekercset kombin\u00e1l az kiv\u00e1l\u00f3 \u00edz, s\u0171r\u0171 g\u0151zfelh\u0151k \u00e9s egyenletes h\u0151 lead\u00e1s \u00e9rdek\u00e9ben. A kifinomult Dual-MCU chip rendszer intelligensen szab\u00e1lyozza a teljes\u00edtm\u00e9ny lead\u00e1st, v\u00e9di a termikus k\u00e1rosod\u00e1sokt\u00f3l \u00e9s finom sz\u00edv\u00e1s aktiv\u00e1l\u00e1st tesz lehet\u0151v\u00e9. A testreszabhat\u00f3 l\u00e9g\u00e1ram-szab\u00e1lyoz\u00e1s lehet\u0151v\u00e9 teszi az MTL \u00e9s RDL g\u0151zv\u00e1ltozatok k\u00f6z\u00f6tti egyszer\u0171 v\u00e1lt\u00e1st.<\/p>\n<p class=\"font-claude-response-body whitespace-normal break-words\">Az USB-C gyors t\u00f6lt\u00e9s 20 perc alatt 80 sz\u00e1zal\u00e9kra t\u00f6lti fel az 1000 mAh-s akkumul\u00e1tort \u2013 t\u00f6k\u00e9letes megold\u00e1s utaz\u00e1shoz \u00e9s a mozgalmas mindennapokhoz.<\/p>\n<p class=\"font-claude-response-body whitespace-normal break-words\">5 sz\u00e1zal\u00e9kos nikotintartalm\u00e1val (50 mg\/ml) a VOZOL Rave 40000 Strawberry Watermelon er\u0151teljes torok\u00e9rzetet \u00e9s tart\u00f3s nikotinszatur\u00e1ci\u00f3t biztos\u00edt. A legmodernebb technol\u00f3gia, az egy\u00e9nre szabhat\u00f3 param\u00e9terek \u00e9s a megb\u00edzhat\u00f3 teljes\u00edtm\u00e9ny kombin\u00e1ci\u00f3ja kiv\u00e1l\u00f3 v\u00e1laszt\u00e1ss\u00e1 teszi a min\u0151s\u00e9gi e-cigaretta haszn\u00e1l\u00f3k sz\u00e1m\u00e1ra.<\/p>\n<h3 class=\"font-claude-response-subheading text-text-100 mt-1 -mb-1.5\">M\u0171szaki adatok:<\/h3>\n<p class=\"font-claude-response-body whitespace-normal break-words\"><strong>Modell:<\/strong> Rave 40000 mozog<br \/>\n<strong>\u00cdzek:<\/strong> Eper-g\u00f6r\u00f6gdinnye<br \/>\n<strong>T\u00edpus:<\/strong> Eldobhat\u00f3 e-cigaretta<br \/>\n<strong>Nikotin er\u0151ss\u00e9g:<\/strong> 50 mg\/ml<br \/>\n<strong>Folyad\u00e9ktartalom:<\/strong> 20 ml<br \/>\n<strong>G\u0151z st\u00edlus:<\/strong> MTL<br \/>\n<strong>Akkumul\u00e1tor:<\/strong> 1000 mAh \u00fajrat\u00f6lthet\u0151<br \/>\n<strong>M\u00f3d:<\/strong> Kett\u0151s \u00fczemm\u00f3d<br \/>\n<strong>Tekercs t\u00edpusa:<\/strong> Kett\u0151s h\u00e1l\u00f3s tekercs<br \/>\n<strong>K\u00fcl\u00f6nlegess\u00e9g:<\/strong> 270\u00b0-os vibr\u00e1l\u00f3 vil\u00e1g\u00edt\u00f3 design<br \/>\n<strong>L\u00e9g\u00e1raml\u00e1s:<\/strong> \u00c1ll\u00edthat\u00f3 l\u00e9g\u00e1raml\u00e1s<br \/>\n<strong>Megjelen\u00edt\u00e9s:<\/strong> Intelligens akkumul\u00e1tor \u00e9s e-folyad\u00e9k kijelz\u0151<\/p>\n<h3 class=\"font-claude-response-subheading text-text-100 mt-1 -mb-1.5\">Fedezzen fel m\u00e9g t\u00f6bb VOZOL VAPE-t a fumotpuff-on<\/h3>\n<p class=\"font-claude-response-body whitespace-normal break-words\">A kiv\u00e1l\u00f3 min\u0151s\u00e9g\u0171 vaping term\u00e9kek szak\u00e9rt\u0151je: <strong><a class=\"underline\" href=\"https:\/\/fumotpuff.com\/hu\/\">fumotpuff<\/a><\/strong> els\u0151 oszt\u00e1ly\u00fa e-cigarett\u00e1kat k\u00edn\u00e1l minden ig\u00e9nyhez. Kiterjedt k\u00edn\u00e1latunkban <strong><a class=\"underline\" href=\"https:\/\/fumotpuff.com\/hu\/product-category\/vozol-vape\/\">VOZOL VAPE kateg\u00f3ria<\/a><\/strong> innovat\u00edv g\u0151zold\u00e1sokat tal\u00e1l. A Rave 40000 teljes \u00edzv\u00e1laszt\u00e9ka megtal\u00e1lhat\u00f3 a <strong><a class=\"underline\" href=\"https:\/\/fumotpuff.com\/hu\/product-category\/vozol-vape\/vozol-rave-40000\/\">Vozol Rave 40000 kollekci\u00f3<\/a><\/strong> az \u00d6n sz\u00e1m\u00e1ra.<\/p>","protected":false},"excerpt":{"rendered":"<p class=\"font-claude-response-body whitespace-normal break-words\">A Vozol Rave 40000 Strawberry Watermelon l\u00e9d\u00fas eperrel \u00e9s friss\u00edt\u0151 g\u00f6r\u00f6gdinny\u00e9vel kombin\u00e1lja. 20 ml e-liquiddel \u00e9s 1000 mAh-s akkumul\u00e1torral ak\u00e1r 40 000 slukkot is el\u00e9rhet. Kett\u0151s h\u00e1l\u00f3s tekercsek, 270\u00b0-os zen\u00e9re reag\u00e1l\u00f3 LED-kijelz\u0151 \u00e9s USB-C gyorst\u00f6lt\u00e9s (80% 20 perc alatt) a ny\u00e1ri \u00e9lvezet\u00e9rt.<\/p>","protected":false},"featured_media":4760,"comment_status":"open","ping_status":"closed","template":"","meta":{"_acf_changed":false},"product_brand":[],"product_cat":[52],"product_tag":[],"class_list":{"0":"post-4759","1":"product","2":"type-product","3":"status-publish","4":"has-post-thumbnail","6":"product_cat-vozol-rave-40000","8":"first","9":"instock","10":"shipping-taxable","11":"purchasable","12":"product-type-variable"},"acf":[],"_links":{"self":[{"href":"https:\/\/fumotpuff.com\/hu\/wp-json\/wp\/v2\/product\/4759","targetHints":{"allow":["GET"]}}],"collection":[{"href":"https:\/\/fumotpuff.com\/hu\/wp-json\/wp\/v2\/product"}],"about":[{"href":"https:\/\/fumotpuff.com\/hu\/wp-json\/wp\/v2\/types\/product"}],"replies":[{"embeddable":true,"href":"https:\/\/fumotpuff.com\/hu\/wp-json\/wp\/v2\/comments?post=4759"}],"wp:featuredmedia":[{"embeddable":true,"href":"https:\/\/fumotpuff.com\/hu\/wp-json\/wp\/v2\/media\/4760"}],"wp:attachment":[{"href":"https:\/\/fumotpuff.com\/hu\/wp-json\/wp\/v2\/media?parent=4759"}],"wp:term":[{"taxonomy":"product_brand","embeddable":true,"href":"https:\/\/fumotpuff.com\/hu\/wp-json\/wp\/v2\/product_brand?post=4759"},{"taxonomy":"product_cat","embeddable":true,"href":"https:\/\/fumotpuff.com\/hu\/wp-json\/wp\/v2\/product_cat?post=4759"},{"taxonomy":"product_tag","embeddable":true,"href":"https:\/\/fumotpuff.com\/hu\/wp-json\/wp\/v2\/product_tag?post=4759"}],"curies":[{"name":"wp","href":"https:\/\/api.w.org\/{rel}","templated":true}]}}