{"id":4751,"date":"2025-11-18T09:00:34","date_gmt":"2025-11-18T08:00:34","guid":{"rendered":"https:\/\/fumotpuff.com\/?post_type=product&#038;p=4751"},"modified":"2025-11-18T09:00:34","modified_gmt":"2025-11-18T08:00:34","slug":"vozol-rave-40000-strawberry-kiwi","status":"publish","type":"product","link":"https:\/\/fumotpuff.com\/hu\/termek\/vozol-rave-40000-strawberry-kiwi\/","title":{"rendered":"Vozol Rave 40000 eper kiwi"},"content":{"rendered":"<h2 class=\"font-claude-response-heading text-text-100 mt-1 -mb-0.5\">Vozol Rave 40000 Strawberry Kiwi eldobhat\u00f3 e-cigaretta<\/h2>\n<p class=\"font-claude-response-body whitespace-normal break-words\">A Vozol Rave 40000 Strawberry Kiwi egy kiv\u00e1l\u00f3 min\u0151s\u00e9g\u0171, nagy kapacit\u00e1s\u00fa, egyszer haszn\u00e1latos e-cigaretta a nagykereskedelmi szektor sz\u00e1m\u00e1ra. A k\u00e9sz\u00fcl\u00e9k leny\u0171g\u00f6z\u0151 270 fokos vil\u00e1g\u00edt\u00e1si kialak\u00edt\u00e1s\u00e1val \u00e9s zenevez\u00e9relt party m\u00f3dj\u00e1val felejthetetlen g\u0151z\u00f6l\u00e9si \u00e9lm\u00e9nyt ny\u00fajt. Ak\u00e1r 40 000 sz\u00edv\u00e1s teljes\u00edtm\u00e9ny\u00e9vel, egy nagy teljes\u00edtm\u00e9ny\u0171 1000 mAh-s akkumul\u00e1torral felszerelve, amely gyors t\u00f6lt\u00e9si technol\u00f3gi\u00e1val mind\u00f6ssze 20 perc alatt 80 sz\u00e1zal\u00e9kosra t\u00f6lthet\u0151, ez a modell \u00faj m\u00e9rc\u00e9t \u00e1ll\u00edt fel. Az eleg\u00e1ns Eclipse g\u0151zanim\u00e1ci\u00f3 \u00e9s az 50 mg\/ml nikotind\u00f3zis teszi a Strawberry Kiwi-t az optim\u00e1lis megold\u00e1ss\u00e1 a professzion\u00e1lis egyszer haszn\u00e1latos g\u0151z\u00f6l\u00e9s nagykereskedelem sz\u00e1m\u00e1ra.<\/p>\n<h3 class=\"font-claude-response-subheading text-text-100 mt-1 -mb-1.5\">Eper-kivi \u00edzkombin\u00e1ci\u00f3 \u00e9s funkci\u00f3k:<\/h3>\n<p class=\"font-claude-response-body whitespace-normal break-words\">A VOZOL Rave 40000 Strawberry Kiwi harmonikus kever\u00e9ke az \u00e9des epernek \u00e9s a savanyk\u00e1s kivi gy\u00fcm\u00f6lcsnek. Ez az egzotikus gy\u00fcm\u00f6lcskever\u00e9k kiegyens\u00falyozott \u00e9s friss\u00edt\u0151 g\u0151z\u00f6lg\u00e9si \u00e9lm\u00e9nyt ny\u00fajt, amely v\u00e1ltozatoss\u00e1got hoz a mindennapjaiba.<\/p>\n<p class=\"font-claude-response-body whitespace-normal break-words\">A kett\u0151s \u00fczemm\u00f3dok egyedi be\u00e1ll\u00edt\u00e1sokat tesznek lehet\u0151v\u00e9: norm\u00e1l m\u00f3dban ak\u00e1r 40 000 sz\u00edv\u00e1sig is \u00e9lvezheti a k\u00e9sz\u00fcl\u00e9ket, m\u00edg turb\u00f3 m\u00f3dban 25 000 sz\u00edv\u00e1sig fokozza az aroma kibontakoz\u00e1s\u00e1t. A rendk\u00edv\u00fcli, 270\u00b0-os, zen\u00e9re \u00e9rz\u00e9keny LED-kijelz\u0151 reag\u00e1l a ritmusra, \u00e9s h\u00e1rom k\u00fcl\u00f6nb\u00f6z\u0151 vil\u00e1g\u00edt\u00e1si m\u00f3dot k\u00edn\u00e1l \u2013 Breathing, Beat \u00e9s Off \u2013 a vizu\u00e1lisan vonz\u00f3 teljes\u00edtm\u00e9ny \u00e9rdek\u00e9ben.<\/p>\n<p class=\"font-claude-response-body whitespace-normal break-words\">A cs\u00facstechnol\u00f3gi\u00e1s Dual Mesh Coil technol\u00f3gia k\u00e9t egym\u00e1ssal egy\u00fcttm\u0171k\u00f6d\u0151 h\u00e1l\u00f3s tekercset haszn\u00e1l, amelyek intenz\u00edv \u00edzeket, gazdag g\u0151zk\u00e9pz\u0151d\u00e9st \u00e9s homog\u00e9n h\u0151m\u00e9rs\u00e9klet-eloszl\u00e1st biztos\u00edtanak. Az intelligens Dual-MCU chiprendszer hat\u00e9konyan szab\u00e1lyozza a teljes\u00edtm\u00e9nyt, megakad\u00e1lyozza a t\u00falmeleged\u00e9s okozta k\u00e1rokat \u00e9s garant\u00e1lja a gyors reag\u00e1l\u00e1s\u00fa aktiv\u00e1l\u00e1st. A v\u00e1ltoz\u00f3 l\u00e9g\u00e1ram-szab\u00e1lyoz\u00e1s lehet\u0151v\u00e9 teszi a rugalmas v\u00e1lt\u00e1st az MTL \u00e9s RDL sz\u00edv\u00e1si technik\u00e1k k\u00f6z\u00f6tt.<\/p>\n<p class=\"font-claude-response-body whitespace-normal break-words\">Az USB-C gyors t\u00f6lt\u00e9si opci\u00f3val a 1000 mAh-s akkumul\u00e1tor mind\u00f6ssze 20 perc alatt 80 sz\u00e1zal\u00e9kos kapacit\u00e1sra t\u00f6lthet\u0151 fel \u2013 t\u00f6k\u00e9letes megold\u00e1s a dinamikus mindennapokhoz, felesleges megszak\u00edt\u00e1sok n\u00e9lk\u00fcl.<\/p>\n<p class=\"font-claude-response-body whitespace-normal break-words\">5 sz\u00e1zal\u00e9kos nikotintartalommal (50 mg\/ml) a VOZOL Rave 40000 Strawberry Kiwi meggy\u0151z\u0151 torok\u00e9rzetet \u00e9s tart\u00f3s nikotinell\u00e1t\u00e1st biztos\u00edt. A technikai innov\u00e1ci\u00f3, a szem\u00e9lyre szabhat\u00f3 be\u00e1ll\u00edt\u00e1sok \u00e9s az \u00e1lland\u00f3 teljes\u00edtm\u00e9ny kombin\u00e1ci\u00f3ja miatt ez a term\u00e9k az els\u0151 v\u00e1laszt\u00e1s a min\u0151s\u00e9gtudatos e-cigaretta-haszn\u00e1l\u00f3k sz\u00e1m\u00e1ra.<\/p>\n<h3 class=\"font-claude-response-subheading text-text-100 mt-1 -mb-1.5\">M\u0171szaki adatok:<\/h3>\n<p class=\"font-claude-response-body whitespace-normal break-words\"><strong>Modell:<\/strong> Rave 40000 mozog<br \/>\n<strong>\u00cdzek:<\/strong> Eper-kivi<br \/>\n<strong>T\u00edpus:<\/strong> Eldobhat\u00f3 e-cigaretta<br \/>\n<strong>Nikotin er\u0151ss\u00e9g:<\/strong> 50 mg\/ml<br \/>\n<strong>Folyad\u00e9ktartalom:<\/strong> 20 ml<br \/>\n<strong>G\u0151z st\u00edlus:<\/strong> MTL<br \/>\n<strong>Akkumul\u00e1tor:<\/strong> 1000 mAh \u00fajrat\u00f6lthet\u0151<br \/>\n<strong>M\u00f3d:<\/strong> Kett\u0151s \u00fczemm\u00f3d<br \/>\n<strong>Tekercs t\u00edpusa:<\/strong> Kett\u0151s h\u00e1l\u00f3s tekercs<br \/>\n<strong>K\u00fcl\u00f6nlegess\u00e9g:<\/strong> 270\u00b0-os vibr\u00e1l\u00f3 vil\u00e1g\u00edt\u00f3 design<br \/>\n<strong>L\u00e9g\u00e1raml\u00e1s:<\/strong> \u00c1ll\u00edthat\u00f3 l\u00e9g\u00e1raml\u00e1s<br \/>\n<strong>Megjelen\u00edt\u00e9s:<\/strong> Intelligens akkumul\u00e1tor \u00e9s e-folyad\u00e9k kijelz\u0151<\/p>\n<h3 class=\"font-claude-response-subheading text-text-100 mt-1 -mb-1.5\">Fedezzen fel m\u00e9g t\u00f6bb VOZOL VAPE-t a fumotpuff-on<\/h3>\n<p class=\"font-claude-response-body whitespace-normal break-words\">Mer\u00fclj\u00f6n el a kiv\u00e1l\u00f3 min\u0151s\u00e9g\u0171 vape-term\u00e9kek vil\u00e1g\u00e1ban <strong><a class=\"underline\" href=\"https:\/\/fumotpuff.com\/hu\/\">fumotpuff.com<\/a><\/strong>. A <strong><a class=\"underline\" href=\"https:\/\/fumotpuff.com\/hu\/product-category\/vozol-vape\/\">VOZOL VAPE kateg\u00f3ria<\/a><\/strong> sz\u00e9les v\u00e1laszt\u00e9kot k\u00edn\u00e1l innovat\u00edv g\u0151zk\u00e9sz\u00fcl\u00e9kekb\u0151l. A Rave 40000 \u00f6sszes \u00edzv\u00e1ltozat\u00e1t megtal\u00e1lja a <strong><a class=\"underline\" href=\"https:\/\/fumotpuff.com\/hu\/product-category\/vozol-vape\/vozol-rave-40000\/\">Vozol Rave 40000 kollekci\u00f3<\/a><\/strong>.<\/p>","protected":false},"excerpt":{"rendered":"<p class=\"font-claude-response-body whitespace-normal break-words\">A Vozol Rave 40000 Strawberry Kiwi \u00e9des eper \u00e9s savanyk\u00e1s kiwi \u00edz\u00e9t \u00f6tv\u00f6zi. 20 ml e-liquiddel \u00e9s 1000 mAh-s akkumul\u00e1torral ak\u00e1r 40 000 slukkot is biztos\u00edt. A kett\u0151s h\u00e1l\u00f3s tekercsek, a 270\u00b0-os zen\u00e9re reag\u00e1l\u00f3 LED-kijelz\u0151 \u00e9s az USB-C gyorst\u00f6lt\u00e9s (80% 20 perc alatt) egzotikus pr\u00e9mium \u00e9lm\u00e9nyt biztos\u00edtanak.<\/p>","protected":false},"featured_media":4752,"comment_status":"open","ping_status":"closed","template":"","meta":{"_acf_changed":false},"product_brand":[],"product_cat":[52],"product_tag":[],"class_list":{"0":"post-4751","1":"product","2":"type-product","3":"status-publish","4":"has-post-thumbnail","6":"product_cat-vozol-rave-40000","8":"first","9":"instock","10":"shipping-taxable","11":"purchasable","12":"product-type-variable"},"acf":[],"_links":{"self":[{"href":"https:\/\/fumotpuff.com\/hu\/wp-json\/wp\/v2\/product\/4751","targetHints":{"allow":["GET"]}}],"collection":[{"href":"https:\/\/fumotpuff.com\/hu\/wp-json\/wp\/v2\/product"}],"about":[{"href":"https:\/\/fumotpuff.com\/hu\/wp-json\/wp\/v2\/types\/product"}],"replies":[{"embeddable":true,"href":"https:\/\/fumotpuff.com\/hu\/wp-json\/wp\/v2\/comments?post=4751"}],"wp:featuredmedia":[{"embeddable":true,"href":"https:\/\/fumotpuff.com\/hu\/wp-json\/wp\/v2\/media\/4752"}],"wp:attachment":[{"href":"https:\/\/fumotpuff.com\/hu\/wp-json\/wp\/v2\/media?parent=4751"}],"wp:term":[{"taxonomy":"product_brand","embeddable":true,"href":"https:\/\/fumotpuff.com\/hu\/wp-json\/wp\/v2\/product_brand?post=4751"},{"taxonomy":"product_cat","embeddable":true,"href":"https:\/\/fumotpuff.com\/hu\/wp-json\/wp\/v2\/product_cat?post=4751"},{"taxonomy":"product_tag","embeddable":true,"href":"https:\/\/fumotpuff.com\/hu\/wp-json\/wp\/v2\/product_tag?post=4751"}],"curies":[{"name":"wp","href":"https:\/\/api.w.org\/{rel}","templated":true}]}}