{"id":4747,"date":"2025-11-18T08:58:03","date_gmt":"2025-11-18T07:58:03","guid":{"rendered":"https:\/\/fumotpuff.com\/?post_type=product&#038;p=4747"},"modified":"2025-11-18T08:58:04","modified_gmt":"2025-11-18T07:58:04","slug":"vozol-rave-40000-strawberry-ice","status":"publish","type":"product","link":"https:\/\/fumotpuff.com\/hu\/termek\/vozol-rave-40000-strawberry-ice\/","title":{"rendered":"Vozol Rave 40000 eper j\u00e9g"},"content":{"rendered":"<h2 class=\"font-claude-response-heading text-text-100 mt-1 -mb-0.5\">Vozol Rave 40000 Strawberry Ice eldobhat\u00f3 e-cigaretta<\/h2>\n<p class=\"font-claude-response-body whitespace-normal break-words\">A Vozol Rave 40000 Strawberry Ice egy nagy teljes\u00edtm\u00e9ny\u0171, nagy kapacit\u00e1s\u00fa, egyszer haszn\u00e1latos e-cigaretta, amelyet professzion\u00e1lis nagykereskedelemre fejlesztettek ki. A k\u00e9sz\u00fcl\u00e9k l\u00e1tv\u00e1nyos, 270 fokos f\u00e9nyterjed\u00e9s\u0171 kialak\u00edt\u00e1s\u00e1val \u00e9s a ritmushoz szinkroniz\u00e1lt party m\u00f3dj\u00e1val minden g\u0151z\u00f6l\u00e9si \u00e9lm\u00e9nyt intenz\u00edvebb\u00e9 tesz. Ak\u00e1r 40 000 sz\u00edv\u00e1ssal, egy er\u0151teljes 1000 mAh-s akkumul\u00e1torral \u00e9s gyors t\u00f6lt\u00e9si funkci\u00f3val, amely 20 perc alatt el\u00e9ri a 80 sz\u00e1zal\u00e9kos t\u00f6lt\u00f6tts\u00e9get, ez a modell maxim\u00e1lis megb\u00edzhat\u00f3s\u00e1got ny\u00fajt. Az Eclipse g\u0151zanim\u00e1ci\u00f3 modern megjelen\u00e9st k\u00f6lcs\u00f6n\u00f6z a k\u00e9sz\u00fcl\u00e9knek, m\u00edg az 50 mg\/ml nikotintartalom teljes el\u00e9gedetts\u00e9get biztos\u00edt \u2013 t\u00f6k\u00e9letes v\u00e1laszt\u00e1s az egyszer haszn\u00e1latos vaporiz\u00e1torok nagykereskedelmi piac\u00e1ra.<\/p>\n<h3 class=\"font-claude-response-subheading text-text-100 mt-1 -mb-1.5\">Strawberry Ice \u00edz\u00e9lm\u00e9ny \u00e9s jellemz\u0151k:<\/h3>\n<p class=\"font-claude-response-body whitespace-normal break-words\">A VOZOL Rave 40000 Strawberry Ice \u00f6tv\u00f6zi az \u00e9rett eper \u00e9des intenzit\u00e1s\u00e1t egy friss\u00edt\u0151 h\u0171s\u00e9ggel, ami minden slukkot kellemes \u00e9lm\u00e9nny\u00e9 tesz. Ez a klasszikus kombin\u00e1ci\u00f3 kiegyens\u00falyozott ar\u00e1nyt biztos\u00edt az \u00e9dess\u00e9g \u00e9s a frissess\u00e9g k\u00f6z\u00f6tt, \u00e9s kiv\u00e1l\u00f3an alkalmas mindennapi haszn\u00e1latra.<\/p>\n<p class=\"font-claude-response-body whitespace-normal break-words\">K\u00e9t teljes\u00edtm\u00e9nyszint k\u00f6z\u00fcl v\u00e1laszthat: a standard m\u00f3d ak\u00e1r 40 000 sz\u00edv\u00e1st biztos\u00edt a tart\u00f3s \u00e9lvezet \u00e9rdek\u00e9ben, m\u00edg a turb\u00f3 m\u00f3d 25 000 sz\u00edv\u00e1ssal intenz\u00edvebb \u00edzeket szabad\u00edt fel. Az innovat\u00edv 270\u00b0-os Beat Sensing LED-kijelz\u0151 szinkroniz\u00e1l\u00f3dik a zen\u00e9vel, \u00e9s h\u00e1rom be\u00e1ll\u00edthat\u00f3 f\u00e9nyeffektet k\u00edn\u00e1l \u2013 Breathing, Beat \u00e9s Off \u2013 a multiszenzoros g\u0151z\u00f6lg\u00e9si \u00e9lm\u00e9ny \u00e9rdek\u00e9ben.<\/p>\n<p class=\"font-claude-response-body whitespace-normal break-words\">A Dual Mesh Coil technol\u00f3gia k\u00e9t p\u00e1rhuzamosan m\u0171k\u00f6d\u0151 h\u00e1l\u00f3s tekercset haszn\u00e1l, hogy kiv\u00e9teles \u00edzt, b\u0151s\u00e9ges g\u0151ztermel\u00e9st \u00e9s egyenletes h\u0151 lead\u00e1st biztos\u00edtson. Az intelligens Dual-MCU chip rendszer intelligensen szab\u00e1lyozza a k\u00e9sz\u00fcl\u00e9k teljes\u00edtm\u00e9ny\u00e9t, v\u00e9delmet ny\u00fajt a h\u0151 t\u00falterhel\u00e9s ellen \u00e9s \u00e9rz\u00e9keny sz\u00edv\u00e1saktiv\u00e1l\u00e1st tesz lehet\u0151v\u00e9. Az \u00e1ll\u00edthat\u00f3 l\u00e9g\u00e1raml\u00e1s funkci\u00f3val k\u00f6nnyed\u00e9n v\u00e1lthat az MTL \u00e9s RDL g\u0151ztechnika k\u00f6z\u00f6tt.<\/p>\n<p class=\"font-claude-response-body whitespace-normal break-words\">Az USB-C gyors t\u00f6lt\u00e9s mind\u00f6ssze 20 perc alatt 80 sz\u00e1zal\u00e9kra t\u00f6lti fel az 1000 mAh-s akkumul\u00e1tort \u2013 ide\u00e1lis megold\u00e1s a hossz\u00fa v\u00e1rakoz\u00e1si id\u0151kt\u0151l mentes mobil \u00e9letm\u00f3dhoz.<\/p>\n<p class=\"font-claude-response-body whitespace-normal break-words\">5 sz\u00e1zal\u00e9kos nikotintartalm\u00e1val (50 mg\/ml) a VOZOL Rave 40000 Strawberry Ice er\u0151teljes torok\u00e9rzetet \u00e9s tart\u00f3s nikotin\u00e9lm\u00e9nyt ny\u00fajt. A fejlett technol\u00f3gia, a testreszabhat\u00f3 opci\u00f3k \u00e9s a megb\u00edzhat\u00f3 min\u0151s\u00e9g \u00f6tv\u00f6zete teszi t\u00f6k\u00e9letes v\u00e1laszt\u00e1ss\u00e1 a pr\u00e9mium e-cigaretta haszn\u00e1l\u00f3k sz\u00e1m\u00e1ra.<\/p>\n<h3 class=\"font-claude-response-subheading text-text-100 mt-1 -mb-1.5\">M\u0171szaki adatok:<\/h3>\n<p class=\"font-claude-response-body whitespace-normal break-words\"><strong>Modell:<\/strong> Rave 40000 mozog<br \/>\n<strong>\u00cdzek:<\/strong> Eper j\u00e9gkr\u00e9m<br \/>\n<strong>T\u00edpus:<\/strong> Eldobhat\u00f3 e-cigaretta<br \/>\n<strong>Nikotin er\u0151ss\u00e9g:<\/strong> 50 mg\/ml<br \/>\n<strong>Folyad\u00e9ktartalom:<\/strong> 20 ml<br \/>\n<strong>G\u0151z st\u00edlus:<\/strong> MTL<br \/>\n<strong>Akkumul\u00e1tor:<\/strong> 1000 mAh \u00fajrat\u00f6lthet\u0151<br \/>\n<strong>M\u00f3d:<\/strong> Kett\u0151s \u00fczemm\u00f3d<br \/>\n<strong>Tekercs t\u00edpusa:<\/strong> Kett\u0151s h\u00e1l\u00f3s tekercs<br \/>\n<strong>K\u00fcl\u00f6nlegess\u00e9g:<\/strong> 270\u00b0-os vibr\u00e1l\u00f3 vil\u00e1g\u00edt\u00f3 design<br \/>\n<strong>L\u00e9g\u00e1raml\u00e1s:<\/strong> \u00c1ll\u00edthat\u00f3 l\u00e9g\u00e1raml\u00e1s<br \/>\n<strong>Megjelen\u00edt\u00e9s:<\/strong> Intelligens akkumul\u00e1tor \u00e9s e-folyad\u00e9k kijelz\u0151<\/p>\n<h3 class=\"font-claude-response-subheading text-text-100 mt-1 -mb-1.5\">Fedezzen fel m\u00e9g t\u00f6bb VOZOL VAPE-t a fumotpuff-on<\/h3>\n<p class=\"font-claude-response-body whitespace-normal break-words\">L\u00e1togasson el a <strong><a class=\"underline\" href=\"https:\/\/fumotpuff.com\/hu\/\">fumotpuff bolt<\/a><\/strong> \u00e9s fedezze fel az els\u0151 oszt\u00e1ly\u00fa e-cigarett\u00e1k soksz\u00edn\u0171s\u00e9g\u00e9t. A mi <strong><a class=\"underline\" href=\"https:\/\/fumotpuff.com\/hu\/product-category\/vozol-vape\/\">VOZOL VAPE kateg\u00f3ria<\/a><\/strong> innovat\u00edv g\u0151zk\u00e9sz\u00fcl\u00e9kek v\u00e1rj\u00e1k \u00d6nt a legmodernebb technol\u00f3gi\u00e1val. Az \u00edzvil\u00e1g teljes sk\u00e1l\u00e1j\u00e1t megtal\u00e1lja a <strong><a class=\"underline\" href=\"https:\/\/fumotpuff.com\/hu\/product-category\/vozol-vape\/vozol-rave-40000\/\">Vozol Rave 40000 kollekci\u00f3<\/a><\/strong>.<\/p>","protected":false},"excerpt":{"rendered":"<p class=\"font-claude-response-body whitespace-normal break-words\">A Vozol Rave 40000 Strawberry Ice \u00e9des eper \u00e9s friss\u00edt\u0151 h\u0171v\u00f6ss\u00e9g kombin\u00e1ci\u00f3ja. 20 ml e-liquiddel \u00e9s 1000 mAh-s akkumul\u00e1torral ak\u00e1r 40 000 sz\u00edv\u00e1st is biztos\u00edt. A kett\u0151s h\u00e1l\u00f3s tekercsek, a 270\u00b0-os zen\u00e9re reag\u00e1l\u00f3 LED-kijelz\u0151 \u00e9s a USB-C gyors t\u00f6lt\u00e9s (80% 20 perc alatt) garant\u00e1lj\u00e1k a pr\u00e9mium g\u0151z\u00e9lm\u00e9nyt.<\/p>","protected":false},"featured_media":4748,"comment_status":"open","ping_status":"closed","template":"","meta":{"_acf_changed":false},"product_brand":[],"product_cat":[52],"product_tag":[],"class_list":{"0":"post-4747","1":"product","2":"type-product","3":"status-publish","4":"has-post-thumbnail","6":"product_cat-vozol-rave-40000","8":"first","9":"instock","10":"shipping-taxable","11":"purchasable","12":"product-type-variable"},"acf":[],"_links":{"self":[{"href":"https:\/\/fumotpuff.com\/hu\/wp-json\/wp\/v2\/product\/4747","targetHints":{"allow":["GET"]}}],"collection":[{"href":"https:\/\/fumotpuff.com\/hu\/wp-json\/wp\/v2\/product"}],"about":[{"href":"https:\/\/fumotpuff.com\/hu\/wp-json\/wp\/v2\/types\/product"}],"replies":[{"embeddable":true,"href":"https:\/\/fumotpuff.com\/hu\/wp-json\/wp\/v2\/comments?post=4747"}],"wp:featuredmedia":[{"embeddable":true,"href":"https:\/\/fumotpuff.com\/hu\/wp-json\/wp\/v2\/media\/4748"}],"wp:attachment":[{"href":"https:\/\/fumotpuff.com\/hu\/wp-json\/wp\/v2\/media?parent=4747"}],"wp:term":[{"taxonomy":"product_brand","embeddable":true,"href":"https:\/\/fumotpuff.com\/hu\/wp-json\/wp\/v2\/product_brand?post=4747"},{"taxonomy":"product_cat","embeddable":true,"href":"https:\/\/fumotpuff.com\/hu\/wp-json\/wp\/v2\/product_cat?post=4747"},{"taxonomy":"product_tag","embeddable":true,"href":"https:\/\/fumotpuff.com\/hu\/wp-json\/wp\/v2\/product_tag?post=4747"}],"curies":[{"name":"wp","href":"https:\/\/api.w.org\/{rel}","templated":true}]}}