{"id":4743,"date":"2025-11-18T08:55:39","date_gmt":"2025-11-18T07:55:39","guid":{"rendered":"https:\/\/fumotpuff.com\/?post_type=product&#038;p=4743"},"modified":"2025-11-18T08:55:40","modified_gmt":"2025-11-18T07:55:40","slug":"vozol-rave-40000-peach-raspberry-lemonade","status":"publish","type":"product","link":"https:\/\/fumotpuff.com\/hu\/termek\/vozol-rave-40000-peach-raspberry-lemonade\/","title":{"rendered":"Vozol Rave 40000 Barackos m\u00e1ln\u00e1s limon\u00e1d\u00e9"},"content":{"rendered":"<h2 class=\"font-claude-response-heading text-text-100 mt-1 -mb-0.5\">Vozol Rave 40000 Peach Raspberry Lemonade eldobhat\u00f3 e-cigaretta<\/h2>\n<p class=\"font-claude-response-body whitespace-normal break-words\">A Vozol Rave 40000 Peach Raspberry Lemonade egy nagy kapacit\u00e1s\u00fa, eldobhat\u00f3 vape eszk\u00f6z, amelyet kifejezetten nagykereskedelmi ig\u00e9nyekre terveztek. Leny\u0171g\u00f6z\u0151 270 fokos vil\u00e1g\u00edt\u00e1si kialak\u00edt\u00e1s\u00e1val \u00e9s a ritmusra reag\u00e1l\u00f3 party m\u00f3dj\u00e1val ez a modell mag\u00e1val ragad\u00f3 g\u0151z\u00f6l\u00e9si \u00e9lm\u00e9nyt ny\u00fajt. A ak\u00e1r 40 000 sz\u00edv\u00e1s kapacit\u00e1s\u00e1t egy robusztus 1000 mAh-s akkumul\u00e1tor t\u00e1mogatja, amely a gyors t\u00f6lt\u00e9si technol\u00f3gi\u00e1nak k\u00f6sz\u00f6nhet\u0151en mind\u00f6ssze 20 perc alatt el\u00e9ri a 80 sz\u00e1zal\u00e9kos t\u00f6lt\u00f6tts\u00e9gi szintet. Az eleg\u00e1ns Eclipse g\u0151zanim\u00e1ci\u00f3 \u00e9s az 50 mg\/ml nikotinkoncentr\u00e1ci\u00f3 miatt ez az eszk\u00f6z els\u0151 oszt\u00e1ly\u00fa v\u00e1laszt\u00e1s a professzion\u00e1lis egyszer haszn\u00e1latos vape-k nagykereskedelme sz\u00e1m\u00e1ra.<\/p>\n<h3 class=\"font-claude-response-subheading text-text-100 mt-1 -mb-1.5\">Peach Raspberry Lemonade Aroma \u00e9s k\u00fcl\u00f6nlegess\u00e9gek:<\/h3>\n<p class=\"font-claude-response-body whitespace-normal break-words\">A VOZOL Rave 40000 Peach Raspberry Lemonade leny\u0171g\u00f6z\u0151 \u00edzkombin\u00e1ci\u00f3t k\u00edn\u00e1l \u00e9des \u0151szibarackb\u00f3l, fanyar m\u00e1ln\u00e1b\u00f3l \u00e9s friss\u00edt\u0151 limon\u00e1d\u00e9b\u00f3l. Ez a kiegyens\u00falyozott kever\u00e9k minden slukk ut\u00e1n friss\u00edt\u0151 \u00e9s gy\u00fcm\u00f6lcs\u00f6s \u00edzt biztos\u00edt, amely t\u00f6k\u00e9letes a komplex \u00edzek kedvel\u0151inek.<\/p>\n<p class=\"font-claude-response-body whitespace-normal break-words\">A k\u00e9sz\u00fcl\u00e9k kett\u0151s \u00fczemm\u00f3dj\u00e1val maxim\u00e1lis rugalmass\u00e1got biztos\u00edt: haszn\u00e1lja a norm\u00e1l m\u00f3dot leny\u0171g\u00f6z\u0151 40 000 sz\u00edv\u00e1shoz, vagy v\u00e1ltson turb\u00f3 m\u00f3dra egy intenz\u00edvebb \u00edz\u00e9lm\u00e9ny\u00e9rt 25 000 sz\u00edv\u00e1shoz. Az egyed\u00fcl\u00e1ll\u00f3, 270\u00b0-ban forgathat\u00f3, zen\u00e9re reag\u00e1l\u00f3 LED-kijelz\u0151 h\u00e1rom v\u00e1laszthat\u00f3 \u00fczemm\u00f3ddal \u2013 Breathing, Beat \u00e9s Off \u2013 t\u00f6k\u00e9letesen illeszkedik a hangulathoz, \u00e9s g\u0151z\u00f6l\u00e9si \u00e9lm\u00e9ny\u00e9t f\u00e9nyj\u00e1t\u00e9kk\u00e1 var\u00e1zsolja.<\/p>\n<p class=\"font-claude-response-body whitespace-normal break-words\">Az innovat\u00edv Dual Mesh Coil technol\u00f3gi\u00e1nak k\u00f6sz\u00f6nhet\u0151en k\u00e9t h\u00e1l\u00f3s tekercs harmonikusan m\u0171k\u00f6dik egy\u00fctt, gazdag \u00edzt, s\u0171r\u0171 g\u0151zt \u00e9s egyenletes h\u0151eloszl\u00e1st biztos\u00edtva. A fejlett Dual-MCU chiprendszer folyamatosan figyeli a teljes\u00edtm\u00e9nyt, megakad\u00e1lyozza a t\u00falmeleged\u00e9st \u00e9s pontos sz\u00edv\u00e1saktiv\u00e1l\u00e1st biztos\u00edt. A testreszabhat\u00f3 l\u00e9g\u00e1raml\u00e1s-szab\u00e1lyoz\u00e1s lehet\u0151v\u00e9 teszi az MTL \u00e9s RDL g\u0151zst\u00edlusok k\u00f6z\u00f6tti z\u00f6kken\u0151mentes v\u00e1lt\u00e1st az \u00d6n preferenci\u00e1i szerint.<\/p>\n<p class=\"font-claude-response-body whitespace-normal break-words\">A praktikus USB-C gyors t\u00f6lt\u00e9ssel a 1000 mAh-s akkumul\u00e1tor mind\u00f6ssze 20 perc alatt 80 sz\u00e1zal\u00e9kos t\u00f6lt\u00f6tts\u00e9gi szintet \u00e9r el \u2013 ide\u00e1lis azoknak az akt\u00edv felhaszn\u00e1l\u00f3knak, akik nem akarnak id\u0151t pazarolni.<\/p>\n<p class=\"font-claude-response-body whitespace-normal break-words\">A VOZOL Rave 40000 Peach Raspberry Lemonade 5 sz\u00e1zal\u00e9kos nikotintartalma (50 mg\/ml) kiel\u00e9g\u00edt\u0151 torok\u00e9rzetet \u00e9s tart\u00f3s el\u00e9gedetts\u00e9get biztos\u00edt. Az intelligens technol\u00f3gia, az egy\u00e9nre szabhat\u00f3 funkci\u00f3k \u00e9s a megb\u00edzhat\u00f3 teljes\u00edtm\u00e9ny kombin\u00e1ci\u00f3ja teszi ezt a k\u00e9sz\u00fcl\u00e9ket a legig\u00e9nyesebb g\u0151z\u00f6l\u0151k els\u0151 sz\u00e1m\u00fa v\u00e1laszt\u00e1s\u00e1v\u00e1.<\/p>\n<h3 class=\"font-claude-response-subheading text-text-100 mt-1 -mb-1.5\">M\u0171szaki adatok:<\/h3>\n<p class=\"font-claude-response-body whitespace-normal break-words\"><strong>Modell:<\/strong> Rave 40000 mozog<br \/>\n<strong>\u00cdzek:<\/strong> \u0150szibarack-m\u00e1lna limon\u00e1d\u00e9<br \/>\n<strong>T\u00edpus:<\/strong> Eldobhat\u00f3 e-cigaretta<br \/>\n<strong>Nikotin er\u0151ss\u00e9g:<\/strong> 50 mg\/ml<br \/>\n<strong>Folyad\u00e9ktartalom:<\/strong> 20 ml<br \/>\n<strong>G\u0151z st\u00edlus:<\/strong> MTL<br \/>\n<strong>Akkumul\u00e1tor:<\/strong> 1000 mAh \u00fajrat\u00f6lthet\u0151<br \/>\n<strong>M\u00f3d:<\/strong> Kett\u0151s \u00fczemm\u00f3d<br \/>\n<strong>Tekercs t\u00edpusa:<\/strong> Kett\u0151s h\u00e1l\u00f3s tekercs<br \/>\n<strong>K\u00fcl\u00f6nlegess\u00e9g:<\/strong> 270\u00b0-os vibr\u00e1l\u00f3 vil\u00e1g\u00edt\u00f3 design<br \/>\n<strong>L\u00e9g\u00e1raml\u00e1s:<\/strong> \u00c1ll\u00edthat\u00f3 l\u00e9g\u00e1raml\u00e1s<br \/>\n<strong>Megjelen\u00edt\u00e9s:<\/strong> Intelligens akkumul\u00e1tor \u00e9s e-folyad\u00e9k kijelz\u0151<\/p>\n<h3 class=\"font-claude-response-subheading text-text-100 mt-1 -mb-1.5\">Fedezzen fel m\u00e9g t\u00f6bb VOZOL VAPE-t a fumotpuff-on<\/h3>\n<p class=\"font-claude-response-body whitespace-normal break-words\">A  c\u00edmen <strong><a class=\"underline\" href=\"https:\/\/fumotpuff.com\/hu\/\">fumotpuff<\/a><\/strong> kiv\u00e1l\u00f3 min\u0151s\u00e9g\u0171 vape term\u00e9kek sz\u00e9les v\u00e1laszt\u00e9k\u00e1t k\u00edn\u00e1ljuk minden ig\u00e9nynek megfelel\u0151en. B\u00f6ng\u00e9sszen \u00e1t \u00e1tfog\u00f3 k\u00edn\u00e1latunkat! <strong><a class=\"underline\" href=\"https:\/\/fumotpuff.com\/hu\/product-category\/vozol-vape\/\">VOZOL VAPE kateg\u00f3ria<\/a><\/strong> sz\u00e1mos pr\u00e9mium k\u00e9sz\u00fcl\u00e9kkel, vagy v\u00e1lassza ki kedvenc fajt\u00e1j\u00e1t a teljes <strong><a class=\"underline\" href=\"https:\/\/fumotpuff.com\/hu\/product-category\/vozol-vape\/vozol-rave-40000\/\">Vozol Rave 40000 kollekci\u00f3<\/a><\/strong>.<\/p>","protected":false},"excerpt":{"rendered":"<p class=\"font-claude-response-body whitespace-normal break-words\">A Vozol Rave 40000 Peach Raspberry Lemonade \u00f6tv\u00f6zi a barackot, a m\u00e1ln\u00e1t \u00e9s a friss\u00edt\u0151 limon\u00e1d\u00e9t. 20 ml e-liquiddel \u00e9s 1000 mAh-s akkumul\u00e1torral ak\u00e1r 40 000 sz\u00edv\u00e1sig is elegend\u0151. A kett\u0151s h\u00e1l\u00f3s tekercsek, a 270\u00b0-os zen\u00e9re reag\u00e1l\u00f3 LED-kijelz\u0151 \u00e9s az USB-C gyors t\u00f6lt\u00e9s (80% 20 perc alatt) pr\u00e9mium min\u0151s\u00e9get biztos\u00edtanak.<\/p>","protected":false},"featured_media":4744,"comment_status":"open","ping_status":"closed","template":"","meta":{"_acf_changed":false},"product_brand":[],"product_cat":[52],"product_tag":[],"class_list":{"0":"post-4743","1":"product","2":"type-product","3":"status-publish","4":"has-post-thumbnail","6":"product_cat-vozol-rave-40000","8":"first","9":"instock","10":"shipping-taxable","11":"purchasable","12":"product-type-variable"},"acf":[],"_links":{"self":[{"href":"https:\/\/fumotpuff.com\/hu\/wp-json\/wp\/v2\/product\/4743","targetHints":{"allow":["GET"]}}],"collection":[{"href":"https:\/\/fumotpuff.com\/hu\/wp-json\/wp\/v2\/product"}],"about":[{"href":"https:\/\/fumotpuff.com\/hu\/wp-json\/wp\/v2\/types\/product"}],"replies":[{"embeddable":true,"href":"https:\/\/fumotpuff.com\/hu\/wp-json\/wp\/v2\/comments?post=4743"}],"wp:featuredmedia":[{"embeddable":true,"href":"https:\/\/fumotpuff.com\/hu\/wp-json\/wp\/v2\/media\/4744"}],"wp:attachment":[{"href":"https:\/\/fumotpuff.com\/hu\/wp-json\/wp\/v2\/media?parent=4743"}],"wp:term":[{"taxonomy":"product_brand","embeddable":true,"href":"https:\/\/fumotpuff.com\/hu\/wp-json\/wp\/v2\/product_brand?post=4743"},{"taxonomy":"product_cat","embeddable":true,"href":"https:\/\/fumotpuff.com\/hu\/wp-json\/wp\/v2\/product_cat?post=4743"},{"taxonomy":"product_tag","embeddable":true,"href":"https:\/\/fumotpuff.com\/hu\/wp-json\/wp\/v2\/product_tag?post=4743"}],"curies":[{"name":"wp","href":"https:\/\/api.w.org\/{rel}","templated":true}]}}