{"id":4739,"date":"2025-11-18T08:52:31","date_gmt":"2025-11-18T07:52:31","guid":{"rendered":"https:\/\/fumotpuff.com\/?post_type=product&#038;p=4739"},"modified":"2025-11-18T08:52:48","modified_gmt":"2025-11-18T07:52:48","slug":"vozol-rave-40000-peach-ice","status":"publish","type":"product","link":"https:\/\/fumotpuff.com\/hu\/termek\/vozol-rave-40000-peach-ice\/","title":{"rendered":"Vozol Rave 40000 Barack j\u00e9g"},"content":{"rendered":"<h2 class=\"font-claude-response-heading text-text-100 mt-1 -mb-0.5\">Vozol Rave 40000 Peach Ice eldobhat\u00f3 e-cigaretta<\/h2>\n<p class=\"font-claude-response-body whitespace-normal break-words\">A Vozol Rave 40000 Peach Ice egy pr\u00e9mium min\u0151s\u00e9g\u0171, kiv\u00e9teles kapacit\u00e1s\u00fa, egyszer haszn\u00e1latos e-cigaretta, amelyet kifejezetten a nagykereskedelmi piacra fejlesztettek ki. A k\u00e9sz\u00fcl\u00e9k innovat\u00edv, 270 fokos vil\u00e1g\u00edt\u00e1si kialak\u00edt\u00e1ssal \u00e9s zen\u00e9vel szinkroniz\u00e1lt party m\u00f3ddal rendelkezik, amely minden g\u0151z\u00f6lg\u00e9si \u00e9lm\u00e9nyt k\u00fcl\u00f6nleges \u00e9lm\u00e9nny\u00e9 var\u00e1zsol. Ak\u00e1r 40 000 sz\u00edv\u00e1sig terjed\u0151 hat\u00f3t\u00e1vols\u00e1ggal \u00e9s egy nagy teljes\u00edtm\u00e9ny\u0171, 1000 mAh-s akkumul\u00e1torral, amely mind\u00f6ssze 20 perc alatt 80 sz\u00e1zal\u00e9kra t\u00f6lthet\u0151 fel, ez a modell a legmagasabb szint\u0171 megb\u00edzhat\u00f3s\u00e1got ny\u00fajtja. A st\u00edlusos Eclipse anim\u00e1ci\u00f3 a g\u0151z\u00f6l\u00e9s k\u00f6zben \u00e9s az 50 mg\/ml nikotintartalom miatt a Peach Ice t\u00f6k\u00e9letes v\u00e1laszt\u00e1s a nagykereskedelemben ig\u00e9nyes g\u0151z\u00f6l\u0151k sz\u00e1m\u00e1ra.<\/p>\n<h3 class=\"font-claude-response-subheading text-text-100 mt-1 -mb-1.5\">Peach Ice \u00edzprofil \u00e9s kiemelt jellemz\u0151k:<\/h3>\n<p class=\"font-claude-response-body whitespace-normal break-words\">A VOZOL Rave 40000 Peach Ice \u00f6tv\u00f6zi a l\u00e9d\u00fas \u0151szibarack term\u00e9szetes \u00e9dess\u00e9g\u00e9t egy friss\u00edt\u0151 h\u0171s\u00edt\u0151 hat\u00e1ssal, amely minden slukk ut\u00e1n kellemes frissess\u00e9get biztos\u00edt. Az \u00edz\u00e9lm\u00e9ny kiegyens\u00falyozott, gy\u00fcm\u00f6lcs\u00f6s \u00e9s h\u0171s\u00edt\u0151 egyar\u00e1nt \u2013 ide\u00e1lis eg\u00e9sz napra.<\/p>\n<p class=\"font-claude-response-body whitespace-normal break-words\">A k\u00e9t teljes\u00edtm\u00e9nym\u00f3d teljes ellen\u0151rz\u00e9st biztos\u00edt: v\u00e1lassza a standard m\u00f3dot a maxim\u00e1lis 40 000 sz\u00edv\u00e1shoz, vagy aktiv\u00e1lja a turb\u00f3 m\u00f3dot az intenz\u00edvebb \u00edzek\u00e9rt 25 000 sz\u00edv\u00e1sn\u00e1l. A l\u00e1tv\u00e1nyos 270\u00b0-os Beat Sensing LED-kijelz\u0151 reag\u00e1l a zen\u00e9re, \u00e9s h\u00e1rom k\u00fcl\u00f6nb\u00f6z\u0151 f\u00e9nym\u00f3dot k\u00edn\u00e1l \u2013 Breathing, Beat \u00e9s Off \u2013 a vizu\u00e1lisan leny\u0171g\u00f6z\u0151 g\u0151z\u00f6l\u00e9si \u00e9lm\u00e9ny \u00e9rdek\u00e9ben.<\/p>\n<p class=\"font-claude-response-body whitespace-normal break-words\">A fejlett Dual Mesh Coil technol\u00f3gia k\u00e9t szinkroniz\u00e1lt h\u00e1l\u00f3s tekercsel biztos\u00edtja az er\u0151teljes \u00edzhat\u00e1st, a b\u0151s\u00e9ges g\u0151zt \u00e9s az egyenletes h\u0151eloszl\u00e1st. Az intelligens Dual-MCU rendszer optimaliz\u00e1lja a k\u00e9sz\u00fcl\u00e9k teljes\u00edtm\u00e9ny\u00e9t, megv\u00e9di a t\u00falmeleged\u00e9st\u0151l \u00e9s biztos\u00edtja a gyors reag\u00e1l\u00e1s\u00fa automatikus sz\u00edv\u00e1st. Az \u00e1ll\u00edthat\u00f3 l\u00e9g\u00e1ram-szab\u00e1lyoz\u00e1snak k\u00f6sz\u00f6nhet\u0151en k\u00f6nnyed\u00e9n v\u00e1lthat az MTL \u00e9s RDL g\u0151zst\u00edlusok k\u00f6z\u00f6tt.<\/p>\n<p class=\"font-claude-response-body whitespace-normal break-words\">Az USB-C gyors t\u00f6lt\u00e9si funkci\u00f3val a 1000 mAh-s akkumul\u00e1tor mind\u00f6ssze 20 perc alatt 80 sz\u00e1zal\u00e9kosra t\u00f6lthet\u0151 fel \u2013 t\u00f6k\u00e9letes megold\u00e1s utaz\u00e1shoz \u00e9s a s\u0171r\u0171 napirenddel rendelkez\u0151 emberek sz\u00e1m\u00e1ra.<\/p>\n<p class=\"font-claude-response-body whitespace-normal break-words\">5 sz\u00e1zal\u00e9kos nikotintartalm\u00e1val (50 mg\/ml) a VOZOL Rave 40000 Peach Ice kiel\u00e9g\u00edt\u0151 torok\u00e9rzetet \u00e9s tart\u00f3s nikotinhat\u00e1st garant\u00e1l. Az intelligens technol\u00f3gia, a rugalmas be\u00e1ll\u00edt\u00e1sok \u00e9s az els\u0151 oszt\u00e1ly\u00fa teljes\u00edtm\u00e9ny kombin\u00e1ci\u00f3ja ide\u00e1lis v\u00e1laszt\u00e1ss\u00e1 teszi a pr\u00e9mium eldobhat\u00f3 e-cigaretta szerelmeseinek.<\/p>\n<h3 class=\"font-claude-response-subheading text-text-100 mt-1 -mb-1.5\">M\u0171szaki adatok:<\/h3>\n<p class=\"font-claude-response-body whitespace-normal break-words\"><strong>Modell:<\/strong> Rave 40000 mozog<br \/>\n<strong>\u00cdzek:<\/strong> Peach Ice<br \/>\n<strong>T\u00edpus:<\/strong> Eldobhat\u00f3 e-cigaretta<br \/>\n<strong>Nikotin er\u0151ss\u00e9g:<\/strong> 50 mg\/ml<br \/>\n<strong>Folyad\u00e9ktartalom:<\/strong> 20 ml<br \/>\n<strong>G\u0151z st\u00edlus:<\/strong> MTL<br \/>\n<strong>Akkumul\u00e1tor:<\/strong> 1000 mAh \u00fajrat\u00f6lthet\u0151<br \/>\n<strong>M\u00f3d:<\/strong> Kett\u0151s \u00fczemm\u00f3d<br \/>\n<strong>Tekercs t\u00edpusa:<\/strong> Kett\u0151s h\u00e1l\u00f3s tekercs<br \/>\n<strong>K\u00fcl\u00f6nlegess\u00e9g:<\/strong> 270\u00b0-os vibr\u00e1l\u00f3 vil\u00e1g\u00edt\u00f3 design<br \/>\n<strong>L\u00e9g\u00e1raml\u00e1s:<\/strong> \u00c1ll\u00edthat\u00f3 l\u00e9g\u00e1raml\u00e1s<br \/>\n<strong>Megjelen\u00edt\u00e9s:<\/strong> Intelligens akkumul\u00e1tor \u00e9s e-folyad\u00e9k kijelz\u0151<\/p>\n<h3 class=\"font-claude-response-subheading text-text-100 mt-1 -mb-1.5\">Fedezzen fel m\u00e9g t\u00f6bb VOZOL VAPE-t a fumotpuff-on<\/h3>\n<p class=\"font-claude-response-body whitespace-normal break-words\">Kiv\u00e1l\u00f3 min\u0151s\u00e9g\u0171 eldobhat\u00f3 e-cigarett\u00e1kat keres? Web\u00e1ruh\u00e1zunkban <strong><a class=\"underline\" href=\"https:\/\/fumotpuff.com\/hu\/\">fumotpuff online bolt<\/a><\/strong> kiterjedt term\u00e9kpalett\u00e1t tal\u00e1l minden \u00edzl\u00e9snek. Fedezze fel tov\u00e1bbi innovat\u00edv vape-eszk\u00f6z\u00f6ket a <strong><a class=\"underline\" href=\"https:\/\/fumotpuff.com\/hu\/product-category\/vozol-vape\/\">VOZOL VAPE kateg\u00f3ria<\/a><\/strong> vagy fedezze fel az \u00f6sszes aromav\u00e1ltozatot a <strong><a class=\"underline\" href=\"https:\/\/fumotpuff.com\/hu\/product-category\/vozol-vape\/vozol-rave-40000\/\">Vozol Rave 40000 kollekci\u00f3<\/a><\/strong>.<\/p>","protected":false},"excerpt":{"rendered":"<p class=\"font-claude-response-body whitespace-normal break-words\">A Vozol Rave 40000 Peach Ice \u00f6tv\u00f6zi a l\u00e9d\u00fas \u0151szibarackot a friss\u00edt\u0151 h\u0171s\u00e9ggel. 20 ml e-liquiddel \u00e9s 1000 mAh-s akkumul\u00e1torral ak\u00e1r 40 000 slukkot is biztos\u00edt. A kett\u0151s h\u00e1l\u00f3s tekercsek, a 270\u00b0-os LED-kijelz\u0151 zene szinkroniz\u00e1l\u00e1ssal \u00e9s az USB-C gyors t\u00f6lt\u00e9s (80% 20 perc alatt) pr\u00e9mium g\u0151z\u00e9lm\u00e9nyt biztos\u00edtanak.<\/p>","protected":false},"featured_media":4740,"comment_status":"open","ping_status":"closed","template":"","meta":{"_acf_changed":false},"product_brand":[],"product_cat":[52],"product_tag":[],"class_list":{"0":"post-4739","1":"product","2":"type-product","3":"status-publish","4":"has-post-thumbnail","6":"product_cat-vozol-rave-40000","8":"first","9":"instock","10":"shipping-taxable","11":"purchasable","12":"product-type-variable"},"acf":[],"_links":{"self":[{"href":"https:\/\/fumotpuff.com\/hu\/wp-json\/wp\/v2\/product\/4739","targetHints":{"allow":["GET"]}}],"collection":[{"href":"https:\/\/fumotpuff.com\/hu\/wp-json\/wp\/v2\/product"}],"about":[{"href":"https:\/\/fumotpuff.com\/hu\/wp-json\/wp\/v2\/types\/product"}],"replies":[{"embeddable":true,"href":"https:\/\/fumotpuff.com\/hu\/wp-json\/wp\/v2\/comments?post=4739"}],"wp:featuredmedia":[{"embeddable":true,"href":"https:\/\/fumotpuff.com\/hu\/wp-json\/wp\/v2\/media\/4740"}],"wp:attachment":[{"href":"https:\/\/fumotpuff.com\/hu\/wp-json\/wp\/v2\/media?parent=4739"}],"wp:term":[{"taxonomy":"product_brand","embeddable":true,"href":"https:\/\/fumotpuff.com\/hu\/wp-json\/wp\/v2\/product_brand?post=4739"},{"taxonomy":"product_cat","embeddable":true,"href":"https:\/\/fumotpuff.com\/hu\/wp-json\/wp\/v2\/product_cat?post=4739"},{"taxonomy":"product_tag","embeddable":true,"href":"https:\/\/fumotpuff.com\/hu\/wp-json\/wp\/v2\/product_tag?post=4739"}],"curies":[{"name":"wp","href":"https:\/\/api.w.org\/{rel}","templated":true}]}}