{"id":473,"date":"2025-09-12T05:46:24","date_gmt":"2025-09-12T03:46:24","guid":{"rendered":"https:\/\/fumotpuff.com\/?post_type=product&#038;p=473"},"modified":"2025-09-12T05:46:25","modified_gmt":"2025-09-12T03:46:25","slug":"fumot-tornado-30k-music-cherry-ice","status":"publish","type":"product","link":"https:\/\/fumotpuff.com\/hu\/termek\/fumot-tornado-30k-music-cherry-ice\/","title":{"rendered":"Fumot Tornado 30K Zene Cherry Ice"},"content":{"rendered":"<h2 class=\"text-xl font-bold text-text-100 mt-1 -mb-0.5\">Fumot Tornado 30K Music Cherry Ice eldobhat\u00f3 e-cigaretta<\/h2>\n<p class=\"whitespace-normal break-words\">\u00c9lvezze az \u00e9des cseresznye \u00e9s a friss\u00edt\u0151 hideg klasszikus kombin\u00e1ci\u00f3j\u00e1t a Fumot Tornado 30K Music Cherry Ice-val. Ez a pr\u00e9mium eldobhat\u00f3 e-cigaretta rendk\u00edv\u00fcli 30.000 slukkot k\u00edn\u00e1l, amelyet a tart\u00f3s \u00edz\u00e9lm\u00e9ny \u00e9rdek\u00e9ben kiterjedt 30 ml-es e-folyad\u00e9k-kapacit\u00e1s t\u00e1mogat.<\/p>\n<h3 class=\"text-lg font-bold text-text-100 mt-1 -mb-1.5\">A Cherry Ice v\u00e1ltozat k\u00fcl\u00f6nleges el\u0151nyei:<\/h3>\n<p class=\"whitespace-normal break-words\"><strong>Hossz\u00fa t\u00e1v\u00fa haszn\u00e1lat:<\/strong> Ak\u00e1r 30 000 slukk a hetekig tart\u00f3 megszak\u00edt\u00e1s n\u00e9lk\u00fcli \u00e9lvezet\u00e9rt.<\/p>\n<p class=\"whitespace-normal break-words\"><strong>Egyedi nikotiner\u0151ss\u00e9g:<\/strong> V\u00e1laszt\u00e1s a 2% \u00e9s 5% nikotinkoncentr\u00e1ci\u00f3 k\u00f6z\u00f6tt.<\/p>\n<p class=\"whitespace-normal break-words\"><strong>B\u0151s\u00e9ges t\u00f6ltel\u00e9k:<\/strong> 30ml e-folyad\u00e9k t\u00e9rfogat a sz\u00e9lesk\u00f6r\u0171 haszn\u00e1lathoz.<\/p>\n<p class=\"whitespace-normal break-words\"><strong>Kifinomult p\u00e1rologtat\u00e1s:<\/strong> 1,0\u03a9-os h\u00e1l\u00f3s tekercs az els\u0151 oszt\u00e1ly\u00fa \u00edz\u00e1tvitel\u00e9rt.<\/p>\n<p class=\"whitespace-normal break-words\"><strong>Megb\u00edzhat\u00f3 akkumul\u00e1tortechnol\u00f3gia:<\/strong> 600mAh akkumul\u00e1tor hat\u00e9kony Type-C t\u00f6lt\u00e9ssel.<\/p>\n<p class=\"whitespace-normal break-words\"><strong>Audiovizu\u00e1lis integr\u00e1ci\u00f3:<\/strong> A zenelej\u00e1tsz\u00e1ssal szinkroniz\u00e1lt LED-vil\u00e1g\u00edt\u00e1s.<\/p>\n<h3 class=\"text-lg font-bold text-text-100 mt-1 -mb-1.5\">M\u0171szaki jellemz\u0151k:<\/h3>\n<p class=\"whitespace-normal break-words\">\u2611 Nikotin tartalom: 2% \/ 5%<br \/>\n\u2611 Maxim\u00e1lis vonatok: 30,000<br \/>\n\u2611 Cherry Ice \u00edzprofil<br \/>\n\u2611 Akkumul\u00e1tor kapacit\u00e1s: 600mAh<br \/>\n\u2611 1.0\u03a9 h\u00e1l\u00f3s elp\u00e1rologtat\u00f3<br \/>\nC-t\u00edpus\u00fa t\u00f6lt\u0151csatlakoz\u00f3<br \/>\n\u2611 Ritmusf\u00fcgg\u0151 LED-ek<\/p>\n<p class=\"whitespace-normal break-words\">Fedezzen fel t\u00f6bb pr\u00e9mium opci\u00f3t a <strong><a class=\"underline\" href=\"https:\/\/fumotpuff.com\/hu\/\">F\u0151 weboldal<\/a><\/strong>fedezze fel az eg\u00e9sz <strong><a class=\"underline\" href=\"https:\/\/fumotpuff.com\/hu\/product-category\/fumot-vape\/\">FUMOT VAPE aj\u00e1nlat<\/a><\/strong> vagy v\u00e1lasszon az \u00f6sszes <strong><a class=\"underline\" href=\"https:\/\/fumotpuff.com\/hu\/product-category\/fumot-vape\/fumot-tornado-30k-music\/\">Fumot Tornado 30K Zenei vari\u00e1ci\u00f3k<\/a><\/strong>.<\/p>","protected":false},"excerpt":{"rendered":"<div>\n<div class=\"grid-cols-1 grid gap-2.5 [&amp;_&gt;_*]:min-w-0 !gap-3.5\">\n<p class=\"whitespace-normal break-words\">Die Fumot Tornado 30K Music Cherry Ice Einweg-E-Zigarette vereint s\u00fc\u00dfe Kirschen mit erfrischender K\u00e4lte. Mit 30.000 Z\u00fcgen, 30ml E-Liquid und musiksynchroner LED-Beleuchtung bietet sie langanhaltenden Premium-Dampfgenuss f\u00fcr wochenlange Nutzung.<\/p>\n<\/div>\n<\/div>\n<div class=\"h-8\"><\/div>\n","protected":false},"featured_media":475,"comment_status":"open","ping_status":"closed","template":"","meta":{"_acf_changed":false},"product_brand":[],"product_cat":[20],"product_tag":[],"class_list":{"0":"post-473","1":"product","2":"type-product","3":"status-publish","4":"has-post-thumbnail","6":"product_cat-fumot-tornado-30k-music","8":"first","9":"instock","10":"shipping-taxable","11":"purchasable","12":"product-type-variable"},"acf":[],"_links":{"self":[{"href":"https:\/\/fumotpuff.com\/hu\/wp-json\/wp\/v2\/product\/473","targetHints":{"allow":["GET"]}}],"collection":[{"href":"https:\/\/fumotpuff.com\/hu\/wp-json\/wp\/v2\/product"}],"about":[{"href":"https:\/\/fumotpuff.com\/hu\/wp-json\/wp\/v2\/types\/product"}],"replies":[{"embeddable":true,"href":"https:\/\/fumotpuff.com\/hu\/wp-json\/wp\/v2\/comments?post=473"}],"wp:featuredmedia":[{"embeddable":true,"href":"https:\/\/fumotpuff.com\/hu\/wp-json\/wp\/v2\/media\/475"}],"wp:attachment":[{"href":"https:\/\/fumotpuff.com\/hu\/wp-json\/wp\/v2\/media?parent=473"}],"wp:term":[{"taxonomy":"product_brand","embeddable":true,"href":"https:\/\/fumotpuff.com\/hu\/wp-json\/wp\/v2\/product_brand?post=473"},{"taxonomy":"product_cat","embeddable":true,"href":"https:\/\/fumotpuff.com\/hu\/wp-json\/wp\/v2\/product_cat?post=473"},{"taxonomy":"product_tag","embeddable":true,"href":"https:\/\/fumotpuff.com\/hu\/wp-json\/wp\/v2\/product_tag?post=473"}],"curies":[{"name":"wp","href":"https:\/\/api.w.org\/{rel}","templated":true}]}}