{"id":464,"date":"2025-09-12T05:42:38","date_gmt":"2025-09-12T03:42:38","guid":{"rendered":"https:\/\/fumotpuff.com\/?post_type=product&#038;p=464"},"modified":"2025-09-12T05:43:30","modified_gmt":"2025-09-12T03:43:30","slug":"fumot-tornado-30k-music-blueberry-sour-raspberry","status":"publish","type":"product","link":"https:\/\/fumotpuff.com\/hu\/termek\/fumot-tornado-30k-music-blueberry-sour-raspberry\/","title":{"rendered":"Fumot Tornado 30K Zene \u00c1fonya Savany\u00fa m\u00e1lna"},"content":{"rendered":"<h2 class=\"text-xl font-bold text-text-100 mt-1 -mb-0.5\">Fumot Tornado 30K Music Blueberry Sour Raspberry eldobhat\u00f3 e-cigaretta<\/h2>\n<p class=\"whitespace-normal break-words\">A Fumot Tornado 30K Music Blueberry Sour Raspberry a l\u00e9d\u00fas \u00e1fonya \u00e9s a fanyar m\u00e1lna izgalmas \u00edzszimf\u00f3ni\u00e1j\u00e1t hozza l\u00e9tre. Ez a legmodernebb eldobhat\u00f3 e-cigaretta leny\u0171g\u00f6z\u0151 30.000 slukkot biztos\u00edt egyenletes min\u0151s\u00e9gben a nagyvonal\u00fa 30 ml-es e-folyad\u00e9k t\u00f6ltetnek k\u00f6sz\u00f6nhet\u0151en.<\/p>\n<h3 class=\"text-lg font-bold text-text-100 mt-1 -mb-1.5\">Az \u00e1fonya savany\u00fa m\u00e1lna f\u0151bb jellemz\u0151i:<\/h3>\n<p class=\"whitespace-normal break-words\"><strong>Kiv\u00e9teles v\u00e1laszt\u00e9k:<\/strong> Hihetetlen 30.000 slukk a hossz\u00fa t\u00e1v\u00fa g\u0151z\u00f6l\u00e9s\u00e9rt.<\/p>\n<p class=\"whitespace-normal break-words\"><strong>Sokoldal\u00fa nikotinv\u00e1laszt\u00e9k:<\/strong> Ig\u00e9ny szerint 2% vagy 5% nikotintartalommal kaphat\u00f3.<\/p>\n<p class=\"whitespace-normal break-words\"><strong>B\u0151s\u00e9ges folyad\u00e9kkapacit\u00e1s:<\/strong> 30ml kiv\u00e1l\u00f3 min\u0151s\u00e9g\u0171 e-folyad\u00e9k folyamatos haszn\u00e1latra.<\/p>\n<p class=\"whitespace-normal break-words\"><strong>Fejlett tekercs innov\u00e1ci\u00f3:<\/strong> 1.0\u03a9 Mesh technol\u00f3gia az optim\u00e1lis \u00edzkifejl\u0151d\u00e9s \u00e9rdek\u00e9ben.<\/p>\n<p class=\"whitespace-normal break-words\"><strong>\u00c1lland\u00f3 energiaforr\u00e1s:<\/strong> Er\u0151teljes 600mAh akkumul\u00e1tor C-t\u00edpus\u00fa gyorst\u00f6lt\u00e9si lehet\u0151s\u00e9ggel.<\/p>\n<p class=\"whitespace-normal break-words\"><strong>Mag\u00e1val ragad\u00f3 vil\u00e1g\u00edt\u00e1s:<\/strong> Zene \u00e1ltal vez\u00e9relt LED-mint\u00e1k a vizu\u00e1lis \u00e9lvezet\u00e9rt.<\/p>\n<h3 class=\"text-lg font-bold text-text-100 mt-1 -mb-1.5\">Term\u00e9kle\u00edr\u00e1sok:<\/h3>\n<p class=\"whitespace-normal break-words\">\u2611 Nikotinv\u00e1ltozatok: 2% \/ 5%<br \/>\nVonatforgalom: 30 000<br \/>\n\u2611 \u00c1fonya savany\u00fa m\u00e1lna \u00edz\u0171 \u2611 \u00c1fonya savany\u00fa m\u00e1lna \u00edz<br \/>\n\u2611 Akkumul\u00e1tor kapacit\u00e1s: 600mAh<br \/>\n\u2611 1.0\u03a9 h\u00e1l\u00f3s tekercs<br \/>\nC t\u00edpus\u00fa t\u00f6lt\u0151port<br \/>\n\u2611 Interakt\u00edv zenei vil\u00e1g\u00edt\u00e1s<\/p>\n<p class=\"whitespace-normal break-words\">L\u00e1togasson el a <strong><a class=\"underline\" href=\"https:\/\/fumotpuff.com\/hu\/\">Weboldal<\/a><\/strong> tov\u00e1bbi term\u00e9k\u00fajdons\u00e1gok\u00e9rt, fedezze fel a teljes <strong><a class=\"underline\" href=\"https:\/\/fumotpuff.com\/hu\/product-category\/fumot-vape\/\">FUMOT VAPE kiv\u00e1laszt\u00e1sa<\/a><\/strong> vagy b\u00f6ng\u00e9szhet az \u00f6sszes <strong><a class=\"underline\" href=\"https:\/\/fumotpuff.com\/hu\/product-category\/fumot-vape\/fumot-tornado-30k-music\/\">Fumot Tornado 30K Zenei fajt\u00e1k<\/a><\/strong>.<\/p>","protected":false},"excerpt":{"rendered":"<article data-content=\"[{&quot;type&quot;:&quot;block&quot;,&quot;id&quot;:&quot;5Exw-1757585399253&quot;,&quot;name&quot;:&quot;paragraph&quot;,&quot;data&quot;:{&quot;version&quot;:1},&quot;nodes&quot;:[{&quot;type&quot;:&quot;text&quot;,&quot;id&quot;:&quot;lhi5-1757585399254&quot;,&quot;leaves&quot;:[{&quot;text&quot;:&quot;Based\u00a0on\u00a0the\u00a0product\u00a0details\u00a0I\u00a0provided\u00a0you,\u00a0please\u00a0write\u00a0a\u00a0short\u00a0description\u00a0of\u00a0the\u00a0product\u00a0in\u00a0German,\u00a0about\u00a0300\u00a0characters\u00a0and\u00a0Write\u00a0a\u00a0title\u00a0[60\u00a0characters]\u00a0and\u00a0meta\u00a0description\u00a0[160\u00a0characters]\u00a0based\u00a0on\u00a0this\u00a0product\u00a0information\uff1a&quot;,&quot;marks&quot;:[]}]}],&quot;state&quot;:{}}]\">\n<div>\n<div class=\"grid-cols-1 grid gap-2.5 [&amp;_&gt;_*]:min-w-0 !gap-3.5\">\n<div>\n<div class=\"grid-cols-1 grid gap-2.5 [&amp;_&gt;_*]:min-w-0 !gap-3.5\">\n<p class=\"whitespace-normal break-words\">Die Fumot Tornado 30K Music Blueberry Sour Raspberry Einweg-E-Zigarette kombiniert saftige Blaubeeren mit s\u00e4uerlichen Himbeeren. Mit 30.000 Z\u00fcgen, 30ml E-Liquid und musikgesteuerter LED-Beleuchtung bietet sie langanhaltenden Premium-Dampfgenuss.<\/p>\n<\/div>\n<\/div>\n<div class=\"h-8\"><\/div>\n<\/div>\n<\/div>\n<div class=\"h-8\"><\/div>\n<\/article>\n","protected":false},"featured_media":469,"comment_status":"open","ping_status":"closed","template":"","meta":{"_acf_changed":false},"product_brand":[],"product_cat":[20],"product_tag":[],"class_list":{"0":"post-464","1":"product","2":"type-product","3":"status-publish","4":"has-post-thumbnail","6":"product_cat-fumot-tornado-30k-music","8":"first","9":"instock","10":"shipping-taxable","11":"purchasable","12":"product-type-variable"},"acf":[],"_links":{"self":[{"href":"https:\/\/fumotpuff.com\/hu\/wp-json\/wp\/v2\/product\/464","targetHints":{"allow":["GET"]}}],"collection":[{"href":"https:\/\/fumotpuff.com\/hu\/wp-json\/wp\/v2\/product"}],"about":[{"href":"https:\/\/fumotpuff.com\/hu\/wp-json\/wp\/v2\/types\/product"}],"replies":[{"embeddable":true,"href":"https:\/\/fumotpuff.com\/hu\/wp-json\/wp\/v2\/comments?post=464"}],"wp:featuredmedia":[{"embeddable":true,"href":"https:\/\/fumotpuff.com\/hu\/wp-json\/wp\/v2\/media\/469"}],"wp:attachment":[{"href":"https:\/\/fumotpuff.com\/hu\/wp-json\/wp\/v2\/media?parent=464"}],"wp:term":[{"taxonomy":"product_brand","embeddable":true,"href":"https:\/\/fumotpuff.com\/hu\/wp-json\/wp\/v2\/product_brand?post=464"},{"taxonomy":"product_cat","embeddable":true,"href":"https:\/\/fumotpuff.com\/hu\/wp-json\/wp\/v2\/product_cat?post=464"},{"taxonomy":"product_tag","embeddable":true,"href":"https:\/\/fumotpuff.com\/hu\/wp-json\/wp\/v2\/product_tag?post=464"}],"curies":[{"name":"wp","href":"https:\/\/api.w.org\/{rel}","templated":true}]}}