{"id":4610,"date":"2025-11-11T04:50:36","date_gmt":"2025-11-11T03:50:36","guid":{"rendered":"https:\/\/fumotpuff.com\/?post_type=product&#038;p=4610"},"modified":"2025-11-11T04:50:36","modified_gmt":"2025-11-11T03:50:36","slug":"vozol-neon-45000-lychee-orange-passion-fruit","status":"publish","type":"product","link":"https:\/\/fumotpuff.com\/hu\/termek\/vozol-neon-45000-lychee-orange-passion-fruit\/","title":{"rendered":"Vozol Neon 45000 licsi narancs maracuja gy\u00fcm\u00f6lcs"},"content":{"rendered":"<h2 class=\"text-xl font-bold text-text-100 mt-1 -mb-0.5\">Vozol Neon 45000 Licsi-narancs-passi\u00f3gy\u00fcm\u00f6lcs eldobhat\u00f3 e-cigaretta<\/h2>\n<p class=\"whitespace-normal break-words\">A Vozol Neon 45000 modell Lychee Orange Passion Fruit \u00edzben cs\u00facsmin\u0151s\u00e9get ny\u00fajt, ak\u00e1r 45 000 slukkig \u00e9s p\u00e9ld\u00e1tlanul szem\u00e9lyre szabhat\u00f3. A 4 \u00e1ll\u00edthat\u00f3 h\u0171t\u00e9si intenzit\u00e1ssal, 3 teljes\u00edtm\u00e9nym\u00f3ddal \u00e9s szab\u00e1lyozhat\u00f3 l\u00e9g\u00e1raml\u00e1ssal teljes ellen\u0151rz\u00e9st kap a g\u0151z\u00f6l\u00e9si \u00e9lm\u00e9ny felett. Az intelligens kijelz\u0151 val\u00f3s idej\u0171 figyel\u00e9st tesz lehet\u0151v\u00e9, m\u00edg a h\u00e1l\u00f3s tekercs \u00e9s a 800 mAh-s akkumul\u00e1tor gazdag \u00edzt \u00e9s tart\u00f3s teljes\u00edtm\u00e9nyt biztos\u00edt. 5% nikotintartalommal \u00e9s egzotikus Lychee Orange Passion Fruit kombin\u00e1ci\u00f3val ez a k\u00e9sz\u00fcl\u00e9k a g\u0151z\u00f6l\u00e9s szerelmeseinek k\u00e9sz\u00fclt.<\/p>\n<h3 class=\"text-lg font-bold text-text-100 mt-1 -mb-1.5\">Licsi-narancs-passi\u00f3gy\u00fcm\u00f6lcs F\u0151bb jellemz\u0151k:<\/h3>\n<p class=\"whitespace-normal break-words\">\u00c9lvezze a rendk\u00edv\u00fcli 45 000 sz\u00edv\u00e1st, amelynek k\u00f6sz\u00f6nhet\u0151en nem kell folyamatosan \u00fajrat\u00f6lteni. A be\u00e9p\u00edtett h\u00e1l\u00f3s tekercs optimaliz\u00e1lja a g\u0151zk\u00e9pz\u0151d\u00e9st, \u00e9s minden sz\u00edv\u00e1sn\u00e1l sim\u00e1bb, arom\u00e1sabb \u00edzt biztos\u00edt. A 800 mAh-s \u00fajrat\u00f6lthet\u0151 akkumul\u00e1tor Type-C gyors t\u00f6lt\u00e9si funkci\u00f3val biztos\u00edtja az \u00e1lland\u00f3 teljes\u00edtm\u00e9nyt hosszabb g\u0151z\u00f6l\u00e9si id\u0151szakok alatt is.<\/p>\n<p class=\"whitespace-normal break-words\">Szem\u00e9lyre szabhatja a g\u0151z\u00f6l\u00e9s \u00e9lm\u00e9ny\u00e9t kedve szerint. A 4 h\u0171t\u00e9si fokozat seg\u00edts\u00e9g\u00e9vel be\u00e1ll\u00edthatja a frissess\u00e9g m\u00e9rt\u00e9k\u00e9t, m\u00edg a 3 teljes\u00edtm\u00e9ny- \u00e9s l\u00e9g\u00e1raml\u00e1s-fokozat lehet\u0151v\u00e9 teszi a sz\u00edv\u00e1si ellen\u00e1ll\u00e1s \u00e9s a g\u0151zs\u0171r\u0171s\u00e9g pontos be\u00e1ll\u00edt\u00e1s\u00e1t \u2013 \u00edgy ide\u00e1lis egyens\u00falyt teremthet az aroma intenzit\u00e1sa \u00e9s a h\u0171t\u00e9s k\u00f6z\u00f6tt.<\/p>\n<p class=\"whitespace-normal break-words\">A be\u00e9p\u00edtett intelligens kijelz\u0151 folyamatosan t\u00e1j\u00e9koztatja \u00d6nt. Ellen\u0151rizze az akkumul\u00e1tor t\u00f6lt\u00f6tts\u00e9g\u00e9t \u00e9s a folyad\u00e9k szintj\u00e9t \u00e9l\u0151ben, hogy mindig id\u0151ben \u00e9rtes\u00fclj\u00f6n a felt\u00f6lt\u00e9s vagy csere sz\u00fcks\u00e9gess\u00e9g\u00e9r\u0151l. A v\u00e1ratlan g\u0151zsz\u00fcnetek m\u00e1r a m\u00falt\u00e9.<\/p>\n<p class=\"whitespace-normal break-words\">5% nikotintartalommal k\u00e9sz\u00fclt, ez a k\u00e9sz\u00fcl\u00e9k er\u0151s, kiel\u00e9g\u00edt\u0151 \u00e9lm\u00e9nyt ny\u00fajt a tapasztalt g\u0151z\u00f6l\u0151knek, akik minden slukk ut\u00e1n kifejez\u0151 \u00edzt \u00e9s \u00e9rezhet\u0151 torok\u00e9rzetet v\u00e1rnak.<\/p>\n<h3 class=\"text-lg font-bold text-text-100 mt-1 -mb-1.5\">Licsi-narancs-passi\u00f3gy\u00fcm\u00f6lcs \u00edzprofil:<\/h3>\n<p class=\"whitespace-normal break-words\">H\u00e1rom tr\u00f3pusi gy\u00fcm\u00f6lcs finom kever\u00e9ke rendk\u00edv\u00fcli \u00edz\u00e9lm\u00e9nyt ny\u00fajt. Az \u00e9des licsi t\u00f6k\u00e9letesen harmoniz\u00e1l a friss\u00edt\u0151 narancssal, m\u00edg a passi\u00f3gy\u00fcm\u00f6lcs egzotikus, savanyk\u00e1s \u00edzt ad hozz\u00e1. Ez a kifinomult h\u00e1rmas azoknak a g\u0151z\u00f6l\u0151knek sz\u00f3l, akik \u00e9rt\u00e9kelik a komplex tr\u00f3pusi arom\u00e1kat \u00e9s a t\u00f6bbf\u00e9le \u00edzvil\u00e1got.<\/p>\n<h3 class=\"text-lg font-bold text-text-100 mt-1 -mb-1.5\">Term\u00e9kle\u00edr\u00e1sok:<\/h3>\n<p class=\"whitespace-normal break-words\">\u25aa Puffkapacit\u00e1s: Ak\u00e1r 45,000<br \/>\n\u25aa Nikotin tartalom: 5%<br \/>\n\u25aa Folyad\u00e9k t\u00e9rfogata: 20 ml<br \/>\n\u25aa Akkumul\u00e1tor: 800mAh \u00fajrat\u00f6lthet\u0151<br \/>\n\u25aa 4 h\u0171t\u00e9si szint \u00e1ll rendelkez\u00e9sre<br \/>\n\u25aa 3 l\u00e9g\u00e1raml\u00e1si lehet\u0151s\u00e9g a g\u0151z \u00e9s aroma szab\u00e1lyoz\u00e1s\u00e1hoz<br \/>\n\u25aa Nikotin er\u0151ss\u00e9g be\u00e1ll\u00edt\u00e1sa<br \/>\n\u25aa Mesh tekercs technol\u00f3gia az optim\u00e1lis \u00edz\u00e9rt<br \/>\n\u25aa Sz\u00ednes kijelz\u0151 \u00e9l\u0151 haszn\u00e1lati adatokkal<\/p>\n<h3 class=\"text-lg font-bold text-text-100 mt-1 -mb-1.5\">Fedezzen fel m\u00e9g t\u00f6bb VOZOL VAPE-t a fumotpuff-on<\/h3>\n<p class=\"whitespace-normal break-words\">Fedezze fel exkluz\u00edv aj\u00e1nlatunkat a <strong><a class=\"underline\" href=\"https:\/\/fumotpuff.com\/hu\/\">fumotpuff.com<\/a><\/strong> vagy b\u00f6ng\u00e9sszen az \u00e1tfog\u00f3 <strong><a class=\"underline\" href=\"https:\/\/fumotpuff.com\/hu\/product-category\/vozol-vape\/\">VOZOL VAPE term\u00e9kcsal\u00e1d<\/a><\/strong> \u00fatt\u00f6r\u0151 eldobhat\u00f3 p\u00e1rologtat\u00f3kkal. Minden \u00edz v\u00e1rja a <strong><a class=\"underline\" href=\"https:\/\/fumotpuff.com\/hu\/product-category\/vozol-vape\/vozol-neon-45000\/\">Vozol Neon 45000 az \u00edzek vil\u00e1ga<\/a><\/strong> az \u00d6n sz\u00e1m\u00e1ra.<\/p>","protected":false},"excerpt":{"rendered":"<p class=\"whitespace-normal break-words\">A Vozol Neon 45000 Lychee Orange Passion Fruit \u00e9des licsit, friss\u00edt\u0151 narancsot \u00e9s egzotikus passi\u00f3gy\u00fcm\u00f6lcs\u00f6t \u00f6tv\u00f6z. 45 000 sz\u00edv\u00e1ssal, 4 h\u0171t\u00e9si szinttel, 3 \u00fczemm\u00f3ddal \u00e9s intelligens kijelz\u0151vel. Mesh-Coil, 20 ml e-liquid, 800 mAh-s akkumul\u00e1tor Type-C gyors t\u00f6lt\u00e9ssel \u00e9s 5% nikotin a tr\u00f3pusi v\u00e1ltozatoss\u00e1g\u00e9rt.<\/p>","protected":false},"featured_media":4611,"comment_status":"open","ping_status":"closed","template":"","meta":{"_acf_changed":false},"product_brand":[],"product_cat":[51],"product_tag":[],"class_list":{"0":"post-4610","1":"product","2":"type-product","3":"status-publish","4":"has-post-thumbnail","6":"product_cat-vozol-neon-45000","8":"first","9":"instock","10":"shipping-taxable","11":"purchasable","12":"product-type-variable"},"acf":[],"_links":{"self":[{"href":"https:\/\/fumotpuff.com\/hu\/wp-json\/wp\/v2\/product\/4610","targetHints":{"allow":["GET"]}}],"collection":[{"href":"https:\/\/fumotpuff.com\/hu\/wp-json\/wp\/v2\/product"}],"about":[{"href":"https:\/\/fumotpuff.com\/hu\/wp-json\/wp\/v2\/types\/product"}],"replies":[{"embeddable":true,"href":"https:\/\/fumotpuff.com\/hu\/wp-json\/wp\/v2\/comments?post=4610"}],"wp:featuredmedia":[{"embeddable":true,"href":"https:\/\/fumotpuff.com\/hu\/wp-json\/wp\/v2\/media\/4611"}],"wp:attachment":[{"href":"https:\/\/fumotpuff.com\/hu\/wp-json\/wp\/v2\/media?parent=4610"}],"wp:term":[{"taxonomy":"product_brand","embeddable":true,"href":"https:\/\/fumotpuff.com\/hu\/wp-json\/wp\/v2\/product_brand?post=4610"},{"taxonomy":"product_cat","embeddable":true,"href":"https:\/\/fumotpuff.com\/hu\/wp-json\/wp\/v2\/product_cat?post=4610"},{"taxonomy":"product_tag","embeddable":true,"href":"https:\/\/fumotpuff.com\/hu\/wp-json\/wp\/v2\/product_tag?post=4610"}],"curies":[{"name":"wp","href":"https:\/\/api.w.org\/{rel}","templated":true}]}}