{"id":4605,"date":"2025-11-11T04:48:20","date_gmt":"2025-11-11T03:48:20","guid":{"rendered":"https:\/\/fumotpuff.com\/?post_type=product&#038;p=4605"},"modified":"2025-11-11T04:48:21","modified_gmt":"2025-11-11T03:48:21","slug":"vozol-neon-45000-love-777","status":"publish","type":"product","link":"https:\/\/fumotpuff.com\/hu\/termek\/vozol-neon-45000-love-777\/","title":{"rendered":"Vozol Neon 45000 Love 777"},"content":{"rendered":"<h2 class=\"text-xl font-bold text-text-100 mt-1 -mb-0.5\">Vozol Neon 45000 Love 777 eldobhat\u00f3 vape<\/h2>\n<p class=\"whitespace-normal break-words\">A Vozol Neon 45000 Love 777 \u00faj m\u00e9rc\u00e9t \u00e1ll\u00edt fel az ak\u00e1r 45.000 puff kapacit\u00e1s\u00e1val \u00e9s a sokoldal\u00fa be\u00e1ll\u00edt\u00e1si lehet\u0151s\u00e9gekkel. A 4 h\u0171t\u00e9si szinttel, 3 teljes\u00edtm\u00e9nyopci\u00f3val \u00e9s rugalmas l\u00e9g\u00e1raml\u00e1ssal felszerelt k\u00e9sz\u00fcl\u00e9k szem\u00e9lyre szabott vaping-\u00e9lvezetet tesz lehet\u0151v\u00e9. Az intelligens kijelz\u0151 \u00e9l\u0151 adatokat szolg\u00e1ltat, m\u00edg a h\u00e1l\u00f3s tekercs technol\u00f3gia \u00e9s a nagy teljes\u00edtm\u00e9ny\u0171 800mAh-s akkumul\u00e1tor intenz\u00edv \u00edzt \u00e9s hosszan tart\u00f3 energi\u00e1t biztos\u00edt. Az 5% nikotinnal \u00e9s a titokzatos Love 777 \u00edzzel ez a modell az ig\u00e9nyes vapereket c\u00e9lozza meg.<\/p>\n<h3 class=\"text-lg font-bold text-text-100 mt-1 -mb-1.5\">Love 777 teljes\u00edtm\u00e9ny\u00e9nek cs\u00facspontjai:<\/h3>\n<p class=\"whitespace-normal break-words\">\u00c9lvezze az els\u0151 oszt\u00e1ly\u00fa g\u0151z\u00f6l\u00e9si \u00e9lm\u00e9nyt ak\u00e1r 45 000 slukkol\u00e1ssal, ami sz\u00fcks\u00e9gtelenn\u00e9 teszi a k\u00e9sz\u00fcl\u00e9k rendszeres cser\u00e9j\u00e9t. A be\u00e9p\u00edtett h\u00e1l\u00f3s tekercstechnol\u00f3gia n\u00f6veli a g\u0151ztermel\u00e9st, \u00e9s minden egyes bel\u00e9gz\u00e9sn\u00e9l sim\u00e1bb, teltebb \u00edzt garant\u00e1l. A 800mAh-s \u00fajrat\u00f6lthet\u0151 akkumul\u00e1tor C-t\u00edpus\u00fa gyorst\u00f6lt\u00e9si lehet\u0151s\u00e9ggel biztos\u00edtja a folyamatos teljes\u00edtm\u00e9nyt a hosszabb g\u0151z\u00f6l\u00e9sek sor\u00e1n.<\/p>\n<p class=\"whitespace-normal break-words\">\u00c1ll\u00edtsa be pontosan a p\u00e1rologtat\u00e1si \u00e9lvezetet. V\u00e1lasszon 4 h\u0171t\u00e9si szint k\u00f6z\u00fcl a frissess\u00e9ghat\u00e1s szab\u00e1lyoz\u00e1s\u00e1hoz, m\u00edg a teljes\u00edtm\u00e9ny \u00e9s a l\u00e9g\u00e1raml\u00e1s 3 szintje lehet\u0151v\u00e9 teszi a h\u00faz\u00e1si ellen\u00e1ll\u00e1s \u00e9s a g\u0151zmennyis\u00e9g pontos be\u00e1ll\u00edt\u00e1s\u00e1t - az \u00edzintenzit\u00e1s \u00e9s a frissess\u00e9g t\u00f6k\u00e9letes harm\u00f3ni\u00e1ja \u00e9rdek\u00e9ben.<\/p>\n<p class=\"whitespace-normal break-words\">A be\u00e9p\u00edtett intelligens kijelz\u0151 folyamatosan t\u00e1j\u00e9koztatja \u00d6nt. Val\u00f3s id\u0151ben k\u00f6vetheti az akkumul\u00e1tor \u00e1llapot\u00e1t \u00e9s az e-folyad\u00e9k szintj\u00e9t, \u00edgy id\u0151ben tudja, mikor kell \u00fajrat\u00f6ltenie vagy kicser\u00e9lnie. Nincs t\u00f6bb v\u00e1ratlan megszak\u00edt\u00e1s.<\/p>\n<p class=\"whitespace-normal break-words\">Az 5% nikotintartalommal felszerelt k\u00e9sz\u00fcl\u00e9k er\u0151teljes, kiel\u00e9g\u00edt\u0151 r\u00fag\u00e1st biztos\u00edt a tapasztalt vaperek sz\u00e1m\u00e1ra, akik \u00e9rt\u00e9kelik az er\u0151s \u00edzeket \u00e9s az intenz\u00edv torok\u00fct\u00e9st minden egyes sz\u00edv\u00e1sn\u00e1l.<\/p>\n<h3 class=\"text-lg font-bold text-text-100 mt-1 -mb-1.5\">Szeretem a 777 \u00edzvil\u00e1g\u00e1t:<\/h3>\n<p class=\"whitespace-normal break-words\">Titokzatos \u00e9s cs\u00e1b\u00edt\u00f3 \u00edzkompoz\u00edci\u00f3, amely meglepet\u00e9st \u00edg\u00e9r. A Love 777 kever\u00e9k k\u00fcl\u00f6nb\u00f6z\u0151 gy\u00fcm\u00f6lcs\u00f6s \u00e9s bogy\u00f3s gy\u00fcm\u00f6lcs\u00f6s jegyeket \u00f6tv\u00f6z, hogy egy \u00f6sszetett, kiegyens\u00falyozott \u00edzvil\u00e1got hozzon l\u00e9tre, amely minden slukkban \u00faj arcokat fedez fel. Ide\u00e1lis a szokatlan \u00e9s t\u00f6bbr\u00e9teg\u0171 \u00edzprofilokat keres\u0151 vaperek sz\u00e1m\u00e1ra.<\/p>\n<h3 class=\"text-lg font-bold text-text-100 mt-1 -mb-1.5\">M\u0171szaki adatok:<\/h3>\n<p class=\"whitespace-normal break-words\">\u25aa Maxim\u00e1lis vonatok: 45,000<br \/>\n\u25aa Nikotinszint: 5%<br \/>\n\u25aa Folyad\u00e9kkapacit\u00e1s: 20ml<br \/>\n\u25aa \u00dajrat\u00f6lthet\u0151 akkumul\u00e1tor: 800mAh \u00fajrat\u00f6lthet\u0151<br \/>\n\u25aa 4 h\u0171t\u00e9si m\u00f3d k\u00f6z\u00fcl v\u00e1laszthat<br \/>\n\u25aa 3 l\u00e9g\u00e1raml\u00e1si m\u00f3d a felh\u0151- \u00e9s \u00edzszab\u00e1lyoz\u00e1shoz<br \/>\n\u25aa V\u00e1ltoz\u00f3 nikotinintenzit\u00e1s<br \/>\n\u25aa H\u00e1l\u00f3s tekercsrendszer a kiv\u00e1l\u00f3 \u00edz\u00e9rt<br \/>\n\u25aa Sz\u00ednes kijelz\u0151 val\u00f3s idej\u0171 g\u0151zadatokkal<\/p>\n<h3 class=\"text-lg font-bold text-text-100 mt-1 -mb-1.5\">Fedezzen fel m\u00e9g t\u00f6bb VOZOL VAPE-t a fumotpuff-on<\/h3>\n<p class=\"whitespace-normal break-words\">B\u00f6ng\u00e9sszen pr\u00e9mium v\u00e1laszt\u00e9kunkban a <strong><a class=\"underline\" href=\"https:\/\/fumotpuff.com\/hu\/\">fumotpuff.com<\/a><\/strong> vagy mer\u00fclj\u00f6n el a <strong><a class=\"underline\" href=\"https:\/\/fumotpuff.com\/hu\/product-category\/vozol-vape\/\">VOZOL VAPE term\u00e9kvil\u00e1g<\/a><\/strong> a leg\u00fajabb eldobhat\u00f3 e-cigarett\u00e1kkal. Felfedezheti az \u00f6sszes \u00edzt a <strong><a class=\"underline\" href=\"https:\/\/fumotpuff.com\/hu\/product-category\/vozol-vape\/vozol-neon-45000\/\">Vozol Neon 45000 \u00edzkollekci\u00f3<\/a><\/strong>.<\/p>","protected":false},"excerpt":{"rendered":"<p class=\"whitespace-normal break-words\">A Vozol Neon 45000 Love 777 titokzatos gy\u00fcm\u00f6lcs- \u00e9s bogy\u00f3s gy\u00fcm\u00f6lcskompoz\u00edci\u00f3t k\u00edn\u00e1l t\u00f6bbr\u00e9teg\u0171 \u00edzekkel. 45 000 puffol\u00e1ssal, 4 h\u0171t\u00e9si szinttel, 3 \u00fczemm\u00f3ddal \u00e9s intelligens kijelz\u0151vel. H\u00e1l\u00f3s tekercs, 20 ml e-folyad\u00e9k, 800 mAh akkumul\u00e1tor C t\u00edpus\u00fa gyorst\u00f6lt\u00e9ssel \u00e9s 5% nikotin a komplex \u00edzek\u00e9rt.<\/p>","protected":false},"featured_media":4606,"comment_status":"open","ping_status":"closed","template":"","meta":{"_acf_changed":false},"product_brand":[],"product_cat":[51],"product_tag":[],"class_list":{"0":"post-4605","1":"product","2":"type-product","3":"status-publish","4":"has-post-thumbnail","6":"product_cat-vozol-neon-45000","8":"first","9":"instock","10":"shipping-taxable","11":"purchasable","12":"product-type-variable"},"acf":[],"_links":{"self":[{"href":"https:\/\/fumotpuff.com\/hu\/wp-json\/wp\/v2\/product\/4605","targetHints":{"allow":["GET"]}}],"collection":[{"href":"https:\/\/fumotpuff.com\/hu\/wp-json\/wp\/v2\/product"}],"about":[{"href":"https:\/\/fumotpuff.com\/hu\/wp-json\/wp\/v2\/types\/product"}],"replies":[{"embeddable":true,"href":"https:\/\/fumotpuff.com\/hu\/wp-json\/wp\/v2\/comments?post=4605"}],"wp:featuredmedia":[{"embeddable":true,"href":"https:\/\/fumotpuff.com\/hu\/wp-json\/wp\/v2\/media\/4606"}],"wp:attachment":[{"href":"https:\/\/fumotpuff.com\/hu\/wp-json\/wp\/v2\/media?parent=4605"}],"wp:term":[{"taxonomy":"product_brand","embeddable":true,"href":"https:\/\/fumotpuff.com\/hu\/wp-json\/wp\/v2\/product_brand?post=4605"},{"taxonomy":"product_cat","embeddable":true,"href":"https:\/\/fumotpuff.com\/hu\/wp-json\/wp\/v2\/product_cat?post=4605"},{"taxonomy":"product_tag","embeddable":true,"href":"https:\/\/fumotpuff.com\/hu\/wp-json\/wp\/v2\/product_tag?post=4605"}],"curies":[{"name":"wp","href":"https:\/\/api.w.org\/{rel}","templated":true}]}}