{"id":4600,"date":"2025-11-11T04:46:06","date_gmt":"2025-11-11T03:46:06","guid":{"rendered":"https:\/\/fumotpuff.com\/?post_type=product&#038;p=4600"},"modified":"2025-11-11T04:46:06","modified_gmt":"2025-11-11T03:46:06","slug":"vozol-neon-45000-hawaiian-pineapple-paradise","status":"publish","type":"product","link":"https:\/\/fumotpuff.com\/hu\/termek\/vozol-neon-45000-hawaiian-pineapple-paradise\/","title":{"rendered":"Vozol Neon 45000 Hawaii anan\u00e1sz paradicsom"},"content":{"rendered":"<h2 class=\"text-xl font-bold text-text-100 mt-1 -mb-0.5\">Vozol Neon 45000 Hawaiian Pineapple Paradise eldobhat\u00f3 vape<\/h2>\n<p class=\"whitespace-normal break-words\">A Vozol Neon 45000 eszk\u00f6z Hawaiian Pineapple Paradise \u00edzben \u00f6tv\u00f6zi a legmodernebb teljes\u00edtm\u00e9nyt, ak\u00e1r 45 000 sz\u00edv\u00e1ssal \u00e9s sz\u00e9les k\u00f6r\u0171 konfigur\u00e1ci\u00f3s lehet\u0151s\u00e9gekkel. A 4 be\u00e1ll\u00edthat\u00f3 h\u0171t\u00e9si szint, a 3 teljes\u00edtm\u00e9nyszint \u00e9s a v\u00e1ltoz\u00f3 l\u00e9g\u00e1raml\u00e1snak k\u00f6sz\u00f6nhet\u0151en mindig \u00d6n ir\u00e1ny\u00edtja a g\u0151z\u00f6l\u00e9si \u00e9lm\u00e9nyt. A digit\u00e1lis kijelz\u0151 val\u00f3s idej\u0171 monitoroz\u00e1st tesz lehet\u0151v\u00e9, m\u00edg a fejlett h\u00e1l\u00f3s tekercs \u00e9s a nagy teljes\u00edtm\u00e9ny\u0171 800 mAh-s akkumul\u00e1tor teljesk\u00f6r\u0171 \u00edzt \u00e9s megb\u00edzhat\u00f3 teljes\u00edtm\u00e9nyt garant\u00e1l. Az 5% nikotintartalom \u00e9s a tr\u00f3pusi Hawaiian Pineapple Paradise \u00edz a g\u0151z\u00f6l\u00e9s szerelmeseinek k\u00e9sz\u00fclt.<\/p>\n<h3 class=\"text-lg font-bold text-text-100 mt-1 -mb-1.5\">Hawaiian Pineapple Paradise F\u0151 el\u0151ny\u00f6k:<\/h3>\n<p class=\"whitespace-normal break-words\">Tapasztalja meg a kiv\u00e1l\u00f3 tart\u00f3ss\u00e1got, ak\u00e1r 45 000 sz\u00edv\u00e1ssal, ami elker\u00fcli a gyakori \u00faj v\u00e1s\u00e1rl\u00e1sokat. A be\u00e9p\u00edtett h\u00e1l\u00f3s tekercs jav\u00edtja a g\u0151ztermel\u00e9st, \u00e9s minden bel\u00e9gz\u00e9sn\u00e9l l\u00e1gyabb, intenz\u00edvebb \u00edzt biztos\u00edt. A 800 mAh-s \u00fajrat\u00f6lthet\u0151 akkumul\u00e1torral \u00e9s a Type-C gyors t\u00f6lt\u00e9ssel a teljes\u00edtm\u00e9ny hosszabb g\u0151z\u00f6l\u00e9si id\u0151 alatt is \u00e1lland\u00f3 marad.<\/p>\n<p class=\"whitespace-normal break-words\">Szem\u00e9lyre szabhatja a g\u0151z\u00f6l\u00e9s minden aspektus\u00e1t. V\u00e1lasszon a 4 h\u0171t\u00e9si intenzit\u00e1s k\u00f6z\u00fcl, hogy szab\u00e1lyozza a h\u0171t\u00e9s hat\u00e1s\u00e1t, m\u00edg a 3 teljes\u00edtm\u00e9ny- \u00e9s l\u00e9g\u00e1raml\u00e1si szint lehet\u0151v\u00e9 teszi a sz\u00edv\u00e1si ellen\u00e1ll\u00e1s \u00e9s a g\u0151zs\u0171r\u0171s\u00e9g pontos be\u00e1ll\u00edt\u00e1s\u00e1t \u2013 teremtsen optim\u00e1lis egyens\u00falyt az aroma koncentr\u00e1ci\u00f3ja \u00e9s a h\u0171t\u00e9s k\u00f6z\u00f6tt.<\/p>\n<p class=\"whitespace-normal break-words\">A be\u00e9p\u00edtett intelligens kijelz\u0151 folyamatosan t\u00e1j\u00e9koztatja \u00d6nt. Val\u00f3s id\u0151ben figyelheti az akkumul\u00e1tor \u00e1llapot\u00e1t \u00e9s a folyad\u00e9k szintj\u00e9t, \u00edgy mindig tudja, mikor sz\u00fcks\u00e9ges a felt\u00f6lt\u00e9s vagy a csere. Nincs t\u00f6bb meglepet\u00e9sszer\u0171 g\u0151zsz\u00fcnet.<\/p>\n<p class=\"whitespace-normal break-words\">5% nikotintartalommal k\u00e9sz\u00fclt, ez a modell er\u0151s, kiel\u00e9g\u00edt\u0151 \u00e9lm\u00e9nyt ny\u00fajt a tapasztalt g\u0151z\u00f6l\u0151knek, akik minden bel\u00e9gz\u00e9sn\u00e9l kiemelt \u00edzre \u00e9s \u00e9rezhet\u0151 torok\u00e9rz\u00e9sre v\u00e1gynak.<\/p>\n<h3 class=\"text-lg font-bold text-text-100 mt-1 -mb-1.5\">Hawaiian Pineapple Paradise Aromaprofil:<\/h3>\n<p class=\"whitespace-normal break-words\">Egy tr\u00f3pusi \u00edzvil\u00e1g, amelynek k\u00f6z\u00e9ppontj\u00e1ban a napon \u00e9rlelt anan\u00e1sz \u00e1ll. A l\u00e9d\u00fas, \u00e9des anan\u00e1sz \u00edz\u00e9t egzotikus gy\u00fcm\u00f6lcs\u00f6s jegyek k\u00eds\u00e9rik, \u00e9s hiteles Hawaii-\u00e9rz\u00e9st keltenek. T\u00f6k\u00e9letes azoknak a g\u0151z\u00f6l\u0151knek, akik kedvelik a tr\u00f3pusi arom\u00e1kat \u00e9s v\u00e1gyakoznak a nyaral\u00e1s hangulat\u00e1ra.<\/p>\n<h3 class=\"text-lg font-bold text-text-100 mt-1 -mb-1.5\">Term\u00e9kadatok:<\/h3>\n<p class=\"whitespace-normal break-words\">\u25aa \u00d6sszes vonat: legfeljebb 45 000<br \/>\n\u25aa Nikotin: 5% koncentr\u00e1ci\u00f3<br \/>\n\u25aa E-folyad\u00e9k: 20ml t\u00e9rfogat<br \/>\n\u25aa Akkumul\u00e1tor: 800mAh \u00fajrat\u00f6lthet\u0151<br \/>\n\u25aa 4 \u00e1ll\u00edthat\u00f3 h\u0171t\u00e9si szint<br \/>\n\u25aa 3 l\u00e9g\u00e1raml\u00e1si be\u00e1ll\u00edt\u00e1s a g\u0151z \u00e9s az \u00edzek szab\u00e1lyoz\u00e1s\u00e1hoz<br \/>\n\u25aa \u00c1ll\u00edthat\u00f3 nikotiner\u0151ss\u00e9g<br \/>\n\u25aa H\u00e1l\u00f3s tekercs a jobb \u00edzkifejl\u0151d\u00e9s \u00e9rdek\u00e9ben<br \/>\n\u25aa Teljes sz\u00edn\u0171 kijelz\u0151 a haszn\u00e1lati inform\u00e1ci\u00f3kkal<\/p>\n<h3 class=\"text-lg font-bold text-text-100 mt-1 -mb-1.5\">Fedezzen fel m\u00e9g t\u00f6bb VOZOL VAPE-t a fumotpuff-on<\/h3>\n<p class=\"whitespace-normal break-words\">Tov\u00e1bbi cs\u00facskateg\u00f3ri\u00e1s g\u0151zk\u00e9sz\u00fcl\u00e9keket tal\u00e1lhat a k\u00f6vetkez\u0151 oldalon: <strong><a class=\"underline\" href=\"https:\/\/fumotpuff.com\/hu\/\">fumotpuff.com<\/a><\/strong> vagy fedezze fel a teljes <strong><a class=\"underline\" href=\"https:\/\/fumotpuff.com\/hu\/product-category\/vozol-vape\/\">VOZOL VAPE paletta<\/a><\/strong> \u00fatt\u00f6r\u0151 eldobhat\u00f3 p\u00e1rologtat\u00f3kkal. Az \u00edzek teljes v\u00e1laszt\u00e9k\u00e1t megtal\u00e1lja a <strong><a class=\"underline\" href=\"https:\/\/fumotpuff.com\/hu\/product-category\/vozol-vape\/vozol-neon-45000\/\">Vozol Neon 45000 tartom\u00e1ny<\/a><\/strong>.<\/p>","protected":false},"excerpt":{"rendered":"<p class=\"whitespace-normal break-words\">A Vozol Neon 45000 Hawaiian Pineapple Paradise tr\u00f3pusi anan\u00e1sz arom\u00e1t k\u00edn\u00e1l egzotikus gy\u00fcm\u00f6lcs\u00f6s \u00edzekkel. 45 000 sz\u00edv\u00e1ssal, 4 h\u0171t\u00e9si szinttel, 3 \u00fczemm\u00f3ddal \u00e9s intelligens kijelz\u0151vel. Mesh-Coil, 20 ml e-liquid, 800 mAh-s akkumul\u00e1tor Type-C gyors t\u00f6lt\u00e9ssel \u00e9s 5% nikotin Hawaii-\u00e9rz\u00e9s\u00e9rt.<\/p>","protected":false},"featured_media":4601,"comment_status":"open","ping_status":"closed","template":"","meta":{"_acf_changed":false},"product_brand":[],"product_cat":[51],"product_tag":[],"class_list":{"0":"post-4600","1":"product","2":"type-product","3":"status-publish","4":"has-post-thumbnail","6":"product_cat-vozol-neon-45000","8":"first","9":"instock","10":"shipping-taxable","11":"purchasable","12":"product-type-variable"},"acf":[],"_links":{"self":[{"href":"https:\/\/fumotpuff.com\/hu\/wp-json\/wp\/v2\/product\/4600","targetHints":{"allow":["GET"]}}],"collection":[{"href":"https:\/\/fumotpuff.com\/hu\/wp-json\/wp\/v2\/product"}],"about":[{"href":"https:\/\/fumotpuff.com\/hu\/wp-json\/wp\/v2\/types\/product"}],"replies":[{"embeddable":true,"href":"https:\/\/fumotpuff.com\/hu\/wp-json\/wp\/v2\/comments?post=4600"}],"wp:featuredmedia":[{"embeddable":true,"href":"https:\/\/fumotpuff.com\/hu\/wp-json\/wp\/v2\/media\/4601"}],"wp:attachment":[{"href":"https:\/\/fumotpuff.com\/hu\/wp-json\/wp\/v2\/media?parent=4600"}],"wp:term":[{"taxonomy":"product_brand","embeddable":true,"href":"https:\/\/fumotpuff.com\/hu\/wp-json\/wp\/v2\/product_brand?post=4600"},{"taxonomy":"product_cat","embeddable":true,"href":"https:\/\/fumotpuff.com\/hu\/wp-json\/wp\/v2\/product_cat?post=4600"},{"taxonomy":"product_tag","embeddable":true,"href":"https:\/\/fumotpuff.com\/hu\/wp-json\/wp\/v2\/product_tag?post=4600"}],"curies":[{"name":"wp","href":"https:\/\/api.w.org\/{rel}","templated":true}]}}