{"id":4595,"date":"2025-11-11T04:43:35","date_gmt":"2025-11-11T03:43:35","guid":{"rendered":"https:\/\/fumotpuff.com\/?post_type=product&#038;p=4595"},"modified":"2025-11-11T04:43:35","modified_gmt":"2025-11-11T03:43:35","slug":"vozol-neon-45000-grape-ice","status":"publish","type":"product","link":"https:\/\/fumotpuff.com\/hu\/termek\/vozol-neon-45000-grape-ice\/","title":{"rendered":"Vozol Neon 45000 Grape Ice sz\u0151l\u0151j\u00e9g"},"content":{"rendered":"<h2 class=\"text-xl font-bold text-text-100 mt-1 -mb-0.5\">Vozol Neon 45000 Grape Ice eldobhat\u00f3 e-cigaretta<\/h2>\n<p class=\"whitespace-normal break-words\">A Vozol Neon 45000 Grape Ice fejlett technol\u00f3gi\u00e1j\u00e1val, ak\u00e1r 45 000 sz\u00edv\u00e1ssal \u00e9s kiterjedt szem\u00e9lyre szab\u00e1si lehet\u0151s\u00e9gekkel gy\u0151zi meg a felhaszn\u00e1l\u00f3kat. 4 \u00e1ll\u00edthat\u00f3 h\u0171t\u00e9si intenzit\u00e1ssal, 3 teljes\u00edtm\u00e9nym\u00f3ddal \u00e9s testreszabhat\u00f3 l\u00e9g\u00e1raml\u00e1ssal egy\u00e9nileg alak\u00edthatja ki a g\u0151z\u00f6l\u00e9st. Az intelligens kijelz\u0151 val\u00f3s id\u0151ben mutatja az \u00f6sszes relev\u00e1ns adatot, m\u00edg a h\u00e1l\u00f3s tekercsrendszer \u00e9s a 800 mAh-s akkumul\u00e1tor gazdag arom\u00e1t \u00e9s tart\u00f3s teljes\u00edtm\u00e9nyt biztos\u00edt. 5% nikotintartalommal \u00e9s a n\u00e9pszer\u0171 Grape Ice \u00edzzel ez a modell a g\u0151z\u00f6l\u00e9s szerelmeseinek k\u00e9sz\u00fclt.<\/p>\n<h3 class=\"text-lg font-bold text-text-100 mt-1 -mb-1.5\">Grape Ice teljes\u00edtm\u00e9nyjellemz\u0151k:<\/h3>\n<p class=\"whitespace-normal break-words\">Haszn\u00e1lja ki a leny\u0171g\u00f6z\u0151 45 000 sz\u00edv\u00e1s el\u0151nyeit, amelyekkel nem kell folyamatosan \u00fajrat\u00f6lteni. A be\u00e9p\u00edtett Mesh Coil technol\u00f3gia maximaliz\u00e1lja a g\u0151ztermel\u00e9st, \u00e9s minden sz\u00edv\u00e1sn\u00e1l sim\u00e1bb, gazdagabb \u00edzt biztos\u00edt. A 800 mAh-s \u00fajrat\u00f6lthet\u0151 akkumul\u00e1tor Type-C gyors t\u00f6lt\u00e9si technol\u00f3gi\u00e1val garant\u00e1lja a megb\u00edzhat\u00f3 teljes\u00edtm\u00e9nyt hossz\u00fa haszn\u00e1lat sor\u00e1n.<\/p>\n<p class=\"whitespace-normal break-words\">Alak\u00edtsa a g\u0151z\u00f6l\u00e9s \u00e9lm\u00e9ny\u00e9t saj\u00e1t ig\u00e9nyei szerint. V\u00e1lasszon a 4 h\u0171t\u00e9si intenzit\u00e1s k\u00f6z\u00fcl a k\u00edv\u00e1nt frissess\u00e9g el\u00e9r\u00e9s\u00e9hez, m\u00edg a 3 fokozat\u00fa teljes\u00edtm\u00e9ny- \u00e9s l\u00e9g\u00e1ram-szab\u00e1lyoz\u00e1s lehet\u0151v\u00e9 teszi a sz\u00edv\u00e1si ellen\u00e1ll\u00e1s \u00e9s a g\u0151zmennyis\u00e9g finom be\u00e1ll\u00edt\u00e1s\u00e1t \u2013 teremtsen t\u00f6k\u00e9letes harm\u00f3ni\u00e1t az \u00edzhat\u00e1s \u00e9s a frissess\u00e9g k\u00f6z\u00f6tt.<\/p>\n<p class=\"whitespace-normal break-words\">A be\u00e9p\u00edtett intelligens kijelz\u0151 lehet\u0151v\u00e9 teszi, hogy mindig \u00e1ttekinthet\u0151 legyen. Figyelje az akkumul\u00e1tor t\u00f6lt\u00f6tts\u00e9g\u00e9t \u00e9s az e-folyad\u00e9k szintj\u00e9t val\u00f3s id\u0151ben, \u00edgy soha nem \u00e9rheti meglepet\u00e9s \u00fcres akkumul\u00e1tor vagy folyad\u00e9k. Sz\u00edv\u00e1s v\u00e1ratlan sz\u00fcnetek n\u00e9lk\u00fcl.<\/p>\n<p class=\"whitespace-normal break-words\">5% nikotinkoncentr\u00e1ci\u00f3val ell\u00e1tva, ez a k\u00e9sz\u00fcl\u00e9k er\u0151teljes, kiel\u00e9g\u00edt\u0151 \u00e9lm\u00e9nyt ny\u00fajt az ig\u00e9nyes vaperoknak, akik minden bel\u00e9gz\u00e9sn\u00e9l intenz\u00edv \u00edzt \u00e9s mark\u00e1ns torok\u00e9rzetet v\u00e1rnak el.<\/p>\n<h3 class=\"text-lg font-bold text-text-100 mt-1 -mb-1.5\">Grape Ice \u00edzjellemz\u0151i:<\/h3>\n<p class=\"whitespace-normal break-words\">Az \u00e9rett sz\u0151l\u0151 \u00e9des teljess\u00e9ge tal\u00e1lkozik a j\u00e9ghideg h\u0171s\u00e9ggel \u2013 egy id\u0151tlen kombin\u00e1ci\u00f3. Az autentikus sz\u0151l\u0151aroma kieg\u00e9sz\u00fcl egy er\u0151teljes j\u00e9ghat\u00e1ssal, amely minden slukknak fagyos dimenzi\u00f3t k\u00f6lcs\u00f6n\u00f6z. Els\u0151 oszt\u00e1ly\u00fa v\u00e1laszt\u00e1s a klasszikus h\u0171t\u00f6tt gy\u00fcm\u00f6lcsarom\u00e1k kedvel\u0151inek, akik kifejezett h\u0171s\u00edt\u0151 hat\u00e1st keresnek.<\/p>\n<h3 class=\"text-lg font-bold text-text-100 mt-1 -mb-1.5\">K\u00e9sz\u00fcl\u00e9k specifik\u00e1ci\u00f3i:<\/h3>\n<p class=\"whitespace-normal break-words\">\u25aa Puffok sz\u00e1ma: Legfeljebb 45 000<br \/>\n\u25aa Nikotin er\u0151ss\u00e9g: 5%<br \/>\n\u25aa E-folyad\u00e9k kapacit\u00e1s: 20ml<br \/>\n\u25aa \u00dajrat\u00f6lthet\u0151 akkumul\u00e1tor: 800mAh \u00fajrat\u00f6lthet\u0151<br \/>\n\u25aa 4 h\u0171t\u00e9si m\u00f3d \u00e1ll rendelkez\u00e9sre<br \/>\n\u25aa 3 l\u00e9g\u00e1raml\u00e1s-m\u00f3d a g\u0151z \u00e9s az aroma szab\u00e1lyoz\u00e1s\u00e1hoz<br \/>\n\u25aa \u00c1ll\u00edthat\u00f3 nikotiner\u0151ss\u00e9g<br \/>\n\u25aa Mesh-Coil rendszer az optim\u00e1lis \u00edz\u00e9rt<br \/>\n\u25aa Teljes sz\u00ednes k\u00e9perny\u0151 \u00e9l\u0151 g\u0151zadatokkal<\/p>\n<h3 class=\"text-lg font-bold text-text-100 mt-1 -mb-1.5\">Fedezzen fel m\u00e9g t\u00f6bb VOZOL VAPE-t a fumotpuff-on<\/h3>\n<p class=\"whitespace-normal break-words\">Fedezze fel exkluz\u00edv portf\u00f3li\u00f3nkat a <strong><a class=\"underline\" href=\"https:\/\/fumotpuff.com\/hu\/\">fumotpuff.com<\/a><\/strong> vagy b\u00f6ng\u00e9sszen az innovat\u00edv <strong><a class=\"underline\" href=\"https:\/\/fumotpuff.com\/hu\/product-category\/vozol-vape\/\">VOZOL VAPE modellsorozat<\/a><\/strong> a legmodernebb eldobhat\u00f3 e-cigarett\u00e1kkal. Minden \u00edzv\u00e1laszt\u00e9k v\u00e1rja \u00d6nt a <strong><a class=\"underline\" href=\"https:\/\/fumotpuff.com\/hu\/product-category\/vozol-vape\/vozol-neon-45000\/\">Vozol Neon 45000 az \u00edzek vil\u00e1ga<\/a><\/strong>.<\/p>","protected":false},"excerpt":{"rendered":"<p class=\"whitespace-normal break-words\">A Vozol Neon 45000 Grape Ice \u00e9des, \u00e9rett sz\u0151l\u0151t \u00e9s j\u00e9ghideg h\u0171v\u00f6ss\u00e9get \u00f6tv\u00f6z a klasszikus j\u00e9g\u00e9lm\u00e9ny \u00e9rdek\u00e9ben. 45 000 sz\u00edv\u00e1ssal, 4 h\u0171t\u00e9si szinttel, 3 \u00fczemm\u00f3ddal \u00e9s intelligens kijelz\u0151vel. Mesh-Coil, 20 ml e-liquid, 800 mAh-s akkumul\u00e1tor Type-C gyors t\u00f6lt\u00e9ssel \u00e9s 5% nikotin fagyos sz\u0151l\u0151arom\u00e1val.<\/p>","protected":false},"featured_media":4596,"comment_status":"open","ping_status":"closed","template":"","meta":{"_acf_changed":false},"product_brand":[],"product_cat":[51],"product_tag":[],"class_list":{"0":"post-4595","1":"product","2":"type-product","3":"status-publish","4":"has-post-thumbnail","6":"product_cat-vozol-neon-45000","8":"first","9":"instock","10":"shipping-taxable","11":"purchasable","12":"product-type-variable"},"acf":[],"_links":{"self":[{"href":"https:\/\/fumotpuff.com\/hu\/wp-json\/wp\/v2\/product\/4595","targetHints":{"allow":["GET"]}}],"collection":[{"href":"https:\/\/fumotpuff.com\/hu\/wp-json\/wp\/v2\/product"}],"about":[{"href":"https:\/\/fumotpuff.com\/hu\/wp-json\/wp\/v2\/types\/product"}],"replies":[{"embeddable":true,"href":"https:\/\/fumotpuff.com\/hu\/wp-json\/wp\/v2\/comments?post=4595"}],"wp:featuredmedia":[{"embeddable":true,"href":"https:\/\/fumotpuff.com\/hu\/wp-json\/wp\/v2\/media\/4596"}],"wp:attachment":[{"href":"https:\/\/fumotpuff.com\/hu\/wp-json\/wp\/v2\/media?parent=4595"}],"wp:term":[{"taxonomy":"product_brand","embeddable":true,"href":"https:\/\/fumotpuff.com\/hu\/wp-json\/wp\/v2\/product_brand?post=4595"},{"taxonomy":"product_cat","embeddable":true,"href":"https:\/\/fumotpuff.com\/hu\/wp-json\/wp\/v2\/product_cat?post=4595"},{"taxonomy":"product_tag","embeddable":true,"href":"https:\/\/fumotpuff.com\/hu\/wp-json\/wp\/v2\/product_tag?post=4595"}],"curies":[{"name":"wp","href":"https:\/\/api.w.org\/{rel}","templated":true}]}}