{"id":4590,"date":"2025-11-11T04:40:59","date_gmt":"2025-11-11T03:40:59","guid":{"rendered":"https:\/\/fumotpuff.com\/?post_type=product&#038;p=4590"},"modified":"2025-11-11T04:40:59","modified_gmt":"2025-11-11T03:40:59","slug":"vozol-neon-45000-frozen-strawberry-kiwi","status":"publish","type":"product","link":"https:\/\/fumotpuff.com\/hu\/termek\/vozol-neon-45000-frozen-strawberry-kiwi\/","title":{"rendered":"Vozol Neon 45000 Fagyasztott eper kiwi"},"content":{"rendered":"<h2 class=\"text-xl font-bold text-text-100 mt-1 -mb-0.5\">Vozol Neon 45000 Frozen Strawberry Kiwi eldobhat\u00f3 vape<\/h2>\n<p class=\"whitespace-normal break-words\">A Vozol Neon 45000 modell Frozen Strawberry Kiwi sz\u00ednben a k\u00f6vetkez\u0151 gener\u00e1ci\u00f3s teljes\u00edtm\u00e9nyt ny\u00fajt, ak\u00e1r 45 000 slukkot \u00e9s p\u00e9ld\u00e1tlan testreszabhat\u00f3s\u00e1got. A 4 v\u00e1ltoztathat\u00f3 h\u0171t\u00e9si szint, a 3 teljes\u00edtm\u00e9nyopci\u00f3 \u00e9s a rugalmas l\u00e9g\u00e1raml\u00e1s r\u00e9v\u00e9n teljes kontrollt kap. Az intelligens kijelz\u0151 val\u00f3s idej\u0171 fel\u00fcgyeletet biztos\u00edt, m\u00edg a h\u00e1l\u00f3s tekercs \u00e9s a 800mAh-s akkumul\u00e1tor mark\u00e1ns \u00edzt \u00e9s hosszan tart\u00f3 teljes\u00edtm\u00e9nyt biztos\u00edt. Az 5% nikotinnal \u00e9s a jeges Frozen Strawberry Kiwi \u00edzzel ez a k\u00e9sz\u00fcl\u00e9k az ig\u00e9nyes vapereket c\u00e9lozza meg.<\/p>\n<h3 class=\"text-lg font-bold text-text-100 mt-1 -mb-1.5\">Fagyasztott eper-kiwi Teljes\u00edtm\u00e9nyjellemz\u0151k:<\/h3>\n<p class=\"whitespace-normal break-words\">\u00c9lvezze a kiv\u00e9teles g\u0151z\u00f6l\u00e9si \u00e9lm\u00e9nyt ak\u00e1r 45 000 puffan\u00e1ssal, \u00edgy a rendszeres cser\u00e9k sz\u00fcks\u00e9gtelenn\u00e9 v\u00e1lnak. A megval\u00f3s\u00edtott h\u00e1l\u00f3s tekercs optimaliz\u00e1lja a g\u0151ztermel\u00e9st, \u00e9s minden egyes bel\u00e9gz\u00e9sn\u00e9l sim\u00e1bb, teltebb \u00edzt garant\u00e1l. A 800mAh-s \u00fajrat\u00f6lthet\u0151 akkumul\u00e1tor C-t\u00edpus\u00fa gyorst\u00f6lt\u00e9si funkci\u00f3val biztos\u00edtja az egyenletes teljes\u00edtm\u00e9nyt hosszabb g\u0151z\u00f6l\u00e9si id\u0151szakok alatt is.<\/p>\n<p class=\"whitespace-normal break-words\">Testre szabhatja a p\u00e1rologtat\u00e1si \u00e9lm\u00e9nyt, ahogyan szeretn\u00e9. A 4 h\u0171t\u00e9si szint seg\u00edts\u00e9g\u00e9vel szab\u00e1lyozhatja a frissess\u00e9g fok\u00e1t, m\u00edg a 3 teljes\u00edtm\u00e9ny- \u00e9s l\u00e9g\u00e1raml\u00e1si szint lehet\u0151v\u00e9 teszi a h\u00faz\u00e1si ellen\u00e1ll\u00e1s \u00e9s a g\u0151zs\u0171r\u0171s\u00e9g pontos be\u00e1ll\u00edt\u00e1s\u00e1t - az \u00edzm\u00e9lys\u00e9g \u00e9s a h\u0171t\u00e9s optim\u00e1lis egyens\u00falya \u00e9rdek\u00e9ben.<\/p>\n<p class=\"whitespace-normal break-words\">A be\u00e9p\u00edtett intelligens kijelz\u0151 folyamatosan t\u00e1j\u00e9koztatja \u00d6nt. \u00c9l\u0151ben ellen\u0151rizheti az akkumul\u00e1tor t\u00f6lt\u00f6tts\u00e9g\u00e9t \u00e9s a folyad\u00e9kszintet, \u00edgy mindig id\u0151ben tudja, mikor kell felt\u00f6ltenie vagy kicser\u00e9lnie az akkumul\u00e1tort. Az el\u0151re nem l\u00e1that\u00f3 megszak\u00edt\u00e1sok a m\u00falt\u00e9.<\/p>\n<p class=\"whitespace-normal break-words\">Az 5% nikotiner\u0151ss\u00e9ggel felszerelt k\u00e9sz\u00fcl\u00e9k er\u0151s, kiel\u00e9g\u00edt\u0151 slukkot biztos\u00edt a tapasztalt vaperek sz\u00e1m\u00e1ra, akik kifejez\u0151 \u00edzt \u00e9s tiszta torokcsap\u00e1st v\u00e1rnak minden egyes slukkn\u00e1l.<\/p>\n<h3 class=\"text-lg font-bold text-text-100 mt-1 -mb-1.5\">Fagyasztott eper-kiwi \u00edz\u00e9lm\u00e9ny:<\/h3>\n<p class=\"whitespace-normal break-words\">Az \u00e9des eper \u00e9s a savanyk\u00e1s kivi klasszikus kombin\u00e1ci\u00f3ja \u00faj szintre emelkedik az intenz\u00edv h\u0171t\u00e9ssel. Az \u00e9rett eper \u00edze keveredik az egzotikus kiwi frissess\u00e9g\u00e9vel, m\u00edg az er\u0151teljes j\u00e9ghat\u00e1s fagyos frissess\u00e9get biztos\u00edt. T\u00f6k\u00e9letes a h\u0171t\u00f6tt gy\u00fcm\u00f6lcs\u00edzek kedvel\u0151inek.<\/p>\n<h3 class=\"text-lg font-bold text-text-100 mt-1 -mb-1.5\">Specifik\u00e1ci\u00f3k:<\/h3>\n<p class=\"whitespace-normal break-words\">\u25aa Maxim\u00e1lis vonatok: 45,000<br \/>\n\u25aa Nikotin tartalom: 5%<br \/>\n\u25aa Folyad\u00e9ktartalom: 20ml<br \/>\n\u25aa Akkumul\u00e1tor kapacit\u00e1s: 800mAh \u00fajrat\u00f6lthet\u0151<br \/>\n\u25aa 4 h\u0171t\u00e9si szint a testreszab\u00e1shoz<br \/>\n\u25aa 3 l\u00e9g\u00e1raml\u00e1si szint a felh\u0151 \u00e9s az \u00edzek szab\u00e1lyoz\u00e1s\u00e1hoz<br \/>\n\u25aa V\u00e1ltoz\u00f3 nikotinintenzit\u00e1s<br \/>\n\u25aa Mesh tekercs a kiv\u00e1l\u00f3 \u00edz\u00e9rt<br \/>\n\u25aa Sz\u00ednes kijelz\u0151 val\u00f3s idej\u0171 haszn\u00e1lati adatokkal<\/p>\n<h3 class=\"text-lg font-bold text-text-100 mt-1 -mb-1.5\">Fedezzen fel m\u00e9g t\u00f6bb VOZOL VAPE-t a fumotpuff-on<\/h3>\n<p class=\"whitespace-normal break-words\">B\u00f6ng\u00e9sszen pr\u00e9mium v\u00e1laszt\u00e9kunkban a <strong><a class=\"underline\" href=\"https:\/\/fumotpuff.com\/hu\/\">fumotpuff.com<\/a><\/strong> vagy mer\u00fclj\u00f6n el a <strong><a class=\"underline\" href=\"https:\/\/fumotpuff.com\/hu\/product-category\/vozol-vape\/\">VOZOL VAPE term\u00e9kvil\u00e1g<\/a><\/strong> a legkorszer\u0171bb eldobhat\u00f3 p\u00e1rologtat\u00f3kkal. Az \u00f6sszes \u00edzt felfedezheti a <strong><a class=\"underline\" href=\"https:\/\/fumotpuff.com\/hu\/product-category\/vozol-vape\/vozol-neon-45000\/\">Vozol Neon 45000 \u00edzv\u00e1laszt\u00e9k<\/a><\/strong>.<\/p>","protected":false},"excerpt":{"rendered":"<p class=\"whitespace-normal break-words\">A Vozol Neon 45000 Frozen Strawberry Kiwi az \u00e9des epret savanyk\u00e1s kivivel \u00e9s intenz\u00edv h\u0171t\u00e9ssel \u00f6tv\u00f6zi. 45 000 puffan\u00e1ssal, 4 h\u0171t\u00e9si szinttel, 3 \u00fczemm\u00f3ddal \u00e9s intelligens kijelz\u0151vel. H\u00e1l\u00f3s tekercs, 20 ml e-folyad\u00e9k, 800 mAh akkumul\u00e1tor C t\u00edpus\u00fa gyorst\u00f6lt\u00e9ssel \u00e9s 5% nikotin a fagyos gy\u00fcm\u00f6lcs\u00edzek\u00e9rt.<\/p>","protected":false},"featured_media":4591,"comment_status":"open","ping_status":"closed","template":"","meta":{"_acf_changed":false},"product_brand":[],"product_cat":[51],"product_tag":[],"class_list":{"0":"post-4590","1":"product","2":"type-product","3":"status-publish","4":"has-post-thumbnail","6":"product_cat-vozol-neon-45000","8":"first","9":"instock","10":"shipping-taxable","11":"purchasable","12":"product-type-variable"},"acf":[],"_links":{"self":[{"href":"https:\/\/fumotpuff.com\/hu\/wp-json\/wp\/v2\/product\/4590","targetHints":{"allow":["GET"]}}],"collection":[{"href":"https:\/\/fumotpuff.com\/hu\/wp-json\/wp\/v2\/product"}],"about":[{"href":"https:\/\/fumotpuff.com\/hu\/wp-json\/wp\/v2\/types\/product"}],"replies":[{"embeddable":true,"href":"https:\/\/fumotpuff.com\/hu\/wp-json\/wp\/v2\/comments?post=4590"}],"wp:featuredmedia":[{"embeddable":true,"href":"https:\/\/fumotpuff.com\/hu\/wp-json\/wp\/v2\/media\/4591"}],"wp:attachment":[{"href":"https:\/\/fumotpuff.com\/hu\/wp-json\/wp\/v2\/media?parent=4590"}],"wp:term":[{"taxonomy":"product_brand","embeddable":true,"href":"https:\/\/fumotpuff.com\/hu\/wp-json\/wp\/v2\/product_brand?post=4590"},{"taxonomy":"product_cat","embeddable":true,"href":"https:\/\/fumotpuff.com\/hu\/wp-json\/wp\/v2\/product_cat?post=4590"},{"taxonomy":"product_tag","embeddable":true,"href":"https:\/\/fumotpuff.com\/hu\/wp-json\/wp\/v2\/product_tag?post=4590"}],"curies":[{"name":"wp","href":"https:\/\/api.w.org\/{rel}","templated":true}]}}