{"id":4580,"date":"2025-11-11T04:34:24","date_gmt":"2025-11-11T03:34:24","guid":{"rendered":"https:\/\/fumotpuff.com\/?post_type=product&#038;p=4580"},"modified":"2025-11-11T04:34:24","modified_gmt":"2025-11-11T03:34:24","slug":"vozol-neon-45000-cranberry-ice","status":"publish","type":"product","link":"https:\/\/fumotpuff.com\/hu\/termek\/vozol-neon-45000-cranberry-ice\/","title":{"rendered":"Vozol Neon 45000 \u00e1fonya j\u00e9g"},"content":{"rendered":"<h2 class=\"text-xl font-bold text-text-100 mt-1 -mb-0.5\">Vozol Neon 45000 Cranberry Ice eldobhat\u00f3 vape<\/h2>\n<p class=\"whitespace-normal break-words\">A Vozol Neon 45000 k\u00e9sz\u00fcl\u00e9k Cranberry Ice sz\u00ednben cs\u00facs teljes\u00edtm\u00e9nyt ny\u00fajt, ak\u00e1r 45 000 slukkot \u00e9s sz\u00e9lesk\u00f6r\u0171 testreszabhat\u00f3s\u00e1got. A 4 \u00e1ll\u00edthat\u00f3 h\u0171t\u00e9si szint, a 3 teljes\u00edtm\u00e9nyopci\u00f3 \u00e9s a rugalmas l\u00e9g\u00e1raml\u00e1s r\u00e9v\u00e9n teljes m\u00e9rt\u00e9kben meg\u0151rizheti a g\u0151z\u00f6l\u00e9si \u00e9lm\u00e9ny feletti teljes kontrollt. Az intelligens kijelz\u0151 lehet\u0151v\u00e9 teszi a val\u00f3s idej\u0171 nyomon k\u00f6vet\u00e9st, m\u00edg a h\u00e1l\u00f3s tekercs technol\u00f3gia \u00e9s a 800mAh-s akkumul\u00e1tor gazdag \u00edzt \u00e9s hosszan tart\u00f3 teljes\u00edtm\u00e9nyt biztos\u00edt. Az 5% nikotinnal \u00e9s a friss\u00edt\u0151 Cranberry Ice \u00edzzel ez a modell a tapasztalt vapereknek lett kifejlesztve.<\/p>\n<h3 class=\"text-lg font-bold text-text-100 mt-1 -mb-1.5\">Cranberry Ice F\u0151 jellemz\u0151k:<\/h3>\n<p class=\"whitespace-normal break-words\">Tapasztalja meg az els\u0151 oszt\u00e1ly\u00fa g\u0151z\u00f6l\u00e9si \u00e9lm\u00e9nyt ak\u00e1r 45 000 puffol\u00e1ssal, ami elker\u00fclhet\u0151v\u00e9 teszi a k\u00e9sz\u00fcl\u00e9k gyakori cser\u00e9j\u00e9t. A be\u00e9p\u00edtett h\u00e1l\u00f3s tekercs jav\u00edtja a g\u0151zfejleszt\u00e9st, \u00e9s minden egyes bel\u00e9gz\u00e9ssel l\u00e1gyabb, intenz\u00edvebb \u00edzt biztos\u00edt. A C t\u00edpus\u00fa gyorst\u00f6lt\u00e9ssel ell\u00e1tott 800mAh-s \u00fajrat\u00f6lthet\u0151 akkumul\u00e1torral m\u0171k\u00f6d\u0151 k\u00e9sz\u00fcl\u00e9k teljes\u00edtm\u00e9nye hosszabb g\u0151z\u00f6l\u00e9si id\u0151 alatt is egyenletes marad.<\/p>\n<p class=\"whitespace-normal break-words\">\u00c1ll\u00edtsa be a p\u00e1ra \u00e9lvezet\u00e9t, ahogyan szeretn\u00e9. V\u00e1lasszon egyet a 4 h\u0171t\u00e9si intenzit\u00e1s k\u00f6z\u00fcl a h\u0171t\u00e9si hat\u00e1s szab\u00e1lyoz\u00e1s\u00e1hoz, m\u00edg a 3 teljes\u00edtm\u00e9ny- \u00e9s l\u00e9g\u00e1raml\u00e1si szint lehet\u0151v\u00e9 teszi a h\u00faz\u00e1si ellen\u00e1ll\u00e1s \u00e9s a g\u0151zs\u0171r\u0171s\u00e9g pontos be\u00e1ll\u00edt\u00e1s\u00e1t - az \u00edzkoncentr\u00e1ci\u00f3 \u00e9s a h\u0171v\u00f6ss\u00e9g t\u00f6k\u00e9letes harm\u00f3ni\u00e1ja \u00e9rdek\u00e9ben.<\/p>\n<p class=\"whitespace-normal break-words\">A be\u00e9p\u00edtett intelligens kijelz\u0151 folyamatosan t\u00e1j\u00e9koztatja \u00d6nt. Figyelje az akkumul\u00e1tor \u00e1llapot\u00e1t \u00e9s a folyad\u00e9kszintet val\u00f3s id\u0151ben, hogy mindig tudja, mikor van sz\u00fcks\u00e9g t\u00f6lt\u00e9sre vagy cser\u00e9re. Nincs t\u00f6bb v\u00e1ratlan megszak\u00edt\u00e1s.<\/p>\n<p class=\"whitespace-normal break-words\">Az 5% nikotiner\u0151ss\u00e9ggel felszerelt k\u00e9sz\u00fcl\u00e9k er\u0151teljes, kiel\u00e9g\u00edt\u0151 slukkot biztos\u00edt a tapasztalt vaperek sz\u00e1m\u00e1ra, akik \u00e9rt\u00e9kelik a kifejezett \u00edzeket \u00e9s a minden slukkn\u00e1l \u00e9rezhet\u0151 torokcsap\u00e1st.<\/p>\n<h3 class=\"text-lg font-bold text-text-100 mt-1 -mb-1.5\">\u00c1fonya Ice \u00edzes\u00edt\u00e9ssel:<\/h3>\n<p class=\"whitespace-normal break-words\">Az \u00e1fonya savanyk\u00e1s frissess\u00e9ge \u00e9s az intenz\u00edv h\u0171t\u00e9s tal\u00e1lkozik - \u00e9l\u00e9nk\u00edt\u0151 kombin\u00e1ci\u00f3. Az \u00e1fonya jellegzetes fanyar \u00e9s savanyk\u00e1s \u00edz\u00e9t er\u0151teljes j\u00e9ghat\u00e1s eg\u00e9sz\u00edti ki, amely fagyos dimenzi\u00f3t k\u00f6lcs\u00f6n\u00f6z minden egyes slukknak. Ide\u00e1lis olyan vaperek sz\u00e1m\u00e1ra, akik a savanyk\u00e1s, gy\u00fcm\u00f6lcs\u00f6s \u00edzeket kedvelik, egy\u00e9rtelm\u0171 h\u0171s\u00edt\u0151 hat\u00e1ssal.<\/p>\n<h3 class=\"text-lg font-bold text-text-100 mt-1 -mb-1.5\">Term\u00e9kle\u00edr\u00e1sok:<\/h3>\n<p class=\"whitespace-normal break-words\">\u25aa \u00d6sszes vonat: legfeljebb 45 000<br \/>\n\u25aa Nikotin: 5% tartalom<br \/>\n\u25aa E-folyad\u00e9k: 20ml kapacit\u00e1s<br \/>\n\u25aa \u00dajrat\u00f6lthet\u0151 akkumul\u00e1tor: 800mAh \u00fajrat\u00f6lthet\u0151<br \/>\n\u25aa 4 h\u0171t\u00e9si szint \u00e1ll rendelkez\u00e9sre<br \/>\n\u25aa 3 l\u00e9g\u00e1raml\u00e1si szint a g\u0151z \u00e9s az aroma szab\u00e1lyoz\u00e1s\u00e1hoz<br \/>\n\u25aa \u00c1ll\u00edthat\u00f3 nikotiner\u0151ss\u00e9g<br \/>\n\u25aa H\u00e1l\u00f3s tekercs az optim\u00e1lis \u00edz\u00e9rt<br \/>\n\u25aa Teljes sz\u00ednes kijelz\u0151 \u00e9l\u0151 inform\u00e1ci\u00f3kkal<\/p>\n<h3 class=\"text-lg font-bold text-text-100 mt-1 -mb-1.5\">Fedezzen fel m\u00e9g t\u00f6bb VOZOL VAPE-t a fumotpuff-on<\/h3>\n<p class=\"whitespace-normal break-words\">Fedezze fel exkluz\u00edv k\u00edn\u00e1latunkat a <strong><a class=\"underline\" href=\"https:\/\/fumotpuff.com\/hu\/\">fumotpuff.com<\/a><\/strong> vagy b\u00f6ng\u00e9sszen az \u00e1tfog\u00f3 <strong><a class=\"underline\" href=\"https:\/\/fumotpuff.com\/hu\/product-category\/vozol-vape\/\">VOZOL VAPE term\u00e9kcsal\u00e1d<\/a><\/strong> \u00fatt\u00f6r\u0151 eldobhat\u00f3 p\u00e1rologtat\u00f3kkal. Minden \u00edz v\u00e1rja a <strong><a class=\"underline\" href=\"https:\/\/fumotpuff.com\/hu\/product-category\/vozol-vape\/vozol-neon-45000\/\">Vozol Neon 45000 az \u00edzek vil\u00e1ga<\/a><\/strong> az \u00d6n sz\u00e1m\u00e1ra.<\/p>","protected":false},"excerpt":{"rendered":"<p class=\"whitespace-normal break-words\">A Vozol Neon 45000 Cranberry Ice a fanyar \u00e1fonya \u00edzt intenz\u00edv h\u0171t\u00e9ssel \u00f6tv\u00f6zi az \u00e9l\u00e9nk\u00edt\u0151 frissess\u00e9g \u00e9rdek\u00e9ben. 45 000 f\u00faj\u00e1ssal, 4 h\u0171t\u00e9si szinttel, 3 \u00fczemm\u00f3ddal \u00e9s intelligens kijelz\u0151vel. H\u00e1l\u00f3s tekercs, 20 ml e-folyad\u00e9k, 800 mAh akkumul\u00e1tor C t\u00edpus\u00fa gyorst\u00f6lt\u00e9ssel \u00e9s 5% nikotin a fagyos \u00e9lvezet\u00e9rt.<\/p>","protected":false},"featured_media":4581,"comment_status":"open","ping_status":"closed","template":"","meta":{"_acf_changed":false},"product_brand":[],"product_cat":[51],"product_tag":[],"class_list":{"0":"post-4580","1":"product","2":"type-product","3":"status-publish","4":"has-post-thumbnail","6":"product_cat-vozol-neon-45000","8":"first","9":"instock","10":"shipping-taxable","11":"purchasable","12":"product-type-variable"},"acf":[],"_links":{"self":[{"href":"https:\/\/fumotpuff.com\/hu\/wp-json\/wp\/v2\/product\/4580","targetHints":{"allow":["GET"]}}],"collection":[{"href":"https:\/\/fumotpuff.com\/hu\/wp-json\/wp\/v2\/product"}],"about":[{"href":"https:\/\/fumotpuff.com\/hu\/wp-json\/wp\/v2\/types\/product"}],"replies":[{"embeddable":true,"href":"https:\/\/fumotpuff.com\/hu\/wp-json\/wp\/v2\/comments?post=4580"}],"wp:featuredmedia":[{"embeddable":true,"href":"https:\/\/fumotpuff.com\/hu\/wp-json\/wp\/v2\/media\/4581"}],"wp:attachment":[{"href":"https:\/\/fumotpuff.com\/hu\/wp-json\/wp\/v2\/media?parent=4580"}],"wp:term":[{"taxonomy":"product_brand","embeddable":true,"href":"https:\/\/fumotpuff.com\/hu\/wp-json\/wp\/v2\/product_brand?post=4580"},{"taxonomy":"product_cat","embeddable":true,"href":"https:\/\/fumotpuff.com\/hu\/wp-json\/wp\/v2\/product_cat?post=4580"},{"taxonomy":"product_tag","embeddable":true,"href":"https:\/\/fumotpuff.com\/hu\/wp-json\/wp\/v2\/product_tag?post=4580"}],"curies":[{"name":"wp","href":"https:\/\/api.w.org\/{rel}","templated":true}]}}