{"id":458,"date":"2025-09-12T05:38:05","date_gmt":"2025-09-12T03:38:05","guid":{"rendered":"https:\/\/fumotpuff.com\/?post_type=product&#038;p=458"},"modified":"2025-09-12T05:38:06","modified_gmt":"2025-09-12T03:38:06","slug":"fumot-tornado-30k-music-blue-razz-ice","status":"publish","type":"product","link":"https:\/\/fumotpuff.com\/hu\/termek\/fumot-tornado-30k-music-blue-razz-ice\/","title":{"rendered":"Fumot Tornado 30K Zene K\u00e9k Razz Ice"},"content":{"rendered":"<h2 class=\"text-xl font-bold text-text-100 mt-1 -mb-0.5\">Fumot Tornado 30K Music Blue Razz Ice eldobhat\u00f3 e-cigaretta<\/h2>\n<p class=\"whitespace-normal break-words\">Mer\u00fclj el a Blue Razz Ice vibr\u00e1l\u00f3 vil\u00e1g\u00e1ban a Fumot Tornado 30K Music seg\u00edts\u00e9g\u00e9vel. Ez az innovat\u00edv eldobhat\u00f3 e-cigaretta az \u00e9des \u00e9s savany\u00fa k\u00e9k m\u00e1ln\u00e1t kombin\u00e1lja a jeges frissess\u00e9ggel, \u00e9s leny\u0171g\u00f6z\u0151, 30.000 slukk teljes\u00edtm\u00e9nyt k\u00edn\u00e1l. A 30 ml-es e-folyad\u00e9k tart\u00e1ly biztos\u00edtja az egyenletes min\u0151s\u00e9get a haszn\u00e1lat teljes id\u0151tartama alatt.<\/p>\n<h3 class=\"text-lg font-bold text-text-100 mt-1 -mb-1.5\">A Blue Razz Ice v\u00e1ltozat egyedi jellemz\u0151i:<\/h3>\n<p class=\"whitespace-normal break-words\"><strong>Rekordot d\u00f6nt\u0151 vonatok:<\/strong> Ak\u00e1r 30 000 h\u00faz\u00e1s a kiv\u00e9teles \u00e9lettartam \u00e9rdek\u00e9ben.<\/p>\n<p class=\"whitespace-normal break-words\"><strong>Testre szabhat\u00f3 nikotinadagol\u00e1s:<\/strong> 2% \u00e9s 5% nikotin koncentr\u00e1ci\u00f3ban kaphat\u00f3.<\/p>\n<p class=\"whitespace-normal break-words\"><strong>Volumenes t\u00f6ltel\u00e9k:<\/strong> 30ml pr\u00e9mium e-folyad\u00e9k hetekig tart\u00f3 haszn\u00e1latra.<\/p>\n<p class=\"whitespace-normal break-words\"><strong>Prec\u00edzi\u00f3s h\u00e1l\u00f3s tekercs:<\/strong> 1,0\u03a9 ellen\u00e1ll\u00e1s az \u00edz \u00e9s a g\u0151z t\u00f6k\u00e9letes egyens\u00falya \u00e9rdek\u00e9ben.<\/p>\n<p class=\"whitespace-normal break-words\"><strong>Robusztus t\u00e1pegys\u00e9g:<\/strong> 600mAh nagyteljes\u00edtm\u00e9ny\u0171 akkumul\u00e1tor C t\u00edpus\u00fa gyorst\u00f6lt\u00e9si technol\u00f3gi\u00e1val.<\/p>\n<p class=\"whitespace-normal break-words\"><strong>L\u00e1tv\u00e1nyos f\u00e9nyhat\u00e1sok:<\/strong> A zen\u00e9vel szinkroniz\u00e1lt LED-ek fokozz\u00e1k a p\u00e1rologtat\u00e1s \u00e9lm\u00e9ny\u00e9t.<\/p>\n<h3 class=\"text-lg font-bold text-text-100 mt-1 -mb-1.5\">M\u0171szaki adatok:<\/h3>\n<p class=\"whitespace-normal break-words\">\u2611 Nikotin er\u0151ss\u00e9g: 2% \/ 5%<br \/>\n\u2611 Puff kapacit\u00e1s: 30,000<br \/>\n\u2611 Blue Razz j\u00e9g\u00edz<br \/>\n\u2611 600mAh \u00fajrat\u00f6lthet\u0151<br \/>\n\u2611 1.0\u03a9 h\u00e1l\u00f3s p\u00e1rologtat\u00f3fej<br \/>\n\u2611 C-t\u00edpus\u00fa t\u00f6lt\u00e9s<br \/>\n\u2611 Hangra reag\u00e1l\u00f3 LED-ek<\/p>\n<p class=\"whitespace-normal break-words\">Fedezze fel teljes k\u00edn\u00e1latunkat a <strong><a class=\"underline\" href=\"https:\/\/fumotpuff.com\/hu\/\">Kezd\u0151lap<\/a><\/strong>b\u00f6ng\u00e9sszen az \u00f6sszes <strong><a class=\"underline\" href=\"https:\/\/fumotpuff.com\/hu\/product-category\/fumot-vape\/\">FUMOT VAPE term\u00e9kek<\/a><\/strong> vagy fedezzen fel t\u00f6bbet <strong><a class=\"underline\" href=\"https:\/\/fumotpuff.com\/hu\/product-category\/fumot-vape\/fumot-tornado-30k-music\/\">Fumot Tornado 30K Zenei \u00edzek<\/a><\/strong>.<\/p>","protected":false},"excerpt":{"rendered":"<p>Tapasztalja meg az \u00e9des \u00e9s fanyar k\u00e9k m\u00e1lna \u00edzek \u00e9s a friss\u00edt\u0151 h\u0171v\u00f6ss\u00e9g t\u00f6k\u00e9letes egyens\u00faly\u00e1t a Fumot Tornado 30K Music Blue Razz Ice eldobhat\u00f3 e-cigarett\u00e1val. \u00c9l\u00e9nk \u00edzek, 30 000 sz\u00edv\u00e1s \u00e9s l\u00e1tv\u00e1nyos, zen\u00e9vel szinkroniz\u00e1lt LED-ek a felejthetetlen vaping \u00e9lm\u00e9ny\u00e9rt.<\/p>","protected":false},"featured_media":460,"comment_status":"open","ping_status":"closed","template":"","meta":{"_acf_changed":false},"product_brand":[],"product_cat":[20],"product_tag":[],"class_list":{"0":"post-458","1":"product","2":"type-product","3":"status-publish","4":"has-post-thumbnail","6":"product_cat-fumot-tornado-30k-music","8":"first","9":"instock","10":"shipping-taxable","11":"purchasable","12":"product-type-variable"},"acf":[],"_links":{"self":[{"href":"https:\/\/fumotpuff.com\/hu\/wp-json\/wp\/v2\/product\/458","targetHints":{"allow":["GET"]}}],"collection":[{"href":"https:\/\/fumotpuff.com\/hu\/wp-json\/wp\/v2\/product"}],"about":[{"href":"https:\/\/fumotpuff.com\/hu\/wp-json\/wp\/v2\/types\/product"}],"replies":[{"embeddable":true,"href":"https:\/\/fumotpuff.com\/hu\/wp-json\/wp\/v2\/comments?post=458"}],"wp:featuredmedia":[{"embeddable":true,"href":"https:\/\/fumotpuff.com\/hu\/wp-json\/wp\/v2\/media\/460"}],"wp:attachment":[{"href":"https:\/\/fumotpuff.com\/hu\/wp-json\/wp\/v2\/media?parent=458"}],"wp:term":[{"taxonomy":"product_brand","embeddable":true,"href":"https:\/\/fumotpuff.com\/hu\/wp-json\/wp\/v2\/product_brand?post=458"},{"taxonomy":"product_cat","embeddable":true,"href":"https:\/\/fumotpuff.com\/hu\/wp-json\/wp\/v2\/product_cat?post=458"},{"taxonomy":"product_tag","embeddable":true,"href":"https:\/\/fumotpuff.com\/hu\/wp-json\/wp\/v2\/product_tag?post=458"}],"curies":[{"name":"wp","href":"https:\/\/api.w.org\/{rel}","templated":true}]}}