{"id":4575,"date":"2025-11-11T04:31:24","date_gmt":"2025-11-11T03:31:24","guid":{"rendered":"https:\/\/fumotpuff.com\/?post_type=product&#038;p=4575"},"modified":"2025-11-11T04:31:24","modified_gmt":"2025-11-11T03:31:24","slug":"vozol-neon-45000-cherry-strazz","status":"publish","type":"product","link":"https:\/\/fumotpuff.com\/hu\/termek\/vozol-neon-45000-cherry-strazz\/","title":{"rendered":"Vozol Neon 45000 Cherry Strazz"},"content":{"rendered":"<h2 class=\"text-xl font-bold text-text-100 mt-1 -mb-0.5\">Vozol Neon 45000 Cherry Strazz eldobhat\u00f3 e-cigaretta<\/h2>\n<p class=\"whitespace-normal break-words\">A Vozol Neon 45000 Cherry Strazz ak\u00e1r 45 000 sz\u00edv\u00e1ssal \u00e9s sokf\u00e9le be\u00e1ll\u00edt\u00e1si lehet\u0151s\u00e9ggel meggy\u0151z\u0151, fejlett teljes\u00edtm\u00e9nyt ny\u00fajt. 4 h\u0171t\u00e9si szinttel, 3 teljes\u00edtm\u00e9nyszinttel \u00e9s v\u00e1ltoz\u00f3 l\u00e9g\u00e1rammal felszerelve szem\u00e9lyre szabott g\u0151z\u00e9lm\u00e9nyt biztos\u00edt. Az intelligens kijelz\u0151 \u00e9l\u0151 adatokat jelen\u00edt meg, m\u00edg a fejlett h\u00e1l\u00f3s tekercs \u00e9s a nagy teljes\u00edtm\u00e9ny\u0171 800 mAh-s akkumul\u00e1tor intenz\u00edv arom\u00e1t \u00e9s megb\u00edzhat\u00f3 teljes\u00edtm\u00e9nyt garant\u00e1l. Az 5% nikotintartalom \u00e9s a gy\u00fcm\u00f6lcs\u00f6s Cherry Strazz \u00edz a g\u0151z\u00f6l\u00e9s szerelmeseinek k\u00e9sz\u00fclt.<\/p>\n<h3 class=\"text-lg font-bold text-text-100 mt-1 -mb-1.5\">Cherry Strazz teljes\u00edtm\u00e9ny\u00e9nek legfontosabb eredm\u00e9nyei:<\/h3>\n<p class=\"whitespace-normal break-words\">Haszn\u00e1lja ki a rendk\u00edv\u00fcli 45 000 sz\u00edv\u00e1s el\u0151nyeit, amelyek feleslegess\u00e9 teszik a folyamatos \u00faj v\u00e1s\u00e1rl\u00e1sokat. A be\u00e9p\u00edtett h\u00e1l\u00f3s tekercs technol\u00f3gia maximaliz\u00e1lja a g\u0151ztermel\u00e9st \u00e9s minden sz\u00edv\u00e1sn\u00e1l l\u00e1gyabb, teltebb \u00edzt biztos\u00edt. A 800 mAh-s \u00fajrat\u00f6lthet\u0151 akkumul\u00e1tor Type-C gyors t\u00f6lt\u00e9si technol\u00f3gi\u00e1val biztos\u00edtja a folyamatos teljes\u00edtm\u00e9nyt hosszabb haszn\u00e1lat sor\u00e1n is.<\/p>\n<p class=\"whitespace-normal break-words\">Szem\u00e9lyre szabhatja a g\u0151z\u00f6l\u00e9s minden aspektus\u00e1t. V\u00e1lasszon a 4 h\u0171t\u00e9si intenzit\u00e1s k\u00f6z\u00fcl a k\u00edv\u00e1nt frissess\u00e9ghez, m\u00edg a 3-szoros teljes\u00edtm\u00e9ny- \u00e9s l\u00e9g\u00e1ram-szab\u00e1lyoz\u00e1s lehet\u0151v\u00e9 teszi a sz\u00edv\u00e1si ellen\u00e1ll\u00e1s \u00e9s a g\u0151zmennyis\u00e9g finom be\u00e1ll\u00edt\u00e1s\u00e1t \u2013 teremtsen optim\u00e1lis egyens\u00falyt az \u00edzhat\u00e1s \u00e9s a frissess\u00e9g k\u00f6z\u00f6tt.<\/p>\n<p class=\"whitespace-normal break-words\">A be\u00e9p\u00edtett intelligens kijelz\u0151vel mindig \u00e1ttekint\u00e9st kap. Val\u00f3s id\u0151ben figyelheti az akkumul\u00e1tor t\u00f6lt\u00f6tts\u00e9g\u00e9t \u00e9s az e-liquid szintj\u00e9t, \u00edgy soha nem marad v\u00e1ratlanul g\u0151z n\u00e9lk\u00fcl. Folyamatos g\u0151z\u00e9lvezet\u00e9s garant\u00e1lva.<\/p>\n<p class=\"whitespace-normal break-words\">5% nikotinkoncentr\u00e1ci\u00f3val k\u00e9sz\u00fclt, ez a modell er\u0151s, kiel\u00e9g\u00edt\u0151 \u00e9lm\u00e9nyt ny\u00fajt az ig\u00e9nyes vaperoknak, akik minden bel\u00e9gz\u00e9sn\u00e9l er\u0151teljes \u00edzt \u00e9s mark\u00e1ns torok\u00e9rzetet v\u00e1rnak el.<\/p>\n<h3 class=\"text-lg font-bold text-text-100 mt-1 -mb-1.5\">Cherry Strazz aromaprofil:<\/h3>\n<p class=\"whitespace-normal break-words\">A zamatos cseresznye \u00e9s az \u00e9des eper cs\u00e1b\u00edt\u00f3 kever\u00e9ke intenz\u00edv gy\u00fcm\u00f6lcs\u00f6s \u00edz\u00e9lm\u00e9nyt ny\u00fajt. A cseresznye keserny\u00e9s \u00e9dess\u00e9get k\u00f6lcs\u00f6n\u00f6z, m\u00edg az eper l\u00e1gy, tel\u00edtett \u00edzt ad hozz\u00e1. Ez a n\u00e9pszer\u0171 gy\u00fcm\u00f6lcskombin\u00e1ci\u00f3 azoknak a vaporiz\u00e1l\u00f3 felhaszn\u00e1l\u00f3knak tetszik, akik kedvelik a klasszikus bogy\u00f3s gy\u00fcm\u00f6lcs\u00f6k \u00edz\u00e9t.<\/p>\n<h3 class=\"text-lg font-bold text-text-100 mt-1 -mb-1.5\">K\u00e9sz\u00fcl\u00e9k specifik\u00e1ci\u00f3i:<\/h3>\n<p class=\"whitespace-normal break-words\">\u25aa Maxim\u00e1lis vonatok: 45,000<br \/>\n\u25aa Nikotin er\u0151ss\u00e9g: 5%<br \/>\n\u25aa Folyad\u00e9k t\u00e9rfogata: 20 ml<br \/>\n\u25aa Akkumul\u00e1tor: 800mAh \u00fajrat\u00f6lthet\u0151<br \/>\n\u25aa 4 h\u0171t\u00e9si m\u00f3d k\u00f6z\u00fcl v\u00e1laszthat<br \/>\n\u25aa 3 l\u00e9g\u00e1raml\u00e1si m\u00f3d a felh\u0151- \u00e9s \u00edzszab\u00e1lyoz\u00e1shoz<br \/>\n\u25aa V\u00e1ltoz\u00f3 nikotinintenzit\u00e1s<br \/>\n\u25aa Mesh-Coil-rendszer a kiv\u00e1l\u00f3 aroma \u00e9rdek\u00e9ben<br \/>\n\u25aa Sz\u00ednes kijelz\u0151 val\u00f3s idej\u0171 g\u0151zadatokkal<\/p>\n<h3 class=\"text-lg font-bold text-text-100 mt-1 -mb-1.5\">Fedezzen fel m\u00e9g t\u00f6bb VOZOL VAPE-t a fumotpuff-on<\/h3>\n<p class=\"whitespace-normal break-words\">B\u00f6ng\u00e9sszen pr\u00e9mium portf\u00f3li\u00f3nkban a <strong><a class=\"underline\" href=\"https:\/\/fumotpuff.com\/hu\/\">fumotpuff.com<\/a><\/strong> vagy mer\u00fclj\u00f6n el az innovat\u00edv <strong><a class=\"underline\" href=\"https:\/\/fumotpuff.com\/hu\/product-category\/vozol-vape\/\">VOZOL VAPE modellsorozat<\/a><\/strong> a legmodernebb eldobhat\u00f3 e-cigarett\u00e1kkal. Az \u00f6sszes \u00edzv\u00e1laszt\u00e9kot megtal\u00e1lja a <strong><a class=\"underline\" href=\"https:\/\/fumotpuff.com\/hu\/product-category\/vozol-vape\/vozol-neon-45000\/\">Vozol Neon 45000 \u00edzkollekci\u00f3<\/a><\/strong>.<\/p>","protected":false},"excerpt":{"rendered":"<p class=\"whitespace-normal break-words\">A Vozol Neon 45000 Cherry Strazz l\u00e9d\u00fas csereszny\u00e9t \u00e9s \u00e9des eperet kombin\u00e1l intenz\u00edv gy\u00fcm\u00f6lcs\u00f6s \u00e9lvezet\u00e9rt. 45 000 sz\u00edv\u00e1ssal, 4 h\u0171t\u00e9si szinttel, 3 \u00fczemm\u00f3ddal \u00e9s intelligens kijelz\u0151vel. Mesh-Coil, 20 ml e-liquid, 800 mAh-s akkumul\u00e1tor Type-C gyors t\u00f6lt\u00e9ssel \u00e9s 5% nikotin bogy\u00f3s gy\u00fcm\u00f6lcs\u00f6s arom\u00e1val.<\/p>","protected":false},"featured_media":4576,"comment_status":"open","ping_status":"closed","template":"","meta":{"_acf_changed":false},"product_brand":[],"product_cat":[51],"product_tag":[],"class_list":{"0":"post-4575","1":"product","2":"type-product","3":"status-publish","4":"has-post-thumbnail","6":"product_cat-vozol-neon-45000","8":"first","9":"instock","10":"shipping-taxable","11":"purchasable","12":"product-type-variable"},"acf":[],"_links":{"self":[{"href":"https:\/\/fumotpuff.com\/hu\/wp-json\/wp\/v2\/product\/4575","targetHints":{"allow":["GET"]}}],"collection":[{"href":"https:\/\/fumotpuff.com\/hu\/wp-json\/wp\/v2\/product"}],"about":[{"href":"https:\/\/fumotpuff.com\/hu\/wp-json\/wp\/v2\/types\/product"}],"replies":[{"embeddable":true,"href":"https:\/\/fumotpuff.com\/hu\/wp-json\/wp\/v2\/comments?post=4575"}],"wp:featuredmedia":[{"embeddable":true,"href":"https:\/\/fumotpuff.com\/hu\/wp-json\/wp\/v2\/media\/4576"}],"wp:attachment":[{"href":"https:\/\/fumotpuff.com\/hu\/wp-json\/wp\/v2\/media?parent=4575"}],"wp:term":[{"taxonomy":"product_brand","embeddable":true,"href":"https:\/\/fumotpuff.com\/hu\/wp-json\/wp\/v2\/product_brand?post=4575"},{"taxonomy":"product_cat","embeddable":true,"href":"https:\/\/fumotpuff.com\/hu\/wp-json\/wp\/v2\/product_cat?post=4575"},{"taxonomy":"product_tag","embeddable":true,"href":"https:\/\/fumotpuff.com\/hu\/wp-json\/wp\/v2\/product_tag?post=4575"}],"curies":[{"name":"wp","href":"https:\/\/api.w.org\/{rel}","templated":true}]}}