{"id":4570,"date":"2025-11-11T04:28:33","date_gmt":"2025-11-11T03:28:33","guid":{"rendered":"https:\/\/fumotpuff.com\/?post_type=product&#038;p=4570"},"modified":"2025-11-11T04:28:33","modified_gmt":"2025-11-11T03:28:33","slug":"vozol-neon-45000-cherry-cola","status":"publish","type":"product","link":"https:\/\/fumotpuff.com\/hu\/termek\/vozol-neon-45000-cherry-cola\/","title":{"rendered":"Vozol Neon 45000 Cherry Cola"},"content":{"rendered":"<h2 class=\"text-xl font-bold text-text-100 mt-1 -mb-0.5\">Vozol Neon 45000 Cherry Cola eldobhat\u00f3 vape<\/h2>\n<p class=\"whitespace-normal break-words\">A Vozol Neon 45000 modell Cherry Cola sz\u00ednben a legmodernebb technol\u00f3gi\u00e1t kombin\u00e1lja ak\u00e1r 45 000 puffol\u00e1ssal \u00e9s sz\u00e9lesk\u00f6r\u0171 konfigur\u00e1ci\u00f3s lehet\u0151s\u00e9gekkel. A 4 \u00e1ll\u00edthat\u00f3 h\u0171t\u00e9si intenzit\u00e1snak, a 3 teljes\u00edtm\u00e9ny \u00fczemm\u00f3dnak \u00e9s a testreszabhat\u00f3 l\u00e9g\u00e1raml\u00e1snak k\u00f6sz\u00f6nhet\u0151en szem\u00e9lyre szabhatja a p\u00e1rologtat\u00e1s \u00e9lm\u00e9ny\u00e9t. A digit\u00e1lis kijelz\u0151 val\u00f3s id\u0151ben mutatja az \u00f6sszes relev\u00e1ns adatot, m\u00edg a h\u00e1l\u00f3s tekercsrendszer \u00e9s a 800mAh-s akkumul\u00e1tor testes \u00edzt \u00e9s hosszan tart\u00f3 teljes\u00edtm\u00e9nyt biztos\u00edt. Az 5% nikotintartalommal \u00e9s a nosztalgikus Cherry Cola \u00edzzel ez a k\u00e9sz\u00fcl\u00e9k a tapasztalt vaperek sz\u00e1m\u00e1ra is vonz\u00f3.<\/p>\n<h3 class=\"text-lg font-bold text-text-100 mt-1 -mb-1.5\">Cherry Cola teljes\u00edtm\u00e9ny jellemz\u0151i:<\/h3>\n<p class=\"whitespace-normal break-words\">\u00c9lvezze a figyelemre m\u00e9lt\u00f3 45 000 slukkot, ami sz\u00fcks\u00e9gtelenn\u00e9 teszi a k\u00e9sz\u00fcl\u00e9k \u00e1lland\u00f3 cser\u00e9j\u00e9t. A megval\u00f3s\u00edtott h\u00e1l\u00f3s tekercs n\u00f6veli a g\u0151ztermel\u00e9st, \u00e9s minden egyes bel\u00e9gz\u00e9sn\u00e9l sim\u00e1bb, gazdagabb \u00edzt garant\u00e1l. A 800mAh-s \u00fajrat\u00f6lthet\u0151 akkumul\u00e1tor C t\u00edpus\u00fa gyorst\u00f6lt\u00e9si funkci\u00f3val biztos\u00edtja a folyamatos teljes\u00edtm\u00e9nyt hossz\u00fa g\u0151z\u00f6l\u00e9si id\u0151szakok alatt.<\/p>\n<p class=\"whitespace-normal break-words\">Form\u00e1lja a g\u0151z\u00f6l\u00e9si \u00e9lm\u00e9nyt a saj\u00e1t preferenci\u00e1i szerint. A 4 h\u0171t\u00e9si szint seg\u00edts\u00e9g\u00e9vel \u00d6n hat\u00e1rozza meg a frissess\u00e9g m\u00e9rt\u00e9k\u00e9t, m\u00edg a 3 teljes\u00edtm\u00e9ny- \u00e9s l\u00e9g\u00e1raml\u00e1si szint lehet\u0151v\u00e9 teszi a h\u00faz\u00e1si ellen\u00e1ll\u00e1s \u00e9s a g\u0151zmennyis\u00e9g pontos be\u00e1ll\u00edt\u00e1s\u00e1t - az \u00edzer\u0151ss\u00e9g \u00e9s a h\u0171t\u00e9s ide\u00e1lis harm\u00f3ni\u00e1ja \u00e9rdek\u00e9ben.<\/p>\n<p class=\"whitespace-normal break-words\">A be\u00e9p\u00edtett intelligens kijelz\u0151 folyamatosan naprak\u00e9szen tartja \u00d6nt. \u00c9l\u0151ben ellen\u0151rizheti az akkumul\u00e1tor t\u00f6lt\u00f6tts\u00e9g\u00e9t \u00e9s a folyad\u00e9kszintet, \u00edgy id\u0151ben \u00e9rtes\u00fclhet arr\u00f3l, ha az akkumul\u00e1tort fel kell t\u00f6ltenie vagy ki kell cser\u00e9lnie. A v\u00e1ratlan g\u0151zsz\u00fcnetek a m\u00falt\u00e9.<\/p>\n<p class=\"whitespace-normal break-words\">Az 5% nikotiner\u0151ss\u00e9ggel felszerelt k\u00e9sz\u00fcl\u00e9k er\u0151teljes, kiel\u00e9g\u00edt\u0151 slukkot biztos\u00edt a tapasztalt vaperek sz\u00e1m\u00e1ra, akik kifejez\u0151 \u00edzt \u00e9s tiszta torokcsap\u00e1st v\u00e1rnak minden egyes slukkn\u00e1l.<\/p>\n<h3 class=\"text-lg font-bold text-text-100 mt-1 -mb-1.5\">Cherry Cola \u00edz\u00e9lm\u00e9ny:<\/h3>\n<p class=\"whitespace-normal break-words\">Az \u00e9des cseresznye \u00e9s a sz\u00e9nsavas k\u00f3la \u00edz\u00e9nek cs\u00e1b\u00edt\u00f3 kombin\u00e1ci\u00f3ja - a nosztalgia tal\u00e1lkozik az innov\u00e1ci\u00f3val. Az autentikus cseresznye \u00edz a jellegzetes k\u00f3la arom\u00e1val egyes\u00fclve egyed\u00fcl\u00e1ll\u00f3, a klasszikus \u00fcd\u00edt\u0151italra eml\u00e9keztet\u0151 p\u00e1rologtat\u00e1si \u00e9lm\u00e9nyt ny\u00fajt. T\u00f6k\u00e9letes a szokatlan \u00edzeket keres\u0151 vapereknek.<\/p>\n<h3 class=\"text-lg font-bold text-text-100 mt-1 -mb-1.5\">M\u0171szaki adatok:<\/h3>\n<p class=\"whitespace-normal break-words\">\u25aa Puffok sz\u00e1ma: Legfeljebb 45 000<br \/>\n\u25aa Nikotinszint: 5%<br \/>\n\u25aa Folyad\u00e9kkapacit\u00e1s: 20ml<br \/>\n\u25aa \u00dajrat\u00f6lthet\u0151 akkumul\u00e1tor: 800mAh \u00fajrat\u00f6lthet\u0151<br \/>\n\u25aa 4 \u00e1ll\u00edthat\u00f3 h\u0171t\u00e9si szint<br \/>\n\u25aa 3 l\u00e9g\u00e1raml\u00e1si be\u00e1ll\u00edt\u00e1s a g\u0151z \u00e9s az \u00edzek szab\u00e1lyoz\u00e1s\u00e1hoz<br \/>\n\u25aa Nikotin er\u0151ss\u00e9g be\u00e1ll\u00edt\u00e1sa<br \/>\n\u25aa H\u00e1l\u00f3s tekercs a jobb \u00edzkifejl\u0151d\u00e9s \u00e9rdek\u00e9ben<br \/>\n\u25aa Teljes sz\u00edn\u0171 kijelz\u0151 a haszn\u00e1lati inform\u00e1ci\u00f3kkal<\/p>\n<h3 class=\"text-lg font-bold text-text-100 mt-1 -mb-1.5\">Fedezzen fel m\u00e9g t\u00f6bb VOZOL VAPE-t a fumotpuff-on<\/h3>\n<p class=\"whitespace-normal break-words\">Fedezzen fel m\u00e9g t\u00f6bb cs\u00facskateg\u00f3ri\u00e1s g\u0151zk\u00e9sz\u00fcl\u00e9ket a <strong><a class=\"underline\" href=\"https:\/\/fumotpuff.com\/hu\/\">fumotpuff.com<\/a><\/strong> vagy fedezze fel a teljes <strong><a class=\"underline\" href=\"https:\/\/fumotpuff.com\/hu\/product-category\/vozol-vape\/\">VOZOL VAPE paletta<\/a><\/strong> \u00fatt\u00f6r\u0151 eldobhat\u00f3 p\u00e1rologtat\u00f3kkal. Az \u00edzek teljes v\u00e1laszt\u00e9k\u00e1t megtal\u00e1lja a <strong><a class=\"underline\" href=\"https:\/\/fumotpuff.com\/hu\/product-category\/vozol-vape\/vozol-neon-45000\/\">Vozol Neon 45000 tartom\u00e1ny<\/a><\/strong>.<\/p>","protected":false},"excerpt":{"rendered":"<p class=\"whitespace-normal break-words\">A Vozol Neon 45000 Cherry Cola az \u00e9des cseresznye \u00e9s a sz\u00e9nsavas k\u00f3la \u00edz\u00e9t \u00f6tv\u00f6zi a nosztalgikus \u00e9lvezet \u00e9rdek\u00e9ben. 45 000 f\u00faj\u00e1ssal, 4 h\u0171t\u00e9si szinttel, 3 \u00fczemm\u00f3ddal \u00e9s intelligens kijelz\u0151vel. H\u00e1l\u00f3s tekercs, 20 ml e-folyad\u00e9k, 800 mAh akkumul\u00e1tor C t\u00edpus\u00fa gyorst\u00f6lt\u00e9ssel \u00e9s 5% nikotin az egyed\u00fcl\u00e1ll\u00f3 \u00edz\u00e9rt.<\/p>","protected":false},"featured_media":4571,"comment_status":"open","ping_status":"closed","template":"","meta":{"_acf_changed":false},"product_brand":[],"product_cat":[51],"product_tag":[],"class_list":{"0":"post-4570","1":"product","2":"type-product","3":"status-publish","4":"has-post-thumbnail","6":"product_cat-vozol-neon-45000","8":"first","9":"instock","10":"shipping-taxable","11":"purchasable","12":"product-type-variable"},"acf":[],"_links":{"self":[{"href":"https:\/\/fumotpuff.com\/hu\/wp-json\/wp\/v2\/product\/4570","targetHints":{"allow":["GET"]}}],"collection":[{"href":"https:\/\/fumotpuff.com\/hu\/wp-json\/wp\/v2\/product"}],"about":[{"href":"https:\/\/fumotpuff.com\/hu\/wp-json\/wp\/v2\/types\/product"}],"replies":[{"embeddable":true,"href":"https:\/\/fumotpuff.com\/hu\/wp-json\/wp\/v2\/comments?post=4570"}],"wp:featuredmedia":[{"embeddable":true,"href":"https:\/\/fumotpuff.com\/hu\/wp-json\/wp\/v2\/media\/4571"}],"wp:attachment":[{"href":"https:\/\/fumotpuff.com\/hu\/wp-json\/wp\/v2\/media?parent=4570"}],"wp:term":[{"taxonomy":"product_brand","embeddable":true,"href":"https:\/\/fumotpuff.com\/hu\/wp-json\/wp\/v2\/product_brand?post=4570"},{"taxonomy":"product_cat","embeddable":true,"href":"https:\/\/fumotpuff.com\/hu\/wp-json\/wp\/v2\/product_cat?post=4570"},{"taxonomy":"product_tag","embeddable":true,"href":"https:\/\/fumotpuff.com\/hu\/wp-json\/wp\/v2\/product_tag?post=4570"}],"curies":[{"name":"wp","href":"https:\/\/api.w.org\/{rel}","templated":true}]}}