{"id":4564,"date":"2025-11-11T04:25:52","date_gmt":"2025-11-11T03:25:52","guid":{"rendered":"https:\/\/fumotpuff.com\/?post_type=product&#038;p=4564"},"modified":"2025-11-11T04:25:53","modified_gmt":"2025-11-11T03:25:53","slug":"vozol-neon-45000-blueberry-watermelon","status":"publish","type":"product","link":"https:\/\/fumotpuff.com\/hu\/termek\/vozol-neon-45000-blueberry-watermelon\/","title":{"rendered":"Vozol Neon 45000 \u00e1fonya g\u00f6r\u00f6gdinnye"},"content":{"rendered":"<h2 class=\"text-xl font-bold text-text-100 mt-1 -mb-0.5\">Vozol Neon 45000 \u00e1fonya g\u00f6r\u00f6gdinnye eldobhat\u00f3 vape<\/h2>\n<p class=\"whitespace-normal break-words\">A Vozol Neon 45000 Blueberry Watermelon sz\u00ednben a k\u00f6vetkez\u0151 gener\u00e1ci\u00f3s teljes\u00edtm\u00e9nyt ny\u00fajt, ak\u00e1r 45 000 slukk kapacit\u00e1ssal \u00e9s p\u00e1ratlan testreszabhat\u00f3s\u00e1ggal. A 4 v\u00e1ltoztathat\u00f3 h\u0171t\u00e9si szint, a 3 teljes\u00edtm\u00e9nyopci\u00f3 \u00e9s a rugalmas l\u00e9g\u00e1raml\u00e1s r\u00e9v\u00e9n teljes kontrollt kap. Az intelligens kijelz\u0151 val\u00f3s idej\u0171 fel\u00fcgyeletet biztos\u00edt, m\u00edg a h\u00e1l\u00f3s tekercs \u00e9s a 800mAh-s akkumul\u00e1tor intenz\u00edv \u00edzt \u00e9s hosszan tart\u00f3 teljes\u00edtm\u00e9nyt biztos\u00edt. Az 5% nikotinnal \u00e9s a n\u00e9pszer\u0171 Blueberry Watermelon kombin\u00e1ci\u00f3val ez a k\u00e9sz\u00fcl\u00e9k az ig\u00e9nyes vapereket c\u00e9lozza meg.<\/p>\n<h3 class=\"text-lg font-bold text-text-100 mt-1 -mb-1.5\">\u00c1fonya g\u00f6r\u00f6gdinnye F\u0151 el\u0151nyei:<\/h3>\n<p class=\"whitespace-normal break-words\">\u00c9lvezze a kiv\u00e1l\u00f3 g\u0151z\u00f6l\u00e9si \u00e9lm\u00e9nyt ak\u00e1r 45 000 slukkol\u00e1ssal, elker\u00fclve a gyakori cser\u00e9k sz\u00fcks\u00e9gess\u00e9g\u00e9t. A be\u00e9p\u00edtett h\u00e1l\u00f3s tekercs technol\u00f3gia optimaliz\u00e1lja a g\u0151ztermel\u00e9st, \u00e9s minden egyes bel\u00e9gz\u00e9ssel l\u00e1gyabb, arom\u00e1sabb \u00edzeket biztos\u00edt. A 800mAh-s \u00fajrat\u00f6lthet\u0151 akkumul\u00e1tor C-t\u00edpus\u00fa gyorst\u00f6lt\u00e9si lehet\u0151s\u00e9ggel biztos\u00edtja az egyenletes teljes\u00edtm\u00e9nyt a hosszabb p\u00e1rologtat\u00e1sok sor\u00e1n.<\/p>\n<p class=\"whitespace-normal break-words\">Testre szabhatja a p\u00e1rologtat\u00e1si \u00e9lm\u00e9nyt, ahogyan szeretn\u00e9. V\u00e1lasszon a 4 h\u0171t\u00e9si szint k\u00f6z\u00fcl a frissess\u00e9g hat\u00e1s\u00e1nak szab\u00e1lyoz\u00e1s\u00e1hoz, m\u00edg a 3 teljes\u00edtm\u00e9ny- \u00e9s l\u00e9g\u00e1raml\u00e1si szint lehet\u0151v\u00e9 teszi a h\u00faz\u00e1si ellen\u00e1ll\u00e1s \u00e9s a g\u0151z s\u0171r\u0171s\u00e9g\u00e9nek pontos be\u00e1ll\u00edt\u00e1s\u00e1t - teremtse meg a t\u00f6k\u00e9letes egyens\u00falyt az \u00edz intenzit\u00e1sa \u00e9s a frissess\u00e9g k\u00f6z\u00f6tt.<\/p>\n<p class=\"whitespace-normal break-words\">A be\u00e9p\u00edtett intelligens kijelz\u0151nek k\u00f6sz\u00f6nhet\u0151en mindig t\u00e1j\u00e9kozott maradhat. Nyomon k\u00f6vetheti az akkumul\u00e1tor \u00e1llapot\u00e1t \u00e9s az e-folyad\u00e9k szintj\u00e9t val\u00f3s id\u0151ben, \u00edgy mindig tudja, mikor kell \u00fajrat\u00f6ltenie vagy kicser\u00e9lnie. Nincs t\u00f6bb v\u00e1ratlan megszak\u00edt\u00e1s.<\/p>\n<p class=\"whitespace-normal break-words\">Az 5% nikotintartalommal rendelkez\u0151 modell er\u0151teljes, kiel\u00e9g\u00edt\u0151 l\u00f6k\u00e9st k\u00edn\u00e1l a tapasztalt vaperek sz\u00e1m\u00e1ra, akik \u00e9rt\u00e9kelik a jellegzetes \u00edzeket \u00e9s az intenz\u00edv torok\u00fct\u00e9st minden egyes bel\u00e9gz\u00e9sn\u00e9l.<\/p>\n<h3 class=\"text-lg font-bold text-text-100 mt-1 -mb-1.5\">\u00c1fonya g\u00f6r\u00f6gdinnye \u00edzprofil:<\/h3>\n<p class=\"whitespace-normal break-words\">A l\u00e9d\u00fas \u00e1fonya \u00e9s a friss\u00edt\u0151 g\u00f6r\u00f6gdinnye ny\u00e1rias f\u00fazi\u00f3ja gy\u00fcm\u00f6lcs\u00f6s \u00edz\u00e9lm\u00e9nyt ny\u00fajt. Az \u00e9des \u00e1fonya \u00edz harmonikusan keveredik a dinnye k\u00f6nnyed, vizes frissess\u00e9g\u00e9vel, t\u00f6k\u00e9letes egyens\u00falyt teremtve az \u00e9dess\u00e9g \u00e9s a frissess\u00e9g k\u00f6z\u00f6tt. Ide\u00e1lis a klasszikus gy\u00fcm\u00f6lcskombin\u00e1ci\u00f3k kedvel\u0151inek.<\/p>\n<h3 class=\"text-lg font-bold text-text-100 mt-1 -mb-1.5\">Term\u00e9kadatok:<\/h3>\n<p class=\"whitespace-normal break-words\">\u25aa \u00d6sszes vonat: legfeljebb 45 000<br \/>\n\u25aa Nikotin: 5% koncentr\u00e1ci\u00f3<br \/>\n\u25aa E-folyad\u00e9k: 20ml t\u00e9rfogat<br \/>\n\u25aa Akkumul\u00e1tor: 800mAh \u00fajrat\u00f6lthet\u0151<br \/>\n\u25aa 4 h\u0171t\u00e9si m\u00f3d \u00e1ll rendelkez\u00e9sre<br \/>\n\u25aa 3 l\u00e9g\u00e1raml\u00e1si lehet\u0151s\u00e9g a g\u0151z \u00e9s aroma szab\u00e1lyoz\u00e1s\u00e1hoz<br \/>\n\u25aa \u00c1ll\u00edthat\u00f3 nikotiner\u0151ss\u00e9g<br \/>\n\u25aa Mesh tekercs technol\u00f3gia az optim\u00e1lis \u00edz\u00e9rt<br \/>\n\u25aa Sz\u00ednes kijelz\u0151 \u00e9l\u0151 g\u0151zadatokkal<\/p>\n<h3 class=\"text-lg font-bold text-text-100 mt-1 -mb-1.5\">Fedezzen fel m\u00e9g t\u00f6bb VOZOL VAPE-t a fumotpuff-on<\/h3>\n<p class=\"whitespace-normal break-words\">M\u00e9g t\u00f6bb els\u0151 oszt\u00e1ly\u00fa g\u0151z\u00f6lg\u0151 term\u00e9ket tal\u00e1l a <strong><a class=\"underline\" href=\"https:\/\/fumotpuff.com\/hu\/\">fumotpuff.com<\/a><\/strong> vagy b\u00f6ng\u00e9sszen a kiterjedt <strong><a class=\"underline\" href=\"https:\/\/fumotpuff.com\/hu\/product-category\/vozol-vape\/\">VOZOL VAPE V\u00e1logat\u00e1s<\/a><\/strong> a trendteremt\u0151 eldobhat\u00f3 e-cigarett\u00e1kkal. Minden \u00edz v\u00e1rja \u00d6nt a <strong><a class=\"underline\" href=\"https:\/\/fumotpuff.com\/hu\/product-category\/vozol-vape\/vozol-neon-45000\/\">Vozol Neon 45000 az \u00edzek vil\u00e1ga<\/a><\/strong>.<\/p>","protected":false},"excerpt":{"rendered":"<p class=\"whitespace-normal break-words\">A Vozol Neon 45000 Blueberry Watermelon a l\u00e9d\u00fas \u00e1fony\u00e1t \u00e9s a friss\u00edt\u0151 g\u00f6r\u00f6gdinny\u00e9t \u00f6tv\u00f6zi. 45 000 f\u00faj\u00e1ssal, 4 h\u0171t\u00e9si szinttel, 3 \u00fczemm\u00f3ddal \u00e9s intelligens kijelz\u0151vel. H\u00e1l\u00f3s tekercs, 20 ml e-folyad\u00e9k, 800 mAh akkumul\u00e1tor C t\u00edpus\u00fa gyorst\u00f6lt\u00e9ssel \u00e9s 5% nikotin a ny\u00e1rias gy\u00fcm\u00f6lcs\u00edzek\u00e9rt.<\/p>","protected":false},"featured_media":4565,"comment_status":"open","ping_status":"closed","template":"","meta":{"_acf_changed":false},"product_brand":[],"product_cat":[51],"product_tag":[],"class_list":{"0":"post-4564","1":"product","2":"type-product","3":"status-publish","4":"has-post-thumbnail","6":"product_cat-vozol-neon-45000","8":"first","9":"instock","10":"shipping-taxable","11":"purchasable","12":"product-type-variable"},"acf":[],"_links":{"self":[{"href":"https:\/\/fumotpuff.com\/hu\/wp-json\/wp\/v2\/product\/4564","targetHints":{"allow":["GET"]}}],"collection":[{"href":"https:\/\/fumotpuff.com\/hu\/wp-json\/wp\/v2\/product"}],"about":[{"href":"https:\/\/fumotpuff.com\/hu\/wp-json\/wp\/v2\/types\/product"}],"replies":[{"embeddable":true,"href":"https:\/\/fumotpuff.com\/hu\/wp-json\/wp\/v2\/comments?post=4564"}],"wp:featuredmedia":[{"embeddable":true,"href":"https:\/\/fumotpuff.com\/hu\/wp-json\/wp\/v2\/media\/4565"}],"wp:attachment":[{"href":"https:\/\/fumotpuff.com\/hu\/wp-json\/wp\/v2\/media?parent=4564"}],"wp:term":[{"taxonomy":"product_brand","embeddable":true,"href":"https:\/\/fumotpuff.com\/hu\/wp-json\/wp\/v2\/product_brand?post=4564"},{"taxonomy":"product_cat","embeddable":true,"href":"https:\/\/fumotpuff.com\/hu\/wp-json\/wp\/v2\/product_cat?post=4564"},{"taxonomy":"product_tag","embeddable":true,"href":"https:\/\/fumotpuff.com\/hu\/wp-json\/wp\/v2\/product_tag?post=4564"}],"curies":[{"name":"wp","href":"https:\/\/api.w.org\/{rel}","templated":true}]}}