{"id":4559,"date":"2025-11-11T04:20:03","date_gmt":"2025-11-11T03:20:03","guid":{"rendered":"https:\/\/fumotpuff.com\/?post_type=product&#038;p=4559"},"modified":"2025-11-11T04:20:03","modified_gmt":"2025-11-11T03:20:03","slug":"vozol-neon-45000-blue-razz-ice","status":"publish","type":"product","link":"https:\/\/fumotpuff.com\/hu\/termek\/vozol-neon-45000-blue-razz-ice\/","title":{"rendered":"Vozol Neon 45000 k\u00e9k Razz Ice"},"content":{"rendered":"<h2 class=\"text-xl font-bold text-text-100 mt-1 -mb-0.5\">Vozol Neon 45000 Blue Razz Ice eldobhat\u00f3 vape<\/h2>\n<p class=\"whitespace-normal break-words\">A Vozol Neon 45000 k\u00e9sz\u00fcl\u00e9k Blue Razz Ice sz\u00ednben ak\u00e1r 45 000 sz\u00edv\u00e1sig tart\u00f3 cs\u00facsteljes\u00edtm\u00e9nnyel \u00e9s sz\u00e9lesk\u00f6r\u0171 szem\u00e9lyre szabhat\u00f3s\u00e1ggal ny\u0171g\u00f6z le. A 4 \u00e1ll\u00edthat\u00f3 h\u0171t\u00e9si szintnek, 3 teljes\u00edtm\u00e9nyszintnek \u00e9s az \u00e1ll\u00edthat\u00f3 l\u00e9g\u00e1raml\u00e1snak k\u00f6sz\u00f6nhet\u0151en mindig \u00d6n ir\u00e1ny\u00edtja a g\u0151z\u00f6l\u00e9s \u00e9lm\u00e9ny\u00e9t. Az intelligens kijelz\u0151 lehet\u0151v\u00e9 teszi a val\u00f3s idej\u0171 nyomon k\u00f6vet\u00e9st, m\u00edg a h\u00e1l\u00f3s tekercs technol\u00f3gia \u00e9s a 800mAh-s akkumul\u00e1tor garant\u00e1lja a mark\u00e1ns \u00edzt \u00e9s a hosszan tart\u00f3 teljes\u00edtm\u00e9nyt. Az 5% nikotinkoncentr\u00e1ci\u00f3val \u00e9s a n\u00e9pszer\u0171 Blue Razz Ice \u00edzzel ez a modell a g\u0151z\u00f6l\u00e9s szerelmeseinek lett kifejlesztve.<\/p>\n<h3 class=\"text-lg font-bold text-text-100 mt-1 -mb-1.5\">A Blue Razz Ice Performance jellemz\u0151i:<\/h3>\n<p class=\"whitespace-normal break-words\">Tapasztalja meg a kiv\u00e9teles kitart\u00e1st ak\u00e1r 45 000 f\u00faj\u00e1ssal, \u00edgy nincs sz\u00fcks\u00e9g rendszeres cser\u00e9re. A be\u00e9p\u00edtett h\u00e1l\u00f3s tekercs jav\u00edtja a g\u0151zk\u00e9pz\u0151d\u00e9st, \u00e9s minden egyes bel\u00e9gz\u00e9ssel l\u00e1gyabb, teltebb \u00edzeket biztos\u00edt. A C t\u00edpus\u00fa gyorst\u00f6lt\u00e9ssel ell\u00e1tott 800mAh-s \u00fajrat\u00f6lthet\u0151 akkumul\u00e1torral m\u0171k\u00f6d\u0151 k\u00e9sz\u00fcl\u00e9k teljes\u00edtm\u00e9nye hosszabb g\u0151z\u00f6l\u00e9si id\u0151szakok alatt is \u00e1lland\u00f3 marad.<\/p>\n<p class=\"whitespace-normal break-words\">\u00c1ll\u00edtsa be pontosan a g\u0151z\u00f6l\u00e9s \u00e9lm\u00e9ny\u00e9t. V\u00e1lasszon egyet a 4 h\u0171t\u00e9si intenzit\u00e1s k\u00f6z\u00fcl a h\u0171t\u00e9si hat\u00e1s szab\u00e1lyoz\u00e1s\u00e1hoz, m\u00edg a 3 teljes\u00edtm\u00e9ny- \u00e9s l\u00e9g\u00e1raml\u00e1si szint lehet\u0151v\u00e9 teszi a h\u00faz\u00e1si ellen\u00e1ll\u00e1s \u00e9s a g\u0151zmennyis\u00e9g pontos be\u00e1ll\u00edt\u00e1s\u00e1t - az \u00edzkoncentr\u00e1ci\u00f3 \u00e9s a h\u0171v\u00f6ss\u00e9g t\u00f6k\u00e9letes egyens\u00falya \u00e9rdek\u00e9ben.<\/p>\n<p class=\"whitespace-normal break-words\">A be\u00e9p\u00edtett intelligens kijelz\u0151 folyamatosan t\u00e1j\u00e9koztatja \u00d6nt. Figyelje az akkumul\u00e1tor \u00e1llapot\u00e1t \u00e9s a folyad\u00e9kszintet val\u00f3s id\u0151ben, hogy mindig tudja, mikor van sz\u00fcks\u00e9g t\u00f6lt\u00e9sre vagy cser\u00e9re. Nincs t\u00f6bb\u00e9 v\u00e1ratlan g\u0151zsz\u00fcnet.<\/p>\n<p class=\"whitespace-normal break-words\">Az 5% nikotiner\u0151ss\u00e9ggel felszerelt k\u00e9sz\u00fcl\u00e9k er\u0151s, kiel\u00e9g\u00edt\u0151 slukkot biztos\u00edt a tapasztalt vaperek sz\u00e1m\u00e1ra, akik \u00e9rt\u00e9kelik az er\u0151s \u00edzeket \u00e9s a minden slukkn\u00e1l \u00e9rezhet\u0151 torokcsap\u00e1st.<\/p>\n<h3 class=\"text-lg font-bold text-text-100 mt-1 -mb-1.5\">Blue Razz Ice \u00edz karakter:<\/h3>\n<p class=\"whitespace-normal break-words\">Az ikonikus k\u00e9k m\u00e1lna tal\u00e1lkozik a j\u00e9ghideg h\u0171t\u00e9ssel - ellen\u00e1llhatatlan kombin\u00e1ci\u00f3. A k\u00e9k m\u00e1lna \u00e9des-savanyk\u00e1s \u00edz\u00e9t intenz\u00edv h\u0171s\u00edt\u0151 hat\u00e1s eg\u00e9sz\u00edti ki, amely fagyos dimenzi\u00f3t k\u00f6lcs\u00f6n\u00f6z minden slukknak. Els\u0151 oszt\u00e1ly\u00fa v\u00e1laszt\u00e1s a h\u0171v\u00f6s gy\u00fcm\u00f6lcs\u00edzek rajong\u00f3inak, tiszta j\u00e9ghat\u00e1ssal.<\/p>\n<h3 class=\"text-lg font-bold text-text-100 mt-1 -mb-1.5\">Specifik\u00e1ci\u00f3k:<\/h3>\n<p class=\"whitespace-normal break-words\">\u25aa Maxim\u00e1lis vonatok: 45,000<br \/>\n\u25aa Nikotin er\u0151ss\u00e9g: 5%<br \/>\n\u25aa Folyad\u00e9ktartalom: 20ml<br \/>\n\u25aa Akkumul\u00e1tor kapacit\u00e1s: 800mAh \u00fajrat\u00f6lthet\u0151<br \/>\n\u25aa 4 h\u0171t\u00e9si szint a testreszab\u00e1shoz<br \/>\n\u25aa 3 l\u00e9g\u00e1raml\u00e1si szint a felh\u0151 \u00e9s az \u00edzek szab\u00e1lyoz\u00e1s\u00e1hoz<br \/>\n\u25aa \u00c1ll\u00edthat\u00f3 nikotin intenzit\u00e1s<br \/>\n\u25aa Mesh tekercs a kiv\u00e1l\u00f3 \u00edz\u00e9rt<br \/>\n\u25aa Teljes sz\u00edn\u0171 k\u00e9perny\u0151 g\u0151z inform\u00e1ci\u00f3kkal<\/p>\n<h3 class=\"text-lg font-bold text-text-100 mt-1 -mb-1.5\">Fedezzen fel m\u00e9g t\u00f6bb VOZOL VAPE-t a fumotpuff-on<\/h3>\n<p class=\"whitespace-normal break-words\">Fedezze fel exkluz\u00edv aj\u00e1nlatunkat a <strong><a class=\"underline\" href=\"https:\/\/fumotpuff.com\/hu\/\">fumotpuff.com<\/a><\/strong> vagy mer\u00fclj\u00f6n el a <strong><a class=\"underline\" href=\"https:\/\/fumotpuff.com\/hu\/product-category\/vozol-vape\/\">VOZOL VAPE term\u00e9kvil\u00e1g<\/a><\/strong> a legkorszer\u0171bb eldobhat\u00f3 p\u00e1rologtat\u00f3kkal. Az \u00f6sszes \u00edzt felfedezheti a <strong><a class=\"underline\" href=\"https:\/\/fumotpuff.com\/hu\/product-category\/vozol-vape\/vozol-neon-45000\/\">Vozol Neon 45000 \u00edzv\u00e1laszt\u00e9k<\/a><\/strong>.<\/p>","protected":false},"excerpt":{"rendered":"<p class=\"whitespace-normal break-words\">A Vozol Neon 45000 Blue Razz Ice az \u00e9des \u00e9s savany\u00fa k\u00e9k m\u00e1ln\u00e1t intenz\u00edv h\u0171t\u00e9ssel \u00f6tv\u00f6zi. 45 000 puffan\u00e1ssal, 4 h\u0171t\u00e9si szinttel, 3 \u00fczemm\u00f3ddal \u00e9s intelligens kijelz\u0151vel. H\u00e1l\u00f3s tekercs, 20 ml e-folyad\u00e9k, 800 mAh akkumul\u00e1tor C t\u00edpus\u00fa gyorst\u00f6lt\u00e9ssel \u00e9s 5% nikotin a fagyos gy\u00fcm\u00f6lcs\u00edzek\u00e9rt.<\/p>","protected":false},"featured_media":4562,"comment_status":"open","ping_status":"closed","template":"","meta":{"_acf_changed":false},"product_brand":[],"product_cat":[51],"product_tag":[],"class_list":{"0":"post-4559","1":"product","2":"type-product","3":"status-publish","4":"has-post-thumbnail","6":"product_cat-vozol-neon-45000","8":"first","9":"instock","10":"shipping-taxable","11":"purchasable","12":"product-type-variable"},"acf":[],"_links":{"self":[{"href":"https:\/\/fumotpuff.com\/hu\/wp-json\/wp\/v2\/product\/4559","targetHints":{"allow":["GET"]}}],"collection":[{"href":"https:\/\/fumotpuff.com\/hu\/wp-json\/wp\/v2\/product"}],"about":[{"href":"https:\/\/fumotpuff.com\/hu\/wp-json\/wp\/v2\/types\/product"}],"replies":[{"embeddable":true,"href":"https:\/\/fumotpuff.com\/hu\/wp-json\/wp\/v2\/comments?post=4559"}],"wp:featuredmedia":[{"embeddable":true,"href":"https:\/\/fumotpuff.com\/hu\/wp-json\/wp\/v2\/media\/4562"}],"wp:attachment":[{"href":"https:\/\/fumotpuff.com\/hu\/wp-json\/wp\/v2\/media?parent=4559"}],"wp:term":[{"taxonomy":"product_brand","embeddable":true,"href":"https:\/\/fumotpuff.com\/hu\/wp-json\/wp\/v2\/product_brand?post=4559"},{"taxonomy":"product_cat","embeddable":true,"href":"https:\/\/fumotpuff.com\/hu\/wp-json\/wp\/v2\/product_cat?post=4559"},{"taxonomy":"product_tag","embeddable":true,"href":"https:\/\/fumotpuff.com\/hu\/wp-json\/wp\/v2\/product_tag?post=4559"}],"curies":[{"name":"wp","href":"https:\/\/api.w.org\/{rel}","templated":true}]}}