{"id":4554,"date":"2025-11-11T04:16:31","date_gmt":"2025-11-11T03:16:31","guid":{"rendered":"https:\/\/fumotpuff.com\/?post_type=product&#038;p=4554"},"modified":"2025-11-11T04:16:31","modified_gmt":"2025-11-11T03:16:31","slug":"vozol-neon-45000-berry-mint","status":"publish","type":"product","link":"https:\/\/fumotpuff.com\/hu\/termek\/vozol-neon-45000-berry-mint\/","title":{"rendered":"Vozol Neon 45000 Bogy\u00f3s menta"},"content":{"rendered":"<h2 class=\"text-xl font-bold text-text-100 mt-1 -mb-0.5\">Vozol Neon 45000 Berry Menta eldobhat\u00f3 vape<\/h2>\n<p class=\"whitespace-normal break-words\">A Vozol Neon 45000 Berry Mint \u00faj m\u00e9rc\u00e9t \u00e1ll\u00edt fel az ak\u00e1r 45 000 slukk kapacit\u00e1s\u00e1val \u00e9s a sokoldal\u00fa be\u00e1ll\u00edt\u00e1si lehet\u0151s\u00e9gekkel. A 4 h\u0171t\u00e9si szinttel, 3 teljes\u00edtm\u00e9nym\u00f3ddal \u00e9s testreszabhat\u00f3 l\u00e9g\u00e1raml\u00e1ssal felszerelt k\u00e9sz\u00fcl\u00e9k lehet\u0151v\u00e9 teszi, hogy az \u00d6n preferenci\u00e1i szerint vape-oljon. A digit\u00e1lis kijelz\u0151 \u00e9l\u0151 inform\u00e1ci\u00f3kat ny\u00fajt, m\u00edg a fejlett h\u00e1l\u00f3s tekercs \u00e9s az er\u0151teljes 800mAh-s akkumul\u00e1tor gazdag \u00edzt \u00e9s egyenletes teljes\u00edtm\u00e9nyt biztos\u00edt. Az 5% nikotintartalom a friss\u00edt\u0151 Berry Mint \u00edzzel kombin\u00e1lva a tapasztalt vaperek sz\u00e1m\u00e1ra is vonz\u00f3 lesz.<\/p>\n<h3 class=\"text-lg font-bold text-text-100 mt-1 -mb-1.5\">Berry Mint el\u0151nyei r\u00e9szletesen:<\/h3>\n<p class=\"whitespace-normal break-words\">Haszn\u00e1lja ki a leny\u0171g\u00f6z\u0151 45 000 f\u00faj\u00e1s el\u0151nyeit, \u00edgy sz\u00fcks\u00e9gtelenn\u00e9 v\u00e1lik az \u00e1lland\u00f3 \u00fajrav\u00e1s\u00e1rl\u00e1s. A be\u00e9p\u00edtett h\u00e1l\u00f3s tekercs technol\u00f3gia maximaliz\u00e1lja a g\u0151ztermel\u00e9st, \u00e9s minden egyes slukkol\u00e1ssal l\u00e1gyabb, intenz\u00edvebb \u00edzt biztos\u00edt. A 800mAh kapacit\u00e1s\u00fa akkumul\u00e1tor C t\u00edpus\u00fa gyorst\u00f6lt\u00e9si funkci\u00f3val garant\u00e1lja a megb\u00edzhat\u00f3 teljes\u00edtm\u00e9nyt a hosszabb \u00fcl\u00e9sek sor\u00e1n is.<\/p>\n<p class=\"whitespace-normal break-words\">Testre szabhatja a p\u00e1rol\u00e1si \u00e9lm\u00e9ny minden aspektus\u00e1t. V\u00e1lasszon 4 h\u0171t\u00e9si intenzit\u00e1s k\u00f6z\u00fcl az \u00d6n \u00e1ltal prefer\u00e1lt frissess\u00e9g \u00e9rdek\u00e9ben, m\u00edg a 3 fokozat\u00fa teljes\u00edtm\u00e9ny- \u00e9s l\u00e9g\u00e1raml\u00e1s-szab\u00e1lyoz\u00e1s lehet\u0151v\u00e9 teszi a h\u00faz\u00e1si ellen\u00e1ll\u00e1s \u00e9s a g\u0151z s\u0171r\u0171s\u00e9g\u00e9nek finom be\u00e1ll\u00edt\u00e1s\u00e1t - teremtse meg a t\u00f6k\u00e9letes egyens\u00falyt az \u00edzhat\u00e1s \u00e9s a frissess\u00e9g k\u00f6z\u00f6tt.<\/p>\n<p class=\"whitespace-normal break-words\">A be\u00e9p\u00edtett intelligens kijelz\u0151 lehet\u0151v\u00e9 teszi, hogy mindig \u00e1ttekinthet\u0151 legyen. Figyelje az akkumul\u00e1tor t\u00f6lt\u00f6tts\u00e9g\u00e9t \u00e9s az e-folyad\u00e9k szintj\u00e9t val\u00f3s id\u0151ben, \u00edgy soha nem \u00e9rheti meglepet\u00e9s \u00fcres akkumul\u00e1tor vagy folyad\u00e9k. Sz\u00edv\u00e1s v\u00e1ratlan sz\u00fcnetek n\u00e9lk\u00fcl.<\/p>\n<p class=\"whitespace-normal break-words\">Az 5% nikotiner\u0151ss\u00e9ggel kifejlesztett modell er\u0151teljes, kiel\u00e9g\u00edt\u0151 hat\u00e1st biztos\u00edt az ig\u00e9nyes vaperek sz\u00e1m\u00e1ra, akik intenz\u00edv \u00edzt \u00e9s kiemelked\u0151 torok\u00fct\u00e9st v\u00e1rnak minden egyes bel\u00e9gz\u00e9sn\u00e9l.<\/p>\n<h3 class=\"text-lg font-bold text-text-100 mt-1 -mb-1.5\">Bogy\u00f3s menta \u00edzprofil:<\/h3>\n<p class=\"whitespace-normal break-words\">Az \u00e9des erdei bogy\u00f3s gy\u00fcm\u00f6lcs\u00f6k \u00e9s az \u00e9l\u00e9nk\u00edt\u0151 menta cs\u00e1b\u00edt\u00f3 f\u00fazi\u00f3ja kiegyens\u00falyozott \u00edz\u00e9lm\u00e9nyt ny\u00fajt. Az \u00e9rett bogy\u00f3s gy\u00fcm\u00f6lcs\u00f6k term\u00e9szetes \u00e9dess\u00e9ge t\u00f6k\u00e9letesen harmoniz\u00e1l a menta h\u0171s\u00edt\u0151 frissess\u00e9g\u00e9vel, amely minden slukkot \u00e9l\u00e9nk\u00edt\u0151en hat. T\u00f6k\u00e9letes a gy\u00fcm\u00f6lcs\u00f6s \u00edzek kedvel\u0151inek egy friss\u00edt\u0151 csavarral.<\/p>\n<h3 class=\"text-lg font-bold text-text-100 mt-1 -mb-1.5\">M\u0171szaki adatok:<\/h3>\n<p class=\"whitespace-normal break-words\">\u25aa Puff-kapacit\u00e1s: ak\u00e1r 45.000 vonat<br \/>\n\u25aa Nikotin tartalom: 5%<br \/>\n\u25aa E-folyad\u00e9k kapacit\u00e1s: 20ml<br \/>\n\u25aa \u00dajrat\u00f6lthet\u0151 akkumul\u00e1tor: 800mAh \u00fajrat\u00f6lthet\u0151<br \/>\n\u25aa 4 \u00e1ll\u00edthat\u00f3 h\u0171t\u00e9si m\u00f3d<br \/>\n\u25aa 3 l\u00e9g\u00e1raml\u00e1si m\u00f3d a g\u0151z \u00e9s az \u00edzek szab\u00e1lyoz\u00e1s\u00e1hoz<br \/>\n\u25aa V\u00e1ltoz\u00f3 nikotiner\u0151ss\u00e9g<br \/>\n\u25aa H\u00e1l\u00f3s tekercs a jobb \u00edzkifejl\u0151d\u00e9s \u00e9rdek\u00e9ben<br \/>\n\u25aa Sz\u00ednes kijelz\u0151 a haszn\u00e1lati adatokkal<\/p>\n<h3 class=\"text-lg font-bold text-text-100 mt-1 -mb-1.5\">Fedezzen fel m\u00e9g t\u00f6bb VOZOL VAPE-t a fumotpuff-on<\/h3>\n<p class=\"whitespace-normal break-words\">B\u00f6ng\u00e9sszen pr\u00e9mium v\u00e1laszt\u00e9kunkban a <strong><a class=\"underline\" href=\"https:\/\/fumotpuff.com\/hu\/\">fumotpuff.com<\/a><\/strong> vagy fedezze fel az innovat\u00edv <strong><a class=\"underline\" href=\"https:\/\/fumotpuff.com\/hu\/product-category\/vozol-vape\/\">VOZOL VAPE sorozat<\/a><\/strong> nagy teljes\u00edtm\u00e9ny\u0171 eldobhat\u00f3 e-cigarett\u00e1kkal. Az \u00edzek teljes v\u00e1laszt\u00e9ka v\u00e1rja a <strong><a class=\"underline\" href=\"https:\/\/fumotpuff.com\/hu\/product-category\/vozol-vape\/vozol-neon-45000\/\">Vozol Neon 45000 kollekci\u00f3<\/a><\/strong> az \u00d6n sz\u00e1m\u00e1ra.<\/p>","protected":false},"excerpt":{"rendered":"<p class=\"whitespace-normal break-words\">A Vozol Neon 45000 Berry Mint \u00e9des erdei bogy\u00f3s gy\u00fcm\u00f6lcs\u00f6ket kombin\u00e1l \u00e9l\u00e9nk\u00edt\u0151 ment\u00e1val. 45 000 puffan\u00e1ssal, 4 h\u0171t\u00e9si szinttel, 3 \u00fczemm\u00f3ddal \u00e9s intelligens kijelz\u0151vel a teljes k\u00f6r\u0171 vez\u00e9rl\u00e9shez. H\u00e1l\u00f3s tekercs, 20 ml e-folyad\u00e9k, 800 mAh akkumul\u00e1tor C t\u00edpus\u00fa gyorst\u00f6lt\u00e9ssel \u00e9s 5% nikotin a friss\u00edt\u0151 bogy\u00f3s gy\u00fcm\u00f6lcs\u00f6s \u00edz\u00e9rt.<\/p>","protected":false},"featured_media":4555,"comment_status":"open","ping_status":"closed","template":"","meta":{"_acf_changed":false},"product_brand":[],"product_cat":[51],"product_tag":[],"class_list":{"0":"post-4554","1":"product","2":"type-product","3":"status-publish","4":"has-post-thumbnail","6":"product_cat-vozol-neon-45000","8":"first","9":"instock","10":"shipping-taxable","11":"purchasable","12":"product-type-variable"},"acf":[],"_links":{"self":[{"href":"https:\/\/fumotpuff.com\/hu\/wp-json\/wp\/v2\/product\/4554","targetHints":{"allow":["GET"]}}],"collection":[{"href":"https:\/\/fumotpuff.com\/hu\/wp-json\/wp\/v2\/product"}],"about":[{"href":"https:\/\/fumotpuff.com\/hu\/wp-json\/wp\/v2\/types\/product"}],"replies":[{"embeddable":true,"href":"https:\/\/fumotpuff.com\/hu\/wp-json\/wp\/v2\/comments?post=4554"}],"wp:featuredmedia":[{"embeddable":true,"href":"https:\/\/fumotpuff.com\/hu\/wp-json\/wp\/v2\/media\/4555"}],"wp:attachment":[{"href":"https:\/\/fumotpuff.com\/hu\/wp-json\/wp\/v2\/media?parent=4554"}],"wp:term":[{"taxonomy":"product_brand","embeddable":true,"href":"https:\/\/fumotpuff.com\/hu\/wp-json\/wp\/v2\/product_brand?post=4554"},{"taxonomy":"product_cat","embeddable":true,"href":"https:\/\/fumotpuff.com\/hu\/wp-json\/wp\/v2\/product_cat?post=4554"},{"taxonomy":"product_tag","embeddable":true,"href":"https:\/\/fumotpuff.com\/hu\/wp-json\/wp\/v2\/product_tag?post=4554"}],"curies":[{"name":"wp","href":"https:\/\/api.w.org\/{rel}","templated":true}]}}