{"id":4392,"date":"2025-11-03T04:56:48","date_gmt":"2025-11-03T03:56:48","guid":{"rendered":"https:\/\/fumotpuff.com\/?post_type=product&#038;p=4392"},"modified":"2025-11-03T04:56:49","modified_gmt":"2025-11-03T03:56:49","slug":"bang-blaze-40000-strawberry-banana-passion-fruit-kiwi","status":"publish","type":"product","link":"https:\/\/fumotpuff.com\/hu\/termek\/bang-blaze-40000-strawberry-banana-passion-fruit-kiwi\/","title":{"rendered":"Bang Blaze 40000 Eper Ban\u00e1n\/Ban\u00e1n\/Mogyor\u00f3 gy\u00fcm\u00f6lcs Kiwi"},"content":{"rendered":"<h2 class=\"text-xl font-bold text-text-100 mt-1 -mb-0.5\">Bang Blaze 40000 Eper-ban\u00e1n\/passi\u00f3gy\u00fcm\u00f6lcs-kiwi eldobhat\u00f3 e-cigaretta<\/h2>\n<p class=\"whitespace-normal break-words\">A <strong>Bang Blaze 40000 Puffs eldobhat\u00f3 e-cigaretta<\/strong> A Strawberry Banana \u00e9s Passion Fruit Kiwi \u00edzekben ak\u00e1r 40 000 els\u0151 oszt\u00e1ly\u00fa slukkot is \u00e9lvezhet. A k\u00e9sz\u00fcl\u00e9k egy nagym\u00e9ret\u0171, 40 ml-es e-liquid tart\u00e1lyt \u00e9s egy er\u0151s, 650 mAh-s akkumul\u00e1tort kombin\u00e1l, hogy hossz\u00fa ideig \u00e9lvezhesse a g\u0151z\u00f6lg\u00e9st. A fejlett Dual-Flavor-Slide rendszer lehet\u0151v\u00e9 teszi, hogy gyorsan v\u00e1ltson a kr\u00e9mes Strawberry Banana \u00e9s az egzotikus Passion Fruit Kiwi \u00edz k\u00f6z\u00f6tt. Pr\u00e9mium kett\u0151s h\u00e1l\u00f3s tekercsel\u00e9ssel (1,2 \u03a9) rendelkezik, amely jellegzetes arom\u00e1t \u00e9s b\u00e1rsonyos g\u0151zt biztos\u00edt, 4 nikotinv\u00e1ltozatban kaphat\u00f3 (0 %, 2 %, 3 %, 5 %). A Type-C gyors t\u00f6lt\u00e9s r\u00f6vid t\u00f6lt\u00e9si id\u0151k\u00f6z\u00f6ket garant\u00e1l.<\/p>\n<h3 class=\"text-lg font-bold text-text-100 mt-1 -mb-1.5\">A Bang Blaze 40000 Puffs Strawberry Banana\/Passion Fruit Kiwi el\u0151nyei:<\/h3>\n<p class=\"whitespace-normal break-words\">A rendk\u00edv\u00fcli 40 000 sz\u00edv\u00e1ssal ez a term\u00e9k \u00faj \u00e9rtelmet ad a tart\u00f3ss\u00e1gnak, \u00e9s hetekig tart\u00f3 g\u0151z\u00f6lg\u00e9si \u00e9lm\u00e9nyt biztos\u00edt sz\u00fcnet n\u00e9lk\u00fcl. Az el\u0151re felt\u00f6lt\u00f6tt 40 ml-es e-liquid tart\u00e1ly maxim\u00e1lis \u00e9lettartamra van tervezve, \u00edgy nincs sz\u00fcks\u00e9g gyakori p\u00f3tl\u00e1sra. A be\u00e9p\u00edtett 650 mAh-s \u00fajrat\u00f6lthet\u0151 akkumul\u00e1tor folyamatos energi\u00e1t biztos\u00edt a hossz\u00fa g\u0151z\u00f6l\u00e9si munkamenetekhez, m\u00edg a modern USB-C port vill\u00e1mgyors t\u00f6lt\u00e9st tesz lehet\u0151v\u00e9.<\/p>\n<p class=\"whitespace-normal break-words\">Ennek az eszk\u00f6znek a legf\u0151bb vonzereje k\u00e9ts\u00e9gk\u00edv\u00fcl a kifinomult kett\u0151s \u00edzv\u00e1laszt\u00f3 mechanizmus, amely cs\u00faszka seg\u00edts\u00e9g\u00e9vel lehet\u0151v\u00e9 teszi, hogy pillanatok alatt k\u00e9t k\u00fcl\u00f6nb\u00f6z\u0151 \u00edzvil\u00e1g k\u00f6z\u00f6tt v\u00e1lthasson. Mer\u00fclj\u00f6n el a Strawberry Banana b\u00e1rsonyos harm\u00f3ni\u00e1j\u00e1ban, vagy v\u00e1ltson a tr\u00f3pusi Passion Fruit Kiwi \u00e9lm\u00e9nyre \u2013 \u00edzl\u00e9s\u00e9nek megfelel\u0151en. Ez a technol\u00f3gia megakad\u00e1lyozza, hogy t\u00f6bb eszk\u00f6zt kelljen mag\u00e1val hordania, \u00e9s ide\u00e1lis azoknak a vaperoknak, akik \u00e9rt\u00e9kelik a v\u00e1ltozatoss\u00e1got a bonyodalmak n\u00e9lk\u00fcl.<\/p>\n<p class=\"whitespace-normal break-words\">A be\u00e9p\u00edtett, 1,2 \u03a9 ellen\u00e1ll\u00e1s\u00fa kett\u0151s h\u00e1l\u00f3s tekercs kifejezetten \u00fagy lett kialak\u00edtva, hogy puha g\u0151zt gener\u00e1ljon, \u00e9s minden slukk ut\u00e1n gazdag, homog\u00e9n \u00edz\u00e9lm\u00e9nyt ny\u00fajtson. Ez a kifinomult p\u00e1rologtat\u00f3 technol\u00f3gia optim\u00e1lis m\u0171k\u00f6d\u00e9st \u00e9s pr\u00e9mium min\u0151s\u00e9g\u0171 arom\u00e1t biztos\u00edt a teljes \u00e9lettartam alatt.<\/p>\n<p class=\"whitespace-normal break-words\">A n\u00e9gy v\u00e1laszthat\u00f3 nikotinkoncentr\u00e1ci\u00f3 \u2013 0 %, 2 %, 3 % \u00e9s 5 % \u2013 r\u00e9v\u00e9n a k\u00e9sz\u00fcl\u00e9k a legk\u00fcl\u00f6nb\u00f6z\u0151bb felhaszn\u00e1l\u00f3i kateg\u00f3ri\u00e1knak felel meg, a nikotinmentes alternat\u00edv\u00e1kt\u00f3l az intenz\u00edvebb adagokig. Ez az alkalmazkod\u00f3k\u00e9pess\u00e9g lehet\u0151v\u00e9 teszi a szem\u00e9lyes \u00edzl\u00e9snek megfelel\u0151, teljesen egyedi g\u0151z\u00f6l\u00e9si \u00e9lm\u00e9nyt.<\/p>\n<h3 class=\"text-lg font-bold text-text-100 mt-1 -mb-1.5\">M\u0171szaki adatok:<\/h3>\n<p class=\"whitespace-normal break-words\"><strong>Vonatok sz\u00e1ma:<\/strong> Ak\u00e1r 40 000 slukk<br \/>\n<strong>E-folyad\u00e9k t\u00e9rfogata:<\/strong> 40 ml<br \/>\n<strong>Nikotinkoncentr\u00e1ci\u00f3:<\/strong> 0 %, 2 %, 3 %, 5 %<br \/>\n<strong>Az akkumul\u00e1tor teljes\u00edtm\u00e9nye:<\/strong> 650 mAh (\u00fajrat\u00f6lthet\u0151)<br \/>\n<strong>T\u00f6lt\u0151csatlakoz\u00e1s:<\/strong> C-t\u00edpus\u00fa<br \/>\n<strong>P\u00e1rologtat\u00f3:<\/strong> Kett\u0151s h\u00e1l\u00f3s tekercs (1,2 \u03a9)<br \/>\n<strong>\u00cdzrendszer:<\/strong> Kett\u0151s \u00edz\u0171 cs\u00fasz\u00f3kapcsol\u00f3<br \/>\n<strong>S\u00faly:<\/strong> K\u00f6r\u00fclbel\u00fcl 120 g<\/p>\n<h3 class=\"text-lg font-bold text-text-100 mt-1 -mb-1.5\">Fedezzen fel t\u00f6bb BANG VAPE-t a fumotpuff-on<\/h3>\n<p class=\"whitespace-normal break-words\">N\u00e9zze meg a <strong><a class=\"underline\" href=\"https:\/\/fumotpuff.com\/hu\/\">Fumot Puff online bolt<\/a><\/strong> Tov\u00e1bbi pr\u00e9mium vaping term\u00e9kek\u00e9rt l\u00e1togasson el ide, \u00e9s fedezze fel a teljes k\u00edn\u00e1latot! <strong><a class=\"underline\" href=\"https:\/\/fumotpuff.com\/hu\/product-category\/bang-vape\/\">BANG VAPE portf\u00f3li\u00f3<\/a><\/strong> forradalmi megold\u00e1sokkal. A teljes aromapaletta <strong><a class=\"underline\" href=\"https:\/\/fumotpuff.com\/hu\/product-category\/bang-vape\/bang-blaze-40000\/\">Bang Blaze 40000 sorozat<\/a><\/strong> v\u00e1rja, hogy felfedezd.<\/p>","protected":false},"excerpt":{"rendered":"<p class=\"whitespace-normal break-words\">A Bang Blaze 40000 Strawberry Banana\/Passion Fruit Kiwi kr\u00e9mes eper-ban\u00e1nt \u00e9s egzotikus maracuja-kiwit kombin\u00e1l. 40 000 slukk, 40 ml e-liquid \u00e9s kett\u0151s \u00edzcs\u00faszka az \u00edz k\u00f6nny\u0171 megv\u00e1ltoztat\u00e1s\u00e1hoz. Kett\u0151s h\u00e1l\u00f3s tekercs, 650 mAh-s akkumul\u00e1tor, Type-C t\u00f6lt\u00e9s \u2013 4 nikotinszintben kaphat\u00f3.<\/p>","protected":false},"featured_media":4394,"comment_status":"open","ping_status":"closed","template":"","meta":{"_acf_changed":false},"product_brand":[],"product_cat":[48],"product_tag":[],"class_list":{"0":"post-4392","1":"product","2":"type-product","3":"status-publish","4":"has-post-thumbnail","6":"product_cat-bang-blaze-40000","8":"first","9":"instock","10":"shipping-taxable","11":"purchasable","12":"product-type-variable"},"acf":[],"_links":{"self":[{"href":"https:\/\/fumotpuff.com\/hu\/wp-json\/wp\/v2\/product\/4392","targetHints":{"allow":["GET"]}}],"collection":[{"href":"https:\/\/fumotpuff.com\/hu\/wp-json\/wp\/v2\/product"}],"about":[{"href":"https:\/\/fumotpuff.com\/hu\/wp-json\/wp\/v2\/types\/product"}],"replies":[{"embeddable":true,"href":"https:\/\/fumotpuff.com\/hu\/wp-json\/wp\/v2\/comments?post=4392"}],"wp:featuredmedia":[{"embeddable":true,"href":"https:\/\/fumotpuff.com\/hu\/wp-json\/wp\/v2\/media\/4394"}],"wp:attachment":[{"href":"https:\/\/fumotpuff.com\/hu\/wp-json\/wp\/v2\/media?parent=4392"}],"wp:term":[{"taxonomy":"product_brand","embeddable":true,"href":"https:\/\/fumotpuff.com\/hu\/wp-json\/wp\/v2\/product_brand?post=4392"},{"taxonomy":"product_cat","embeddable":true,"href":"https:\/\/fumotpuff.com\/hu\/wp-json\/wp\/v2\/product_cat?post=4392"},{"taxonomy":"product_tag","embeddable":true,"href":"https:\/\/fumotpuff.com\/hu\/wp-json\/wp\/v2\/product_tag?post=4392"}],"curies":[{"name":"wp","href":"https:\/\/api.w.org\/{rel}","templated":true}]}}