{"id":4385,"date":"2025-11-03T04:54:29","date_gmt":"2025-11-03T03:54:29","guid":{"rendered":"https:\/\/fumotpuff.com\/?post_type=product&#038;p=4385"},"modified":"2025-11-03T04:54:30","modified_gmt":"2025-11-03T03:54:30","slug":"bang-blaze-40000-raspberry-watermelon-aloe-vera-grape","status":"publish","type":"product","link":"https:\/\/fumotpuff.com\/hu\/termek\/bang-blaze-40000-raspberry-watermelon-aloe-vera-grape\/","title":{"rendered":"Bang Blaze 40000 M\u00e1lna g\u00f6r\u00f6gdinnye\/Aloe Vera sz\u0151l\u0151"},"content":{"rendered":"<h2 class=\"text-xl font-bold text-text-100 mt-1 -mb-0.5\">Bang Blaze 40000 M\u00e1lna-g\u00f6r\u00f6gdinnye\/Aloe vera-sz\u0151l\u0151 eldobhat\u00f3 e-cigaretta<\/h2>\n<p class=\"whitespace-normal break-words\">A <strong>Bang Blaze 40000 Puffs eldobhat\u00f3 e-cigaretta<\/strong> A Raspberry Watermelon \u00e9s Aloe Vera Grape \u00edzekkel ak\u00e1r 40 000 slukkot is biztos\u00edt, \u00e9s egy impoz\u00e1ns 40 ml-es e-liquid tartalmat \u00f6tv\u00f6z egy energiad\u00fas 650 mAh-s akkumul\u00e1torral a tart\u00f3s g\u0151z\u00e9lvezet\u00e9s \u00e9rdek\u00e9ben. A j\u00f6v\u0151be mutat\u00f3 Dual-Flavor-Slide-System lehet\u0151v\u00e9 teszi a k\u00f6nny\u0171 v\u00e1lt\u00e1st a gy\u00fcm\u00f6lcs\u00f6s Raspberry Watermelon \u00e9s a friss\u00edt\u0151 Aloe Vera Grape v\u00e1ltozatok k\u00f6z\u00f6tt. Nagy teljes\u00edtm\u00e9ny\u0171 kett\u0151s h\u00e1l\u00f3s tekercsel\u00e9ssel (1,2 \u03a9) van felszerelve, amely kifejez\u0151 arom\u00e1t \u00e9s l\u00e1gy g\u0151zt biztos\u00edt, 4 nikotinszintben kaphat\u00f3 (0 %, 2 %, 3 %, 5 %). A Type-C gyors t\u00f6lt\u00e9s minim\u00e1lis le\u00e1ll\u00e1si id\u0151t biztos\u00edt.<\/p>\n<h3 class=\"text-lg font-bold text-text-100 mt-1 -mb-1.5\">A Bang Blaze 40000 Puffs Raspberry Watermelon\/Aloe Vera Grape el\u0151nyei:<\/h3>\n<p class=\"whitespace-normal break-words\">Ez a figyelemre m\u00e9lt\u00f3 eszk\u00f6z fenomen\u00e1lis 40 000 sz\u00edv\u00e1ssal rendelkezik, \u00edgy t\u00f6bb h\u00e9tig tart\u00f3, megszak\u00edt\u00e1s n\u00e9lk\u00fcli g\u0151z\u00f6lg\u00e9si \u00e9lm\u00e9nyt garant\u00e1l. Gy\u00e1rilag 40 ml pr\u00e9mium e-liquiddel t\u00f6ltve, hossz\u00fa t\u00e1v\u00fa haszn\u00e1latra lett tervezve, \u00e9s jelent\u0151sen minimaliz\u00e1lja az ut\u00e1np\u00f3tl\u00e1s k\u00f6lts\u00e9geit. Az \u00fajrat\u00f6lthet\u0151 650 mAh-s akkumul\u00e1tor hossz\u00fa ideig stabil teljes\u00edtm\u00e9nyt biztos\u00edt, m\u00edg a modern USB-C-port gyors felt\u00f6lt\u00e9st tesz lehet\u0151v\u00e9.<\/p>\n<p class=\"whitespace-normal break-words\">Az intelligens Dual-Flavor-Selector egy abszol\u00fat cs\u00facsteljes\u00edtm\u00e9ny, amely cs\u00fasztat\u00e1sos mozdulattal lehet\u0151v\u00e9 teszi a k\u00e9t alapvet\u0151en k\u00fcl\u00f6nb\u00f6z\u0151 \u00edzvil\u00e1g k\u00f6z\u00f6tti k\u00f6zvetlen v\u00e1lt\u00e1st. \u00c9lvezze a m\u00e1lna-g\u00f6r\u00f6gdinnye zamatos kombin\u00e1ci\u00f3j\u00e1t, vagy v\u00e1ltson a friss\u00edt\u0151 aloe vera-sz\u0151l\u0151 kompoz\u00edci\u00f3ra \u2013 hangulat\u00e1t\u00f3l f\u00fcgg\u0151en. Ez az innov\u00e1ci\u00f3 megk\u00edm\u00e9l a t\u00f6bb eszk\u00f6z hordoz\u00e1s\u00e1t\u00f3l, \u00e9s t\u00f6k\u00e9letes azoknak a ig\u00e9nyes g\u0151z\u00f6l\u0151knek, akik a v\u00e1ltozatoss\u00e1got kedvelik a felesleges terhek n\u00e9lk\u00fcl.<\/p>\n<p class=\"whitespace-normal break-words\">A k\u00e9sz\u00fcl\u00e9k egy kifinomult, 1,2 \u03a9 ellen\u00e1ll\u00e1s\u00fa kett\u0151s h\u00e1l\u00f3s tekercsel\u00e9ssel rendelkezik, amelyet kifejezetten a kr\u00e9mes g\u0151z el\u0151\u00e1ll\u00edt\u00e1s\u00e1ra \u00e9s a teljes, \u00e1lland\u00f3 aroma biztos\u00edt\u00e1s\u00e1ra fejlesztettek ki minden egyes sz\u00edv\u00e1sn\u00e1l. Ez a modern p\u00e1rologtat\u00f3 technol\u00f3gia garant\u00e1lja a cs\u00facs teljes\u00edtm\u00e9nyt \u00e9s a kiv\u00e1l\u00f3 \u00edzmin\u0151s\u00e9get a term\u00e9k teljes \u00e9lettartama alatt.<\/p>\n<p class=\"whitespace-normal break-words\">N\u00e9gy nikotintartalom k\u00f6z\u00fcl v\u00e1laszthat \u2013 0 %, 2 %, 3 % vagy 5 % \u2013, \u00edgy ez a rendszer sz\u00e9les felhaszn\u00e1l\u00f3i k\u00f6rnek felel meg, a teljesen nikotinmentes g\u0151z\u00f6l\u00e9st\u0151l az er\u0151sebb \u00e9lm\u00e9nyig. Ez a rugalmass\u00e1g lehet\u0151v\u00e9 teszi a szem\u00e9lyre szabott g\u0151z\u00f6l\u00e9si \u00e9lm\u00e9nyt az egy\u00e9ni ig\u00e9nyeknek megfelel\u0151en.<\/p>\n<h3 class=\"text-lg font-bold text-text-100 mt-1 -mb-1.5\">M\u0171szaki adatok:<\/h3>\n<p class=\"whitespace-normal break-words\"><strong>Vonatok sz\u00e1ma:<\/strong> Ak\u00e1r 40 000 slukk<br \/>\n<strong>E-folyad\u00e9k t\u00e9rfogata:<\/strong> 40 ml<br \/>\n<strong>Nikotinkoncentr\u00e1ci\u00f3:<\/strong> 0 %, 2 %, 3 %, 5 %<br \/>\n<strong>Az akkumul\u00e1tor teljes\u00edtm\u00e9nye:<\/strong> 650 mAh (\u00fajrat\u00f6lthet\u0151)<br \/>\n<strong>T\u00f6lt\u0151csatlakoz\u00e1s:<\/strong> C-t\u00edpus\u00fa<br \/>\n<strong>P\u00e1rologtat\u00f3:<\/strong> Kett\u0151s h\u00e1l\u00f3s tekercs (1,2 \u03a9)<br \/>\n<strong>\u00cdzrendszer:<\/strong> Kett\u0151s \u00edz\u0171 cs\u00fasz\u00f3kapcsol\u00f3<br \/>\n<strong>S\u00faly:<\/strong> K\u00f6r\u00fclbel\u00fcl 120 g<\/p>\n<h3 class=\"text-lg font-bold text-text-100 mt-1 -mb-1.5\">Fedezzen fel t\u00f6bb BANG VAPE-t a fumotpuff-on<\/h3>\n<p class=\"whitespace-normal break-words\">Fedezze fel a mi <strong><a class=\"underline\" href=\"https:\/\/fumotpuff.com\/hu\/\">Fumot Puff online bolt<\/a><\/strong> tov\u00e1bbi cs\u00facsmin\u0151s\u00e9g\u0171 term\u00e9keket a g\u0151zter\u00fcleten, \u00e9s fedezze fel a teljes <strong><a class=\"underline\" href=\"https:\/\/fumotpuff.com\/hu\/product-category\/bang-vape\/\">BANG VAPE term\u00e9kcsal\u00e1d<\/a><\/strong> \u00fatt\u00f6r\u0151 innov\u00e1ci\u00f3kkal. Az \u00f6sszes aromav\u00e1ltozat <strong><a class=\"underline\" href=\"https:\/\/fumotpuff.com\/hu\/product-category\/bang-vape\/bang-blaze-40000\/\">Bang Blaze 40000 csal\u00e1d<\/a><\/strong> v\u00e1rj\u00e1k felfedez\u00e9s\u00fcket.<\/p>","protected":false},"excerpt":{"rendered":"<p class=\"whitespace-normal break-words\">A Bang Blaze 40000 Raspberry Watermelon\/Aloe Vera Grape gy\u00fcm\u00f6lcs\u00f6s m\u00e1lna-g\u00f6r\u00f6gdinny\u00e9t \u00e9s friss\u00edt\u0151 aloe-sz\u0151l\u0151t \u00f6tv\u00f6z. 40 000 slukk, 40 ml e-liquid \u00e9s kett\u0151s \u00edzcs\u00faszka az azonnali \u00edzv\u00e1lt\u00e1shoz. Kett\u0151s h\u00e1l\u00f3s tekercs, 650 mAh-s akkumul\u00e1tor, Type-C t\u00f6lt\u00e9s \u2013 4 nikotinszintben kaphat\u00f3.<\/p>","protected":false},"featured_media":4387,"comment_status":"open","ping_status":"closed","template":"","meta":{"_acf_changed":false},"product_brand":[],"product_cat":[48],"product_tag":[],"class_list":{"0":"post-4385","1":"product","2":"type-product","3":"status-publish","4":"has-post-thumbnail","6":"product_cat-bang-blaze-40000","8":"first","9":"instock","10":"shipping-taxable","11":"purchasable","12":"product-type-variable"},"acf":[],"_links":{"self":[{"href":"https:\/\/fumotpuff.com\/hu\/wp-json\/wp\/v2\/product\/4385","targetHints":{"allow":["GET"]}}],"collection":[{"href":"https:\/\/fumotpuff.com\/hu\/wp-json\/wp\/v2\/product"}],"about":[{"href":"https:\/\/fumotpuff.com\/hu\/wp-json\/wp\/v2\/types\/product"}],"replies":[{"embeddable":true,"href":"https:\/\/fumotpuff.com\/hu\/wp-json\/wp\/v2\/comments?post=4385"}],"wp:featuredmedia":[{"embeddable":true,"href":"https:\/\/fumotpuff.com\/hu\/wp-json\/wp\/v2\/media\/4387"}],"wp:attachment":[{"href":"https:\/\/fumotpuff.com\/hu\/wp-json\/wp\/v2\/media?parent=4385"}],"wp:term":[{"taxonomy":"product_brand","embeddable":true,"href":"https:\/\/fumotpuff.com\/hu\/wp-json\/wp\/v2\/product_brand?post=4385"},{"taxonomy":"product_cat","embeddable":true,"href":"https:\/\/fumotpuff.com\/hu\/wp-json\/wp\/v2\/product_cat?post=4385"},{"taxonomy":"product_tag","embeddable":true,"href":"https:\/\/fumotpuff.com\/hu\/wp-json\/wp\/v2\/product_tag?post=4385"}],"curies":[{"name":"wp","href":"https:\/\/api.w.org\/{rel}","templated":true}]}}