{"id":4371,"date":"2025-11-03T04:49:16","date_gmt":"2025-11-03T03:49:16","guid":{"rendered":"https:\/\/fumotpuff.com\/?post_type=product&#038;p=4371"},"modified":"2025-11-03T04:49:16","modified_gmt":"2025-11-03T03:49:16","slug":"bang-blaze-40000-pineapple-mango-pineapple-coconut-ice","status":"publish","type":"product","link":"https:\/\/fumotpuff.com\/hu\/termek\/bang-blaze-40000-pineapple-mango-pineapple-coconut-ice\/","title":{"rendered":"Bang Blaze 40000 anan\u00e1sz mang\u00f3\/anan\u00e1sz k\u00f3kusz j\u00e9g"},"content":{"rendered":"<h2 class=\"text-xl font-bold text-text-100 mt-1 -mb-0.5\">Bang Blaze 40000 Anan\u00e1sz-mang\u00f3\/anan\u00e1sz-k\u00f3kusz j\u00e9g eldobhat\u00f3 e-cigaretta<\/h2>\n<p class=\"whitespace-normal break-words\">A <strong>Bang Blaze 40000 Puffs eldobhat\u00f3 e-cigaretta<\/strong> A tr\u00f3pusi \u00edzekkel, anan\u00e1szos mang\u00f3val \u00e9s anan\u00e1szos k\u00f3kuszdi\u00f3val ak\u00e1r 40 000 kiv\u00e9teles slukkot is biztos\u00edt. A k\u00e9sz\u00fcl\u00e9k egy nagy, 40 ml-es e-liquid tart\u00e1lyt kombin\u00e1l egy nagy teljes\u00edtm\u00e9ny\u0171, 650 mAh-s akkumul\u00e1torral a hossz\u00fa \u00e9lvezet \u00e9rdek\u00e9ben. A forradalmian \u00faj Dual-Flavor-Slide rendszer lehet\u0151v\u00e9 teszi a napf\u00e9nyes Pineapple Mango kompoz\u00edci\u00f3 \u00e9s a friss\u00edt\u0151 Pineapple Coconut Ice opci\u00f3 k\u00f6z\u00f6tti z\u00f6kken\u0151mentes \u00e1tmenetet. Er\u0151teljes Dual-Mesh-Coil (1,2 \u03a9) tekercsel\u00e9ssel rendelkezik, amely intenz\u00edv arom\u00e1t \u00e9s b\u00e1rsonyos g\u0151zt biztos\u00edt, 4 nikotinszinttel (0 %, 2 %, 3 %, 5 %) kaphat\u00f3. A Type-C gyors t\u00f6lt\u00e9si technol\u00f3gia gyors haszn\u00e1latra k\u00e9sz \u00e1llapotot biztos\u00edt.<\/p>\n<h3 class=\"text-lg font-bold text-text-100 mt-1 -mb-1.5\">A Bang Blaze 40000 Puffs Pineapple Mango\/Pineapple Coconut Ice el\u0151nyei:<\/h3>\n<p class=\"whitespace-normal break-words\">Ez a rendk\u00edv\u00fcli eszk\u00f6z elk\u00e9peszt\u0151 40 000 sz\u00edv\u00e1st k\u00edn\u00e1l, \u00edgy t\u00f6bb h\u00e9tig tart\u00f3, megszak\u00edt\u00e1s n\u00e9lk\u00fcli g\u0151z\u00f6l\u00e9si \u00e9lm\u00e9nyt biztos\u00edt. 40 ml kiv\u00e1l\u00f3 min\u0151s\u00e9g\u0171 e-liquiddel el\u0151re felt\u00f6ltve, maxim\u00e1lis \u00e9lettartamra van tervezve, \u00edgy nincs sz\u00fcks\u00e9g gyakori p\u00f3tl\u00e1sra. Az \u00fajrat\u00f6lthet\u0151 650 mAh-s akkumul\u00e1tor garant\u00e1lja a folyamatos energiaell\u00e1t\u00e1st hosszabb haszn\u00e1lat sor\u00e1n, m\u00edg a modern USB-C port gyors \u00fajrat\u00f6lt\u00e9st biztos\u00edt.<\/p>\n<p class=\"whitespace-normal break-words\">Kiemelked\u0151 jellemz\u0151je az intelligens kett\u0151s \u00edzmechanizmus, amely lehet\u0151v\u00e9 teszi, hogy a cs\u00faszkafunkci\u00f3 seg\u00edts\u00e9g\u00e9vel vill\u00e1mgyorsan v\u00e1lthasson k\u00e9t teljesen k\u00fcl\u00f6nb\u00f6z\u0151 \u00edzvil\u00e1g k\u00f6z\u00f6tt. \u00c9lvezze a Pineapple Mango tr\u00f3pusi \u00e9dess\u00e9g\u00e9t, vagy v\u00e1ltson a j\u00e9ghideg Pineapple Coconut Ice \u00e9lm\u00e9nyre \u2013 a d\u00f6nt\u00e9s az \u00d6n\u00e9. Ez az innovat\u00edv megold\u00e1s kik\u00fcsz\u00f6b\u00f6li a t\u00f6bb eszk\u00f6z haszn\u00e1lat\u00e1nak sz\u00fcks\u00e9gess\u00e9g\u00e9t, \u00e9s t\u00f6k\u00e9letes azoknak a g\u0151z\u00f6l\u00e9s szerelmeseinek, akik a komplik\u00e1ci\u00f3k n\u00e9lk\u00fcli \u00edzv\u00e1ltozatoss\u00e1got r\u00e9szes\u00edtik el\u0151nyben.<\/p>\n<p class=\"whitespace-normal break-words\">A k\u00e9sz\u00fcl\u00e9k egy kifinomult, 1,2 \u03a9 impedanci\u00e1j\u00fa kett\u0151s h\u00e1l\u00f3s tekercsel\u00e9ssel rendelkezik, amelyet kifejezetten a l\u00e1gy g\u0151z l\u00e9trehoz\u00e1s\u00e1ra \u00e9s minden slukk ut\u00e1n gazdag, egyenletes aroma biztos\u00edt\u00e1s\u00e1ra terveztek. Ez a fejlett p\u00e1rologtat\u00f3 konstrukci\u00f3 garant\u00e1lja a kiv\u00e1l\u00f3 teljes\u00edtm\u00e9nyt \u00e9s az intenz\u00edv \u00edz\u00e9lm\u00e9nyt a teljes haszn\u00e1lati id\u0151 alatt.<\/p>\n<p class=\"whitespace-normal break-words\">N\u00e9gy v\u00e1laszthat\u00f3 nikotinszinttel \u2013 0 %, 2 %, 3 % vagy 5 % \u2013 ez a rendszer sz\u00e9les felhaszn\u00e1l\u00f3i spektrumot fed le, a teljesen nikotinmentes opci\u00f3kt\u00f3l az intenz\u00edvebb v\u00e1ltozatokig. Ez az alkalmazkod\u00f3k\u00e9pess\u00e9g minden felhaszn\u00e1l\u00f3 sz\u00e1m\u00e1ra lehet\u0151v\u00e9 teszi, hogy szem\u00e9lyes \u00edzl\u00e9s\u00e9nek megfelel\u0151en testreszabott vaping \u00e9lm\u00e9nyt \u00e9lvezzen.<\/p>\n<h3 class=\"text-lg font-bold text-text-100 mt-1 -mb-1.5\">M\u0171szaki adatok:<\/h3>\n<p class=\"whitespace-normal break-words\"><strong>Vonatok sz\u00e1ma:<\/strong> Ak\u00e1r 40 000 slukk<br \/>\n<strong>E-folyad\u00e9k t\u00e9rfogata:<\/strong> 40 ml<br \/>\n<strong>Nikotinkoncentr\u00e1ci\u00f3:<\/strong> 0 %, 2 %, 3 %, 5 %<br \/>\n<strong>Az akkumul\u00e1tor teljes\u00edtm\u00e9nye:<\/strong> 650 mAh (\u00fajrat\u00f6lthet\u0151)<br \/>\n<strong>T\u00f6lt\u0151csatlakoz\u00e1s:<\/strong> C-t\u00edpus\u00fa<br \/>\n<strong>P\u00e1rologtat\u00f3:<\/strong> Kett\u0151s h\u00e1l\u00f3s tekercs (1,2 \u03a9)<br \/>\n<strong>\u00cdzrendszer:<\/strong> Kett\u0151s \u00edz\u0171 cs\u00fasz\u00f3kapcsol\u00f3<br \/>\n<strong>S\u00faly:<\/strong> K\u00f6r\u00fclbel\u00fcl 120 g<\/p>\n<h3 class=\"text-lg font-bold text-text-100 mt-1 -mb-1.5\">Fedezzen fel t\u00f6bb BANG VAPE-t a fumotpuff-on<\/h3>\n<p class=\"whitespace-normal break-words\">L\u00e1togasson el a <strong><a class=\"underline\" href=\"https:\/\/fumotpuff.com\/hu\/\">Fumot Puff online bolt<\/a><\/strong> tov\u00e1bbi pr\u00e9mium vaping term\u00e9kek\u00e9rt, \u00e9s fedezze fel a teljes <strong><a class=\"underline\" href=\"https:\/\/fumotpuff.com\/hu\/product-category\/bang-vape\/\">BANG VAPE term\u00e9kv\u00e1laszt\u00e9k<\/a><\/strong> j\u00f6v\u0151be mutat\u00f3 rendszerekkel. Az \u00f6sszes \u00edzv\u00e1ltozat a <strong><a class=\"underline\" href=\"https:\/\/fumotpuff.com\/hu\/product-category\/bang-vape\/bang-blaze-40000\/\">Bang Blaze 40000 sorozat<\/a><\/strong> az \u00d6n rendelkez\u00e9s\u00e9re \u00e1llnak.<\/p>","protected":false},"excerpt":{"rendered":"<p class=\"whitespace-normal break-words\">A Bang Blaze 40000 Pineapple Mango\/Pineapple Coconut Ice \u00f6tv\u00f6zi a tr\u00f3pusi anan\u00e1sz-mang\u00f3 \u00e9dess\u00e9g\u00e9t j\u00e9ghideg k\u00f3kuszos \u00edzzel. 40 000 slukk, 40 ml e-liquid \u00e9s kett\u0151s \u00edzcs\u00faszka az azonnali \u00edzv\u00e1lt\u00e1shoz. Kett\u0151s h\u00e1l\u00f3s tekercs, 650 mAh-s akkumul\u00e1tor, C t\u00edpus\u00fa t\u00f6lt\u00e9s \u2013 4 nikotinszintben kaphat\u00f3.<\/p>","protected":false},"featured_media":4373,"comment_status":"open","ping_status":"closed","template":"","meta":{"_acf_changed":false},"product_brand":[],"product_cat":[48],"product_tag":[],"class_list":{"0":"post-4371","1":"product","2":"type-product","3":"status-publish","4":"has-post-thumbnail","6":"product_cat-bang-blaze-40000","8":"first","9":"instock","10":"shipping-taxable","11":"purchasable","12":"product-type-variable"},"acf":[],"_links":{"self":[{"href":"https:\/\/fumotpuff.com\/hu\/wp-json\/wp\/v2\/product\/4371","targetHints":{"allow":["GET"]}}],"collection":[{"href":"https:\/\/fumotpuff.com\/hu\/wp-json\/wp\/v2\/product"}],"about":[{"href":"https:\/\/fumotpuff.com\/hu\/wp-json\/wp\/v2\/types\/product"}],"replies":[{"embeddable":true,"href":"https:\/\/fumotpuff.com\/hu\/wp-json\/wp\/v2\/comments?post=4371"}],"wp:featuredmedia":[{"embeddable":true,"href":"https:\/\/fumotpuff.com\/hu\/wp-json\/wp\/v2\/media\/4373"}],"wp:attachment":[{"href":"https:\/\/fumotpuff.com\/hu\/wp-json\/wp\/v2\/media?parent=4371"}],"wp:term":[{"taxonomy":"product_brand","embeddable":true,"href":"https:\/\/fumotpuff.com\/hu\/wp-json\/wp\/v2\/product_brand?post=4371"},{"taxonomy":"product_cat","embeddable":true,"href":"https:\/\/fumotpuff.com\/hu\/wp-json\/wp\/v2\/product_cat?post=4371"},{"taxonomy":"product_tag","embeddable":true,"href":"https:\/\/fumotpuff.com\/hu\/wp-json\/wp\/v2\/product_tag?post=4371"}],"curies":[{"name":"wp","href":"https:\/\/api.w.org\/{rel}","templated":true}]}}