{"id":4350,"date":"2025-11-03T04:38:32","date_gmt":"2025-11-03T03:38:32","guid":{"rendered":"https:\/\/fumotpuff.com\/?post_type=product&#038;p=4350"},"modified":"2025-11-03T04:38:33","modified_gmt":"2025-11-03T03:38:33","slug":"bang-blaze-40000-gummy-bear-raspberry-black-glitter","status":"publish","type":"product","link":"https:\/\/fumotpuff.com\/hu\/termek\/bang-blaze-40000-gummy-bear-raspberry-black-glitter\/","title":{"rendered":"Bang Blaze 40000 gumimacik \/ m\u00e1lna fekete csillog\u00e1s"},"content":{"rendered":"<h2 class=\"text-xl font-bold text-text-100 mt-1 -mb-0.5\">Bang Blaze 40000 Gummy Bear\/Raspberry Black Glitter eldobhat\u00f3 e-cigaretta<\/h2>\n<p class=\"whitespace-normal break-words\">A <strong>Bang Blaze 40000 Puffs eldobhat\u00f3 e-cigaretta<\/strong> A Gummy Bear \u00e9s Raspberry Black Glitter \u00edzekben ak\u00e1r 40 000 els\u0151 oszt\u00e1ly\u00fa slukkot is \u00e9lvezhet. A k\u00e9sz\u00fcl\u00e9k egy nagym\u00e9ret\u0171, 40 ml-es e-liquid tart\u00e1lyt \u00e9s egy robusztus, 650 mAh-s akkumul\u00e1tort kombin\u00e1l, hogy hossz\u00fa ideig \u00e9lvezhesse a g\u0151z\u00f6lg\u00e9st. A fejlett Dual-Flavor-Slide rendszer lehet\u0151v\u00e9 teszi, hogy gyorsan v\u00e1ltson a \u00e9des Gummy Bear v\u00e1ltozat \u00e9s a csillog\u00f3 Raspberry Black Glitter opci\u00f3 k\u00f6z\u00f6tt. Pr\u00e9mium kett\u0151s h\u00e1l\u00f3s tekercsel\u00e9ssel (1,2 \u03a9) rendelkezik, amely kiemelked\u0151 arom\u00e1t \u00e9s b\u00e1rsonyos g\u0151zt biztos\u00edt, 4 nikotinv\u00e1ltozatban kaphat\u00f3 (0 %, 2 %, 3 %, 5 %). A Type-C gyors t\u00f6lt\u00e9s r\u00f6vid t\u00f6lt\u00e9si id\u0151k\u00f6z\u00f6ket garant\u00e1l.<\/p>\n<h3 class=\"text-lg font-bold text-text-100 mt-1 -mb-1.5\">A Bang Blaze 40000 Puffs Gummy Bear\/Raspberry Black Glitter el\u0151nyei:<\/h3>\n<p class=\"whitespace-normal break-words\">A rendk\u00edv\u00fcli 40 000 sz\u00edv\u00e1ssal ez a term\u00e9k \u00faj \u00e9rtelmet ad a tart\u00f3ss\u00e1gnak, \u00e9s hetekig tart\u00f3 g\u0151z\u00f6lg\u00e9si \u00e9lm\u00e9nyt biztos\u00edt sz\u00fcnet n\u00e9lk\u00fcl. Az el\u0151re felt\u00f6lt\u00f6tt 40 ml-es e-liquid tart\u00e1ly maxim\u00e1lis \u00e9lettartamra van tervezve, \u00edgy nincs sz\u00fcks\u00e9g gyakori p\u00f3tl\u00e1sra. A be\u00e9p\u00edtett 650 mAh-s \u00fajrat\u00f6lthet\u0151 akkumul\u00e1tor folyamatos energi\u00e1t biztos\u00edt a hossz\u00fa g\u0151z\u00f6l\u00e9si munkamenetekhez, m\u00edg a modern USB-C port vill\u00e1mgyors t\u00f6lt\u00e9st tesz lehet\u0151v\u00e9.<\/p>\n<p class=\"whitespace-normal break-words\">A k\u00e9sz\u00fcl\u00e9k legf\u0151bb \u00e9rdekess\u00e9ge k\u00e9ts\u00e9gk\u00edv\u00fcl a kifinomult kett\u0151s \u00edzv\u00e1laszt\u00f3 mechanizmus, amely cs\u00faszka seg\u00edts\u00e9g\u00e9vel lehet\u0151v\u00e9 teszi a k\u00e9t k\u00fcl\u00f6nb\u00f6z\u0151 \u00edzvil\u00e1g k\u00f6z\u00f6tti azonnali v\u00e1lt\u00e1st. Mer\u00fclj\u00f6n el a gumicukorka nosztalgikus \u00e9dess\u00e9g\u00e9ben, vagy v\u00e1ltson a csillog\u00f3 Raspberry Black Glitter \u00e9lm\u00e9nyre \u2013 \u00edzl\u00e9s\u00e9nek megfelel\u0151en. Ez a technol\u00f3gia megakad\u00e1lyozza, hogy t\u00f6bb eszk\u00f6zt kelljen mag\u00e1val hordania, \u00e9s ide\u00e1lis azoknak a vaperoknak, akik \u00e9rt\u00e9kelik a v\u00e1ltozatoss\u00e1got a bonyodalmak n\u00e9lk\u00fcl.<\/p>\n<p class=\"whitespace-normal break-words\">A be\u00e9p\u00edtett, 1,2 \u03a9 ellen\u00e1ll\u00e1s\u00fa kett\u0151s h\u00e1l\u00f3s tekercs kifejezetten \u00fagy lett kialak\u00edtva, hogy puha g\u0151zt gener\u00e1ljon, \u00e9s minden slukk ut\u00e1n gazdag, homog\u00e9n \u00edz\u00e9lm\u00e9nyt ny\u00fajtson. Ez a kifinomult p\u00e1rologtat\u00f3 technol\u00f3gia optim\u00e1lis m\u0171k\u00f6d\u00e9st \u00e9s pr\u00e9mium min\u0151s\u00e9g\u0171 arom\u00e1t biztos\u00edt a teljes \u00e9lettartam alatt.<\/p>\n<p class=\"whitespace-normal break-words\">A n\u00e9gy v\u00e1laszthat\u00f3 nikotinkoncentr\u00e1ci\u00f3 \u2013 0 %, 2 %, 3 % \u00e9s 5 % \u2013 r\u00e9v\u00e9n a k\u00e9sz\u00fcl\u00e9k a legk\u00fcl\u00f6nb\u00f6z\u0151bb felhaszn\u00e1l\u00f3i kateg\u00f3ri\u00e1knak felel meg, a nikotinmentes alternat\u00edv\u00e1kt\u00f3l az intenz\u00edvebb adagokig. Ez az alkalmazkod\u00f3k\u00e9pess\u00e9g lehet\u0151v\u00e9 teszi a szem\u00e9lyes \u00edzl\u00e9snek megfelel\u0151, teljesen egyedi g\u0151z\u00f6l\u00e9si \u00e9lm\u00e9nyt.<\/p>\n<h3 class=\"text-lg font-bold text-text-100 mt-1 -mb-1.5\">M\u0171szaki adatok:<\/h3>\n<p class=\"whitespace-normal break-words\"><strong>Vonatok sz\u00e1ma:<\/strong> Ak\u00e1r 40 000 slukk<br \/>\n<strong>E-folyad\u00e9k t\u00e9rfogata:<\/strong> 40 ml<br \/>\n<strong>Nikotinkoncentr\u00e1ci\u00f3:<\/strong> 0 %, 2 %, 3 %, 5 %<br \/>\n<strong>Az akkumul\u00e1tor teljes\u00edtm\u00e9nye:<\/strong> 650 mAh (\u00fajrat\u00f6lthet\u0151)<br \/>\n<strong>T\u00f6lt\u0151csatlakoz\u00e1s:<\/strong> C-t\u00edpus\u00fa<br \/>\n<strong>P\u00e1rologtat\u00f3:<\/strong> Kett\u0151s h\u00e1l\u00f3s tekercs (1,2 \u03a9)<br \/>\n<strong>\u00cdzrendszer:<\/strong> Kett\u0151s \u00edz\u0171 cs\u00fasz\u00f3kapcsol\u00f3<br \/>\n<strong>S\u00faly:<\/strong> K\u00f6r\u00fclbel\u00fcl 120 g<\/p>\n<h3 class=\"text-lg font-bold text-text-100 mt-1 -mb-1.5\">Fedezzen fel t\u00f6bb BANG VAPE-t a fumotpuff-on<\/h3>\n<p class=\"whitespace-normal break-words\">Fedezze fel a mi <strong><a class=\"underline\" href=\"https:\/\/fumotpuff.com\/hu\/\">Fumot Puff online bolt<\/a><\/strong> tov\u00e1bbi kiv\u00e1l\u00f3 min\u0151s\u00e9g\u0171 g\u0151zterm\u00e9keket, \u00e9s b\u00f6ng\u00e9sszen a teljes <strong><a class=\"underline\" href=\"https:\/\/fumotpuff.com\/hu\/product-category\/bang-vape\/\">BANG VAPE v\u00e1laszt\u00e9k<\/a><\/strong> innovat\u00edv technol\u00f3gi\u00e1kkal. Az \u00f6sszes \u00edzv\u00e1ltozat <strong><a class=\"underline\" href=\"https:\/\/fumotpuff.com\/hu\/product-category\/bang-vape\/bang-blaze-40000\/\">Bang Blaze 40000 kollekci\u00f3<\/a><\/strong> k\u00e9szen \u00e1llnak \u00d6nre.<\/p>","protected":false},"excerpt":{"rendered":"<p class=\"whitespace-normal break-words\">A Bang Blaze 40000 Gummy Bear\/Raspberry Black Glitter \u00f6tv\u00f6zi a nosztalgikus gumicukorka \u00e9dess\u00e9g\u00e9t a csillog\u00f3 m\u00e1lna \u00edzzel. 40 000 slukk, 40 ml e-liquid \u00e9s kett\u0151s \u00edzcs\u00faszka az azonnali \u00edzv\u00e1lt\u00e1shoz. Kett\u0151s h\u00e1l\u00f3s tekercs, 650 mAh-s akkumul\u00e1tor, Type-C t\u00f6lt\u00e9s \u2013 4 nikotinszintben kaphat\u00f3.<\/p>","protected":false},"featured_media":4352,"comment_status":"open","ping_status":"closed","template":"","meta":{"_acf_changed":false},"product_brand":[],"product_cat":[48],"product_tag":[],"class_list":{"0":"post-4350","1":"product","2":"type-product","3":"status-publish","4":"has-post-thumbnail","6":"product_cat-bang-blaze-40000","8":"first","9":"instock","10":"shipping-taxable","11":"purchasable","12":"product-type-variable"},"acf":[],"_links":{"self":[{"href":"https:\/\/fumotpuff.com\/hu\/wp-json\/wp\/v2\/product\/4350","targetHints":{"allow":["GET"]}}],"collection":[{"href":"https:\/\/fumotpuff.com\/hu\/wp-json\/wp\/v2\/product"}],"about":[{"href":"https:\/\/fumotpuff.com\/hu\/wp-json\/wp\/v2\/types\/product"}],"replies":[{"embeddable":true,"href":"https:\/\/fumotpuff.com\/hu\/wp-json\/wp\/v2\/comments?post=4350"}],"wp:featuredmedia":[{"embeddable":true,"href":"https:\/\/fumotpuff.com\/hu\/wp-json\/wp\/v2\/media\/4352"}],"wp:attachment":[{"href":"https:\/\/fumotpuff.com\/hu\/wp-json\/wp\/v2\/media?parent=4350"}],"wp:term":[{"taxonomy":"product_brand","embeddable":true,"href":"https:\/\/fumotpuff.com\/hu\/wp-json\/wp\/v2\/product_brand?post=4350"},{"taxonomy":"product_cat","embeddable":true,"href":"https:\/\/fumotpuff.com\/hu\/wp-json\/wp\/v2\/product_cat?post=4350"},{"taxonomy":"product_tag","embeddable":true,"href":"https:\/\/fumotpuff.com\/hu\/wp-json\/wp\/v2\/product_tag?post=4350"}],"curies":[{"name":"wp","href":"https:\/\/api.w.org\/{rel}","templated":true}]}}